{"id":12312,"date":"2022-07-22T16:07:32","date_gmt":"2022-07-22T14:07:32","guid":{"rendered":"http:\/\/relaunch.galerie-obrist.de\/?post_type=product&#038;p=12312"},"modified":"2023-04-24T18:53:35","modified_gmt":"2023-04-24T16:53:35","slug":"marcela-boehm-cafetin-2021","status":"publish","type":"product","link":"http:\/\/relaunch.galerie-obrist.de\/ru\/produkt\/marcela-boehm-cafetin-2021\/","title":{"rendered":"Marcela B\u00f6hm: Cafet\u00edn, 2021"},"content":{"rendered":"<p>\u00d6l\/ Leinwand, <br \/>\nFormat: 50 x 60cm<\/p>\n","protected":false},"excerpt":{"rendered":"<p>\u00d6l\/ Leinwand,<br \/>\n50 x 60cm<\/p>\n","protected":false},"featured_media":12313,"template":"","meta":[],"product_cat":[588,494,567],"product_tag":[475],"translation":{"provider":"WPGlobus","version":"2.12.2","language":"ru","enabled_languages":["de","en","ru"],"languages":{"de":{"title":true,"content":true,"excerpt":true},"en":{"title":false,"content":false,"excerpt":false},"ru":{"title":false,"content":false,"excerpt":false}}},"featured_media_urls":{"thumbnail":["http:\/\/relaunch.galerie-obrist.de\/wp-content\/uploads\/2022\/07\/6389-150x150.jpg",150,150,true],"medium":["http:\/\/relaunch.galerie-obrist.de\/wp-content\/uploads\/2022\/07\/6389-359x300.jpg",359,300,true],"medium_large":["http:\/\/relaunch.galerie-obrist.de\/wp-content\/uploads\/2022\/07\/6389-768x642.jpg",768,642,true],"large":["http:\/\/relaunch.galerie-obrist.de\/wp-content\/uploads\/2022\/07\/6389-1024x856.jpg",950,794,true],"1536x1536":["http:\/\/relaunch.galerie-obrist.de\/wp-content\/uploads\/2022\/07\/6389.jpg",1500,1254,false],"2048x2048":["http:\/\/relaunch.galerie-obrist.de\/wp-content\/uploads\/2022\/07\/6389.jpg",1500,1254,false],"inspiro-featured-image":["http:\/\/relaunch.galerie-obrist.de\/wp-content\/uploads\/2022\/07\/6389.jpg",1500,1254,false],"inspiro-loop":["http:\/\/relaunch.galerie-obrist.de\/wp-content\/uploads\/2022\/07\/6389.jpg",383,320,false],"inspiro-loop@2x":["http:\/\/relaunch.galerie-obrist.de\/wp-content\/uploads\/2022\/07\/6389.jpg",766,640,false],"woocommerce_thumbnail":["http:\/\/relaunch.galerie-obrist.de\/wp-content\/uploads\/2022\/07\/6389-300x300.jpg",300,300,true],"woocommerce_single":["http:\/\/relaunch.galerie-obrist.de\/wp-content\/uploads\/2022\/07\/6389-600x502.jpg",600,502,true],"woocommerce_gallery_thumbnail":["http:\/\/relaunch.galerie-obrist.de\/wp-content\/uploads\/2022\/07\/6389-100x100.jpg",100,100,true],"portfolio_item-thumbnail":["http:\/\/relaunch.galerie-obrist.de\/wp-content\/uploads\/2022\/07\/6389.jpg",478,400,false],"portfolio_item-thumbnail@2x":["http:\/\/relaunch.galerie-obrist.de\/wp-content\/uploads\/2022\/07\/6389.jpg",957,800,false],"portfolio_item-masonry":["http:\/\/relaunch.galerie-obrist.de\/wp-content\/uploads\/2022\/07\/6389.jpg",600,502,false],"portfolio_item-masonry@2x":["http:\/\/relaunch.galerie-obrist.de\/wp-content\/uploads\/2022\/07\/6389.jpg",1200,1003,false],"portfolio_item-thumbnail_cinema":["http:\/\/relaunch.galerie-obrist.de\/wp-content\/uploads\/2022\/07\/6389.jpg",401,335,false],"portfolio_item-thumbnail_portrait":["http:\/\/relaunch.galerie-obrist.de\/wp-content\/uploads\/2022\/07\/6389.jpg",600,502,false],"portfolio_item-thumbnail_portrait@2x":["http:\/\/relaunch.galerie-obrist.de\/wp-content\/uploads\/2022\/07\/6389.jpg",1200,1003,false],"portfolio_item-thumbnail_square":["http:\/\/relaunch.galerie-obrist.de\/wp-content\/uploads\/2022\/07\/6389.jpg",800,669,false]},"_links":{"self":[{"href":"http:\/\/relaunch.galerie-obrist.de\/ru\/wp-json\/wp\/v2\/product\/12312"}],"collection":[{"href":"http:\/\/relaunch.galerie-obrist.de\/ru\/wp-json\/wp\/v2\/product"}],"about":[{"href":"http:\/\/relaunch.galerie-obrist.de\/ru\/wp-json\/wp\/v2\/types\/product"}],"wp:featuredmedia":[{"embeddable":true,"href":"http:\/\/relaunch.galerie-obrist.de\/ru\/wp-json\/wp\/v2\/media\/12313"}],"wp:attachment":[{"href":"http:\/\/relaunch.galerie-obrist.de\/ru\/wp-json\/wp\/v2\/media?parent=12312"}],"wp:term":[{"taxonomy":"product_cat","embeddable":true,"href":"http:\/\/relaunch.galerie-obrist.de\/ru\/wp-json\/wp\/v2\/product_cat?post=12312"},{"taxonomy":"product_tag","embeddable":true,"href":"http:\/\/relaunch.galerie-obrist.de\/ru\/wp-json\/wp\/v2\/product_tag?post=12312"}],"curies":[{"name":"wp","href":"https:\/\/api.w.org\/{rel}","templated":true}]}}