{"id":11549,"date":"2021-06-04T12:56:23","date_gmt":"2021-06-04T10:56:23","guid":{"rendered":"http:\/\/relaunch.galerie-obrist.de\/?post_type=product&#038;p=11549"},"modified":"2022-12-08T14:37:13","modified_gmt":"2022-12-08T13:37:13","slug":"naehe-beruehren-spueren-verfuehren","status":"publish","type":"product","link":"http:\/\/relaunch.galerie-obrist.de\/ru\/produkt\/naehe-beruehren-spueren-verfuehren\/","title":{"rendered":"N\u00c4HE | ber\u00fchren &#8211; sp\u00fcren &#8211; verf\u00fchren"},"content":{"rendered":"<p><img loading=\"lazy\" decoding=\"async\" src=\"http:\/\/relaunch.galerie-obrist.de\/wp-content\/uploads\/2021\/06\/Bildschirmfoto-2021-06-04-um-10.21.10.png\" alt=\"\" width=\"487\" height=\"577\" class=\"alignleft size-full wp-image-11550\" srcset=\"http:\/\/relaunch.galerie-obrist.de\/wp-content\/uploads\/2021\/06\/Bildschirmfoto-2021-06-04-um-10.21.10.png 487w, http:\/\/relaunch.galerie-obrist.de\/wp-content\/uploads\/2021\/06\/Bildschirmfoto-2021-06-04-um-10.21.10-253x300.png 253w\" sizes=\"(max-width: 487px) 100vw, 487px\" \/><br \/>\nBuch zur Ausstellungsreihe N\u00c4HE. ber\u00fchren \u2013 sp\u00fcren \u2013 verf\u00fchren<\/p>\n<p>Hardcover 24x20cm, 128 Seiten, ca. 70 Abb.<br \/>Hg. v. Sabine Kampmann und \u2028Torsten Obrist, Bielefeld\/Berlin 2021. <br \/>Mit Textbeitr\u00e4gen von Hannes \u2028 B\u00f6hringer, Anja Herrmann, Sabine Kampmann, Joachim Landkammer, \u2028Torsten Obrist, Annette Pehnt, Frank Schmidt, Arthur Schopenhauer, \u2028Liane Sch\u00fcller, Wolfgang Ullrich<br \/>\ufffc\u2028Beteiligte K\u00fcnstler*innen:<br \/>\nMarcela B\u00f6hm, Andrea Bo\u017ei\u0107 &#038; Julia Willms, John Coplans, EVA &#038; ADELE, \u2028FLATZ, (e.)Twin Gabriel, Simone Haack, Franziska Nast, Annegret Soltau<br \/> <br \/>\nKuratorin: Dr. Sabine Kampmann<br \/>\ufffcGef\u00f6rdert von: Neustart Kultur \/ Stiftung Kunstfonds<\/p>\n<p>N\u00e4he ist ein ambivalentes Ph\u00e4nomen \u2014 nicht erst seitdem <em>Social Distancing<\/em> Einzug in den Alltag gehalten hat. Das gegenw\u00e4rtige Fehlen von sozialen Kontakten und k\u00f6rperlichen Ber\u00fchrungen l\u00e4sst N\u00e4he als Sehnsuchtsmotiv entstehen. Distanz hingegen wird als etwas zu \u00dcberwindendes begriffen. Doch dies ist ein Kurzschluss. Dass Ambivalenz die Metaphorik von N\u00e4he und Distanz schon immer bestimmt, zeigt uns die Kunst. Die Ausstellungsreihe pr\u00e4sentiert Werke, die den (nackten) K\u00f6rper und seine Oberfl\u00e4che, die Haut, in den Blick nehmen. Sie begreifen die K\u00f6rpergrenze als Barriere aber auch als Kontaktzone zwischen innen und au\u00dfen. Sie begeben sich auf die Suche nach der N\u00e4he zwischen Freunden, Fremden und Feinden, zwischen Familienmitgliedern, zwischen Paaren, aber auch nach der N\u00e4he zu sich selbst.\u2028 Die drei Kapitel der Ausstellung erforschen die Dimensionen von N\u00e4he als Gef\u00fchl, Ereignis und Zustand, als k\u00f6rperliches, emotionales und geistiges Ph\u00e4nomen in Fotografie, Video, Performance, Zeichnung und Malerei. Im Kapitel #1 &#8211; <em>ber\u00fchren<\/em> steht die N\u00e4he zu anderen, zwischen alter und ego im Fokus. Unter dem Stichwort <em>sp\u00fcren<\/em> geht es im Kapitel #2 um die N\u00e4he zu sich selbst, was dieses Selbst auch immer sein mag. Die Kunstwerke in Kapitel #3 &#8211; <em>verf\u00fchren<\/em> stellen das vermeintlich Unmittelbare zwischen dem eigenen und dem anderen (K\u00f6rper) als ein durch die jeweiligen Medien vermitteltes heraus.<\/p>\n<p>Ausstellungsreihe N\u00c4HE. ber\u00fchren &#8211; sp\u00fcren \u2013 verf\u00fchren<br \/>N\u00c4HE #1 \u2013 <em>ber\u00fchren<\/em> 19.3. \u2013 2.5.2021\u2028<br \/>N\u00c4HE #2 \u2013 <em>sp\u00fcren<\/em> 7.5. \u2013 12.6.2021\u2028<br \/>N\u00c4HE #3 \u2013 <em>verf\u00fchren<\/em> 18.6. \u2013 28.8.2021<\/p>\n<p>Video-R\u00fcckblicke auf N\u00c4HE #1 und N\u00c4HE #2:<br \/><a href=\"https:\/\/vimeo.com\/526217748\">Preview N\u00c4HE #1<\/a><br \/><a href=\"https:\/\/vimeo.com\/546387184\">Preview N\u00c4HE #2<\/a><\/p>\n","protected":false},"excerpt":{"rendered":"<p>N\u00c4HE<br \/>\nHardcover 128 Seiten, zahlreiche Abbildungen<\/p>\n","protected":false},"featured_media":11550,"template":"","meta":[],"product_cat":[466,458],"product_tag":[545,533,543,548,480,546,540,541,542,532,535,539,538,547,475,534,477,544],"translation":{"provider":"WPGlobus","version":"2.12.2","language":"ru","enabled_languages":["de","en","ru"],"languages":{"de":{"title":true,"content":true,"excerpt":true},"en":{"title":false,"content":false,"excerpt":false},"ru":{"title":false,"content":false,"excerpt":false}}},"featured_media_urls":{"thumbnail":["http:\/\/relaunch.galerie-obrist.de\/wp-content\/uploads\/2021\/06\/Bildschirmfoto-2021-06-04-um-10.21.10-150x150.png",150,150,true],"medium":["http:\/\/relaunch.galerie-obrist.de\/wp-content\/uploads\/2021\/06\/Bildschirmfoto-2021-06-04-um-10.21.10-253x300.png",253,300,true],"medium_large":["http:\/\/relaunch.galerie-obrist.de\/wp-content\/uploads\/2021\/06\/Bildschirmfoto-2021-06-04-um-10.21.10.png",487,577,false],"large":["http:\/\/relaunch.galerie-obrist.de\/wp-content\/uploads\/2021\/06\/Bildschirmfoto-2021-06-04-um-10.21.10.png",487,577,false],"1536x1536":["http:\/\/relaunch.galerie-obrist.de\/wp-content\/uploads\/2021\/06\/Bildschirmfoto-2021-06-04-um-10.21.10.png",487,577,false],"2048x2048":["http:\/\/relaunch.galerie-obrist.de\/wp-content\/uploads\/2021\/06\/Bildschirmfoto-2021-06-04-um-10.21.10.png",487,577,false],"inspiro-featured-image":["http:\/\/relaunch.galerie-obrist.de\/wp-content\/uploads\/2021\/06\/Bildschirmfoto-2021-06-04-um-10.21.10.png",487,577,false],"inspiro-loop":["http:\/\/relaunch.galerie-obrist.de\/wp-content\/uploads\/2021\/06\/Bildschirmfoto-2021-06-04-um-10.21.10.png",270,320,false],"inspiro-loop@2x":["http:\/\/relaunch.galerie-obrist.de\/wp-content\/uploads\/2021\/06\/Bildschirmfoto-2021-06-04-um-10.21.10.png",487,577,false],"woocommerce_thumbnail":["http:\/\/relaunch.galerie-obrist.de\/wp-content\/uploads\/2021\/06\/Bildschirmfoto-2021-06-04-um-10.21.10-300x300.png",300,300,true],"woocommerce_single":["http:\/\/relaunch.galerie-obrist.de\/wp-content\/uploads\/2021\/06\/Bildschirmfoto-2021-06-04-um-10.21.10.png",487,577,false],"woocommerce_gallery_thumbnail":["http:\/\/relaunch.galerie-obrist.de\/wp-content\/uploads\/2021\/06\/Bildschirmfoto-2021-06-04-um-10.21.10-100x100.png",100,100,true],"portfolio_item-thumbnail":["http:\/\/relaunch.galerie-obrist.de\/wp-content\/uploads\/2021\/06\/Bildschirmfoto-2021-06-04-um-10.21.10.png",338,400,false],"portfolio_item-thumbnail@2x":["http:\/\/relaunch.galerie-obrist.de\/wp-content\/uploads\/2021\/06\/Bildschirmfoto-2021-06-04-um-10.21.10.png",487,577,false],"portfolio_item-masonry":["http:\/\/relaunch.galerie-obrist.de\/wp-content\/uploads\/2021\/06\/Bildschirmfoto-2021-06-04-um-10.21.10.png",487,577,false],"portfolio_item-masonry@2x":["http:\/\/relaunch.galerie-obrist.de\/wp-content\/uploads\/2021\/06\/Bildschirmfoto-2021-06-04-um-10.21.10.png",487,577,false],"portfolio_item-thumbnail_cinema":["http:\/\/relaunch.galerie-obrist.de\/wp-content\/uploads\/2021\/06\/Bildschirmfoto-2021-06-04-um-10.21.10.png",283,335,false],"portfolio_item-thumbnail_portrait":["http:\/\/relaunch.galerie-obrist.de\/wp-content\/uploads\/2021\/06\/Bildschirmfoto-2021-06-04-um-10.21.10.png",487,577,false],"portfolio_item-thumbnail_portrait@2x":["http:\/\/relaunch.galerie-obrist.de\/wp-content\/uploads\/2021\/06\/Bildschirmfoto-2021-06-04-um-10.21.10.png",487,577,false],"portfolio_item-thumbnail_square":["http:\/\/relaunch.galerie-obrist.de\/wp-content\/uploads\/2021\/06\/Bildschirmfoto-2021-06-04-um-10.21.10.png",487,577,false]},"_links":{"self":[{"href":"http:\/\/relaunch.galerie-obrist.de\/ru\/wp-json\/wp\/v2\/product\/11549"}],"collection":[{"href":"http:\/\/relaunch.galerie-obrist.de\/ru\/wp-json\/wp\/v2\/product"}],"about":[{"href":"http:\/\/relaunch.galerie-obrist.de\/ru\/wp-json\/wp\/v2\/types\/product"}],"wp:featuredmedia":[{"embeddable":true,"href":"http:\/\/relaunch.galerie-obrist.de\/ru\/wp-json\/wp\/v2\/media\/11550"}],"wp:attachment":[{"href":"http:\/\/relaunch.galerie-obrist.de\/ru\/wp-json\/wp\/v2\/media?parent=11549"}],"wp:term":[{"taxonomy":"product_cat","embeddable":true,"href":"http:\/\/relaunch.galerie-obrist.de\/ru\/wp-json\/wp\/v2\/product_cat?post=11549"},{"taxonomy":"product_tag","embeddable":true,"href":"http:\/\/relaunch.galerie-obrist.de\/ru\/wp-json\/wp\/v2\/product_tag?post=11549"}],"curies":[{"name":"wp","href":"https:\/\/api.w.org\/{rel}","templated":true}]}}