{"id":662,"date":"2010-08-19T13:45:25","date_gmt":"2010-08-19T11:45:25","guid":{"rendered":"http:\/\/www.obrist-gingold.com\/?page_id=662"},"modified":"2023-08-31T15:15:55","modified_gmt":"2023-08-31T13:15:55","slug":"bartsch","status":"publish","type":"page","link":"http:\/\/relaunch.galerie-obrist.de\/ru\/artists\/bartsch\/","title":{"rendered":"Wiebke Bartsch"},"content":{"rendered":"<p><b>WERKE<\/b><br \/>\n[nggallery id=3]<\/p>\n<p>AUSSTELLUNGEN<br \/>\n<!-- Page-list plugin v.5.6 wordpress.org\/plugins\/page-list\/ -->\n<ul class=\"page-list \">\n<li class=\"page_item page-item-3048\"><a href=\"http:\/\/relaunch.galerie-obrist.de\/ru\/artists\/bartsch\/bartsch2013\/\">Wiebke Bartsch: I Could Barely Understand Myself. (2013)<\/a><\/li>\n<li class=\"page_item page-item-2245\"><a href=\"http:\/\/relaunch.galerie-obrist.de\/ru\/artists\/bartsch\/bartsch2010\/\">Wiebke Bartsch: Wolken ziehen vor\u00fcber (2010)<\/a><\/li>\n<li class=\"page_item page-item-2239\"><a href=\"http:\/\/relaunch.galerie-obrist.de\/ru\/artists\/bartsch\/bartsch2007\/\">Wiebke Bartsch: Einer kommt, einer geht. (2007)<\/a><\/li>\n\n<\/ul><\/p>\n<p><b>BIOGRAFIE<\/b> <b>CV<\/b><\/p>\n<p>Wiebke Bartsch<br \/>\nam 19. 2. 1968 in Braunschweig geboren<br \/>\n1995- 2002 Studium der Freien Kunst an der Kunstakademie M\u00fcnster bei Timm Ulrichs, Meistersch\u00fclerin<br \/>\n1998 Geburt von Oskar<br \/>\nk\u00fcnstlerische Angestellte am Institut f\u00fcr Kunst und Materielle Kultur TU Dortmund<br \/>\n2007 Geburt von Marie Lieselotte<\/p>\n<p>Preise\/ Stipendien<br \/>\n1998 Tim- und- Struppi- Preis<br \/>\n1999 Joseph- und- Anna- Fassbender- Preis<br \/>\n2000 AEG- Kunstpreis \u00d6kologie<br \/>\n2003 Keramikpreis der Frechener Kulturstiftung<br \/>\n2004 Stipendium K\u00fcnstlerhaus Lukas, Ahrenshoop ( mit Claudia Vaes )<br \/>\nStipendium K\u00fcnstlerinnen mit Kindern, Pr\u00f6sitz<\/p>\n<p>Einzelausstellungen<br \/>\n2013 I Could Barely Understand Myself, Galerie Obrist, Essen<br \/>\n2011 Voyage, Galerie Egbert Baqu\u00e9 Contemporary Art, Berlin<br \/>\n2011 an irresistable attraction to imperfection, Kunstverein Reutlingen<br \/>\n2010 Wolken ziehen vor\u00fcber, GAM Obrist Gingold Galerie, Essen<br \/>\n2008 blackbird, Galerie Egbert Baqu\u00e9 Contemporary Art, Berlin<br \/>\n2007 Verm\u00f6belt, Galerie Egbert Baque Contemporary Art, Berlin<br \/>\nI\u2019m going back home, Kunsthaus Norden , Norden in Ostfriesland<br \/>\nEiner kommt, einer geht.. ., GAM Obrist Gingold Galerie, Essen<br \/>\n2005 zu Hause, KunstVerein Ahlen ( Katalog )<br \/>\nNorden, Keimzelle Kunst, Ostbevern<br \/>\n2003 Verbl\u00fcht in den Tag, Nassauischer Kunstverein, Wiesbaden ( Katalog )<br \/>\n2002 immer am Gel\u00e4nder lang, Produzentengalerie, Bielefeld<br \/>\nOrchideen zum Fr\u00fchst\u00fcck, Examensausstellung, Kunstakademie M\u00fcnster<br \/>\n2000 Wildes Fleisch, Metzgalerie, Koblenz<br \/>\n1999 Joseph- und- Anna- Fassbender- Preis, Rathausgalerie der Stadt Br\u00fchl<br \/>\n1998 1, 2, 3, Pavillon der Galerie Annelie Brusten, Wuppertal ( Katalog )<\/p>\n<p>Ausstellungen (Auswahl )<br \/>\n2012 Liebe, Tod + Teufel \u2013 Die Sammlung Mairet, Von der Heydt-Kunsthalle, Wuppertal-Barmen<br \/>\nArt|Science|Industry, Kunsthaus Potsdam, Potsdam<br \/>\nArtCargoBay, L\u00fcftenfestival, Frankfurt<br \/>\n2011 Wiebke Bartsch und Ruth May, Kunstverein Reutlingen<br \/>\n2010 von Anfang bis Ende, CAP Cologne Halle 10, K\u00f6ln<br \/>\nOpen House, Atelierhaus Speicher II, M\u00fcnster<br \/>\nWiebke Bartsch und Nicole Fehling, Galerie Neongolden, Wiesbaden<br \/>\nJubil\u00e4um, Metzgalerie, Koblenz<br \/>\n2009 DEW21 Kunstpreis, Auswahlausstellung, Dortmund<br \/>\nlost in music, (mit Nicolaj Dudek) Mousonturm, Frankfurt<br \/>\nbest of, Galerie Egbert Baqu\u00e9 Contemporary Art, Berlin<br \/>\nquerfeldein, Ausstellung mit Studierenden, Kulturspeicher, Mettingen<br \/>\nPortfolio, Egbert Baqu\u00e9 Contemporary Art, Berlin<br \/>\nPolen- Deutschland 5:6, BWA, Kattowice, Polen<br \/>\n2008 Meistersch\u00fcler, Ausstellung mit Timm Ulrichs, St\u00e4dtische Galerie F\u00fcrth, ( Katalog )<br \/>\nAuf des Messers Schneide, Sammlung Jean Mairet, Berlin<br \/>\nKunst Z\u00fcrich, Messevertretung durch Galerie GAM, Z\u00fcrich, Schweiz<br \/>\n2007 Tiaf, Toronto Art Fair, Toronto, Canada<br \/>\nArt Moskow, Kunstmesse, Moskau<br \/>\nblind date II, deutsch-chinesisches Ausstellungsprojekt, Zhu Qizhan Art Museum,<br \/>\nShanghai, China ( Katalog )<br \/>\nThe Thread, Koroska Gallery of Fine Arts, Slovenj Gradek, Slovenien ( Katalog )<br \/>\nCross over, SektorI, Gornoslaski Centrum Kultury, Kattowitz, Polen ( Katalog )<br \/>\n2006 Essen, uniart m\u00fcnster, Geologisch-Pal\u00e4ontologisches Museum, M\u00fcnster (Katalog)<br \/>\nWundert\u00fcte 06\/06, GAM\/ Galerie Obrist Am Museum, Essen<br \/>\n2005 blind date, deutsch-chinesisches Ausstellungsprojekt,Galerie M\u00fcnsterland,<br \/>\nEmsdetten ( Katalog )<br \/>\nmit offenem Ende Klasse Timm Ulrichs 1972-2005, Kunsthalle Recklinghausen und Kunstverein Ingolstadt ( Katalog )<br \/>\nXIV. Deutsche Internationale Grafik- Triennale Frechen, Frechen (Katalog)<br \/>\n2004 Looser Lodge, Kunstklub Aquarellbluten, Westbahnhof<br \/>\nPrivat Gr\u00fcn, Au\u00dfenraumprojekt initiiert von Jochen Heufelder, K\u00f6ln (Katalog)<br \/>\nDie K\u00fcnstler sind anwesend, St\u00e4dtische Galerie \u201esohle 1\u201c, Bergkamen<br \/>\nGeschichten von Bl\u00fcmelein und Bienen, B\u00fcro f\u00fcr Allesk\u00f6nnerei, G\u00fctersloh<br \/>\nAn der Nadel, Nassauischer Kunstverein, Wiesbaden<br \/>\n2003 Naspa F\u00f6rderpreis, Keramikmuseum, Westerwald, H\u00f6hr- Grenzhausen (Katalog)<br \/>\nKeramikpreis 2003, Keramion, Frechen (Katalog)<br \/>\nJunger Westen, Kunsthalle Recklinghausen (Katalog)<br \/>\n2002 Gl\u00fcck, Metzgalerie, Koblenz<br \/>\nCHAT, Ausstellung zum F\u00f6rderpreis des Westf\u00e4lischen Kunstvereins, M\u00fcnster<br \/>\n2001 direttissima, Stadtraum M\u00fcnster (Katalog)<br \/>\nDer \u201ebessere\u201c Mensch?, Ausstellung zum F\u00f6rderpreis des Westf\u00e4lischen<br \/>\nKunstverein, M\u00fcnster<br \/>\n2000 Mit Sicherheit. Im Zeichen der Burg.In Westf\u00e4lischen Schl\u00f6ssern, Tecklenburg<\/p>\n<p>Werke in privaten und \u00f6ffentlichen Sammlungen<br \/>\nSammlung Jean Mairet, Paris<\/p>\n<p>Auswahlbibliografie (seit 2001)<br \/>\n2009 Wilhelm Werthern in Katalog \u201ePolen- Deutschland 5:6\u201c Ausstellungskatalog BWA,<br \/>\nKattowice, Polen<br \/>\n2008 Gabriele Bessler in : Katalog \u201eblind date 2\u201c, ein chinesisch-deutsches<br \/>\nKunstprojekt, Zhu Qizhan Art Museum Shanghai, China<br \/>\nWilhelm Werthern in \u201eLe Monde diplomatique\u201c deutschsprachige Ausgabe<br \/>\n2007 Martin Rehkopp: \u201eDas einzige, was ich wirklich kann, ist zeichnen \u201cin: Katalog<br \/>\n\u201eCrossover\u201c, Sektor I, Kattowitz, Polen<br \/>\n2005 Ingrid Raschke- Stuwe in:Katalog \u201eblind date\u201c, ein deutsch chinesisches<br \/>\nKunstprojekt S. 18-24<br \/>\n2004 Gabriele Bessler: \u201eLabiles Gleichgewicht\u201c, in: Keramikmagazin Nr.2\/ 2004, S. 8-11<br \/>\nJochen Heufelder in: Katalog \u201ePrivatgr\u00fcn\u201c, Salon Verlag, K\u00f6ln 2004, S.36<br \/>\n2003 Manfred Schneckenburger: \u201eB\u00f6se Kuscheleien\u201c und<br \/>\nAlexander Klar: \u201eUnangenehm angenehm\u201cin: Katalog \u201eVerbl\u00fcht in den Tag\u201c,<br \/>\nNassauischer Kunstverein,Wiesbaden, S. 3\/ 4 und S. 14<br \/>\nSilke Hohmann: \u201eDer unheimliche Vater\u201c in: Frankfurter Rundschau,11.April<br \/>\n2001 Martin Henatsch in: Katalog \u201edirettissima\u201c, Zum Umzug der Kunstakademie<\/p>\n<p><b>VERWANDTE ARTIKEL&#8230;<\/b><br \/>\n    <div class=\"related-post list\">\r\n        <br \/>\n<b>Warning<\/b>:  Undefined array key \"page\" in <b>\/www\/htdocs\/w0088a62\/relaunch.galerie-obrist.de\/wp-content\/plugins\/related-post\/templates\/related-post-hook.php<\/b> on line <b>18<\/b><br \/>\n<br \/>\n<b>Warning<\/b>:  Undefined array key \"page\" in <b>\/www\/htdocs\/w0088a62\/relaunch.galerie-obrist.de\/wp-content\/plugins\/related-post\/templates\/related-post-hook.php<\/b> on line <b>55<\/b><br \/>\n    <div class=\"post-list \">\r\n\r\n                        <div class=\"item\">\r\n                                    <\/div>\r\n                            <div class=\"item\">\r\n                                    <\/div>\r\n                            <div class=\"item\">\r\n                                    <\/div>\r\n                            <div class=\"item\">\r\n                                    <\/div>\r\n                            <div class=\"item\">\r\n                                    <\/div>\r\n            \r\n    <\/div>\r\n\r\n    <script>\r\n            <\/script>\r\n    <style>\r\n        .related-post {}\r\n\r\n        .related-post .post-list {\r\n            text-align: left;\r\n                    }\r\n\r\n        .related-post .post-list .item {\r\n                    }\r\n\r\n        .related-post .headline {\r\n                    }\r\n\r\n        @media only screen and (min-width: 1024px) {\r\n            .related-post .post-list .item {\r\n                width: ;\r\n            }\r\n        }\r\n\r\n        @media only screen and (min-width: 768px) and (max-width: 1023px) {\r\n            .related-post .post-list .item {\r\n                width: ;\r\n            }\r\n        }\r\n\r\n        @media only screen and (min-width: 0px) and (max-width: 767px) {\r\n            .related-post .post-list .item {\r\n                width: ;\r\n            }\r\n        }\r\n\r\n            <\/style>\r\n        <\/div>\r\n<\/p>\n","protected":false},"excerpt":{"rendered":"<p>WERKE [nggallery id=3] AUSSTELLUNGEN BIOGRAFIE CV Wiebke Bartsch am 19. 2. 1968 in Braunschweig geboren 1995- 2002 Studium der Freien Kunst an der Kunstakademie M\u00fcnster bei Timm Ulrichs, Meistersch\u00fclerin 1998 Geburt von Oskar k\u00fcnstlerische Angestellte am Institut f\u00fcr Kunst und Materielle Kultur TU Dortmund 2007 Geburt von Marie Lieselotte Preise\/ Stipendien 1998 Tim- und- Struppi- &hellip; <\/p>\n<p class=\"link-more\"><a href=\"http:\/\/relaunch.galerie-obrist.de\/ru\/artists\/zzalle-kunstler\/adler\/gosbert-adler-fotoarbeiten-2006\/\" class=\"more-link\">Read more<span class=\"screen-reader-text\"> &#8220;Gosbert Adler: Fotoarbeiten (2006)&#8221;<\/span><\/a><\/p>\n","protected":false},"author":2,"featured_media":3062,"parent":1127,"menu_order":0,"comment_status":"open","ping_status":"closed","template":"","meta":{"footnotes":""},"translation":{"provider":"WPGlobus","version":"2.12.2","language":"ru","enabled_languages":["de","en","ru"],"languages":{"de":{"title":true,"content":true,"excerpt":false},"en":{"title":true,"content":true,"excerpt":false},"ru":{"title":false,"content":false,"excerpt":false}}},"featured_media_urls":{"thumbnail":["http:\/\/relaunch.galerie-obrist.de\/wp-content\/uploads\/2012\/10\/TitelBartsch-150x150.jpg",150,150,true],"medium":["http:\/\/relaunch.galerie-obrist.de\/wp-content\/uploads\/2012\/10\/TitelBartsch-400x300.jpg",400,300,true],"medium_large":["http:\/\/relaunch.galerie-obrist.de\/wp-content\/uploads\/2012\/10\/TitelBartsch.jpg",760,570,false],"large":["http:\/\/relaunch.galerie-obrist.de\/wp-content\/uploads\/2012\/10\/TitelBartsch.jpg",760,570,false],"1536x1536":["http:\/\/relaunch.galerie-obrist.de\/wp-content\/uploads\/2012\/10\/TitelBartsch.jpg",760,570,false],"2048x2048":["http:\/\/relaunch.galerie-obrist.de\/wp-content\/uploads\/2012\/10\/TitelBartsch.jpg",760,570,false],"inspiro-featured-image":["http:\/\/relaunch.galerie-obrist.de\/wp-content\/uploads\/2012\/10\/TitelBartsch.jpg",760,570,false],"inspiro-loop":["http:\/\/relaunch.galerie-obrist.de\/wp-content\/uploads\/2012\/10\/TitelBartsch.jpg",427,320,false],"inspiro-loop@2x":["http:\/\/relaunch.galerie-obrist.de\/wp-content\/uploads\/2012\/10\/TitelBartsch.jpg",760,570,false],"woocommerce_thumbnail":["http:\/\/relaunch.galerie-obrist.de\/wp-content\/uploads\/2012\/10\/TitelBartsch-300x300.jpg",300,300,true],"woocommerce_single":["http:\/\/relaunch.galerie-obrist.de\/wp-content\/uploads\/2012\/10\/TitelBartsch-600x450.jpg",600,450,true],"woocommerce_gallery_thumbnail":["http:\/\/relaunch.galerie-obrist.de\/wp-content\/uploads\/2012\/10\/TitelBartsch-100x100.jpg",100,100,true],"portfolio_item-thumbnail":["http:\/\/relaunch.galerie-obrist.de\/wp-content\/uploads\/2012\/10\/TitelBartsch.jpg",533,400,false],"portfolio_item-thumbnail@2x":["http:\/\/relaunch.galerie-obrist.de\/wp-content\/uploads\/2012\/10\/TitelBartsch.jpg",760,570,false],"portfolio_item-masonry":["http:\/\/relaunch.galerie-obrist.de\/wp-content\/uploads\/2012\/10\/TitelBartsch.jpg",600,450,false],"portfolio_item-masonry@2x":["http:\/\/relaunch.galerie-obrist.de\/wp-content\/uploads\/2012\/10\/TitelBartsch.jpg",760,570,false],"portfolio_item-thumbnail_cinema":["http:\/\/relaunch.galerie-obrist.de\/wp-content\/uploads\/2012\/10\/TitelBartsch.jpg",447,335,false],"portfolio_item-thumbnail_portrait":["http:\/\/relaunch.galerie-obrist.de\/wp-content\/uploads\/2012\/10\/TitelBartsch.jpg",600,450,false],"portfolio_item-thumbnail_portrait@2x":["http:\/\/relaunch.galerie-obrist.de\/wp-content\/uploads\/2012\/10\/TitelBartsch.jpg",760,570,false],"portfolio_item-thumbnail_square":["http:\/\/relaunch.galerie-obrist.de\/wp-content\/uploads\/2012\/10\/TitelBartsch.jpg",760,570,false]},"_links":{"self":[{"href":"http:\/\/relaunch.galerie-obrist.de\/ru\/wp-json\/wp\/v2\/pages\/662"}],"collection":[{"href":"http:\/\/relaunch.galerie-obrist.de\/ru\/wp-json\/wp\/v2\/pages"}],"about":[{"href":"http:\/\/relaunch.galerie-obrist.de\/ru\/wp-json\/wp\/v2\/types\/page"}],"author":[{"embeddable":true,"href":"http:\/\/relaunch.galerie-obrist.de\/ru\/wp-json\/wp\/v2\/users\/2"}],"replies":[{"embeddable":true,"href":"http:\/\/relaunch.galerie-obrist.de\/ru\/wp-json\/wp\/v2\/comments?post=662"}],"version-history":[{"count":35,"href":"http:\/\/relaunch.galerie-obrist.de\/ru\/wp-json\/wp\/v2\/pages\/662\/revisions"}],"predecessor-version":[{"id":13599,"href":"http:\/\/relaunch.galerie-obrist.de\/ru\/wp-json\/wp\/v2\/pages\/662\/revisions\/13599"}],"up":[{"embeddable":true,"href":"http:\/\/relaunch.galerie-obrist.de\/ru\/wp-json\/wp\/v2\/pages\/1127"}],"wp:featuredmedia":[{"embeddable":true,"href":"http:\/\/relaunch.galerie-obrist.de\/ru\/wp-json\/wp\/v2\/media\/3062"}],"wp:attachment":[{"href":"http:\/\/relaunch.galerie-obrist.de\/ru\/wp-json\/wp\/v2\/media?parent=662"}],"curies":[{"name":"wp","href":"https:\/\/api.w.org\/{rel}","templated":true}]}}