{"id":5801,"date":"2018-08-21T12:53:36","date_gmt":"2018-08-21T10:53:36","guid":{"rendered":"http:\/\/relaunch.galerie-obrist.de\/?page_id=5801"},"modified":"2023-08-31T15:09:54","modified_gmt":"2023-08-31T13:09:54","slug":"schwenk2018","status":"publish","type":"page","link":"http:\/\/relaunch.galerie-obrist.de\/ru\/artists\/schwenk\/schwenk2018\/","title":{"rendered":"Martin Schwenk &#8211; Varianten erster Ordnung (2018)"},"content":{"rendered":"<p><img loading=\"lazy\" decoding=\"async\" src=\"http:\/\/relaunch.galerie-obrist.de\/wp-content\/uploads\/2018\/08\/tannenbaum2015-www.jpg\" alt=\"tannenbaum2015-www\" width=\"491\" height=\"669\" class=\"aligncenter size-full wp-image-5798\" srcset=\"http:\/\/relaunch.galerie-obrist.de\/wp-content\/uploads\/2018\/08\/tannenbaum2015-www.jpg 491w, http:\/\/relaunch.galerie-obrist.de\/wp-content\/uploads\/2018\/08\/tannenbaum2015-www-350x477.jpg 350w, http:\/\/relaunch.galerie-obrist.de\/wp-content\/uploads\/2018\/08\/tannenbaum2015-www-220x300.jpg 220w\" sizes=\"(max-width: 491px) 100vw, 491px\" \/><\/p>\n<p>Martin Schwenk &#8211; Varianten erster Ordnung.<br \/>\n01.-29. September 2018<br \/>\nEr\u00f6ffnung 31. August 2018, 19h<\/span><\/p>\n<p>Die Skulpturen von Martin Schwenk erinnern in ihrer Gestalt an Nat\u00fcrliches: Wuchernde \u00c4ste, Wurzeln und Bl\u00e4tter verbinden sich mit technischen Elementen wie Rohren oder Schl\u00e4uchen zu heterogenen Mischformen, die einer fiktiven Parallelwelt zu entstammen scheinen. Das Wuchern und das Wachstum selbst und deren Ordnungssysteme werden bei Martin Schwenk zum Thema der Skulptur. Und auch in seinen Zeichnungen wird dieses Thema variiert.<\/p>\n","protected":false},"excerpt":{"rendered":"<p>Martin Schwenk &#8211; Varianten erster Ordnung. 01.-29. September 2018 Er\u00f6ffnung 31. August 2018, 19h Die Skulpturen von Martin Schwenk erinnern in ihrer Gestalt an Nat\u00fcrliches: Wuchernde \u00c4ste, Wurzeln und Bl\u00e4tter verbinden sich mit technischen Elementen wie Rohren oder Schl\u00e4uchen zu heterogenen Mischformen, die einer fiktiven Parallelwelt zu entstammen scheinen. Das Wuchern und das Wachstum selbst &hellip; <\/p>\n<p class=\"link-more\"><a href=\"http:\/\/relaunch.galerie-obrist.de\/ru\/artists\/schwenk\/schwenk2018\/\" class=\"more-link\">Read more<span class=\"screen-reader-text\"> &#8220;Martin Schwenk &#8211; Varianten erster Ordnung (2018)&#8221;<\/span><\/a><\/p>\n","protected":false},"author":2,"featured_media":5796,"parent":1854,"menu_order":0,"comment_status":"closed","ping_status":"closed","template":"","meta":{"footnotes":""},"translation":{"provider":"WPGlobus","version":"2.12.2","language":"ru","enabled_languages":["de","en","ru"],"languages":{"de":{"title":true,"content":true,"excerpt":false},"en":{"title":true,"content":true,"excerpt":false},"ru":{"title":false,"content":false,"excerpt":false}}},"featured_media_urls":{"thumbnail":["http:\/\/relaunch.galerie-obrist.de\/wp-content\/uploads\/2018\/08\/s_15_07_1-www-150x150.jpg",150,150,true],"medium":["http:\/\/relaunch.galerie-obrist.de\/wp-content\/uploads\/2018\/08\/s_15_07_1-www-450x212.jpg",450,212,true],"medium_large":["http:\/\/relaunch.galerie-obrist.de\/wp-content\/uploads\/2018\/08\/s_15_07_1-www-768x362.jpg",768,362,true],"large":["http:\/\/relaunch.galerie-obrist.de\/wp-content\/uploads\/2018\/08\/s_15_07_1-www-1024x483.jpg",950,448,true],"1536x1536":["http:\/\/relaunch.galerie-obrist.de\/wp-content\/uploads\/2018\/08\/s_15_07_1-www.jpg",1340,632,false],"2048x2048":["http:\/\/relaunch.galerie-obrist.de\/wp-content\/uploads\/2018\/08\/s_15_07_1-www.jpg",1340,632,false],"inspiro-featured-image":["http:\/\/relaunch.galerie-obrist.de\/wp-content\/uploads\/2018\/08\/s_15_07_1-www.jpg",1340,632,false],"inspiro-loop":["http:\/\/relaunch.galerie-obrist.de\/wp-content\/uploads\/2018\/08\/s_15_07_1-www.jpg",678,320,false],"inspiro-loop@2x":["http:\/\/relaunch.galerie-obrist.de\/wp-content\/uploads\/2018\/08\/s_15_07_1-www.jpg",1340,632,false],"woocommerce_thumbnail":["http:\/\/relaunch.galerie-obrist.de\/wp-content\/uploads\/2018\/08\/s_15_07_1-www-300x300.jpg",300,300,true],"woocommerce_single":["http:\/\/relaunch.galerie-obrist.de\/wp-content\/uploads\/2018\/08\/s_15_07_1-www-600x283.jpg",600,283,true],"woocommerce_gallery_thumbnail":["http:\/\/relaunch.galerie-obrist.de\/wp-content\/uploads\/2018\/08\/s_15_07_1-www-100x100.jpg",100,100,true],"portfolio_item-thumbnail":["http:\/\/relaunch.galerie-obrist.de\/wp-content\/uploads\/2018\/08\/s_15_07_1-www.jpg",600,283,false],"portfolio_item-thumbnail@2x":["http:\/\/relaunch.galerie-obrist.de\/wp-content\/uploads\/2018\/08\/s_15_07_1-www.jpg",1200,566,false],"portfolio_item-masonry":["http:\/\/relaunch.galerie-obrist.de\/wp-content\/uploads\/2018\/08\/s_15_07_1-www.jpg",600,283,false],"portfolio_item-masonry@2x":["http:\/\/relaunch.galerie-obrist.de\/wp-content\/uploads\/2018\/08\/s_15_07_1-www.jpg",1200,566,false],"portfolio_item-thumbnail_cinema":["http:\/\/relaunch.galerie-obrist.de\/wp-content\/uploads\/2018\/08\/s_15_07_1-www.jpg",710,335,false],"portfolio_item-thumbnail_portrait":["http:\/\/relaunch.galerie-obrist.de\/wp-content\/uploads\/2018\/08\/s_15_07_1-www.jpg",600,283,false],"portfolio_item-thumbnail_portrait@2x":["http:\/\/relaunch.galerie-obrist.de\/wp-content\/uploads\/2018\/08\/s_15_07_1-www.jpg",1200,566,false],"portfolio_item-thumbnail_square":["http:\/\/relaunch.galerie-obrist.de\/wp-content\/uploads\/2018\/08\/s_15_07_1-www.jpg",800,377,false]},"_links":{"self":[{"href":"http:\/\/relaunch.galerie-obrist.de\/ru\/wp-json\/wp\/v2\/pages\/5801"}],"collection":[{"href":"http:\/\/relaunch.galerie-obrist.de\/ru\/wp-json\/wp\/v2\/pages"}],"about":[{"href":"http:\/\/relaunch.galerie-obrist.de\/ru\/wp-json\/wp\/v2\/types\/page"}],"author":[{"embeddable":true,"href":"http:\/\/relaunch.galerie-obrist.de\/ru\/wp-json\/wp\/v2\/users\/2"}],"replies":[{"embeddable":true,"href":"http:\/\/relaunch.galerie-obrist.de\/ru\/wp-json\/wp\/v2\/comments?post=5801"}],"version-history":[{"count":4,"href":"http:\/\/relaunch.galerie-obrist.de\/ru\/wp-json\/wp\/v2\/pages\/5801\/revisions"}],"predecessor-version":[{"id":5805,"href":"http:\/\/relaunch.galerie-obrist.de\/ru\/wp-json\/wp\/v2\/pages\/5801\/revisions\/5805"}],"up":[{"embeddable":true,"href":"http:\/\/relaunch.galerie-obrist.de\/ru\/wp-json\/wp\/v2\/pages\/1854"}],"wp:featuredmedia":[{"embeddable":true,"href":"http:\/\/relaunch.galerie-obrist.de\/ru\/wp-json\/wp\/v2\/media\/5796"}],"wp:attachment":[{"href":"http:\/\/relaunch.galerie-obrist.de\/ru\/wp-json\/wp\/v2\/media?parent=5801"}],"curies":[{"name":"wp","href":"https:\/\/api.w.org\/{rel}","templated":true}]}}