{"id":4796,"date":"2016-01-27T14:52:12","date_gmt":"2016-01-27T12:52:12","guid":{"rendered":"http:\/\/relaunch.galerie-obrist.de\/?page_id=4796"},"modified":"2020-01-16T13:53:17","modified_gmt":"2020-01-16T12:53:17","slug":"nuhr2016","status":"publish","type":"page","link":"http:\/\/relaunch.galerie-obrist.de\/ru\/artists\/nuhr\/nuhr2016\/","title":{"rendered":"Dieter Nuhr. Fremdes Terrain II. (2016)"},"content":{"rendered":"<p>[nggallery id=24]<\/p>\n<p>Dieter Nuhr<br \/>\nFremdes Terrain II<br \/>\n27. Februar &#8211; 23. April 2016<br \/>\nEr\u00f6ffnung 26. Februar 2016, 18.30 Uhr<\/p>\n<p>Ein Jahr nach unserer ersten Ausstellung mit Dieter Nuhr zeigen wir nun den angek\u00fcndigten zweiten Teil von \u201cFremdes Terrain\u201d. Standen 2015 die urbanen Bildmotive im Mittelpunkt, geht es dieses  Mal verst\u00e4rkt um die Landschaften. In gro\u00dfformatigen Fotografien schweift Nuhrs hintergr\u00fcndiger Blick in eine Welt, die sich an ihren Nebenschaupl\u00e4tzen offenbart.<\/p>\n<p><a href=\"\/artists\/nuhr\"><strong>CV Dieter Nuhr<\/strong><\/a><\/p>\n","protected":false},"excerpt":{"rendered":"<p>[nggallery id=24] Dieter Nuhr Fremdes Terrain II 27. Februar &#8211; 23. April 2016 Er\u00f6ffnung 26. Februar 2016, 18.30 Uhr Ein Jahr nach unserer ersten Ausstellung mit Dieter Nuhr zeigen wir nun den angek\u00fcndigten zweiten Teil von \u201cFremdes Terrain\u201d. Standen 2015 die urbanen Bildmotive im Mittelpunkt, geht es dieses Mal verst\u00e4rkt um die Landschaften. In gro\u00dfformatigen &hellip; <\/p>\n<p class=\"link-more\"><a href=\"http:\/\/relaunch.galerie-obrist.de\/ru\/artists\/nuhr\/nuhr2016\/\" class=\"more-link\">Read more<span class=\"screen-reader-text\"> &#8220;Dieter Nuhr. Fremdes Terrain II. (2016)&#8221;<\/span><\/a><\/p>\n","protected":false},"author":2,"featured_media":0,"parent":4443,"menu_order":0,"comment_status":"closed","ping_status":"open","template":"","meta":{"footnotes":""},"translation":{"provider":"WPGlobus","version":"2.12.2","language":"ru","enabled_languages":["de","en","ru"],"languages":{"de":{"title":true,"content":true,"excerpt":false},"en":{"title":true,"content":true,"excerpt":false},"ru":{"title":false,"content":false,"excerpt":false}}},"featured_media_urls":[],"_links":{"self":[{"href":"http:\/\/relaunch.galerie-obrist.de\/ru\/wp-json\/wp\/v2\/pages\/4796"}],"collection":[{"href":"http:\/\/relaunch.galerie-obrist.de\/ru\/wp-json\/wp\/v2\/pages"}],"about":[{"href":"http:\/\/relaunch.galerie-obrist.de\/ru\/wp-json\/wp\/v2\/types\/page"}],"author":[{"embeddable":true,"href":"http:\/\/relaunch.galerie-obrist.de\/ru\/wp-json\/wp\/v2\/users\/2"}],"replies":[{"embeddable":true,"href":"http:\/\/relaunch.galerie-obrist.de\/ru\/wp-json\/wp\/v2\/comments?post=4796"}],"version-history":[{"count":12,"href":"http:\/\/relaunch.galerie-obrist.de\/ru\/wp-json\/wp\/v2\/pages\/4796\/revisions"}],"predecessor-version":[{"id":10246,"href":"http:\/\/relaunch.galerie-obrist.de\/ru\/wp-json\/wp\/v2\/pages\/4796\/revisions\/10246"}],"up":[{"embeddable":true,"href":"http:\/\/relaunch.galerie-obrist.de\/ru\/wp-json\/wp\/v2\/pages\/4443"}],"wp:attachment":[{"href":"http:\/\/relaunch.galerie-obrist.de\/ru\/wp-json\/wp\/v2\/media?parent=4796"}],"curies":[{"name":"wp","href":"https:\/\/api.w.org\/{rel}","templated":true}]}}