{"id":4535,"date":"2015-04-22T13:18:17","date_gmt":"2015-04-22T11:18:17","guid":{"rendered":"http:\/\/relaunch.galerie-obrist.de\/?page_id=4535"},"modified":"2019-03-06T18:35:52","modified_gmt":"2019-03-06T16:35:52","slug":"boehm2015","status":"publish","type":"page","link":"http:\/\/relaunch.galerie-obrist.de\/ru\/artists\/boehm\/boehm2015\/","title":{"rendered":"Marcela B\u00f6hm: Stadt und Leute. (2015)"},"content":{"rendered":"<p><img loading=\"lazy\" decoding=\"async\" src=\"http:\/\/relaunch.galerie-obrist.de\/wp-content\/uploads\/2015\/04\/EinUnbeschwerterTag-Gr-150x150.jpg\" alt=\"\" title=\"EinUnbeschwerterTag-Gr\" width=\"150\" height=\"150\" class=\"alignnone size-thumbnail wp-image-4524\" srcset=\"http:\/\/relaunch.galerie-obrist.de\/wp-content\/uploads\/2015\/04\/EinUnbeschwerterTag-Gr-150x150.jpg 150w, http:\/\/relaunch.galerie-obrist.de\/wp-content\/uploads\/2015\/04\/EinUnbeschwerterTag-Gr-300x300.jpg 300w, http:\/\/relaunch.galerie-obrist.de\/wp-content\/uploads\/2015\/04\/EinUnbeschwerterTag-Gr-100x100.jpg 100w, http:\/\/relaunch.galerie-obrist.de\/wp-content\/uploads\/2015\/04\/EinUnbeschwerterTag-Gr-144x144.jpg 144w\" sizes=\"(max-width: 150px) 100vw, 150px\" \/>   <img loading=\"lazy\" decoding=\"async\" src=\"http:\/\/relaunch.galerie-obrist.de\/wp-content\/uploads\/2015\/04\/YingUndYang-Gr-150x150.jpg\" alt=\"\" title=\"YingUndYang-Gr\" width=\"150\" height=\"150\" class=\"alignnone size-thumbnail wp-image-4529\" srcset=\"http:\/\/relaunch.galerie-obrist.de\/wp-content\/uploads\/2015\/04\/YingUndYang-Gr-150x150.jpg 150w, http:\/\/relaunch.galerie-obrist.de\/wp-content\/uploads\/2015\/04\/YingUndYang-Gr-300x300.jpg 300w, http:\/\/relaunch.galerie-obrist.de\/wp-content\/uploads\/2015\/04\/YingUndYang-Gr-100x100.jpg 100w, http:\/\/relaunch.galerie-obrist.de\/wp-content\/uploads\/2015\/04\/YingUndYang-Gr-144x144.jpg 144w\" sizes=\"(max-width: 150px) 100vw, 150px\" \/>   <img loading=\"lazy\" decoding=\"async\" src=\"http:\/\/relaunch.galerie-obrist.de\/wp-content\/uploads\/2015\/04\/Erdscheibe-Gr-150x150.jpg\" alt=\"\" title=\"Erdscheibe-Gr\" width=\"150\" height=\"150\" class=\"alignnone size-thumbnail wp-image-4525\" srcset=\"http:\/\/relaunch.galerie-obrist.de\/wp-content\/uploads\/2015\/04\/Erdscheibe-Gr-150x150.jpg 150w, http:\/\/relaunch.galerie-obrist.de\/wp-content\/uploads\/2015\/04\/Erdscheibe-Gr-300x300.jpg 300w, http:\/\/relaunch.galerie-obrist.de\/wp-content\/uploads\/2015\/04\/Erdscheibe-Gr-100x100.jpg 100w, http:\/\/relaunch.galerie-obrist.de\/wp-content\/uploads\/2015\/04\/Erdscheibe-Gr-144x144.jpg 144w\" sizes=\"(max-width: 150px) 100vw, 150px\" \/><\/p>\n<p>Marcela B\u00f6hm. Stadt und Leute.<br \/>\n9. Mai &#8211; 13. Juni 2015<br \/>\nEr\u00f6ffnung: Freitag, 8. Mai 2015, 19 Uhr<\/p>\n<p>Die Galerie Obrist zeigt neue Arbeiten von Marcela B\u00f6hm. F\u00fcr die in Buenos Aires geborene K\u00fcnstlerin sind in den letzten Jahren Stadtbilder zu einem wichtigen Motiv geworden, und wir freuen uns, diese Bilder nun erstmals in einer Ausstellung versammeln zu k\u00f6nnen.<\/p>\n<p><a href=\"http:\/\/relaunch.galerie-obrist.de\/category\/exhibitions2015\/2015-05marcelaboehm\/\">Posts zu dieser Ausstellung<\/a><br \/>\n<a href=\"http:\/\/relaunch.galerie-obrist.de\/artists\/boehm\/\">CV Marcela B\u00f6hm<\/a><\/p>\n","protected":false},"excerpt":{"rendered":"<p>Marcela B\u00f6hm. Stadt und Leute. 9. Mai &#8211; 13. Juni 2015 Er\u00f6ffnung: Freitag, 8. Mai 2015, 19 Uhr Die Galerie Obrist zeigt neue Arbeiten von Marcela B\u00f6hm. F\u00fcr die in Buenos Aires geborene K\u00fcnstlerin sind in den letzten Jahren Stadtbilder zu einem wichtigen Motiv geworden, und wir freuen uns, diese Bilder nun erstmals in einer &hellip; <\/p>\n<p class=\"link-more\"><a href=\"http:\/\/relaunch.galerie-obrist.de\/ru\/artists\/boehm\/boehm2015\/\" class=\"more-link\">Read more<span class=\"screen-reader-text\"> &#8220;Marcela B\u00f6hm: Stadt und Leute. (2015)&#8221;<\/span><\/a><\/p>\n","protected":false},"author":2,"featured_media":0,"parent":1128,"menu_order":0,"comment_status":"closed","ping_status":"open","template":"","meta":{"footnotes":""},"translation":{"provider":"WPGlobus","version":"2.12.2","language":"ru","enabled_languages":["de","en","ru"],"languages":{"de":{"title":true,"content":true,"excerpt":false},"en":{"title":true,"content":true,"excerpt":false},"ru":{"title":false,"content":false,"excerpt":false}}},"featured_media_urls":[],"_links":{"self":[{"href":"http:\/\/relaunch.galerie-obrist.de\/ru\/wp-json\/wp\/v2\/pages\/4535"}],"collection":[{"href":"http:\/\/relaunch.galerie-obrist.de\/ru\/wp-json\/wp\/v2\/pages"}],"about":[{"href":"http:\/\/relaunch.galerie-obrist.de\/ru\/wp-json\/wp\/v2\/types\/page"}],"author":[{"embeddable":true,"href":"http:\/\/relaunch.galerie-obrist.de\/ru\/wp-json\/wp\/v2\/users\/2"}],"replies":[{"embeddable":true,"href":"http:\/\/relaunch.galerie-obrist.de\/ru\/wp-json\/wp\/v2\/comments?post=4535"}],"version-history":[{"count":10,"href":"http:\/\/relaunch.galerie-obrist.de\/ru\/wp-json\/wp\/v2\/pages\/4535\/revisions"}],"predecessor-version":[{"id":9515,"href":"http:\/\/relaunch.galerie-obrist.de\/ru\/wp-json\/wp\/v2\/pages\/4535\/revisions\/9515"}],"up":[{"embeddable":true,"href":"http:\/\/relaunch.galerie-obrist.de\/ru\/wp-json\/wp\/v2\/pages\/1128"}],"wp:attachment":[{"href":"http:\/\/relaunch.galerie-obrist.de\/ru\/wp-json\/wp\/v2\/media?parent=4535"}],"curies":[{"name":"wp","href":"https:\/\/api.w.org\/{rel}","templated":true}]}}