{"id":4451,"date":"2014-12-30T18:54:45","date_gmt":"2014-12-30T16:54:45","guid":{"rendered":"http:\/\/relaunch.galerie-obrist.de\/?page_id=4451"},"modified":"2020-01-16T13:55:15","modified_gmt":"2020-01-16T12:55:15","slug":"nuhr2015","status":"publish","type":"page","link":"http:\/\/relaunch.galerie-obrist.de\/ru\/artists\/nuhr\/nuhr2015\/","title":{"rendered":"Dieter Nuhr. Fremdes Terrain. (2015)"},"content":{"rendered":"<p>[nggallery id=25]<\/p>\n<p>Dieter Nuhr &#8211; Fremdes Terrain. Fotografie.<br \/>\n31. Januar &#8211; 11. M\u00e4rz 2015<br \/>\nEr\u00f6ffnung am 30. Januar, 18.30 Uhr\n<\/p>\n<p>Dieter Nuhr, Jahrgang 1960, studierte Geschichte und Bildende Kunst an der Universit\u00e4t Essen. Seit 1987 ist er auf nationalen B\u00fchnen als Kabarettist erfolgreich. Aber nicht nur als K\u00fcnstler auf der B\u00fchne und im Filmstudio, sondern auch als Autor, Weltreisender und Bildender K\u00fcnstler ist Dieter Nuhr aktiv. Seine Fotoarbeiten, die bei Reisen rund um die Welt entstanden, haben es inzwischen in Museen geschafft.<br \/>\nDieter Nuhr sieht sich selbst als multimedialen K\u00fcnstler. Er sagt \u00fcber seine Arbeit: \u201eJede Form hat ihre eigenen Ausdrucksm\u00f6glichkeiten. In der Sprache kann ich ironisch sein, in Bildern erscheint mir die Welt eher ernst.\u201c Und: \u201eMir ist meine bildnerische Arbeit genauso wichtig wie meine Arbeit auf der B\u00fchne. Dass ich mit der einen Form mehr Leute erreicht habe als mit der anderen, sagt weder etwas \u00fcber die Qualit\u00e4t der Arbeit aus, noch \u00fcber den Grad der Intensit\u00e4t.\u201c<br \/>\nAls bildender K\u00fcnstler widmet sich Dieter Nuhr jenseits der Kabarettb\u00fchnen und Fernsehstudios der Fotokunst. Seine Arbeiten sind nicht als Reiseimpressionen zu verstehen, sondern lenken den Blick aus der eigenen allt\u00e4glichen Erfahrungswelt heraus  in fremde L\u00e4nder und Kulturen, dokumentieren dabei aber nicht das vermeintlich Sch\u00f6ne oder gar Romantische exotischer Welten. Sie zeigen das Fremde, das Detail, das exemplarisch f\u00fcr das gro\u00dfe Ganze steht und f\u00fchren uns einerseits zu Erinnerungsorten von Kulturen, die uns befremdlich und anmutig zugleich erscheinen, oder in fremde Landschaften, die uns nicht als touristische Impressionen, sondern als beeindruckende B\u00fchnen des Naturgeschehens vorgef\u00fchrt werden. Nuhrs ganz eigener frontaler Blick l\u00e4sst dabei das Festgehaltene immer als B\u00fchnenraum erscheinen.<br \/>\n<a href=\"http:\/\/issuu.com\/obrist-gallery\/docs\/kat-nuhr15www?e=1256898\/11250989\" target=\"_blank\"><img loading=\"lazy\" decoding=\"async\" src=\"http:\/\/relaunch.galerie-obrist.de\/wp-content\/uploads\/2014\/12\/cover-katalog1-298x300.jpg\" alt=\"\" title=\"cover-katalog\" width=\"298\" height=\"300\" class=\"alignnone size-medium wp-image-4497\" srcset=\"http:\/\/relaunch.galerie-obrist.de\/wp-content\/uploads\/2014\/12\/cover-katalog1-298x300.jpg 298w, http:\/\/relaunch.galerie-obrist.de\/wp-content\/uploads\/2014\/12\/cover-katalog1-100x100.jpg 100w, http:\/\/relaunch.galerie-obrist.de\/wp-content\/uploads\/2014\/12\/cover-katalog1-600x603.jpg 600w, http:\/\/relaunch.galerie-obrist.de\/wp-content\/uploads\/2014\/12\/cover-katalog1-150x150.jpg 150w, http:\/\/relaunch.galerie-obrist.de\/wp-content\/uploads\/2014\/12\/cover-katalog1-144x144.jpg 144w, http:\/\/relaunch.galerie-obrist.de\/wp-content\/uploads\/2014\/12\/cover-katalog1.jpg 635w\" sizes=\"(max-width: 298px) 100vw, 298px\" \/><\/a><br \/>\n<a href=\"http:\/\/issuu.com\/obrist-gallery\/docs\/kat-nuhr15www?e=1256898\/11250989\" target=\"_blank\"><br \/>\n<strong>Ausstellungskatalog<\/strong><\/a><br \/>\n<a href=\"\/artists\/nuhr\"><strong>CV Dieter Nuhr<\/strong><\/a><\/p>\n","protected":false},"excerpt":{"rendered":"<p>[nggallery id=25] Dieter Nuhr &#8211; Fremdes Terrain. Fotografie. 31. Januar &#8211; 11. M\u00e4rz 2015 Er\u00f6ffnung am 30. Januar, 18.30 Uhr Dieter Nuhr, Jahrgang 1960, studierte Geschichte und Bildende Kunst an der Universit\u00e4t Essen. Seit 1987 ist er auf nationalen B\u00fchnen als Kabarettist erfolgreich. Aber nicht nur als K\u00fcnstler auf der B\u00fchne und im Filmstudio, sondern &hellip; <\/p>\n<p class=\"link-more\"><a href=\"http:\/\/relaunch.galerie-obrist.de\/ru\/artists\/nuhr\/nuhr2015\/\" class=\"more-link\">Read more<span class=\"screen-reader-text\"> &#8220;Dieter Nuhr. Fremdes Terrain. (2015)&#8221;<\/span><\/a><\/p>\n","protected":false},"author":2,"featured_media":0,"parent":4443,"menu_order":0,"comment_status":"closed","ping_status":"open","template":"","meta":{"footnotes":""},"translation":{"provider":"WPGlobus","version":"2.12.2","language":"ru","enabled_languages":["de","en","ru"],"languages":{"de":{"title":true,"content":true,"excerpt":false},"en":{"title":true,"content":true,"excerpt":false},"ru":{"title":false,"content":false,"excerpt":false}}},"featured_media_urls":[],"_links":{"self":[{"href":"http:\/\/relaunch.galerie-obrist.de\/ru\/wp-json\/wp\/v2\/pages\/4451"}],"collection":[{"href":"http:\/\/relaunch.galerie-obrist.de\/ru\/wp-json\/wp\/v2\/pages"}],"about":[{"href":"http:\/\/relaunch.galerie-obrist.de\/ru\/wp-json\/wp\/v2\/types\/page"}],"author":[{"embeddable":true,"href":"http:\/\/relaunch.galerie-obrist.de\/ru\/wp-json\/wp\/v2\/users\/2"}],"replies":[{"embeddable":true,"href":"http:\/\/relaunch.galerie-obrist.de\/ru\/wp-json\/wp\/v2\/comments?post=4451"}],"version-history":[{"count":12,"href":"http:\/\/relaunch.galerie-obrist.de\/ru\/wp-json\/wp\/v2\/pages\/4451\/revisions"}],"predecessor-version":[{"id":10229,"href":"http:\/\/relaunch.galerie-obrist.de\/ru\/wp-json\/wp\/v2\/pages\/4451\/revisions\/10229"}],"up":[{"embeddable":true,"href":"http:\/\/relaunch.galerie-obrist.de\/ru\/wp-json\/wp\/v2\/pages\/4443"}],"wp:attachment":[{"href":"http:\/\/relaunch.galerie-obrist.de\/ru\/wp-json\/wp\/v2\/media?parent=4451"}],"curies":[{"name":"wp","href":"https:\/\/api.w.org\/{rel}","templated":true}]}}