{"id":4443,"date":"2014-12-30T18:29:42","date_gmt":"2014-12-30T16:29:42","guid":{"rendered":"http:\/\/relaunch.galerie-obrist.de\/?page_id=4443"},"modified":"2023-08-31T15:11:37","modified_gmt":"2023-08-31T13:11:37","slug":"nuhr","status":"publish","type":"page","link":"http:\/\/relaunch.galerie-obrist.de\/ru\/artists\/nuhr\/","title":{"rendered":"Dieter Nuhr"},"content":{"rendered":"<p><b>WERKE<\/b><br \/>\n[nggallery id=51]\n<\/p>\n<p>AUSSTELLUNGEN<br \/>\n<!-- Page-list plugin v.5.6 wordpress.org\/plugins\/page-list\/ -->\n<ul class=\"page-list \">\n<li class=\"page_item page-item-10215\"><a href=\"http:\/\/relaunch.galerie-obrist.de\/ru\/artists\/nuhr\/nuhr2020\/\">Dieter Nuhr. Neue Fotografien. (2020)<\/a><\/li>\n<li class=\"page_item page-item-5683\"><a href=\"http:\/\/relaunch.galerie-obrist.de\/ru\/artists\/nuhr\/nuhr2018\/\">Dieter Nuhr. Fotografien. (2018)<\/a><\/li>\n<li class=\"page_item page-item-4796\"><a href=\"http:\/\/relaunch.galerie-obrist.de\/ru\/artists\/nuhr\/nuhr2016\/\">Dieter Nuhr. Fremdes Terrain II. (2016)<\/a><\/li>\n<li class=\"page_item page-item-4451\"><a href=\"http:\/\/relaunch.galerie-obrist.de\/ru\/artists\/nuhr\/nuhr2015\/\">Dieter Nuhr. Fremdes Terrain. (2015)<\/a><\/li>\n\n<\/ul><\/p>\n<p><b>BIOGRAFIE<\/b><\/p>\n<p>Die meisten kennen Dieter Nuhr als Comedian oder Kabarettisten aus zahlreichen TV-Formaten, seinem satirischen Jahresr\u00fcckblick oder als Gastgeber von \u201eNuhr im Ersten\u201c in der ARD. Nuhrs Tournee geh\u00f6rt seit mehr als 15 Jahren zu den erfolgreichsten im deutschsprachigen Raum. Nuhr ist der einzige K\u00fcnstler, der sowohl den Deutschen Kleinkunstpreis in der Sparte Kabarett als auch den Deutschen Comedypreis erhalten hat, zudem den Jacob-Grimm-Preis\/Kulturpreis Deutsche Sprache und IQ-Preis der Hochbegabtenvereinigung Mensa.<br \/>\nWas viele nicht wissen: Nuhr hat an der ehemaligen Folkwangschule in Essen Bildende Kunst studiert. Er hat nie aufgeh\u00f6rt Bilder zu produzieren, zun\u00e4chst als Maler, dann als Fotograf mit selbst gebauten Kameras, sp\u00e4ter mit professionellem Equipment. In den letzten Jahren hatte er zahlreiche Ausstellungen in Galerien und Museen.<br \/>\nSeine Bilder entstanden auf Reisen durch alle Kontinente. Sie zeigen Motive aus Mali, S\u00fcdafrika, Namibia, Sambia, Indien, Bhutan, Nepal, China, Japan, Nordkorea, Iran, Jemen, Jordanien, Chile, Peru, Brasilien, Neuseeland, Island, \u00c4htiopien und vielen andern L\u00e4ndern.<\/p>\n<p>1981-1986 Studium Kunst und Geschichte an der Universit\u00e4t Essen, ehemalige Folkwangschule, Malerei bei Laszlo Lakner<br \/>\nAb 1986 Auftritte als Kabarettist<br \/>\nAb 1995 Fotografien<br \/>\n1998 Deutscher Kleinkunstpreis<br \/>\n1999 D\u00fcsseldorf: Kulturbahnhof Eller<br \/>\n2003 Deutscher Comedypreis (Bester Live-Act)<br \/>\n2004 Langenfeld: Kunstwerk in der Alten Weberei (Einzelausstellung)<br \/>\n2007 Nordrhein-Westf\u00e4lischer Kabarettpreis<br \/>\n2008 Deutscher IQ-Preis<br \/>\nHamburg: Galerie Robert Morat. Nuhr unterwegs<br \/>\n2009 Deutscher Comedypreis (Bester Komiker)<br \/>\n2010 Ratingen: Museum der Stadt. Nuhr fotografiert.<br \/>\nSiegen: Siegerlandmuseum. Nuhr fotografiert<br \/>\nSiegen: Museum Oberes Schlo\u00df. Nuhr trifft Rubens<br \/>\nD\u00fcsseldorf: Galerie Felix Ringel. Awakenings (Group Show)<br \/>\nDeutscher Comedypreis (Bester Komiker)<br \/>\nSiegburg: Stadtmuseum Siegburg. Nuhr fotografiert<br \/>\n2011 Imst (\u00d6sterreich): Ubuntu Forum. Nuhr f\u00fcr SOS (Einzelausstellung)<br \/>\nBerlin: Galerie der SOS-Kinderd\u00f6rfer weltweit. Nuhr f\u00fcr SOS (Einzelausstellung)<br \/>\nKempen: St\u00e4dtisches Kramer-Museum. Nuhr fotografiert<br \/>\nRheine: Kloster Bentlage. Nuhr fotografiert.<br \/>\n2012 Regensburg: St\u00e4dtische Museen \/ St\u00e4dtische Galerie im Leeren Beutel. Nuhr fotografiert<br \/>\nL\u00fcdinghausen: M\u00fcnsterlandmuseum Burg Vischering. Nuhr fotografiert<br \/>\nLangenfeld: Stadtmuseum Kulturelles Forum. Nuhr fotografiert<br \/>\nHerford: Herforder Kunstverein. Carl Schuch und die aktuelle Stillebenfotografie (Gruppenausstellung)<br \/>\n2013 Ratingen: Museum Ratingen. Carl Schuch und die aktuelle Stillebenfotografie (Gruppenausstellung)<br \/>\nSiegen: Siegerlandmusem im Oberen Schloss. Siegburg:<br \/>\nStadtmuseum SiegburgCarl Schuch und die aktuelle Stillebenfotografie (Gruppenausstellung)<br \/>\nKempen: St\u00e4dtisches Kramer-Museum. Carl Schuch und die aktuelle Stillebenfotografie (Gruppenausstellung)<br \/>\nZwickau: Kunstsammlungen Zwickau. Carl Schuch und die aktuelle Stillebenfotografie (Gruppenausstellung)<br \/>\n2014 M\u00f6nchengladbach: Galerie L\u00f6hrl. Einzelausstellung.<br \/>\n2015 Ratingen: Museum Ratingen. Nuhr um die Welt.<br \/>\nEssen: Galerie Obrist. Dieter Nuhr. Fremdes Terrain. Fotografie.<br \/>\n2016 Wesel: St\u00e4dtisches Museum Wesel<br \/>\nRheda: Orangerie Schloss Rheda<br \/>\nK\u00f6ln: Art Cologne<br \/>\nCoesfeld: Museum Haus Kolvenburg\/Billerbeck<br \/>\nM\u00f6nchengladbach: Galerie L\u00f6hrl<br \/>\n2017 Stuttgart: Galerie K\u00fcper<br \/>\nBeijing \/ China: Galerie P\u00e9kin Fine Arts<br \/>\nGeorgsmarienh\u00fctte: Museum Villa Stahmer<br \/>\nD\u00fcsseldorf: Berger Kirche<br \/>\n2018 Essen: Galerie Obrist<br \/>\nBerlin: Galerie Michael Schultz Contemporary<br \/>\nWeilburg: Museum am Rosenhang<br \/>\nK\u00f6ln: ART Cologne<br \/>\nM\u00fcnchen: Galerie Kampl<br \/>\nShanghai: Photo Fair<br \/>\n2019 Hilden: Kunstraum Gewerbepark S\u00fcd<br \/>\nK\u00f6ln: Art Cologne<br \/>\nSchw\u00e4bisch Gm\u00fcnd: Museum im Prediger<br \/>\nStuttgart: Galerie K\u00fcper<br \/>\nBr\u00fchl: Kunstverein Br\u00fchl<br \/>\nDresden: Kunsthalle Dresden<br \/>\nChengdu: Luxehills Art Museum<br \/>\n2020 Essen: Galerie Obrist<br \/>\nSt. Petersburg: Pushkin-Museum<\/p>\n","protected":false},"excerpt":{"rendered":"<p>WERKE [nggallery id=51] AUSSTELLUNGEN BIOGRAFIE Die meisten kennen Dieter Nuhr als Comedian oder Kabarettisten aus zahlreichen TV-Formaten, seinem satirischen Jahresr\u00fcckblick oder als Gastgeber von \u201eNuhr im Ersten\u201c in der ARD. Nuhrs Tournee geh\u00f6rt seit mehr als 15 Jahren zu den erfolgreichsten im deutschsprachigen Raum. Nuhr ist der einzige K\u00fcnstler, der sowohl den Deutschen Kleinkunstpreis in &hellip; <\/p>\n<p class=\"link-more\"><a href=\"http:\/\/relaunch.galerie-obrist.de\/ru\/artists\/nuhr\/\" class=\"more-link\">Read more<span class=\"screen-reader-text\"> &#8220;Dieter Nuhr&#8221;<\/span><\/a><\/p>\n","protected":false},"author":2,"featured_media":5021,"parent":1127,"menu_order":0,"comment_status":"closed","ping_status":"open","template":"","meta":{"footnotes":""},"translation":{"provider":"WPGlobus","version":"2.12.2","language":"ru","enabled_languages":["de","en","ru"],"languages":{"de":{"title":true,"content":true,"excerpt":false},"en":{"title":true,"content":true,"excerpt":false},"ru":{"title":false,"content":false,"excerpt":false}}},"featured_media_urls":{"thumbnail":["http:\/\/relaunch.galerie-obrist.de\/wp-content\/uploads\/2016\/03\/Rhonegletscher-22-1-150x150.jpg",150,150,true],"medium":["http:\/\/relaunch.galerie-obrist.de\/wp-content\/uploads\/2016\/03\/Rhonegletscher-22-1-300x300.jpg",300,300,true],"medium_large":["http:\/\/relaunch.galerie-obrist.de\/wp-content\/uploads\/2016\/03\/Rhonegletscher-22-1-768x768.jpg",768,768,true],"large":["http:\/\/relaunch.galerie-obrist.de\/wp-content\/uploads\/2016\/03\/Rhonegletscher-22-1-1024x1024.jpg",950,950,true],"1536x1536":["http:\/\/relaunch.galerie-obrist.de\/wp-content\/uploads\/2016\/03\/Rhonegletscher-22-1.jpg",1200,1200,false],"2048x2048":["http:\/\/relaunch.galerie-obrist.de\/wp-content\/uploads\/2016\/03\/Rhonegletscher-22-1.jpg",1200,1200,false],"inspiro-featured-image":["http:\/\/relaunch.galerie-obrist.de\/wp-content\/uploads\/2016\/03\/Rhonegletscher-22-1.jpg",1200,1200,false],"inspiro-loop":["http:\/\/relaunch.galerie-obrist.de\/wp-content\/uploads\/2016\/03\/Rhonegletscher-22-1.jpg",320,320,false],"inspiro-loop@2x":["http:\/\/relaunch.galerie-obrist.de\/wp-content\/uploads\/2016\/03\/Rhonegletscher-22-1.jpg",640,640,false],"woocommerce_thumbnail":["http:\/\/relaunch.galerie-obrist.de\/wp-content\/uploads\/2016\/03\/Rhonegletscher-22-1-300x300.jpg",300,300,true],"woocommerce_single":["http:\/\/relaunch.galerie-obrist.de\/wp-content\/uploads\/2016\/03\/Rhonegletscher-22-1-600x600.jpg",600,600,true],"woocommerce_gallery_thumbnail":["http:\/\/relaunch.galerie-obrist.de\/wp-content\/uploads\/2016\/03\/Rhonegletscher-22-1-100x100.jpg",100,100,true],"portfolio_item-thumbnail":["http:\/\/relaunch.galerie-obrist.de\/wp-content\/uploads\/2016\/03\/Rhonegletscher-22-1.jpg",400,400,false],"portfolio_item-thumbnail@2x":["http:\/\/relaunch.galerie-obrist.de\/wp-content\/uploads\/2016\/03\/Rhonegletscher-22-1.jpg",800,800,false],"portfolio_item-masonry":["http:\/\/relaunch.galerie-obrist.de\/wp-content\/uploads\/2016\/03\/Rhonegletscher-22-1.jpg",600,600,false],"portfolio_item-masonry@2x":["http:\/\/relaunch.galerie-obrist.de\/wp-content\/uploads\/2016\/03\/Rhonegletscher-22-1.jpg",1200,1200,false],"portfolio_item-thumbnail_cinema":["http:\/\/relaunch.galerie-obrist.de\/wp-content\/uploads\/2016\/03\/Rhonegletscher-22-1.jpg",335,335,false],"portfolio_item-thumbnail_portrait":["http:\/\/relaunch.galerie-obrist.de\/wp-content\/uploads\/2016\/03\/Rhonegletscher-22-1.jpg",600,600,false],"portfolio_item-thumbnail_portrait@2x":["http:\/\/relaunch.galerie-obrist.de\/wp-content\/uploads\/2016\/03\/Rhonegletscher-22-1.jpg",1200,1200,false],"portfolio_item-thumbnail_square":["http:\/\/relaunch.galerie-obrist.de\/wp-content\/uploads\/2016\/03\/Rhonegletscher-22-1.jpg",800,800,false]},"_links":{"self":[{"href":"http:\/\/relaunch.galerie-obrist.de\/ru\/wp-json\/wp\/v2\/pages\/4443"}],"collection":[{"href":"http:\/\/relaunch.galerie-obrist.de\/ru\/wp-json\/wp\/v2\/pages"}],"about":[{"href":"http:\/\/relaunch.galerie-obrist.de\/ru\/wp-json\/wp\/v2\/types\/page"}],"author":[{"embeddable":true,"href":"http:\/\/relaunch.galerie-obrist.de\/ru\/wp-json\/wp\/v2\/users\/2"}],"replies":[{"embeddable":true,"href":"http:\/\/relaunch.galerie-obrist.de\/ru\/wp-json\/wp\/v2\/comments?post=4443"}],"version-history":[{"count":24,"href":"http:\/\/relaunch.galerie-obrist.de\/ru\/wp-json\/wp\/v2\/pages\/4443\/revisions"}],"predecessor-version":[{"id":13593,"href":"http:\/\/relaunch.galerie-obrist.de\/ru\/wp-json\/wp\/v2\/pages\/4443\/revisions\/13593"}],"up":[{"embeddable":true,"href":"http:\/\/relaunch.galerie-obrist.de\/ru\/wp-json\/wp\/v2\/pages\/1127"}],"wp:featuredmedia":[{"embeddable":true,"href":"http:\/\/relaunch.galerie-obrist.de\/ru\/wp-json\/wp\/v2\/media\/5021"}],"wp:attachment":[{"href":"http:\/\/relaunch.galerie-obrist.de\/ru\/wp-json\/wp\/v2\/media?parent=4443"}],"curies":[{"name":"wp","href":"https:\/\/api.w.org\/{rel}","templated":true}]}}