{"id":4143,"date":"2014-08-08T18:20:26","date_gmt":"2014-08-08T16:20:26","guid":{"rendered":"http:\/\/relaunch.galerie-obrist.de\/?page_id=4143"},"modified":"2018-11-08T13:21:52","modified_gmt":"2018-11-08T11:21:52","slug":"titzrath","status":"publish","type":"page","link":"http:\/\/relaunch.galerie-obrist.de\/ru\/artists\/zzalle-kunstler\/titzrath\/","title":{"rendered":"Andreas Titzrath"},"content":{"rendered":"<p><span lang=\"de\"><b>WERKE<\/b><\/span><br \/>\n[nggallery id=70]<br \/>\n<span lang=\"de\"><b>AUSSTELLUNGEN IN DER GALERIE<\/b><\/span><br \/>\n<!-- ddlsp --><\/p>\n<p><span lang=\"de\"><b>BIOGRAFIE<\/b><\/span><br \/>\nGeboren 1957 in Essen<br \/>\n1977-1983 Studium an der Folkwangschule\/ GHS Universit\u00e4t Essen, Schwerpunkt Illustration<br \/>\nAbschluss als Graphikdesigner<br \/>\nSeit 1980 Arbeit mit maltherapeutischen Gruppen in der Jugendpsychiatrie<br \/>\n1983-84 Zivildienst; w\u00e4hrend dieser Zeit entsteht ein Tagebuch mit Notizen und Zeichnungen, das<br \/>\n1986 bei Rasch und R\u00f6hring ver\u00f6ffentlicht wird.<br \/>\nAndreas Titzrath lebt und arbeitet in Essen.<\/p>\n<p>Ausstellungen (Auswahl)<br \/>\n2009 \u201cKammerspiel\u201d, GAM | Galerie Obrist (Ausstellungsbooklet)<br \/>\n2007 Art Moscow<br \/>\n2007 \u201cAus dem Versteck\u201d, GAM | Galerie Obrist (Katalog)<br \/>\n2002 \u201cMenschenbilder\u201d (mit M. Kissenbeck), Galerie Obrist<br \/>\n2000 \u201cLandschaftsg\u00e4rtner\u201d, B\u00fcrgermeisterhaus E.-Werden<br \/>\n1995 \u201cKleine K\u00f6nige\u201d, Kunsthaus Essen<\/p>\n<p>\u00a0<br \/>\n<span lang=\"de\"><b>VERWANDTE ARTIKEL&#8230;<\/b><br \/>\n    <div class=\"related-post list\">\r\n        <br \/>\n<b>Warning<\/b>:  Undefined array key \"page\" in <b>\/www\/htdocs\/w0088a62\/relaunch.galerie-obrist.de\/wp-content\/plugins\/related-post\/templates\/related-post-hook.php<\/b> on line <b>18<\/b><br \/>\n<br \/>\n<b>Warning<\/b>:  Undefined array key \"page\" in <b>\/www\/htdocs\/w0088a62\/relaunch.galerie-obrist.de\/wp-content\/plugins\/related-post\/templates\/related-post-hook.php<\/b> on line <b>55<\/b><br \/>\n    <div class=\"post-list \">\r\n\r\n                        <div class=\"item\">\r\n                                    <\/div>\r\n                            <div class=\"item\">\r\n                                    <\/div>\r\n                            <div class=\"item\">\r\n                                    <\/div>\r\n                            <div class=\"item\">\r\n                                    <\/div>\r\n                            <div class=\"item\">\r\n                                    <\/div>\r\n            \r\n    <\/div>\r\n\r\n    <script>\r\n            <\/script>\r\n    <style>\r\n        .related-post {}\r\n\r\n        .related-post .post-list {\r\n            text-align: left;\r\n                    }\r\n\r\n        .related-post .post-list .item {\r\n                    }\r\n\r\n        .related-post .headline {\r\n                    }\r\n\r\n        @media only screen and (min-width: 1024px) {\r\n            .related-post .post-list .item {\r\n                width: ;\r\n            }\r\n        }\r\n\r\n        @media only screen and (min-width: 768px) and (max-width: 1023px) {\r\n            .related-post .post-list .item {\r\n                width: ;\r\n            }\r\n        }\r\n\r\n        @media only screen and (min-width: 0px) and (max-width: 767px) {\r\n            .related-post .post-list .item {\r\n                width: ;\r\n            }\r\n        }\r\n\r\n            <\/style>\r\n        <\/div>\r\n<\/p>\n","protected":false},"excerpt":{"rendered":"<p>WERKE [nggallery id=70] AUSSTELLUNGEN IN DER GALERIE BIOGRAFIE Geboren 1957 in Essen 1977-1983 Studium an der Folkwangschule\/ GHS Universit\u00e4t Essen, Schwerpunkt Illustration Abschluss als Graphikdesigner Seit 1980 Arbeit mit maltherapeutischen Gruppen in der Jugendpsychiatrie 1983-84 Zivildienst; w\u00e4hrend dieser Zeit entsteht ein Tagebuch mit Notizen und Zeichnungen, das 1986 bei Rasch und R\u00f6hring ver\u00f6ffentlicht wird. Andreas &hellip; <\/p>\n<p class=\"link-more\"><a href=\"http:\/\/relaunch.galerie-obrist.de\/ru\/artists\/zzalle-kunstler\/adler\/gosbert-adler-fotoarbeiten-2006\/\" class=\"more-link\">Read more<span class=\"screen-reader-text\"> &#8220;Gosbert Adler: Fotoarbeiten (2006)&#8221;<\/span><\/a><\/p>\n","protected":false},"author":2,"featured_media":0,"parent":1511,"menu_order":0,"comment_status":"closed","ping_status":"open","template":"","meta":{"footnotes":""},"translation":{"provider":"WPGlobus","version":"2.12.2","language":"ru","enabled_languages":["de","en","ru"],"languages":{"de":{"title":true,"content":true,"excerpt":false},"en":{"title":false,"content":true,"excerpt":false},"ru":{"title":false,"content":false,"excerpt":false}}},"featured_media_urls":[],"_links":{"self":[{"href":"http:\/\/relaunch.galerie-obrist.de\/ru\/wp-json\/wp\/v2\/pages\/4143"}],"collection":[{"href":"http:\/\/relaunch.galerie-obrist.de\/ru\/wp-json\/wp\/v2\/pages"}],"about":[{"href":"http:\/\/relaunch.galerie-obrist.de\/ru\/wp-json\/wp\/v2\/types\/page"}],"author":[{"embeddable":true,"href":"http:\/\/relaunch.galerie-obrist.de\/ru\/wp-json\/wp\/v2\/users\/2"}],"replies":[{"embeddable":true,"href":"http:\/\/relaunch.galerie-obrist.de\/ru\/wp-json\/wp\/v2\/comments?post=4143"}],"version-history":[{"count":5,"href":"http:\/\/relaunch.galerie-obrist.de\/ru\/wp-json\/wp\/v2\/pages\/4143\/revisions"}],"predecessor-version":[{"id":8203,"href":"http:\/\/relaunch.galerie-obrist.de\/ru\/wp-json\/wp\/v2\/pages\/4143\/revisions\/8203"}],"up":[{"embeddable":true,"href":"http:\/\/relaunch.galerie-obrist.de\/ru\/wp-json\/wp\/v2\/pages\/1511"}],"wp:attachment":[{"href":"http:\/\/relaunch.galerie-obrist.de\/ru\/wp-json\/wp\/v2\/media?parent=4143"}],"curies":[{"name":"wp","href":"https:\/\/api.w.org\/{rel}","templated":true}]}}