{"id":4016,"date":"2014-04-10T16:47:11","date_gmt":"2014-04-10T14:47:11","guid":{"rendered":"http:\/\/relaunch.galerie-obrist.de\/?page_id=4016"},"modified":"2019-03-29T16:23:03","modified_gmt":"2019-03-29T14:23:03","slug":"scholz2014","status":"publish","type":"page","link":"http:\/\/relaunch.galerie-obrist.de\/ru\/artists\/scholz\/scholz2014\/","title":{"rendered":"Andy Scholz: Dust In The Air (2014)"},"content":{"rendered":"<p><img loading=\"lazy\" decoding=\"async\" src=\"http:\/\/relaunch.galerie-obrist.de\/wp-content\/uploads\/2014\/01\/dust.jpg\" alt=\"\" title=\"andy scholz - dust in the air\" width=\"499\" height=\"333\" class=\"alignright size-full wp-image-3832\" srcset=\"http:\/\/relaunch.galerie-obrist.de\/wp-content\/uploads\/2014\/01\/dust.jpg 499w, http:\/\/relaunch.galerie-obrist.de\/wp-content\/uploads\/2014\/01\/dust-350x234.jpg 350w, http:\/\/relaunch.galerie-obrist.de\/wp-content\/uploads\/2014\/01\/dust-450x300.jpg 450w\" sizes=\"(max-width: 499px) 100vw, 499px\" \/><\/span><br \/>\nAndy Scholz &#8211; Dust In The Air.<br \/>\n10. Mai &#8211; 21. Juni 2014<br \/>\nEr\u00f6ffnung am 9. Mai, 19 Uhr<\/span><\/p>\n<p>Wir zeigen als erste Station neue fotografische Tableaus von Andy Scholz, die im Rahmen eines vom Deutschen Generalkonsulat in Chicago gef\u00f6rderten Arbeitsaufenthaltes in North Dakota, USA, entstanden sind. Scholz wendet seinen Blick erstmals intensiv der Landschaft zu, der nordamerikanischen Pr\u00e4rie. Hier beschr\u00e4nken \u00d6lf\u00f6rdert\u00fcrme, Landwirtschaft und Stra\u00dfenbau allerorten die unverstellte Sicht auf die \u00f6den Weiten. Auf der Suche nach den Zeichen der menschlichen Arbeit er\u00f6ffnet uns Scholz einen neuen Blick auf Landschaft, der weit entfernt von romantischen Vorstellungen ansetzt.<br \/>\n<a href=\"\/artists\/scholz\/lang\/de\">CV Andy Scholz<\/a><\/span><\/p>\n","protected":false},"excerpt":{"rendered":"<p>Andy Scholz &#8211; Dust In The Air. 10. Mai &#8211; 21. Juni 2014 Er\u00f6ffnung am 9. Mai, 19 Uhr Wir zeigen als erste Station neue fotografische Tableaus von Andy Scholz, die im Rahmen eines vom Deutschen Generalkonsulat in Chicago gef\u00f6rderten Arbeitsaufenthaltes in North Dakota, USA, entstanden sind. Scholz wendet seinen Blick erstmals intensiv der Landschaft &hellip; <\/p>\n<p class=\"link-more\"><a href=\"http:\/\/relaunch.galerie-obrist.de\/ru\/artists\/scholz\/scholz2014\/\" class=\"more-link\">Read more<span class=\"screen-reader-text\"> &#8220;Andy Scholz: Dust In The Air (2014)&#8221;<\/span><\/a><\/p>\n","protected":false},"author":2,"featured_media":0,"parent":1161,"menu_order":0,"comment_status":"closed","ping_status":"open","template":"","meta":{"footnotes":""},"translation":{"provider":"WPGlobus","version":"2.12.2","language":"ru","enabled_languages":["de","en","ru"],"languages":{"de":{"title":true,"content":true,"excerpt":false},"en":{"title":true,"content":true,"excerpt":false},"ru":{"title":false,"content":false,"excerpt":false}}},"featured_media_urls":[],"_links":{"self":[{"href":"http:\/\/relaunch.galerie-obrist.de\/ru\/wp-json\/wp\/v2\/pages\/4016"}],"collection":[{"href":"http:\/\/relaunch.galerie-obrist.de\/ru\/wp-json\/wp\/v2\/pages"}],"about":[{"href":"http:\/\/relaunch.galerie-obrist.de\/ru\/wp-json\/wp\/v2\/types\/page"}],"author":[{"embeddable":true,"href":"http:\/\/relaunch.galerie-obrist.de\/ru\/wp-json\/wp\/v2\/users\/2"}],"replies":[{"embeddable":true,"href":"http:\/\/relaunch.galerie-obrist.de\/ru\/wp-json\/wp\/v2\/comments?post=4016"}],"version-history":[{"count":6,"href":"http:\/\/relaunch.galerie-obrist.de\/ru\/wp-json\/wp\/v2\/pages\/4016\/revisions"}],"predecessor-version":[{"id":4022,"href":"http:\/\/relaunch.galerie-obrist.de\/ru\/wp-json\/wp\/v2\/pages\/4016\/revisions\/4022"}],"up":[{"embeddable":true,"href":"http:\/\/relaunch.galerie-obrist.de\/ru\/wp-json\/wp\/v2\/pages\/1161"}],"wp:attachment":[{"href":"http:\/\/relaunch.galerie-obrist.de\/ru\/wp-json\/wp\/v2\/media?parent=4016"}],"curies":[{"name":"wp","href":"https:\/\/api.w.org\/{rel}","templated":true}]}}