{"id":3946,"date":"2014-03-28T12:16:37","date_gmt":"2014-03-28T10:16:37","guid":{"rendered":"http:\/\/relaunch.galerie-obrist.de\/?page_id=3946"},"modified":"2019-03-29T17:24:43","modified_gmt":"2019-03-29T15:24:43","slug":"haack2014","status":"publish","type":"page","link":"http:\/\/relaunch.galerie-obrist.de\/ru\/artists\/haack\/haack2014\/","title":{"rendered":"Simone Haack: Wei\u00dfe Schatten (2014)"},"content":{"rendered":"<p><a href=\"http:\/\/relaunch.galerie-obrist.de\/wp-content\/uploads\/2014\/03\/img011.jpg\"><img loading=\"lazy\" decoding=\"async\" src=\"http:\/\/relaunch.galerie-obrist.de\/wp-content\/uploads\/2014\/03\/img011-450x300.jpg\" alt=\"\" title=\"img01\" width=\"450\" height=\"300\" class=\"alignright size-medium wp-image-3917\" srcset=\"http:\/\/relaunch.galerie-obrist.de\/wp-content\/uploads\/2014\/03\/img011-450x300.jpg 450w, http:\/\/relaunch.galerie-obrist.de\/wp-content\/uploads\/2014\/03\/img011-600x399.jpg 600w, http:\/\/relaunch.galerie-obrist.de\/wp-content\/uploads\/2014\/03\/img011.jpg 622w\" sizes=\"(max-width: 450px) 100vw, 450px\" \/><\/a><\/p>\n<p>Simone Haack &#8211; Wei\u00dfe Schatten.<br \/>\n22. M\u00e4rz &#8211; 3. Mai 2014<br \/>\nEr\u00f6ffnung am 21. M\u00e4rz, 19 Uhr<\/span><a href=\"\/category\/exhibitions2014\/2014-03-simone-haack\/\">Posts zu dieser Ausstellung<\/a><br \/>\n<a href=\"\/artists\/haack\/\">CV Simone Haack<\/a><\/span><span lang=\"en-us\"><a href=\"\/category\/exhibitions2014\/2014-03-simone-haack\/\">Posts on this exhibition<\/a><br \/>\n<a href=\"\/artists\/haack\/\">CV Simone Haack<\/a><\/span><\/p>\n","protected":false},"excerpt":{"rendered":"<p>Simone Haack &#8211; Wei\u00dfe Schatten. 22. M\u00e4rz &#8211; 3. Mai 2014 Er\u00f6ffnung am 21. M\u00e4rz, 19 UhrPosts zu dieser Ausstellung CV Simone HaackPosts on this exhibition CV Simone Haack<\/p>\n","protected":false},"author":2,"featured_media":0,"parent":3598,"menu_order":0,"comment_status":"closed","ping_status":"open","template":"","meta":{"footnotes":""},"translation":{"provider":"WPGlobus","version":"2.12.2","language":"ru","enabled_languages":["de","en","ru"],"languages":{"de":{"title":true,"content":true,"excerpt":false},"en":{"title":true,"content":true,"excerpt":false},"ru":{"title":false,"content":false,"excerpt":false}}},"featured_media_urls":[],"_links":{"self":[{"href":"http:\/\/relaunch.galerie-obrist.de\/ru\/wp-json\/wp\/v2\/pages\/3946"}],"collection":[{"href":"http:\/\/relaunch.galerie-obrist.de\/ru\/wp-json\/wp\/v2\/pages"}],"about":[{"href":"http:\/\/relaunch.galerie-obrist.de\/ru\/wp-json\/wp\/v2\/types\/page"}],"author":[{"embeddable":true,"href":"http:\/\/relaunch.galerie-obrist.de\/ru\/wp-json\/wp\/v2\/users\/2"}],"replies":[{"embeddable":true,"href":"http:\/\/relaunch.galerie-obrist.de\/ru\/wp-json\/wp\/v2\/comments?post=3946"}],"version-history":[{"count":5,"href":"http:\/\/relaunch.galerie-obrist.de\/ru\/wp-json\/wp\/v2\/pages\/3946\/revisions"}],"predecessor-version":[{"id":9700,"href":"http:\/\/relaunch.galerie-obrist.de\/ru\/wp-json\/wp\/v2\/pages\/3946\/revisions\/9700"}],"up":[{"embeddable":true,"href":"http:\/\/relaunch.galerie-obrist.de\/ru\/wp-json\/wp\/v2\/pages\/3598"}],"wp:attachment":[{"href":"http:\/\/relaunch.galerie-obrist.de\/ru\/wp-json\/wp\/v2\/media?parent=3946"}],"curies":[{"name":"wp","href":"https:\/\/api.w.org\/{rel}","templated":true}]}}