{"id":3821,"date":"2014-01-06T12:21:28","date_gmt":"2014-01-06T10:21:28","guid":{"rendered":"http:\/\/relaunch.galerie-obrist.de\/?page_id=3821"},"modified":"2019-04-26T15:20:20","modified_gmt":"2019-04-26T13:20:20","slug":"salz2014","status":"publish","type":"page","link":"http:\/\/relaunch.galerie-obrist.de\/ru\/artists\/salz\/salz2014\/","title":{"rendered":"EDGES &#8211; Bodo Korsig, J\u00fcrgen Paas, Dirk Salz (2014)"},"content":{"rendered":"<p><a href=\"http:\/\/relaunch.galerie-obrist.de\/wp-content\/uploads\/2014\/01\/img01.jpg\"><img loading=\"lazy\" decoding=\"async\" src=\"http:\/\/relaunch.galerie-obrist.de\/wp-content\/uploads\/2014\/01\/img01-450x300.jpg\" alt=\"\" title=\"img01\" width=\"450\" height=\"300\" class=\"alignnone size-medium wp-image-3792\" srcset=\"http:\/\/relaunch.galerie-obrist.de\/wp-content\/uploads\/2014\/01\/img01-450x300.jpg 450w, http:\/\/relaunch.galerie-obrist.de\/wp-content\/uploads\/2014\/01\/img01-600x399.jpg 600w, http:\/\/relaunch.galerie-obrist.de\/wp-content\/uploads\/2014\/01\/img01.jpg 622w\" sizes=\"(max-width: 450px) 100vw, 450px\" \/><\/a><br \/>\nIn unserer Ausstellung EDGES setzen wir installative Arbeiten von J\u00fcrgen Paas in Dialog zu den Reliefs von Bodo Korsig und den Malereien von Dirk Salz. Die beiden letztgenannten K\u00fcnstler zeigen wir in diesem Zusammenhang erstmals in unserer Galerie. Bodo Korsig, J\u00fcrgen Paas und Dirk Salz haben bereits vielfach auf internationaler B\u00fchne ausgestellt, und wir freuen uns \u00fcber das Zustandekommen ihrer Kooperation unter dem Dach dieser Ausstellung.<\/span><\/p>\n<p><a href=\"\/category\/ausstellungen-2014-exhibitions-2014\/2014-01-edges-korsig-paas-salz\/lang\/de\">EDGES &#8211; Bodo Korsig, J\u00fcrgen Paas, Dirk Salz<\/a><br \/>\n25. Januar &#8211; 15. M\u00e4rz 2014<br \/>\nEr\u00f6ffnung: Freitag, 24. Januar 2014, 19 Uhr<\/span><\/p>\n","protected":false},"excerpt":{"rendered":"<p>In unserer Ausstellung EDGES setzen wir installative Arbeiten von J\u00fcrgen Paas in Dialog zu den Reliefs von Bodo Korsig und den Malereien von Dirk Salz. Die beiden letztgenannten K\u00fcnstler zeigen wir in diesem Zusammenhang erstmals in unserer Galerie. Bodo Korsig, J\u00fcrgen Paas und Dirk Salz haben bereits vielfach auf internationaler B\u00fchne ausgestellt, und wir freuen &hellip; <\/p>\n<p class=\"link-more\"><a href=\"http:\/\/relaunch.galerie-obrist.de\/ru\/artists\/salz\/salz2014\/\" class=\"more-link\">Read more<span class=\"screen-reader-text\"> &#8220;EDGES &#8211; Bodo Korsig, J\u00fcrgen Paas, Dirk Salz (2014)&#8221;<\/span><\/a><\/p>\n","protected":false},"author":2,"featured_media":0,"parent":3811,"menu_order":0,"comment_status":"closed","ping_status":"open","template":"","meta":{"footnotes":""},"translation":{"provider":"WPGlobus","version":"2.12.2","language":"ru","enabled_languages":["de","en","ru"],"languages":{"de":{"title":true,"content":true,"excerpt":false},"en":{"title":true,"content":true,"excerpt":false},"ru":{"title":false,"content":false,"excerpt":false}}},"featured_media_urls":[],"_links":{"self":[{"href":"http:\/\/relaunch.galerie-obrist.de\/ru\/wp-json\/wp\/v2\/pages\/3821"}],"collection":[{"href":"http:\/\/relaunch.galerie-obrist.de\/ru\/wp-json\/wp\/v2\/pages"}],"about":[{"href":"http:\/\/relaunch.galerie-obrist.de\/ru\/wp-json\/wp\/v2\/types\/page"}],"author":[{"embeddable":true,"href":"http:\/\/relaunch.galerie-obrist.de\/ru\/wp-json\/wp\/v2\/users\/2"}],"replies":[{"embeddable":true,"href":"http:\/\/relaunch.galerie-obrist.de\/ru\/wp-json\/wp\/v2\/comments?post=3821"}],"version-history":[{"count":3,"href":"http:\/\/relaunch.galerie-obrist.de\/ru\/wp-json\/wp\/v2\/pages\/3821\/revisions"}],"predecessor-version":[{"id":9772,"href":"http:\/\/relaunch.galerie-obrist.de\/ru\/wp-json\/wp\/v2\/pages\/3821\/revisions\/9772"}],"up":[{"embeddable":true,"href":"http:\/\/relaunch.galerie-obrist.de\/ru\/wp-json\/wp\/v2\/pages\/3811"}],"wp:attachment":[{"href":"http:\/\/relaunch.galerie-obrist.de\/ru\/wp-json\/wp\/v2\/media?parent=3821"}],"curies":[{"name":"wp","href":"https:\/\/api.w.org\/{rel}","templated":true}]}}