{"id":3811,"date":"2014-01-06T12:15:11","date_gmt":"2014-01-06T10:15:11","guid":{"rendered":"http:\/\/relaunch.galerie-obrist.de\/?page_id=3811"},"modified":"2023-08-31T15:06:28","modified_gmt":"2023-08-31T13:06:28","slug":"salz","status":"publish","type":"page","link":"http:\/\/relaunch.galerie-obrist.de\/ru\/artists\/salz\/","title":{"rendered":"Dirk Salz"},"content":{"rendered":"<p><b>WERKE<\/b><\/p>\n<div class=\"woocommerce columns-4 \"><ul class=\"products columns-4\">\n<li class=\"product type-product post-13915 status-publish first instock product_cat-malerei product_cat-luxembourg-art-week-2023 product_tag-dirk-salz has-post-thumbnail product-type-simple\">\n\t\n\n\n\n<\/li>\n<li class=\"product type-product post-13908 status-publish instock product_cat-malerei product_cat-luxembourg-art-week-2023 product_tag-dirk-salz has-post-thumbnail product-type-simple\">\n\t\n\n\n\n<\/li>\n<li class=\"product type-product post-13903 status-publish instock product_cat-malerei product_cat-luxembourg-art-week-2023 product_tag-dirk-salz has-post-thumbnail product-type-simple\">\n\t\n\n\n\n<\/li>\n<li class=\"product type-product post-13882 status-publish last instock product_cat-malerei product_cat-luxembourg-art-week-2022 product_cat-luxembourg-art-week-2023 product_tag-dirk-salz has-post-thumbnail purchasable product-type-simple\">\n\t\n\n\n\n<\/li>\n<li class=\"product type-product post-13556 status-publish first instock product_cat-malerei product_cat-luxembourg-art-week-2022 product_cat-luxembourg-art-week-2023 product_tag-dirk-salz has-post-thumbnail purchasable product-type-simple\">\n\t\n\n\n\n<\/li>\n<li class=\"product type-product post-13284 status-publish instock product_cat-artkarlsruhe2023 product_cat-malerei product_cat-collectors-lounge-2023 product_tag-dirk-salz has-post-thumbnail purchasable product-type-simple\">\n\t\n\n\n\n<\/li>\n<li class=\"product type-product post-13283 status-publish instock product_cat-artkarlsruhe2023 product_cat-malerei product_cat-collectors-lounge-2023 product_tag-dirk-salz has-post-thumbnail purchasable product-type-simple\">\n\t\n\n\n\n<\/li>\n<li class=\"product type-product post-13282 status-publish last instock product_cat-artkarlsruhe2023 product_cat-malerei product_cat-collectors-lounge-2023 product_tag-dirk-salz has-post-thumbnail product-type-simple\">\n\t\n\n\n\n<\/li>\n<\/ul>\n<\/div>\n<p>AUSSTELLUNGEN<br \/>\n<!-- Page-list plugin v.5.6 wordpress.org\/plugins\/page-list\/ -->\n<ul class=\"page-list \">\n<li class=\"page_item page-item-11758\"><a href=\"http:\/\/relaunch.galerie-obrist.de\/ru\/artists\/salz\/salz2021\/\">Dirk Salz. Every Colour You Are (2021)<\/a><\/li>\n<li class=\"page_item page-item-5701\"><a href=\"http:\/\/relaunch.galerie-obrist.de\/ru\/artists\/salz\/salz2018\/\">Dirk Salz &#8211; Painting The Absolute (2018)<\/a><\/li>\n<li class=\"page_item page-item-4729\"><a href=\"http:\/\/relaunch.galerie-obrist.de\/ru\/artists\/salz\/salz2015\/\">Dirk Salz &#8211; Resin (2015)<\/a><\/li>\n<li class=\"page_item page-item-4385\"><a href=\"http:\/\/relaunch.galerie-obrist.de\/ru\/artists\/salz\/salz2014-2\/\">Dirk Salz &#8211; In Between (2014)<\/a><\/li>\n<li class=\"page_item page-item-3821\"><a href=\"http:\/\/relaunch.galerie-obrist.de\/ru\/artists\/salz\/salz2014\/\">EDGES &#8211; Bodo Korsig, J\u00fcrgen Paas, Dirk Salz (2014)<\/a><\/li>\n\n<\/ul><\/p>\n<p><b>BIOGRAFIE<\/b><br \/>\nDirk Salz<br \/>\n1962 Geboren in Bochum<br \/>\n1983-1988\tStudium an der RWTH Aachen<br \/>\n1980-2000\tAusbildung in Zeichnen und Malerei unter verschiedenen K\u00fcnstlern<br \/>\nSeit 2002 freischaffend als K\u00fcnstler t\u00e4tig, lebt und arbeitet in M\u00fclheim an der Ruhr, Deutschland<\/p>\n<p>EINZELAUSSTELLUNGEN (Auswahl)<br \/>\n2022<br \/>\u201aTHE WORLD IS DEEP\u2026\u2018, Galerie Roger Katwijk, Amsterdam (NL)<br \/>\n2021<br \/>\u201aEVERY COLOUR YOU ARE\u2018, Galerie Obrist, Essen (D)<br \/>\n&#8216;CRUNCH TIME\u2018, Galerie Heitsch, M\u00fcnchen (D)<br \/>\n\u201aBEYOND\u2018, Galerie Frey, Vienna (A)<br \/>\n\u201aBUT ALL JOY WANTS ETERNITY\u2018, Galeria Victor Lope, Barcelona (E)<br \/>\n2020<br \/>\u201aBEYOND\u2018, Galerie Obrist, Essen (D)\u201aReflections\u2018, Galerie Heitsch, Munich (D)<br \/>\n\u201aSlow Paintings\u2018, Galerie Frey, Salzburg (A)<br \/>\n\u201aThe Painting Within\u2018, Galerie Bromer, Zurich (CH)<br \/>\n\u201aSlow Paintings\u2018, Galerie L\u00f6hrl, M\u00f6nchengladbach (D)<br \/>\n2019<br \/>\u201aLight Poems\u2019, Galerie Roger Katwijk, Amsterdam (NL)<br \/>\nDIRK SALZ, Kunstverein M\u00fcnsterland (D)<br \/>\n\u201aTendenzen zur Klarheit\u2018 \u2013 mit Uli Pohl, Galerie am Lindenplatz, Vaduz (FL)<br \/>\n2018<br \/>\u201aPainting The Absolute\u2019, Galerie Obrist, Essen (D)<br \/>\n2017<br \/>\u201aNovum Spatium\u2019, Jankossen Contemporary, New York (US)<br \/>\n\u201aInfinite\u2019 Galerie Roger Katwijk, Amsterdam (NL)<br \/>\n\u201aWahrnehmung, Zeit, Zufall und Regel\u2019 Galerie Kunstraum 21, Bonn (D)<br \/>\n\u201aLayers\u2019 mit Angela Glacar, Galerie Heitsch, M\u00fcnchen (D)<br \/>\n\u201areflective\u2019, Galerie L\u00f6hrl, M\u00f6nchengladbach (D)<br \/>\n\u201areflective\u2019 Galeria Victor Lope, Barcelona (ESP)<br \/>\n2016<br \/>\u201aRESIN\u2019 neue arbeiten, Galerie Feurstein, Feldkirch (A)<br \/>\n\u201aUnlimited\u2019, Galerie Lausberg, D\u00fcsseldorf<br \/>\nMalerei \u2013 Zeichnung \u2013 Objekt, Galerie Kautsch, Michelstadt (D)<br \/>\nGalerie Schmalfu\u00df (mit Bodo Korsig und J\u00fcrgen Paas), Marburg (D)<br \/>\n2018<br \/>\u201aPainting The Absolute\u2019, Galerie Obrist, Essen (D)<br \/>\n2017<br \/>\u201aNovum Spatium\u2019, Jankossen Contemporary, New York (US)<br \/>\n\u201aInfinite\u2019 Galerie Roger Katwijk, Amsterdam (NL)<br \/>\n\u201aWahrnehmung, Zeit, Zufall und Regel\u2019 Galerie Kunstraum 21, Bonn (D)<br \/>\n\u201aLayers\u2019 mit Angela Glacar, Galerie Heitsch, M\u00fcnchen (D)<br \/>\n\u201areflective\u2019, Galerie L\u00f6hrl, M\u00f6nchengladbach (D)<br \/>\n\u201areflective\u2019 Galeria Victor Lope, Barcelona (ESP)<br \/>\n2016<br \/>\u201aRESIN\u2019 neue arbeiten, Galerie Feurstein, Feldkirch (A)<br \/>\n\u201aUnlimited\u2019, Galerie Lausberg, D\u00fcsseldorf<br \/>\nMalerei \u2013 Zeichnung \u2013 Objekt, Galerie Kautsch, Michelstadt (D)<br \/>\nGalerie Schmalfu\u00df (mit Bodo Korsig und J\u00fcrgen Paas), Marburg (D)<br \/>\n2015<br \/>\u201aRESIN\u2019, Galerie Obrist, Essen<br \/>\n\u201aOut-Look\u2019 Galerie Robert Drees, Hannover<br \/>\n\u201aZwischen den Zeilen\u2019 Galerie Peithner-Lichtenfels, Wien (A)<br \/>\n\u201aPerception\u2019 Diana Lowenstein Gallery, Miami\/FL (US)<br \/>\n\u201aIn Situ\u2019, Museum Katharinenhof, Kranenburg<br \/>\n2014<br \/>\u201aCoherence\/Interference\u2019, Kunstraum 21, Bonn<br \/>\n\u201aIn Between\u2019, Galerie Obrist, Essen<br \/>\n\u201aBEYOND\u2019 (Dirk Salz, Andre Schweers), Galerie Sch\u00fcrmann, Kamp-Lintfort<br \/>\n\u201aTRIPPLE A\u2019, (Dirk Salz, Bodo Korsig, J\u00fcrgen Paas), Galerie Roger Katwijk, Amsterdam (NL)<br \/>\n\u201adeep dives\u2019, Galerie Lausberg, D\u00fcsseldorf<br \/>\nVerein f\u00fcr aktuelle Kunst\/Ruhrgebiet, (Barbara D\u00f6rffler, Wonkun Jun, Dirk Salz)<br \/>\n\u201aEdges\u2019 (Bodo Korsig, J\u00fcrgen Paas, Dirk Salz), Galerie Obrist, Essen<br \/>\n2013<br \/>\u201aMalerei, Zeichnung, Objekt\u2019, Galerie Kautsch, Michelstadt<br \/>\n2012<br \/>Galerie Sch\u00fcrmann, Kamp-Lintfort<br \/>\n\u201aObjects in resin and glass\u2019, Galerie Roger Katwijk, Amsterdam (NL)<br \/>\n\u201aKunststoff\u2019 (Salz\/Schmitz-Schmelzer\/Laube) Galerie DIS, Maastricht (NL)<br \/>\n\u201asubjektive Reflexionen\u2019 Galerie Feurstein, Feldkirch (A)<br \/>\n\u201aReflexionen\u2019 Galerie Lausberg, D\u00fcsseldorf<br \/>\n2011<br \/>\u201acompactlight\u2018, Forum Kunst und Architektur, Essen (Salz\/Poths)<br \/>\n2010<br \/>\u201aRecent Paintings\u2018, Galerie Roger Katwijk, Amsterdam (NL)<br \/>\n\u201aUnbedingt\u2019, Galerie Kunstraum21, K\u00f6ln<br \/>\n2009<br \/>\u201aTransparenz\u2019, Max-Planck-Institut, M\u00fclheim\/Ruhr (mit Joachim Poths)<br \/>\n2008<br \/>\u201aZeit-Chiffren\u2019, Galerie Kunstraum21, K\u00f6ln<br \/>\n\u201aChiffren des Unsagbaren\u2019, Folkwanghochschule, Essen<br \/>\n2007<br \/>\u201aEinmal ROT sein\u2019, B\u00fcrgermeisterzimmer M\u00fclheim an der Ruhr<br \/>\n2006<br \/>\u201aFarbe Verdichtung Zeit\u2019, Galerie Lausberg D\u00fcsseldorf<br \/>\n\u201aDie unz\u00e4hmbare Logik des Widerspruchs\u2019, Kunstpavillon Essen<br \/>\n\u201aDie h\u00f6chste Form der Hoffnung\u2019, DAT-GmbH Stuttgart (Ostfildern)<br \/>\n2005<br \/>\u201aFarbkl\u00e4nge\u2019, Folkwang-Hochschule Essen<br \/>\n\u201aZwischen den Zeilen\u2019, ITERGO GmbH, Hamburg<br \/>\n\u201aFit for new Horizons\u2019, MetaFinanz GmbH, M\u00fcnchen<br \/>\n2004<br \/>\u2018Mehrschichtig\u2019, Sparkasse M\u00fclheim an der Ruhr<br \/>\n\u201aVielschichtig\u2019, Metris GmbH, St. Georgen<br \/>\n2003<br \/>\u201aHidden\u2019, Cryptovision GmbH Gelsenkirchen<br \/>\n2002<br \/>Galerie Kadenz, M\u00fclheim an der Ruhr\n<\/p>\n<p>\n","protected":false},"excerpt":{"rendered":"<p>WERKE AUSSTELLUNGEN BIOGRAFIE Dirk Salz 1962 Geboren in Bochum 1983-1988 Studium an der RWTH Aachen 1980-2000 Ausbildung in Zeichnen und Malerei unter verschiedenen K\u00fcnstlern Seit 2002 freischaffend als K\u00fcnstler t\u00e4tig, lebt und arbeitet in M\u00fclheim an der Ruhr, Deutschland EINZELAUSSTELLUNGEN (Auswahl) 2022\u201aTHE WORLD IS DEEP\u2026\u2018, Galerie Roger Katwijk, Amsterdam (NL) 2021\u201aEVERY COLOUR YOU ARE\u2018, Galerie &hellip; <\/p>\n<p class=\"link-more\"><a href=\"http:\/\/relaunch.galerie-obrist.de\/ru\/artists\/salz\/\" class=\"more-link\">Read more<span class=\"screen-reader-text\"> &#8220;Dirk Salz&#8221;<\/span><\/a><\/p>\n","protected":false},"author":2,"featured_media":5024,"parent":1127,"menu_order":0,"comment_status":"closed","ping_status":"open","template":"","meta":{"footnotes":""},"translation":{"provider":"WPGlobus","version":"2.12.2","language":"ru","enabled_languages":["de","en","ru"],"languages":{"de":{"title":true,"content":true,"excerpt":false},"en":{"title":true,"content":true,"excerpt":false},"ru":{"title":false,"content":false,"excerpt":false}}},"featured_media_urls":{"thumbnail":["http:\/\/relaunch.galerie-obrist.de\/wp-content\/uploads\/2015\/10\/2005_2009-150x150.jpg",150,150,true],"medium":["http:\/\/relaunch.galerie-obrist.de\/wp-content\/uploads\/2015\/10\/2005_2009-450x300.jpg",450,300,true],"medium_large":["http:\/\/relaunch.galerie-obrist.de\/wp-content\/uploads\/2015\/10\/2005_2009-768x512.jpg",768,512,true],"large":["http:\/\/relaunch.galerie-obrist.de\/wp-content\/uploads\/2015\/10\/2005_2009-1024x683.jpg",950,634,true],"1536x1536":["http:\/\/relaunch.galerie-obrist.de\/wp-content\/uploads\/2015\/10\/2005_2009.jpg",1200,800,false],"2048x2048":["http:\/\/relaunch.galerie-obrist.de\/wp-content\/uploads\/2015\/10\/2005_2009.jpg",1200,800,false],"inspiro-featured-image":["http:\/\/relaunch.galerie-obrist.de\/wp-content\/uploads\/2015\/10\/2005_2009.jpg",1200,800,false],"inspiro-loop":["http:\/\/relaunch.galerie-obrist.de\/wp-content\/uploads\/2015\/10\/2005_2009.jpg",480,320,false],"inspiro-loop@2x":["http:\/\/relaunch.galerie-obrist.de\/wp-content\/uploads\/2015\/10\/2005_2009.jpg",960,640,false],"woocommerce_thumbnail":["http:\/\/relaunch.galerie-obrist.de\/wp-content\/uploads\/2015\/10\/2005_2009-300x300.jpg",300,300,true],"woocommerce_single":["http:\/\/relaunch.galerie-obrist.de\/wp-content\/uploads\/2015\/10\/2005_2009-600x400.jpg",600,400,true],"woocommerce_gallery_thumbnail":["http:\/\/relaunch.galerie-obrist.de\/wp-content\/uploads\/2015\/10\/2005_2009-100x100.jpg",100,100,true],"portfolio_item-thumbnail":["http:\/\/relaunch.galerie-obrist.de\/wp-content\/uploads\/2015\/10\/2005_2009.jpg",600,400,false],"portfolio_item-thumbnail@2x":["http:\/\/relaunch.galerie-obrist.de\/wp-content\/uploads\/2015\/10\/2005_2009.jpg",1200,800,false],"portfolio_item-masonry":["http:\/\/relaunch.galerie-obrist.de\/wp-content\/uploads\/2015\/10\/2005_2009.jpg",600,400,false],"portfolio_item-masonry@2x":["http:\/\/relaunch.galerie-obrist.de\/wp-content\/uploads\/2015\/10\/2005_2009.jpg",1200,800,false],"portfolio_item-thumbnail_cinema":["http:\/\/relaunch.galerie-obrist.de\/wp-content\/uploads\/2015\/10\/2005_2009.jpg",503,335,false],"portfolio_item-thumbnail_portrait":["http:\/\/relaunch.galerie-obrist.de\/wp-content\/uploads\/2015\/10\/2005_2009.jpg",600,400,false],"portfolio_item-thumbnail_portrait@2x":["http:\/\/relaunch.galerie-obrist.de\/wp-content\/uploads\/2015\/10\/2005_2009.jpg",1200,800,false],"portfolio_item-thumbnail_square":["http:\/\/relaunch.galerie-obrist.de\/wp-content\/uploads\/2015\/10\/2005_2009.jpg",800,533,false]},"_links":{"self":[{"href":"http:\/\/relaunch.galerie-obrist.de\/ru\/wp-json\/wp\/v2\/pages\/3811"}],"collection":[{"href":"http:\/\/relaunch.galerie-obrist.de\/ru\/wp-json\/wp\/v2\/pages"}],"about":[{"href":"http:\/\/relaunch.galerie-obrist.de\/ru\/wp-json\/wp\/v2\/types\/page"}],"author":[{"embeddable":true,"href":"http:\/\/relaunch.galerie-obrist.de\/ru\/wp-json\/wp\/v2\/users\/2"}],"replies":[{"embeddable":true,"href":"http:\/\/relaunch.galerie-obrist.de\/ru\/wp-json\/wp\/v2\/comments?post=3811"}],"version-history":[{"count":29,"href":"http:\/\/relaunch.galerie-obrist.de\/ru\/wp-json\/wp\/v2\/pages\/3811\/revisions"}],"predecessor-version":[{"id":13586,"href":"http:\/\/relaunch.galerie-obrist.de\/ru\/wp-json\/wp\/v2\/pages\/3811\/revisions\/13586"}],"up":[{"embeddable":true,"href":"http:\/\/relaunch.galerie-obrist.de\/ru\/wp-json\/wp\/v2\/pages\/1127"}],"wp:featuredmedia":[{"embeddable":true,"href":"http:\/\/relaunch.galerie-obrist.de\/ru\/wp-json\/wp\/v2\/media\/5024"}],"wp:attachment":[{"href":"http:\/\/relaunch.galerie-obrist.de\/ru\/wp-json\/wp\/v2\/media?parent=3811"}],"curies":[{"name":"wp","href":"https:\/\/api.w.org\/{rel}","templated":true}]}}