{"id":3594,"date":"2013-09-17T11:21:54","date_gmt":"2013-09-17T09:21:54","guid":{"rendered":"http:\/\/relaunch.galerie-obrist.de\/?page_id=3594"},"modified":"2019-03-29T16:30:07","modified_gmt":"2019-03-29T14:30:07","slug":"scholz2009-2","status":"publish","type":"page","link":"http:\/\/relaunch.galerie-obrist.de\/ru\/artists\/scholz\/scholz2009-2\/","title":{"rendered":"Andy Scholz: In Between (2009)"},"content":{"rendered":"<p><a href=\"http:\/\/relaunch.galerie-obrist.de\/wp-content\/uploads\/2013\/09\/Andy_Scholz09a.jpg\"><img loading=\"lazy\" decoding=\"async\" src=\"http:\/\/relaunch.galerie-obrist.de\/wp-content\/uploads\/2013\/09\/Andy_Scholz09a-416x300.jpg\" alt=\"\" title=\"Andy_Scholz09a\" width=\"416\" height=\"300\" class=\"alignnone size-medium wp-image-3595\" srcset=\"http:\/\/relaunch.galerie-obrist.de\/wp-content\/uploads\/2013\/09\/Andy_Scholz09a-416x300.jpg 416w, http:\/\/relaunch.galerie-obrist.de\/wp-content\/uploads\/2013\/09\/Andy_Scholz09a.jpg 528w\" sizes=\"(max-width: 416px) 100vw, 416px\" \/><\/a><\/p>\n<p>Andy Scholz: In Between. Fotoarbeiten.<br \/>\n26. September &#8211; 24. Oktober 2009<br \/>\nEr\u00f6ffnung: Freitag, 25. September 2009, 19 Uhr<\/span><\/p>\n<p>Die Ausstellung zeigt Fotografien von Andy Scholz aus den letzten drei Jahren. Ein besonderer Fokus liegt auf den Arbeiten, die w\u00e4hrend seiner zwei Russland-Aufenthalte in Kaliningrad und Samara entstanden sind.<br \/>\nStatement von Andy Scholz: &#8220;Meine bisherige Arbeit findet urbane Szenen und Versatzst\u00fccke unseres Alltags. Sie lenkt die Aufmerksamkeit auf Details, die wir kennen und die uns erz\u00e4hlen, welche Zeit und Kultur wir wahrzunehmen imstande w\u00e4ren: Eine bunte Ziegelwand, eine graublaue Holzverschalung, eine rot gekachelte Wand. Ich untersuche den skulpturhaften Charakter allt\u00e4glicher Orte und Objekte. Der Fokus ist das n\u00e4chste Milieu: was uns umgibt, was wir bauen, was wir schaffen &#8211; und ganz besonders die Frage: Was verbirgt sich dahinter, dazwischen, darunter und darin. Mit der Konzentration auf das Objekt stelle ich die Frage nach Wahrnehmung der Realit\u00e4t.&#8221;<\/p>\n<p><a href=\"\/category\/exhibitions2009\/2009-09andy-scholz\/lang\/de\">Mehr zu dieser Ausstellung&#8230;<\/a><br \/>\n<a href=\"\/artists\/scholz\/de\">Biografie Andy Scholz<\/a><\/span><\/p>\n","protected":false},"excerpt":{"rendered":"<p>Andy Scholz: In Between. Fotoarbeiten. 26. September &#8211; 24. Oktober 2009 Er\u00f6ffnung: Freitag, 25. September 2009, 19 Uhr Die Ausstellung zeigt Fotografien von Andy Scholz aus den letzten drei Jahren. Ein besonderer Fokus liegt auf den Arbeiten, die w\u00e4hrend seiner zwei Russland-Aufenthalte in Kaliningrad und Samara entstanden sind. Statement von Andy Scholz: &#8220;Meine bisherige Arbeit &hellip; <\/p>\n<p class=\"link-more\"><a href=\"http:\/\/relaunch.galerie-obrist.de\/ru\/artists\/scholz\/scholz2009-2\/\" class=\"more-link\">Read more<span class=\"screen-reader-text\"> &#8220;Andy Scholz: In Between (2009)&#8221;<\/span><\/a><\/p>\n","protected":false},"author":2,"featured_media":0,"parent":1161,"menu_order":0,"comment_status":"closed","ping_status":"open","template":"","meta":{"footnotes":""},"translation":{"provider":"WPGlobus","version":"2.12.2","language":"ru","enabled_languages":["de","en","ru"],"languages":{"de":{"title":true,"content":true,"excerpt":false},"en":{"title":true,"content":true,"excerpt":false},"ru":{"title":false,"content":false,"excerpt":false}}},"featured_media_urls":[],"_links":{"self":[{"href":"http:\/\/relaunch.galerie-obrist.de\/ru\/wp-json\/wp\/v2\/pages\/3594"}],"collection":[{"href":"http:\/\/relaunch.galerie-obrist.de\/ru\/wp-json\/wp\/v2\/pages"}],"about":[{"href":"http:\/\/relaunch.galerie-obrist.de\/ru\/wp-json\/wp\/v2\/types\/page"}],"author":[{"embeddable":true,"href":"http:\/\/relaunch.galerie-obrist.de\/ru\/wp-json\/wp\/v2\/users\/2"}],"replies":[{"embeddable":true,"href":"http:\/\/relaunch.galerie-obrist.de\/ru\/wp-json\/wp\/v2\/comments?post=3594"}],"version-history":[{"count":3,"href":"http:\/\/relaunch.galerie-obrist.de\/ru\/wp-json\/wp\/v2\/pages\/3594\/revisions"}],"predecessor-version":[{"id":9682,"href":"http:\/\/relaunch.galerie-obrist.de\/ru\/wp-json\/wp\/v2\/pages\/3594\/revisions\/9682"}],"up":[{"embeddable":true,"href":"http:\/\/relaunch.galerie-obrist.de\/ru\/wp-json\/wp\/v2\/pages\/1161"}],"wp:attachment":[{"href":"http:\/\/relaunch.galerie-obrist.de\/ru\/wp-json\/wp\/v2\/media?parent=3594"}],"curies":[{"name":"wp","href":"https:\/\/api.w.org\/{rel}","templated":true}]}}