{"id":3584,"date":"2013-09-17T10:56:04","date_gmt":"2013-09-17T08:56:04","guid":{"rendered":"http:\/\/relaunch.galerie-obrist.de\/?page_id=3584"},"modified":"2019-03-29T16:25:37","modified_gmt":"2019-03-29T14:25:37","slug":"scholz2009","status":"publish","type":"page","link":"http:\/\/relaunch.galerie-obrist.de\/ru\/artists\/scholz\/scholz2009\/","title":{"rendered":"Andy Scholz: Fotografie (2007)"},"content":{"rendered":"<p><a href=\"http:\/\/relaunch.galerie-obrist.de\/wp-content\/uploads\/2013\/09\/rm_matena.jpg\"><img loading=\"lazy\" decoding=\"async\" src=\"http:\/\/relaunch.galerie-obrist.de\/wp-content\/uploads\/2013\/09\/rm_matena-399x300.jpg\" alt=\"\" title=\"rm_matena\" width=\"399\" height=\"300\" class=\"alignnone size-medium wp-image-3592\" srcset=\"http:\/\/relaunch.galerie-obrist.de\/wp-content\/uploads\/2013\/09\/rm_matena-399x300.jpg 399w, http:\/\/relaunch.galerie-obrist.de\/wp-content\/uploads\/2013\/09\/rm_matena.jpg 533w\" sizes=\"(max-width: 399px) 100vw, 399px\" \/><\/a><\/p>\n<p>ANDY SCHOLZ: FOTOGRAFIE.<br \/>\n20. April &#8211; 23. Mai 2007<br \/>\nEr\u00f6ffnung am Freitag, 20. April 2007, 19 Uhr<\/span><\/p>\n<p>Wir zeigen die erste gr\u00f6\u00dfere Einzelausstellung des Hamburger Fotografen.<br \/>\n<a href=\"\/pdf\/GAMmag03.pdf\" target=\"_blank\">GAMMAG 03 als PDF (ca. 400 kb)<\/a><br \/>\nSpecial zur Ausstellung ANDY SCHOLZ: FOTOGRAFIE. <\/p>\n<p><span lang=\"de\"><a href=\"\/artists\/scholz\/de\">Biografie Andy Scholz<\/a><\/span><\/p>\n","protected":false},"excerpt":{"rendered":"<p>ANDY SCHOLZ: FOTOGRAFIE. 20. April &#8211; 23. Mai 2007 Er\u00f6ffnung am Freitag, 20. April 2007, 19 Uhr Wir zeigen die erste gr\u00f6\u00dfere Einzelausstellung des Hamburger Fotografen. GAMMAG 03 als PDF (ca. 400 kb) Special zur Ausstellung ANDY SCHOLZ: FOTOGRAFIE. Biografie Andy Scholz<\/p>\n","protected":false},"author":2,"featured_media":0,"parent":1161,"menu_order":0,"comment_status":"closed","ping_status":"open","template":"","meta":{"footnotes":""},"translation":{"provider":"WPGlobus","version":"2.12.2","language":"ru","enabled_languages":["de","en","ru"],"languages":{"de":{"title":true,"content":true,"excerpt":false},"en":{"title":true,"content":true,"excerpt":false},"ru":{"title":false,"content":false,"excerpt":false}}},"featured_media_urls":[],"_links":{"self":[{"href":"http:\/\/relaunch.galerie-obrist.de\/ru\/wp-json\/wp\/v2\/pages\/3584"}],"collection":[{"href":"http:\/\/relaunch.galerie-obrist.de\/ru\/wp-json\/wp\/v2\/pages"}],"about":[{"href":"http:\/\/relaunch.galerie-obrist.de\/ru\/wp-json\/wp\/v2\/types\/page"}],"author":[{"embeddable":true,"href":"http:\/\/relaunch.galerie-obrist.de\/ru\/wp-json\/wp\/v2\/users\/2"}],"replies":[{"embeddable":true,"href":"http:\/\/relaunch.galerie-obrist.de\/ru\/wp-json\/wp\/v2\/comments?post=3584"}],"version-history":[{"count":7,"href":"http:\/\/relaunch.galerie-obrist.de\/ru\/wp-json\/wp\/v2\/pages\/3584\/revisions"}],"predecessor-version":[{"id":9679,"href":"http:\/\/relaunch.galerie-obrist.de\/ru\/wp-json\/wp\/v2\/pages\/3584\/revisions\/9679"}],"up":[{"embeddable":true,"href":"http:\/\/relaunch.galerie-obrist.de\/ru\/wp-json\/wp\/v2\/pages\/1161"}],"wp:attachment":[{"href":"http:\/\/relaunch.galerie-obrist.de\/ru\/wp-json\/wp\/v2\/media?parent=3584"}],"curies":[{"name":"wp","href":"https:\/\/api.w.org\/{rel}","templated":true}]}}