{"id":3564,"date":"2013-09-16T14:34:24","date_gmt":"2013-09-16T12:34:24","guid":{"rendered":"http:\/\/relaunch.galerie-obrist.de\/?page_id=3564"},"modified":"2019-03-29T18:05:18","modified_gmt":"2019-03-29T16:05:18","slug":"schwenk2012","status":"publish","type":"page","link":"http:\/\/relaunch.galerie-obrist.de\/ru\/artists\/schwenk\/schwenk2012\/","title":{"rendered":"Martin Schwenk &#8211; Commander Mulroy (2012)"},"content":{"rendered":"<p><a href=\"http:\/\/blog.gam-essen.de\/wp-content\/uploads\/2012\/02\/ot2007-gouache-42x297.jpg\"><img loading=\"lazy\" decoding=\"async\" src=\"http:\/\/blog.gam-essen.de\/wp-content\/uploads\/2012\/02\/ot2007-gouache-42x297-209x300.jpg\" alt=\"ot2007-gouache-42x297\" title=\"ot2007-gouache-42x297\" width=\"209\" height=\"300\" class=\"alignnone size-medium wp-image-1868\" srcset=\"http:\/\/relaunch.galerie-obrist.de\/wp-content\/uploads\/2012\/02\/ot2007-gouache-42x297-209x300.jpg 209w, http:\/\/relaunch.galerie-obrist.de\/wp-content\/uploads\/2012\/02\/ot2007-gouache-42x297.jpg 340w\" sizes=\"(max-width: 209px) 100vw, 209px\" \/><\/a><br \/>\nMartin Schwenk &#8211; Commander Mulroy.<br \/>\n24. M\u00e4rz bis 12. Mai 2012<br \/>\nEr\u00f6ffnung am Freitag, 23. M\u00e4rz, 19.00 Uhr<\/span><\/p>\n<p>Parallel zu Martin Schwenks Einzelausstellung &#8220;homegrown&#8221; im Museum Haus Lange\/ Haus Esters in Krefeld zeigen wir ab 23. M\u00e4rz Zeichnungen und Skulpturen des D\u00fcsseldorfer K\u00fcnstlers.<\/span><\/p>\n<p><a href=\"\/schwenk\/lang\/de\">Biografie Martin Schwenk<\/a><\/span><\/p>\n","protected":false},"excerpt":{"rendered":"<p>Martin Schwenk &#8211; Commander Mulroy. 24. M\u00e4rz bis 12. Mai 2012 Er\u00f6ffnung am Freitag, 23. M\u00e4rz, 19.00 Uhr Parallel zu Martin Schwenks Einzelausstellung &#8220;homegrown&#8221; im Museum Haus Lange\/ Haus Esters in Krefeld zeigen wir ab 23. M\u00e4rz Zeichnungen und Skulpturen des D\u00fcsseldorfer K\u00fcnstlers. Biografie Martin Schwenk<\/p>\n","protected":false},"author":2,"featured_media":0,"parent":1854,"menu_order":0,"comment_status":"closed","ping_status":"open","template":"","meta":{"footnotes":""},"translation":{"provider":"WPGlobus","version":"2.12.2","language":"ru","enabled_languages":["de","en","ru"],"languages":{"de":{"title":true,"content":true,"excerpt":false},"en":{"title":true,"content":true,"excerpt":false},"ru":{"title":false,"content":false,"excerpt":false}}},"featured_media_urls":[],"_links":{"self":[{"href":"http:\/\/relaunch.galerie-obrist.de\/ru\/wp-json\/wp\/v2\/pages\/3564"}],"collection":[{"href":"http:\/\/relaunch.galerie-obrist.de\/ru\/wp-json\/wp\/v2\/pages"}],"about":[{"href":"http:\/\/relaunch.galerie-obrist.de\/ru\/wp-json\/wp\/v2\/types\/page"}],"author":[{"embeddable":true,"href":"http:\/\/relaunch.galerie-obrist.de\/ru\/wp-json\/wp\/v2\/users\/2"}],"replies":[{"embeddable":true,"href":"http:\/\/relaunch.galerie-obrist.de\/ru\/wp-json\/wp\/v2\/comments?post=3564"}],"version-history":[{"count":7,"href":"http:\/\/relaunch.galerie-obrist.de\/ru\/wp-json\/wp\/v2\/pages\/3564\/revisions"}],"predecessor-version":[{"id":9715,"href":"http:\/\/relaunch.galerie-obrist.de\/ru\/wp-json\/wp\/v2\/pages\/3564\/revisions\/9715"}],"up":[{"embeddable":true,"href":"http:\/\/relaunch.galerie-obrist.de\/ru\/wp-json\/wp\/v2\/pages\/1854"}],"wp:attachment":[{"href":"http:\/\/relaunch.galerie-obrist.de\/ru\/wp-json\/wp\/v2\/media?parent=3564"}],"curies":[{"name":"wp","href":"https:\/\/api.w.org\/{rel}","templated":true}]}}