{"id":3419,"date":"2013-08-28T17:50:56","date_gmt":"2013-08-28T15:50:56","guid":{"rendered":"http:\/\/relaunch.galerie-obrist.de\/?page_id=3419"},"modified":"2023-09-13T18:05:40","modified_gmt":"2023-09-13T16:05:40","slug":"augustin","status":"publish","type":"page","link":"http:\/\/relaunch.galerie-obrist.de\/ru\/artists\/augustin\/","title":{"rendered":"Till Augustin"},"content":{"rendered":"<p><b>WERKE<\/b><\/p>\n<div class=\"woocommerce columns-4 \"><ul class=\"products columns-4\">\n<li class=\"product type-product post-13619 status-publish first instock product_cat-augustin-marienfeld-bound product_cat-plastik product_tag-till-augustin has-post-thumbnail product-type-simple\">\n\t\n\n\n\n<\/li>\n<li class=\"product type-product post-13617 status-publish instock product_cat-augustin-marienfeld-bound product_cat-plastik product_tag-till-augustin has-post-thumbnail product-type-simple\">\n\t\n\n\n\n<\/li>\n<li class=\"product type-product post-13612 status-publish instock product_cat-augustin-marienfeld-bound product_cat-luxembourg-art-week-2023 product_cat-plastik product_tag-till-augustin has-post-thumbnail product-type-simple\">\n\t\n\n\n\n<\/li>\n<li class=\"product type-product post-13610 status-publish last instock product_cat-augustin-marienfeld-bound product_cat-plastik product_tag-till-augustin has-post-thumbnail product-type-simple\">\n\t\n\n\n\n<\/li>\n<li class=\"product type-product post-13608 status-publish first instock product_cat-augustin-marienfeld-bound product_cat-luxembourg-art-week-2023 product_cat-plastik product_tag-till-augustin has-post-thumbnail product-type-simple\">\n\t\n\n\n\n<\/li>\n<li class=\"product type-product post-13606 status-publish instock product_cat-art-salon-zurich-2023 product_cat-artists product_cat-augustin-marienfeld-bound product_cat-luxembourg-art-week-2023 product_cat-plastik product_tag-till-augustin has-post-thumbnail product-type-simple\">\n\t\n\n\n\n<\/li>\n<li class=\"product type-product post-12422 status-publish instock product_cat-artkarlsruhe2023 product_cat-art-salon-zuerich-2022 product_cat-augustin-marienfeld-bound product_cat-collectors-lounge-2023 product_cat-plastik product_tag-till-augustin has-post-thumbnail product-type-simple\">\n\t\n\n\n\n<\/li>\n<li class=\"product type-product post-12414 status-publish last instock product_cat-art-salon-zuerich-2022 product_cat-plastik product_tag-till-augustin has-post-thumbnail product-type-simple\">\n\t\n\n\n\n<\/li>\n<\/ul>\n<\/div>\n<\/p>\n<p>AUSSTELLUNGEN<br \/>\n<!-- Page-list plugin v.5.6 wordpress.org\/plugins\/page-list\/ -->\n<ul class=\"page-list \">\n<li class=\"page_item page-item-13572\"><a href=\"http:\/\/relaunch.galerie-obrist.de\/ru\/artists\/augustin\/till-augustin-und-stephan-marienfeld-bound-2023\/\">Till Augustin und Stephan Marienfeld: BOUND (2023)<\/a><\/li>\n\n<\/ul><\/p>\n<p>TILL AUGUSTIN<\/p>\n<p>1951 geboren in Bernried am Starnberger See, beginnt Till Augustin 1981 seine k\u00fcnstlerische Arbeit mit Studien und Experimenten in verschiedenen Materialien und Techniken. Der Autodidakt widmet sich vorwiegend der Bildhauerei und beginnt 1985 erste Experimente mit gro\u00dfen Skulpturen. 1992 wird Till Augustin in den Berufsverband Bildender K\u00fcnstler aufgenommen, seit 2012 ist er Mitglied der Darmst\u00e4dter Sezession. Zahlreiche Ausstellungen in Belgien, D\u00e4nemark, Deutschland, Frankreich, Italien, \u00d6sterreich, Slowakei, Schweden und der Schweiz.<br \/>\nTill Augustin lebt und arbeitet in N\u00fcrnberg.<\/p>\n<p>[nggallery id=78]<\/p>\n","protected":false},"excerpt":{"rendered":"<p>WERKE AUSSTELLUNGEN TILL AUGUSTIN 1951 geboren in Bernried am Starnberger See, beginnt Till Augustin 1981 seine k\u00fcnstlerische Arbeit mit Studien und Experimenten in verschiedenen Materialien und Techniken. Der Autodidakt widmet sich vorwiegend der Bildhauerei und beginnt 1985 erste Experimente mit gro\u00dfen Skulpturen. 1992 wird Till Augustin in den Berufsverband Bildender K\u00fcnstler aufgenommen, seit 2012 ist &hellip; <\/p>\n<p class=\"link-more\"><a href=\"http:\/\/relaunch.galerie-obrist.de\/ru\/artists\/augustin\/\" class=\"more-link\">Read more<span class=\"screen-reader-text\"> &#8220;Till Augustin&#8221;<\/span><\/a><\/p>\n","protected":false},"author":2,"featured_media":12423,"parent":1127,"menu_order":0,"comment_status":"closed","ping_status":"open","template":"","meta":{"footnotes":""},"translation":{"provider":"WPGlobus","version":"2.12.2","language":"ru","enabled_languages":["de","en","ru"],"languages":{"de":{"title":true,"content":true,"excerpt":false},"en":{"title":true,"content":true,"excerpt":false},"ru":{"title":false,"content":false,"excerpt":false}}},"featured_media_urls":{"thumbnail":["http:\/\/relaunch.galerie-obrist.de\/wp-content\/uploads\/2022\/09\/6704-150x150.jpg",150,150,true],"medium":["http:\/\/relaunch.galerie-obrist.de\/wp-content\/uploads\/2022\/09\/6704-450x300.jpg",450,300,true],"medium_large":["http:\/\/relaunch.galerie-obrist.de\/wp-content\/uploads\/2022\/09\/6704-768x510.jpg",768,510,true],"large":["http:\/\/relaunch.galerie-obrist.de\/wp-content\/uploads\/2022\/09\/6704-1024x680.jpg",950,631,true],"1536x1536":["http:\/\/relaunch.galerie-obrist.de\/wp-content\/uploads\/2022\/09\/6704-1536x1020.jpg",1536,1020,true],"2048x2048":["http:\/\/relaunch.galerie-obrist.de\/wp-content\/uploads\/2022\/09\/6704-2048x1360.jpg",2048,1360,true],"inspiro-featured-image":["http:\/\/relaunch.galerie-obrist.de\/wp-content\/uploads\/2022\/09\/6704-scaled.jpg",2000,1328,false],"inspiro-loop":["http:\/\/relaunch.galerie-obrist.de\/wp-content\/uploads\/2022\/09\/6704-scaled.jpg",482,320,false],"inspiro-loop@2x":["http:\/\/relaunch.galerie-obrist.de\/wp-content\/uploads\/2022\/09\/6704-scaled.jpg",964,640,false],"woocommerce_thumbnail":["http:\/\/relaunch.galerie-obrist.de\/wp-content\/uploads\/2022\/09\/6704-300x300.jpg",300,300,true],"woocommerce_single":["http:\/\/relaunch.galerie-obrist.de\/wp-content\/uploads\/2022\/09\/6704-600x399.jpg",600,399,true],"woocommerce_gallery_thumbnail":["http:\/\/relaunch.galerie-obrist.de\/wp-content\/uploads\/2022\/09\/6704-100x100.jpg",100,100,true],"portfolio_item-thumbnail":["http:\/\/relaunch.galerie-obrist.de\/wp-content\/uploads\/2022\/09\/6704-scaled.jpg",600,398,false],"portfolio_item-thumbnail@2x":["http:\/\/relaunch.galerie-obrist.de\/wp-content\/uploads\/2022\/09\/6704-scaled.jpg",1200,797,false],"portfolio_item-masonry":["http:\/\/relaunch.galerie-obrist.de\/wp-content\/uploads\/2022\/09\/6704-scaled.jpg",600,398,false],"portfolio_item-masonry@2x":["http:\/\/relaunch.galerie-obrist.de\/wp-content\/uploads\/2022\/09\/6704-scaled.jpg",1200,797,false],"portfolio_item-thumbnail_cinema":["http:\/\/relaunch.galerie-obrist.de\/wp-content\/uploads\/2022\/09\/6704-scaled.jpg",504,335,false],"portfolio_item-thumbnail_portrait":["http:\/\/relaunch.galerie-obrist.de\/wp-content\/uploads\/2022\/09\/6704-scaled.jpg",600,398,false],"portfolio_item-thumbnail_portrait@2x":["http:\/\/relaunch.galerie-obrist.de\/wp-content\/uploads\/2022\/09\/6704-scaled.jpg",1200,797,false],"portfolio_item-thumbnail_square":["http:\/\/relaunch.galerie-obrist.de\/wp-content\/uploads\/2022\/09\/6704-scaled.jpg",800,531,false]},"_links":{"self":[{"href":"http:\/\/relaunch.galerie-obrist.de\/ru\/wp-json\/wp\/v2\/pages\/3419"}],"collection":[{"href":"http:\/\/relaunch.galerie-obrist.de\/ru\/wp-json\/wp\/v2\/pages"}],"about":[{"href":"http:\/\/relaunch.galerie-obrist.de\/ru\/wp-json\/wp\/v2\/types\/page"}],"author":[{"embeddable":true,"href":"http:\/\/relaunch.galerie-obrist.de\/ru\/wp-json\/wp\/v2\/users\/2"}],"replies":[{"embeddable":true,"href":"http:\/\/relaunch.galerie-obrist.de\/ru\/wp-json\/wp\/v2\/comments?post=3419"}],"version-history":[{"count":17,"href":"http:\/\/relaunch.galerie-obrist.de\/ru\/wp-json\/wp\/v2\/pages\/3419\/revisions"}],"predecessor-version":[{"id":13614,"href":"http:\/\/relaunch.galerie-obrist.de\/ru\/wp-json\/wp\/v2\/pages\/3419\/revisions\/13614"}],"up":[{"embeddable":true,"href":"http:\/\/relaunch.galerie-obrist.de\/ru\/wp-json\/wp\/v2\/pages\/1127"}],"wp:featuredmedia":[{"embeddable":true,"href":"http:\/\/relaunch.galerie-obrist.de\/ru\/wp-json\/wp\/v2\/media\/12423"}],"wp:attachment":[{"href":"http:\/\/relaunch.galerie-obrist.de\/ru\/wp-json\/wp\/v2\/media?parent=3419"}],"curies":[{"name":"wp","href":"https:\/\/api.w.org\/{rel}","templated":true}]}}