{"id":3354,"date":"2013-07-11T14:53:47","date_gmt":"2013-07-11T12:53:47","guid":{"rendered":"http:\/\/relaunch.galerie-obrist.de\/?page_id=3354"},"modified":"2013-07-11T15:57:57","modified_gmt":"2013-07-11T13:57:57","slug":"kraenzlein-2005","status":"publish","type":"page","link":"http:\/\/relaunch.galerie-obrist.de\/ru\/artists\/zzalle-kunstler\/kraenzlein\/kraenzlein-2005\/","title":{"rendered":"Dieter Kr\u00e4nzlein: Neue Skulpturen (2005)"},"content":{"rendered":"<p><img decoding=\"async\" src=\"http:\/\/relaunch.galerie-obrist.de\/img\/KRAinst.jpg\" height=\"350\"><br \/>\n<font size=\"-2\">Dieter Kr\u00e4nzlein: Ohne Titel (2001). 9 Tafeln, Mooser Muschelkalk, gef\u00e4rbt, je 60x60x2-5cm, gesamt 200x200x5cm<\/font><\/p>\n<p>18. M\u00e4rz &#8211; 9. April 2005<br \/>\nDIETER KR\u00c4NZLEIN<br \/>\nNEUE SKULPTUREN<\/p>\n<p>Vernissage: 18. M\u00e4rz 2005, 19 Uhr<\/p>\n<p>Muschelkalkstein verlangt der Bildhauerei eine gewisse Kompaktheit der Form ab: Der Stein ist br\u00fcchig und spr\u00f6de, und kann schon von daher nicht zu weit ausladenden Plastiken konturiert werden. Eine solche Verneinung des Materials w\u00fcrde Dieter Kr\u00e4nzlein auch gar nicht in den Sinn kommen. Dennoch entlockt er ihm alle M\u00f6glichkeiten: Seine neuesten Schichtungen vollf\u00fchren ein in sich gedrehtes und &#8220;elastisches&#8221; Bewegungsmotiv, welches dem Stein zun\u00e4chst zu widersprechen scheint. Die gezeigten Plastiken sind aber aus einem St\u00fcck, und \u00fcbersetzen das nat\u00fcrliche Vorkommen des Gesteins in geschichteten Lagerungen in ein bildhauerisches Motiv.<\/p>\n<p>Zur Ausstellung ist ein Katalog erschienen (5 EUR).<\/p>\n<p><a href=\"\/artists\/kraenzlein\">CV Dieter Kr\u00e4nzlein<\/a><\/p>\n","protected":false},"excerpt":{"rendered":"<p>Dieter Kr\u00e4nzlein: Ohne Titel (2001). 9 Tafeln, Mooser Muschelkalk, gef\u00e4rbt, je 60x60x2-5cm, gesamt 200x200x5cm 18. M\u00e4rz &#8211; 9. April 2005 DIETER KR\u00c4NZLEIN NEUE SKULPTUREN Vernissage: 18. M\u00e4rz 2005, 19 Uhr Muschelkalkstein verlangt der Bildhauerei eine gewisse Kompaktheit der Form ab: Der Stein ist br\u00fcchig und spr\u00f6de, und kann schon von daher nicht zu weit ausladenden &hellip; <\/p>\n<p class=\"link-more\"><a href=\"http:\/\/relaunch.galerie-obrist.de\/ru\/artists\/zzalle-kunstler\/kraenzlein\/kraenzlein-2005\/\" class=\"more-link\">Read more<span class=\"screen-reader-text\"> &#8220;Dieter Kr\u00e4nzlein: Neue Skulpturen (2005)&#8221;<\/span><\/a><\/p>\n","protected":false},"author":2,"featured_media":0,"parent":1049,"menu_order":0,"comment_status":"closed","ping_status":"closed","template":"","meta":{"footnotes":""},"translation":{"provider":"WPGlobus","version":"2.12.2","language":"ru","enabled_languages":["de","en","ru"],"languages":{"de":{"title":true,"content":true,"excerpt":false},"en":{"title":false,"content":false,"excerpt":false},"ru":{"title":false,"content":false,"excerpt":false}}},"featured_media_urls":[],"_links":{"self":[{"href":"http:\/\/relaunch.galerie-obrist.de\/ru\/wp-json\/wp\/v2\/pages\/3354"}],"collection":[{"href":"http:\/\/relaunch.galerie-obrist.de\/ru\/wp-json\/wp\/v2\/pages"}],"about":[{"href":"http:\/\/relaunch.galerie-obrist.de\/ru\/wp-json\/wp\/v2\/types\/page"}],"author":[{"embeddable":true,"href":"http:\/\/relaunch.galerie-obrist.de\/ru\/wp-json\/wp\/v2\/users\/2"}],"replies":[{"embeddable":true,"href":"http:\/\/relaunch.galerie-obrist.de\/ru\/wp-json\/wp\/v2\/comments?post=3354"}],"version-history":[{"count":8,"href":"http:\/\/relaunch.galerie-obrist.de\/ru\/wp-json\/wp\/v2\/pages\/3354\/revisions"}],"predecessor-version":[{"id":9758,"href":"http:\/\/relaunch.galerie-obrist.de\/ru\/wp-json\/wp\/v2\/pages\/3354\/revisions\/9758"}],"up":[{"embeddable":true,"href":"http:\/\/relaunch.galerie-obrist.de\/ru\/wp-json\/wp\/v2\/pages\/1049"}],"wp:attachment":[{"href":"http:\/\/relaunch.galerie-obrist.de\/ru\/wp-json\/wp\/v2\/media?parent=3354"}],"curies":[{"name":"wp","href":"https:\/\/api.w.org\/{rel}","templated":true}]}}