{"id":3338,"date":"2013-07-11T14:18:41","date_gmt":"2013-07-11T12:18:41","guid":{"rendered":"http:\/\/relaunch.galerie-obrist.de\/?page_id=3338"},"modified":"2019-04-26T15:28:16","modified_gmt":"2019-04-26T13:28:16","slug":"hanakam-schuller-2013","status":"publish","type":"page","link":"http:\/\/relaunch.galerie-obrist.de\/ru\/artists\/zzalle-kunstler\/hanakam-schuller\/hanakam-schuller-2013\/","title":{"rendered":"Hanakam &#038; Schuller: INTERFACE (2013) &#8211; EY5 D\u00fcsseldorf"},"content":{"rendered":"<p><a href=\"http:\/\/relaunch.galerie-obrist.de\/wp-content\/uploads\/2013\/07\/img01.jpg\"><img loading=\"lazy\" decoding=\"async\" src=\"http:\/\/relaunch.galerie-obrist.de\/wp-content\/uploads\/2013\/07\/img01-400x300.jpg\" alt=\"\" title=\"img01\" width=\"400\" height=\"300\" class=\"alignnone size-medium wp-image-3339\" srcset=\"http:\/\/relaunch.galerie-obrist.de\/wp-content\/uploads\/2013\/07\/img01-400x300.jpg 400w, http:\/\/relaunch.galerie-obrist.de\/wp-content\/uploads\/2013\/07\/img01-600x449.jpg 600w, http:\/\/relaunch.galerie-obrist.de\/wp-content\/uploads\/2013\/07\/img01.jpg 756w\" sizes=\"(max-width: 400px) 100vw, 400px\" \/><\/a><br \/>\n>Markus Hanakam und Roswitha Schullers aktuelle Arbeit Interface (2013) steht als Zeichnungsobjekt in einer Reihe von zeichnerischen Arbeiten, die als Set-Elemente ihrer Kurzfilme entstanden sind. Auch Interface changiert zwischen Apparatur und zeichnerischer Oberfl\u00e4che, die bedient und mit Funktionen belegt werden kann. Die Arbeit setzt sich aus einer zehn Meter langen Zeichenbahn auf Rolle, einer Wandbefestigung und einem Tischsegment zusammen, das ein ausschnitthaftes &#8220;Scannen&#8221; der Zeichnung erm\u00f6glicht. Wie bei vielen ihrer Objekt- und Filmarbeiten setzen Hanakam &#038; Schuller auch f\u00fcr Interface kleinteilige Kunststoffobjekte ein, die als Platzhalter oder Spielfiguren f\u00fcr den Betrachter wie auch f\u00fcr die zuk\u00fcnftigen Darsteller fungieren.<\/span><\/p>\n<p><a href=\"\/artists\/hanakam-schuller\/lang\/de\">CV Hanakam Schuller<\/a><\/span><\/p>\n<p>Hanakam &#038; Schuller: Interface.<br \/>\n24.7.-3.8.2013<br \/>\nEr\u00f6ffnung: Do., 25.07.2013, 18h<br \/>\nGalerie Obrist @ EY5<br \/>\nMutter Ey-Stra\u00dfe 5, 40213 D\u00fcsseldorf<\/span><\/p>\n","protected":false},"excerpt":{"rendered":"<p>>Markus Hanakam und Roswitha Schullers aktuelle Arbeit Interface (2013) steht als Zeichnungsobjekt in einer Reihe von zeichnerischen Arbeiten, die als Set-Elemente ihrer Kurzfilme entstanden sind. Auch Interface changiert zwischen Apparatur und zeichnerischer Oberfl\u00e4che, die bedient und mit Funktionen belegt werden kann. Die Arbeit setzt sich aus einer zehn Meter langen Zeichenbahn auf Rolle, einer Wandbefestigung &hellip; <\/p>\n<p class=\"link-more\"><a href=\"http:\/\/relaunch.galerie-obrist.de\/ru\/artists\/zzalle-kunstler\/hanakam-schuller\/hanakam-schuller-2013\/\" class=\"more-link\">Read more<span class=\"screen-reader-text\"> &#8220;Hanakam &#038; Schuller: INTERFACE (2013) &#8211; EY5 D\u00fcsseldorf&#8221;<\/span><\/a><\/p>\n","protected":false},"author":2,"featured_media":0,"parent":2050,"menu_order":0,"comment_status":"closed","ping_status":"open","template":"","meta":{"footnotes":""},"translation":{"provider":"WPGlobus","version":"2.12.2","language":"ru","enabled_languages":["de","en","ru"],"languages":{"de":{"title":true,"content":true,"excerpt":false},"en":{"title":true,"content":true,"excerpt":false},"ru":{"title":false,"content":false,"excerpt":false}}},"featured_media_urls":[],"_links":{"self":[{"href":"http:\/\/relaunch.galerie-obrist.de\/ru\/wp-json\/wp\/v2\/pages\/3338"}],"collection":[{"href":"http:\/\/relaunch.galerie-obrist.de\/ru\/wp-json\/wp\/v2\/pages"}],"about":[{"href":"http:\/\/relaunch.galerie-obrist.de\/ru\/wp-json\/wp\/v2\/types\/page"}],"author":[{"embeddable":true,"href":"http:\/\/relaunch.galerie-obrist.de\/ru\/wp-json\/wp\/v2\/users\/2"}],"replies":[{"embeddable":true,"href":"http:\/\/relaunch.galerie-obrist.de\/ru\/wp-json\/wp\/v2\/comments?post=3338"}],"version-history":[{"count":4,"href":"http:\/\/relaunch.galerie-obrist.de\/ru\/wp-json\/wp\/v2\/pages\/3338\/revisions"}],"predecessor-version":[{"id":9775,"href":"http:\/\/relaunch.galerie-obrist.de\/ru\/wp-json\/wp\/v2\/pages\/3338\/revisions\/9775"}],"up":[{"embeddable":true,"href":"http:\/\/relaunch.galerie-obrist.de\/ru\/wp-json\/wp\/v2\/pages\/2050"}],"wp:attachment":[{"href":"http:\/\/relaunch.galerie-obrist.de\/ru\/wp-json\/wp\/v2\/media?parent=3338"}],"curies":[{"name":"wp","href":"https:\/\/api.w.org\/{rel}","templated":true}]}}