{"id":3335,"date":"2013-07-11T13:49:30","date_gmt":"2013-07-11T11:49:30","guid":{"rendered":"http:\/\/relaunch.galerie-obrist.de\/?page_id=3335"},"modified":"2019-04-26T15:24:16","modified_gmt":"2019-04-26T13:24:16","slug":"hanakam-schuller-2012","status":"publish","type":"page","link":"http:\/\/relaunch.galerie-obrist.de\/ru\/artists\/zzalle-kunstler\/hanakam-schuller\/hanakam-schuller-2012\/","title":{"rendered":"Hanakam &#038; Schuller: CATALOGUE (2012)"},"content":{"rendered":"<p><a href=\"http:\/\/relaunch.galerie-obrist.de\/catalogue-hanakam-schuller\/catalogue-invitations-2\/\" rel=\"attachment wp-att-2358\"><img loading=\"lazy\" decoding=\"async\" src=\"http:\/\/relaunch.galerie-obrist.de\/wp-content\/uploads\/2012\/07\/catalogue-invitations1-266x300.jpg\" alt=\"\" title=\"catalogue invitations\" width=\"266\" height=\"300\" class=\"alignnone size-medium wp-image-2358\" srcset=\"http:\/\/relaunch.galerie-obrist.de\/wp-content\/uploads\/2012\/07\/catalogue-invitations1-266x300.jpg 266w, http:\/\/relaunch.galerie-obrist.de\/wp-content\/uploads\/2012\/07\/catalogue-invitations1.jpg 445w\" sizes=\"(max-width: 266px) 100vw, 266px\" \/><\/a><br \/>\nMit CATALOGUE zeigt das Wiener K\u00fcnstlerpaar Hanakam &#038; Schuller in unserer Galerie ab 24. August ein Spektrum seiner Arbeit. Dabei handelt es sich nicht um eine, sondern gleich um drei Ausstellungen, die nacheinander im w\u00f6chentlichen Wechsel verschiedene Werkgruppen und Themenkomplexe vorstellen: Entsprechend pr\u00e4sentiert sich die Galerie an drei Er\u00f6ffnungsabenden in neuer Gestalt.<br \/>\nCATALOGUE 24\/08\/2012-29\/08\/2012<br \/>\nCATALOGUE 31\/08\/2012-05\/08\/2012<br \/>\nCATALOGUE 07\/09\/2012-22\/09\/2012<\/span><\/p>\n<p><a href=\"\/artists\/hanakam-schuller\/lang\/de\">CV Hanakam Schuller<\/a><\/span><br \/>\nHanakam Schuller: Catalogue.<br \/>\n25.08.-22.09.2012.<br \/>\nEr\u00f6ffnungen am 24.08., 31.08., 07.09., jeweils 19h<\/span><\/p>\n","protected":false},"excerpt":{"rendered":"<p>Mit CATALOGUE zeigt das Wiener K\u00fcnstlerpaar Hanakam &#038; Schuller in unserer Galerie ab 24. August ein Spektrum seiner Arbeit. Dabei handelt es sich nicht um eine, sondern gleich um drei Ausstellungen, die nacheinander im w\u00f6chentlichen Wechsel verschiedene Werkgruppen und Themenkomplexe vorstellen: Entsprechend pr\u00e4sentiert sich die Galerie an drei Er\u00f6ffnungsabenden in neuer Gestalt. CATALOGUE 24\/08\/2012-29\/08\/2012 CATALOGUE &hellip; <\/p>\n<p class=\"link-more\"><a href=\"http:\/\/relaunch.galerie-obrist.de\/ru\/artists\/zzalle-kunstler\/hanakam-schuller\/hanakam-schuller-2012\/\" class=\"more-link\">Read more<span class=\"screen-reader-text\"> &#8220;Hanakam &#038; Schuller: CATALOGUE (2012)&#8221;<\/span><\/a><\/p>\n","protected":false},"author":2,"featured_media":0,"parent":2050,"menu_order":0,"comment_status":"closed","ping_status":"closed","template":"","meta":{"footnotes":""},"translation":{"provider":"WPGlobus","version":"2.12.2","language":"ru","enabled_languages":["de","en","ru"],"languages":{"de":{"title":true,"content":true,"excerpt":false},"en":{"title":true,"content":true,"excerpt":false},"ru":{"title":false,"content":false,"excerpt":false}}},"featured_media_urls":[],"_links":{"self":[{"href":"http:\/\/relaunch.galerie-obrist.de\/ru\/wp-json\/wp\/v2\/pages\/3335"}],"collection":[{"href":"http:\/\/relaunch.galerie-obrist.de\/ru\/wp-json\/wp\/v2\/pages"}],"about":[{"href":"http:\/\/relaunch.galerie-obrist.de\/ru\/wp-json\/wp\/v2\/types\/page"}],"author":[{"embeddable":true,"href":"http:\/\/relaunch.galerie-obrist.de\/ru\/wp-json\/wp\/v2\/users\/2"}],"replies":[{"embeddable":true,"href":"http:\/\/relaunch.galerie-obrist.de\/ru\/wp-json\/wp\/v2\/comments?post=3335"}],"version-history":[{"count":6,"href":"http:\/\/relaunch.galerie-obrist.de\/ru\/wp-json\/wp\/v2\/pages\/3335\/revisions"}],"predecessor-version":[{"id":9714,"href":"http:\/\/relaunch.galerie-obrist.de\/ru\/wp-json\/wp\/v2\/pages\/3335\/revisions\/9714"}],"up":[{"embeddable":true,"href":"http:\/\/relaunch.galerie-obrist.de\/ru\/wp-json\/wp\/v2\/pages\/2050"}],"wp:attachment":[{"href":"http:\/\/relaunch.galerie-obrist.de\/ru\/wp-json\/wp\/v2\/media?parent=3335"}],"curies":[{"name":"wp","href":"https:\/\/api.w.org\/{rel}","templated":true}]}}