{"id":3136,"date":"2006-05-23T13:08:41","date_gmt":"2006-05-23T11:08:41","guid":{"rendered":"http:\/\/relaunch.galerie-obrist.de\/?page_id=3136"},"modified":"2019-03-29T17:56:49","modified_gmt":"2019-03-29T15:56:49","slug":"willms2006","status":"publish","type":"page","link":"http:\/\/relaunch.galerie-obrist.de\/ru\/artists\/willms\/willms2006\/","title":{"rendered":"Julia Willms: Vista. (2006)"},"content":{"rendered":"<p><img loading=\"lazy\" decoding=\"async\" alt=\"\" src=\"\/img\/2032.jpg\" class=\"alignnone\" width=\"250\" height=\"350\" \/><br \/>\nJulia Willms: Vista.<br \/>\nAudiovisuelle Rauminstallation 2006, DVD, PAL, 4:22 min.<br \/>\n20. Oktober &#8211; 25. November 2006<\/span><\/p>\n<p>Im Projektraum der Galerie zeigen wir &#8216;vista&#8217; von Julia Willms, in der Beschreibung der K\u00fcnstlerin eine &#8220;audiovisuelle Rauminstallation mit Fenster und kaputter Gl\u00fchbirne&#8221;.<br \/>\nEin Fenster h\u00e4ngt frei in der Mitte eines Raums. Es ist ein architektonisches Fragment eines Raums ohne W\u00e4nde mit der Sicht auf die reale Wand dahinter. Der Raum zwischen dem Fenster und der realen Wand f\u00e4ngt langsam an, sich mit Wasser zu f\u00fcllen bis er komplett geflutet ist. Das reale Fenster suggestiert eine Erweiterung von einem imaginiertem Raum zu einen weiteren Raum mit m\u00f6glichen W\u00e4nden. Diese Erweiterung ist eine Verbindung zwischen der realen Architektur und der Imaginierten. Das Ereignis des sich langsam f\u00fcllenden Raums wird von der\/dem BetrachterIn projiziert auf den realen Raum, in dem er\/sie sich befindet. Der Vorgang, der sich im imaginiertem Raum vollzieht, wird auf den Realen reflektiert.<\/span><\/p>\n<p><a href=\"\/tag\/julia-willms\/lang\/de\">JULIA WILLMS BLOG<\/a><\/span><br \/>\n<a href=\"\/artists\/willms\/lang\/de\">CV JULIA WILLMS<\/a><\/span><\/p>\n","protected":false},"excerpt":{"rendered":"<p>Julia Willms: Vista. Audiovisuelle Rauminstallation 2006, DVD, PAL, 4:22 min. 20. Oktober &#8211; 25. November 2006 Im Projektraum der Galerie zeigen wir &#8216;vista&#8217; von Julia Willms, in der Beschreibung der K\u00fcnstlerin eine &#8220;audiovisuelle Rauminstallation mit Fenster und kaputter Gl\u00fchbirne&#8221;. Ein Fenster h\u00e4ngt frei in der Mitte eines Raums. Es ist ein architektonisches Fragment eines Raums &hellip; <\/p>\n<p class=\"link-more\"><a href=\"http:\/\/relaunch.galerie-obrist.de\/ru\/artists\/willms\/willms2006\/\" class=\"more-link\">Read more<span class=\"screen-reader-text\"> &#8220;Julia Willms: Vista. (2006)&#8221;<\/span><\/a><\/p>\n","protected":false},"author":2,"featured_media":0,"parent":1189,"menu_order":0,"comment_status":"closed","ping_status":"closed","template":"","meta":{"footnotes":""},"translation":{"provider":"WPGlobus","version":"2.12.2","language":"ru","enabled_languages":["de","en","ru"],"languages":{"de":{"title":true,"content":true,"excerpt":false},"en":{"title":true,"content":true,"excerpt":false},"ru":{"title":false,"content":false,"excerpt":false}}},"featured_media_urls":[],"_links":{"self":[{"href":"http:\/\/relaunch.galerie-obrist.de\/ru\/wp-json\/wp\/v2\/pages\/3136"}],"collection":[{"href":"http:\/\/relaunch.galerie-obrist.de\/ru\/wp-json\/wp\/v2\/pages"}],"about":[{"href":"http:\/\/relaunch.galerie-obrist.de\/ru\/wp-json\/wp\/v2\/types\/page"}],"author":[{"embeddable":true,"href":"http:\/\/relaunch.galerie-obrist.de\/ru\/wp-json\/wp\/v2\/users\/2"}],"replies":[{"embeddable":true,"href":"http:\/\/relaunch.galerie-obrist.de\/ru\/wp-json\/wp\/v2\/comments?post=3136"}],"version-history":[{"count":5,"href":"http:\/\/relaunch.galerie-obrist.de\/ru\/wp-json\/wp\/v2\/pages\/3136\/revisions"}],"predecessor-version":[{"id":9712,"href":"http:\/\/relaunch.galerie-obrist.de\/ru\/wp-json\/wp\/v2\/pages\/3136\/revisions\/9712"}],"up":[{"embeddable":true,"href":"http:\/\/relaunch.galerie-obrist.de\/ru\/wp-json\/wp\/v2\/pages\/1189"}],"wp:attachment":[{"href":"http:\/\/relaunch.galerie-obrist.de\/ru\/wp-json\/wp\/v2\/media?parent=3136"}],"curies":[{"name":"wp","href":"https:\/\/api.w.org\/{rel}","templated":true}]}}