{"id":3115,"date":"2008-05-23T13:03:30","date_gmt":"2008-05-23T11:03:30","guid":{"rendered":"http:\/\/relaunch.galerie-obrist.de\/?page_id=3115"},"modified":"2019-03-29T17:54:20","modified_gmt":"2019-03-29T15:54:20","slug":"willms2008","status":"publish","type":"page","link":"http:\/\/relaunch.galerie-obrist.de\/ru\/artists\/willms\/willms2008\/","title":{"rendered":"Julia Willms: Revision. (2008)"},"content":{"rendered":"<p><img loading=\"lazy\" decoding=\"async\" alt=\"\" src=\"\/img\/revision.jpg\" class=\"alignnone\" width=\"350\" height=\"250\" \/><br \/>\nJulia Willms: Revision.<br \/>\nAudiovisuelle Rauminstallation 2007, Projektionsrahmen, 5:48 min<br \/>\nFotografien und Zeichnungen<br \/>\n5. September &#8211; 18. Oktober 2008<\/span><\/p>\n<p>Die Galerie zeigt eine Ausstellung mit der Videoinstallation &#8220;Revision&#8221; von Julia Willms, sowie Fotografien und Zeichnungen der in Amsterdam und Wien lebenden K\u00fcnstlerin. &#8220;Revision&#8221; wird im September auch auf dem bodig08 Festival in Istanbul und im Oktober auf dem VAD Festival in Girona zu sehen sein.<br \/>\nRevision ist eine audiovisuelle Rauminstallation f\u00fcr ein Fenster. Auf einen Projektionsrahmen wird ein Fensterrahmen projiziert mit einer Aussicht auf ein Apartmenthaus auf der anderen Seite der Strasse. Langsam ver\u00e4ndert sich die Aussicht, in immer mehr absurder Art und Weise. Die Innenr\u00e4ume der gegen\u00fcber liegenden Wohnungen mutieren zu W\u00e4ldern. Die Fassade des Geb\u00e4udes transformiert sich von einer Aussenwand zu einer alten Blumentapete. Die Strasse verwandelt sich in einen Innenraum- in ein Wohnzimmer. Ein Fenster mit Ausblick auf den Wald wird zu einem gerahmten Gem\u00e4lde mit einem Landschaftssujet. Die Installation setzt sich auseinander mit dem Unterschied zwischen Sehen und Wahrnehmen. Es besteht eine Dreiecksbeziehung zwischen dem urbanen \u00f6ffentlichen Raum, dem privatem Innenraum und der nat\u00fcrlichen Umgebung mit keiner klaren Unterscheidung zwischen deren Grenzen. Der urbane Raum \u00fcbernimmt Verhaltensweisen der nat\u00fcrlichen Umgebung, R\u00e4ume werden mit pulsierendem Rotlicht geflutet, Strassenlampen spenden beinahe nat\u00fcrliches Licht oder Innenr\u00e4ume transformieren sich langsam zu Aussenr\u00e4umen. Diese Spannung kreiert eine weitere Dreiecksbeziehung; die zwischen der\/dem BetrachterIn, dem physikalischem Ort, in dem der\/die BetraachterIn sich befindet und dem projiziertem Bild. Die projizierte Architektur wird erfahren als eine Erweiterung und Projektion eines internen emotionalen Prozesses des\/der BetrachterIn\/s und wird auf den physikalischen Ort, in dem sie sich aufhalten, reflektiert.<\/span><\/p>\n<p><a href=\"\/tag\/julia-willms\/lang\/de\">JULIA WILLMS BLOG<\/a><\/span><br \/>\n<a href=\"\/artists\/willms\/lang\/de\">CV JULIA WILLMS<\/a><\/span><\/p>\n","protected":false},"excerpt":{"rendered":"<p>Julia Willms: Revision. Audiovisuelle Rauminstallation 2007, Projektionsrahmen, 5:48 min Fotografien und Zeichnungen 5. September &#8211; 18. Oktober 2008 Die Galerie zeigt eine Ausstellung mit der Videoinstallation &#8220;Revision&#8221; von Julia Willms, sowie Fotografien und Zeichnungen der in Amsterdam und Wien lebenden K\u00fcnstlerin. &#8220;Revision&#8221; wird im September auch auf dem bodig08 Festival in Istanbul und im Oktober &hellip; <\/p>\n<p class=\"link-more\"><a href=\"http:\/\/relaunch.galerie-obrist.de\/ru\/artists\/willms\/willms2008\/\" class=\"more-link\">Read more<span class=\"screen-reader-text\"> &#8220;Julia Willms: Revision. (2008)&#8221;<\/span><\/a><\/p>\n","protected":false},"author":2,"featured_media":0,"parent":1189,"menu_order":0,"comment_status":"closed","ping_status":"closed","template":"","meta":{"footnotes":""},"translation":{"provider":"WPGlobus","version":"2.12.2","language":"ru","enabled_languages":["de","en","ru"],"languages":{"de":{"title":true,"content":true,"excerpt":false},"en":{"title":true,"content":true,"excerpt":false},"ru":{"title":false,"content":false,"excerpt":false}}},"featured_media_urls":[],"_links":{"self":[{"href":"http:\/\/relaunch.galerie-obrist.de\/ru\/wp-json\/wp\/v2\/pages\/3115"}],"collection":[{"href":"http:\/\/relaunch.galerie-obrist.de\/ru\/wp-json\/wp\/v2\/pages"}],"about":[{"href":"http:\/\/relaunch.galerie-obrist.de\/ru\/wp-json\/wp\/v2\/types\/page"}],"author":[{"embeddable":true,"href":"http:\/\/relaunch.galerie-obrist.de\/ru\/wp-json\/wp\/v2\/users\/2"}],"replies":[{"embeddable":true,"href":"http:\/\/relaunch.galerie-obrist.de\/ru\/wp-json\/wp\/v2\/comments?post=3115"}],"version-history":[{"count":23,"href":"http:\/\/relaunch.galerie-obrist.de\/ru\/wp-json\/wp\/v2\/pages\/3115\/revisions"}],"predecessor-version":[{"id":9710,"href":"http:\/\/relaunch.galerie-obrist.de\/ru\/wp-json\/wp\/v2\/pages\/3115\/revisions\/9710"}],"up":[{"embeddable":true,"href":"http:\/\/relaunch.galerie-obrist.de\/ru\/wp-json\/wp\/v2\/pages\/1189"}],"wp:attachment":[{"href":"http:\/\/relaunch.galerie-obrist.de\/ru\/wp-json\/wp\/v2\/media?parent=3115"}],"curies":[{"name":"wp","href":"https:\/\/api.w.org\/{rel}","templated":true}]}}