{"id":3107,"date":"2013-05-23T12:41:33","date_gmt":"2013-05-23T10:41:33","guid":{"rendered":"http:\/\/relaunch.galerie-obrist.de\/?page_id=3107"},"modified":"2019-03-29T17:32:20","modified_gmt":"2019-03-29T15:32:20","slug":"willms2013","status":"publish","type":"page","link":"http:\/\/relaunch.galerie-obrist.de\/ru\/artists\/willms\/willms2013\/","title":{"rendered":"Julia Willms: A World (2013)"},"content":{"rendered":"<p><a href=\"http:\/\/relaunch.galerie-obrist.de\/wp-content\/uploads\/2013\/05\/aworld-www.jpg\"><img loading=\"lazy\" decoding=\"async\" src=\"http:\/\/relaunch.galerie-obrist.de\/wp-content\/uploads\/2013\/05\/aworld-www-450x282.jpg\" alt=\"\" title=\"aworld\" width=\"450\" height=\"282\" class=\"alignleft size-medium wp-image-3101\" srcset=\"http:\/\/relaunch.galerie-obrist.de\/wp-content\/uploads\/2013\/05\/aworld-www-450x282.jpg 450w, http:\/\/relaunch.galerie-obrist.de\/wp-content\/uploads\/2013\/05\/aworld-www.jpg 594w\" sizes=\"(max-width: 450px) 100vw, 450px\" \/><\/a><\/p>\n<p>Julia Willms: A World.<br \/>\n<b>21. &#8211; 29. Juni 2013<\/b>, Er\u00f6ffnung: 21. Juni 2013, 18 Uhr<br \/>\nGalerie Obrist@EY5, Mutter Ey-Stra\u00dfe 5, 40213 D\u00fcsseldorf<br \/>\n<b>29. Juni &#8211; 24. August 2013<\/b>, Er\u00f6ffnung: 28. Juni 2013, 19 Uhr<br \/>\nGalerie Obrist, Kahrstra\u00dfe 59, 45128 Essen<\/span><\/p>\n<p>In einer zweigeteilten Ausstellung zeigen wir Arbeiten der Amsterdamer K\u00fcnstlerin Julia Willms:<br \/>\nIm D\u00fcsseldorfer EY5 stellen wir die mit Andrea Bozic konzipierte Audioinstallation &#8220;A WORLD&#8221; vor. &#8211; Erneut wird der Galerieraum einer radikalen Befragung unterworfen. Zur Er\u00f6ffnung spricht Sabine Maria Schmidt, Kuratorin an der Kunsthalle Bremen.<br \/>\nIm Zentrum der Essener Ausstellung stehen die Videoarbeit &#8220;Tensiontest&#8221; und die audiovisuelle Rauminstallation &#8220;The Avantgarde Never Gives Up&#8221;. Au\u00dferdem sind Fotoarbeiten von Julia Willms zu sehen.<\/span><br \/>\nDie Ausstellung wird gef\u00f6rdert durch:<\/span><span lang=\"en-us\">The exhibition is supported by:<\/span><\/p>\n<p><a href=\"http:\/\/www.mondriaanfonds.nl\/?lang=en\" target=\"_blank\"><img loading=\"lazy\" decoding=\"async\" src=\"http:\/\/relaunch.galerie-obrist.de\/wp-content\/uploads\/2013\/05\/Logo-downloads-NL-web-roze-150x150.jpg\" alt=\"\" title=\"mondriaan fonds\" width=\"150\" height=\"150\" class=\"alignleft size-thumbnail wp-image-3096\" srcset=\"http:\/\/relaunch.galerie-obrist.de\/wp-content\/uploads\/2013\/05\/Logo-downloads-NL-web-roze-150x150.jpg 150w, http:\/\/relaunch.galerie-obrist.de\/wp-content\/uploads\/2013\/05\/Logo-downloads-NL-web-roze-300x300.jpg 300w, http:\/\/relaunch.galerie-obrist.de\/wp-content\/uploads\/2013\/05\/Logo-downloads-NL-web-roze-100x100.jpg 100w\" sizes=\"(max-width: 150px) 100vw, 150px\" \/><\/a><\/p>\n<p><a href=\"\/tag\/julia-willms\/lang\/de\">JULIA WILLMS BLOG<\/a><br \/>\n<a href=\"\/artists\/willms\/lang\/de\">CV JULIA WILLMS<\/a><\/span><span lang=\"en-us\"><a href=\"\/tag\/julia-willms\/lang\/en-us\">JULIA WILLMS BLOG<\/a><br \/>\n<a href=\"\/artists\/willms\/lang\/en-us\">CV JULIA WILLMS<\/a><\/span><\/p>\n","protected":false},"excerpt":{"rendered":"<p>Julia Willms: A World. 21. &#8211; 29. Juni 2013, Er\u00f6ffnung: 21. Juni 2013, 18 Uhr Galerie Obrist@EY5, Mutter Ey-Stra\u00dfe 5, 40213 D\u00fcsseldorf 29. Juni &#8211; 24. August 2013, Er\u00f6ffnung: 28. Juni 2013, 19 Uhr Galerie Obrist, Kahrstra\u00dfe 59, 45128 Essen In einer zweigeteilten Ausstellung zeigen wir Arbeiten der Amsterdamer K\u00fcnstlerin Julia Willms: Im D\u00fcsseldorfer EY5 &hellip; <\/p>\n<p class=\"link-more\"><a href=\"http:\/\/relaunch.galerie-obrist.de\/ru\/artists\/willms\/willms2013\/\" class=\"more-link\">Read more<span class=\"screen-reader-text\"> &#8220;Julia Willms: A World (2013)&#8221;<\/span><\/a><\/p>\n","protected":false},"author":2,"featured_media":0,"parent":1189,"menu_order":0,"comment_status":"closed","ping_status":"open","template":"","meta":{"footnotes":""},"translation":{"provider":"WPGlobus","version":"2.12.2","language":"ru","enabled_languages":["de","en","ru"],"languages":{"de":{"title":true,"content":true,"excerpt":false},"en":{"title":true,"content":true,"excerpt":false},"ru":{"title":false,"content":false,"excerpt":false}}},"featured_media_urls":[],"_links":{"self":[{"href":"http:\/\/relaunch.galerie-obrist.de\/ru\/wp-json\/wp\/v2\/pages\/3107"}],"collection":[{"href":"http:\/\/relaunch.galerie-obrist.de\/ru\/wp-json\/wp\/v2\/pages"}],"about":[{"href":"http:\/\/relaunch.galerie-obrist.de\/ru\/wp-json\/wp\/v2\/types\/page"}],"author":[{"embeddable":true,"href":"http:\/\/relaunch.galerie-obrist.de\/ru\/wp-json\/wp\/v2\/users\/2"}],"replies":[{"embeddable":true,"href":"http:\/\/relaunch.galerie-obrist.de\/ru\/wp-json\/wp\/v2\/comments?post=3107"}],"version-history":[{"count":9,"href":"http:\/\/relaunch.galerie-obrist.de\/ru\/wp-json\/wp\/v2\/pages\/3107\/revisions"}],"predecessor-version":[{"id":9706,"href":"http:\/\/relaunch.galerie-obrist.de\/ru\/wp-json\/wp\/v2\/pages\/3107\/revisions\/9706"}],"up":[{"embeddable":true,"href":"http:\/\/relaunch.galerie-obrist.de\/ru\/wp-json\/wp\/v2\/pages\/1189"}],"wp:attachment":[{"href":"http:\/\/relaunch.galerie-obrist.de\/ru\/wp-json\/wp\/v2\/media?parent=3107"}],"curies":[{"name":"wp","href":"https:\/\/api.w.org\/{rel}","templated":true}]}}