{"id":2217,"date":"2008-06-09T12:02:51","date_gmt":"2008-06-09T10:02:51","guid":{"rendered":"http:\/\/relaunch.galerie-obrist.de\/?page_id=2217"},"modified":"2012-10-06T16:05:37","modified_gmt":"2012-10-06T14:05:37","slug":"horsch2008","status":"publish","type":"page","link":"http:\/\/relaunch.galerie-obrist.de\/ru\/artists\/zzalle-kunstler\/horsch\/horsch2008\/","title":{"rendered":"Robin Horsch: Skulpturen und Collagen (2008) | Robin Horsch: Sculptures and Collages (2008)"},"content":{"rendered":"<p><img loading=\"lazy\" decoding=\"async\" src=\"http:\/\/relaunch.galerie-obrist.de\/img\/horsch08.jpg\" alt=\"Robin Horsch\" width=\"134\" height=\"200\" \/>\u00a0\u00a0\u00a0\u00a0\u00a0 <img loading=\"lazy\" decoding=\"async\" src=\"http:\/\/relaunch.galerie-obrist.de\/img\/horpkwww.jpg\" alt=\"Robin Horsch\" width=\"134\" height=\"200\" \/><\/p>\n<p><span lang=\"de\">ROBIN HORSCH | SKULPTUREN UND COLLAGEN<br \/>\nAusstellung 19. September &#8211; 8. November 2008<br \/>\nVernissage am Freitag, 19. September 2008, 19 Uhr<\/span><\/p>\n<p><span lang=\"de\">Mit dieser Ausstellung zeigen wir Skulpturen, Malereien und Collagen von Robin Horsch, die in den zur\u00fcckliegenden zwei Jahren seit unserer letzten Einzelausstellung entstanden sind.<br \/>\nHorsch ist bekannt geworden mit seinen hochaufgeschossenen, schlanken Holzfiguren, die urspr\u00fcnglich von etruskischen Bronzefigurinen inspiriert waren. Wie diese hatten sie eine strenge und hieratische frontale Ausrichtung. Im Laufe der letzten Jahre l\u00f6ste Horsch die Strenge immer weiter auf, freie K\u00f6rperhaltungen und Bewegungsmotive kamen in die Figuren. Jetzt hat Horsch eine neue Serie von Skulpturen gefertigt, die im Unterschied zu den fr\u00fcheren Werken mit dem Schneidbrenner bearbeitet wurden, und dadurch eine amorphe und dunkel gef\u00e4rbte Oberfl\u00e4che erhalten. Dar\u00fcber hinaus ist eine neue, gro\u00dfe Bronze entstanden, bei der erstmals gefundene Gegenst\u00e4nde zu einer Figur komponiert werden.<br \/>\nDas bildnerische Werk von Robin Horsch ist bisher weniger in die \u00d6ffentlichkeit gelangt, obgleich er immer auch parallel zur Bildhauerei Malereien und Collagen geschaffen hat. Im freien Umgang mit gefundenen Materialien entstehen vielschichtige Collagen, die durch zeichnerische und malerische Elemente verkn\u00fcpft werden, und zwischen Abstraktion und fig\u00fcrlichen Zitaten oszillieren.<br \/>\nRobin Horsch wurde 1963 in Wermelskirchen geboren. Seine Arbeit wurde in mehreren Publikationen vorgestellt, unter anderem in der umfangreichen Monographie &#8220;Horschfiguren&#8221;, K\u00f6ln 2005, und dem gleichnamigen Dokumentarfilm von Peter Wecking aus dem Jahre 2007. In diesem Jahr wurde Horsch bereits auf der Art Karlsruhe (One Artist Show) und der ArtHamptons in New York ausgestellt, und es folgen in K\u00fcrze Pr\u00e4sentationen auf der TIAF Toronto International Art Fair und der Kunst Z\u00fcrich.<\/span><br \/>\n<span lang=\"en-us\">ROBIN HORSCH | SCULPTURES AND COLLAGES<br \/>\nExhibition September 19 &#8211; November 8, 2008<br \/>\nOpening Reception Friday, September 19, 2008, 7 pm<\/span><\/p>\n<p><span lang=\"en-us\">In our current exhibition we show sculptures, paintings and collages of Robin Horsch. The gallery has been cooperating with the Muelheim based artist as long ago as 2000, and has continuously shown his stages of developement in solo exhibitions. The upcoming exhibition exclusively shows works of the recent two years.<br \/>\nHorsch became famous with his thin and tall wooden figures, which were originally inspired by etruscan bronzes. Like those the Horsch figures had a strict hieratic and frontal orientation. In the course of the recent years he abandoned the strictness step by step. The figures now are in free postures and movement. In distinction from the former sculptures Horsch now worked with a blowtorch, which gives a dark coloured and rugged surface. In addition to it he created a new tall bronze, which is for the first time a composition of found objects.<br \/>\nThe paintings and collages of Robin Horsch are still less known than his sculpture, though he has always been a painter beside a sculptor. In the painting and the collage the private memory of Horsch grows to a collective. Here the master drawing combines with everyday wastes; the &#8220;made&#8221; with the &#8220;found&#8221;; the ironical with the serious-meant item. All those unite ambiguously to an aesthetic world, which poetically sublimates our reality.<\/span><\/p>\n<p><a href=\"\/artists\/zzalle-kunstler\/horsch\">CV ROBIN HORSCH<\/a><\/p>\n","protected":false},"excerpt":{"rendered":"<p>\u00a0\u00a0\u00a0\u00a0\u00a0 ROBIN HORSCH | SKULPTUREN UND COLLAGEN Ausstellung 19. September &#8211; 8. November 2008 Vernissage am Freitag, 19. September 2008, 19 Uhr Mit dieser Ausstellung zeigen wir Skulpturen, Malereien und Collagen von Robin Horsch, die in den zur\u00fcckliegenden zwei Jahren seit unserer letzten Einzelausstellung entstanden sind. Horsch ist bekannt geworden mit seinen hochaufgeschossenen, schlanken Holzfiguren, &hellip; <\/p>\n<p class=\"link-more\"><a href=\"http:\/\/relaunch.galerie-obrist.de\/ru\/artists\/zzalle-kunstler\/horsch\/horsch2008\/\" class=\"more-link\">Read more<span class=\"screen-reader-text\"> &#8220;Robin Horsch: Skulpturen und Collagen (2008) | Robin Horsch: Sculptures and Collages (2008)&#8221;<\/span><\/a><\/p>\n","protected":false},"author":2,"featured_media":0,"parent":2205,"menu_order":0,"comment_status":"closed","ping_status":"closed","template":"","meta":{"footnotes":""},"translation":{"provider":"WPGlobus","version":"2.12.2","language":"ru","enabled_languages":["de","en","ru"],"languages":{"de":{"title":true,"content":true,"excerpt":false},"en":{"title":false,"content":false,"excerpt":false},"ru":{"title":false,"content":false,"excerpt":false}}},"featured_media_urls":[],"_links":{"self":[{"href":"http:\/\/relaunch.galerie-obrist.de\/ru\/wp-json\/wp\/v2\/pages\/2217"}],"collection":[{"href":"http:\/\/relaunch.galerie-obrist.de\/ru\/wp-json\/wp\/v2\/pages"}],"about":[{"href":"http:\/\/relaunch.galerie-obrist.de\/ru\/wp-json\/wp\/v2\/types\/page"}],"author":[{"embeddable":true,"href":"http:\/\/relaunch.galerie-obrist.de\/ru\/wp-json\/wp\/v2\/users\/2"}],"replies":[{"embeddable":true,"href":"http:\/\/relaunch.galerie-obrist.de\/ru\/wp-json\/wp\/v2\/comments?post=2217"}],"version-history":[{"count":6,"href":"http:\/\/relaunch.galerie-obrist.de\/ru\/wp-json\/wp\/v2\/pages\/2217\/revisions"}],"predecessor-version":[{"id":2632,"href":"http:\/\/relaunch.galerie-obrist.de\/ru\/wp-json\/wp\/v2\/pages\/2217\/revisions\/2632"}],"up":[{"embeddable":true,"href":"http:\/\/relaunch.galerie-obrist.de\/ru\/wp-json\/wp\/v2\/pages\/2205"}],"wp:attachment":[{"href":"http:\/\/relaunch.galerie-obrist.de\/ru\/wp-json\/wp\/v2\/media?parent=2217"}],"curies":[{"name":"wp","href":"https:\/\/api.w.org\/{rel}","templated":true}]}}