{"id":2050,"date":"2012-05-03T16:11:41","date_gmt":"2012-05-03T14:11:41","guid":{"rendered":"http:\/\/relaunch.galerie-obrist.de\/?page_id=2050"},"modified":"2019-05-29T17:30:44","modified_gmt":"2019-05-29T15:30:44","slug":"hanakam-schuller","status":"publish","type":"page","link":"http:\/\/relaunch.galerie-obrist.de\/ru\/artists\/zzalle-kunstler\/hanakam-schuller\/","title":{"rendered":"Hanakam &#038; Schuller"},"content":{"rendered":"<p><span lang=\"de\"><b>WERKE<\/b><\/span><br \/>\n[nggallery id=29]<br \/>\n<span lang=\"de\"><b>AUSSTELLUNGEN IN DER GALERIE<\/b><br \/>\n<!-- ddlsp --><\/p>\n<p><span lang=\"de\"><b>BIOGRAFIE<\/b><\/span><br \/>\n<span lang=\"de\">Markus Hanakam<br \/>\n*1979 Essen\/Deutschland<br \/>\n2000 Universit\u00e4t Essen, Fachbereich 4, Kunst und Design<br \/>\n2002-2006 Universit\u00e4t f\u00fcr Angewandte Kunst, Wien, Kunst- und Designerziehung<br \/>\n2006-2009 Universit\u00e4t f\u00fcr Angewandte Kunst, Wien, Skulptur und Multimedia (Klasse Erwin Wurm)<\/span><\/p>\n<p><span lang=\"de\">Roswitha Schuller<br \/>\n*1984 Friesach\/\u00d6sterreich<br \/>\n2002-2007 Universit\u00e4t f\u00fcr Angewandte Kunst, Wien, Kunst- und Designerziehung<br \/>\n2006-2009 Universit\u00e4t f\u00fcr Angewandte Kunst, Wien, Skulptur und Multimedia (Klasse Erwin Wurm)<\/span><\/p>\n<p><span lang=\"de\">Zusammenarbeit seit 2004.<\/span><\/p>\n<p><span lang=\"de\">EINZELAUSSTELLUNGEN<\/span><\/p>\n<p><span lang=\"de\">2012 Galerie Obrist, Essen (DE)<br \/>\n2012 Crystal Cathedral, Museum Moderner Kunst K\u00e4rnten, Kunstraum Burgkapelle, Klagenfurt (A)<br \/>\n2011 Bouquet, BV Galerie Klagenfurt (A)<br \/>\n2011 Poetry of Architecture,The Lust Gallery Vienna (AT)<br \/>\n2010 Palaces &#038; Courts, MAK \u00d6sterr. Museum f\u00fcr angewandte Kunst\/Gegenwartskunst (AT)<br \/>\n2010 MOTEL, Galerie ParaSITE Graz (AT)<br \/>\n2009 Road Movie, Kunsthalle Wien Ursula Blickle Lounge (Screening) (AT)<br \/>\n2008 SHOWROOM, Das wei\u00dfe Haus, Wien (AT)<br \/>\n2006 Wir sind perfekte Liebhaber, Galerie Patrick Ebensperger Graz (AT)<br \/>\n2006 Cakes and Ale, Space Gumpendorferstrasse (AT)<br \/>\n2006 All Night Long, Galerie Christine K\u00f6nig (AT)<\/span><\/p>\n<p><span lang=\"de\">GRUPPENAUSSTELLUNGEN UND FESTIVALS(Auswahl)<\/span><\/p>\n<p><span lang=\"de\">2013 Plinque, Galerie 22,48m2, Paris (FR)<br \/>\n2012 Krinzinger Projekte, Galerie Krinzinger Wien (A)<br \/>\n2012 Bank Austria Kunstpreis 2012, Galerie 3, Klagenfurt (A)<br \/>\n2012 Japan Media Arts Festival &#8211; Video Works Art Division, d-labo und National Art Center, Tokyo (J)<br \/>\n2011 4th Moscow Biennale of Contemporary Art (RU)<br \/>\n2011 Pro &#038; Contra Media Culture Symposium, Artplay Design Centre, Moscow (RU)<br \/>\n2011 Nur die Guten kommen in den Garten, Konschthaus, Luxembourg (LUX)<br \/>\n2011 Space Odyssey, MAERZ Galerie, Linz (AT)<br \/>\n2011 ISEA 17th International Symposium for Electronic Arts, Istanbul (TUR)<br \/>\n2011 Photophobia 3, Baltic Biennale of Photography, Kaliningrad (RU)<br \/>\n2011 The One Minute Belgian Open, Gent (BE)<br \/>\n2011 DIAGONALE. Festival des \u00f6sterreichischen Films, Graz (AT)<br \/>\n2011 Elastic Video,Tokyo Wonder Site, Hongo,Tokyo (J)<br \/>\n2010 23rd Festival Les Instants Vid\u00e9o (FR)<br \/>\n2010 back from, Kunstverein Freiburg (DE)<br \/>\n2010 Atelier Oktober, PACT Zollverein Essen (DE)<br \/>\n2010 The conditional Form of the Real, Garage Center for Contemporary Culture, Moscow (RU)<br \/>\n2010 Le pire n\u2019est jamais certain. (Biblioth\u00e8que des Projets), Centre Pompidou Metz (FR)<br \/>\n2010 PETIT PLINQUE, Transforming Freedom &#8211; Museumsquartier Wien (AT)<br \/>\n2010 Der Alte Mann und das Meer, N\u00d6 Dokumentationszentrum f\u00fcr moderne Kunst (AT)<br \/>\n2010 Atelier Februar, PACT Zollverein Essen (DE)<br \/>\n2010 SO FRESH, Art-Kino, Rijeka, Hrvatska Galleria Medusa, Koper, Slovenija &#038; Mestna Galerija, Nova Gorica, Slovenija (HR, SL)<br \/>\n2009 Plinque Proj\u00e9ction, Paris (FR)<br \/>\n2009 Filmriss Festival Salzburg (AT)<br \/>\n2009 SO FRESH, Galleria Comunale d\u2019Arte Contemporanea di Monfalcone, Galleria Reg. d\u2019Arte Contemporanea  L. Spazzapan, Gradisca d\u2019Isonzo &#038; Stazione Rogers, Trieste (I)<br \/>\n2009 Plinque Meringue (AT)<br \/>\n2009 SPOTLIGHT. Neuzug\u00e4nge seit 2006, Museum der Moderne Salzburg (AT)<br \/>\n2009 Final Projects Group XXVII, MAK Center for Art and Architecture Los Angeles (US)<br \/>\n2008 Video Edition Austria, Release 02, Medienwerkstatt Wien (AT)<br \/>\n2008 Plinque (AT)<br \/>\n2007 DUOS, Galerie Patrick Ebensperger Graz (AT)<br \/>\n2007 Unit\u00e8, Kunstpavillon Innsbruck (AT)<br \/>\n2007 Klasse Erwin Wurm (Burn, Baby, burn), Kunstverein Ettlingen \/ Wilhelmsh\u00f6he (DE)<br \/>\n2007 ZUSATZSTOFFE, dieveranda (AT)<br \/>\n2006 Eight Positions of Mozart, St. Jame\u2019s Cavalier Valletta (MT)<br \/>\n2006 The failed Show, kForum Vienna (AT)<br \/>\n2006 MAK NITE\u00a9, MAK \u00d6sterr. Museum f\u00fcr angewandte Kunst\/Gegenwartskunst (AT)<br \/>\n2006 Mozart. Experiment Aufkl\u00e4rung, Albertina Wien (AT)<br \/>\n2005 Ideenr\u00e4ume Betons\u00e0lon, Wien, (AT)<br \/>\n2005 Letzte Versuche, Galerie Hohenlohe und Kalb Wien (AT)<\/span><\/p>\n<p><span lang=\"de\">KUNST IM \u00d6FFENTLICHEN RAUM<\/span><\/p>\n<p><span lang=\"de\">2010 MACHT, Landesregierung K\u00e4rnten, Klagenfurt (AT)<br \/>\n2010 Souvenirs, Leitsystem f\u00fcr den Rhein-Herne Kanal NRW, im Rahmen von Ruhr2010 (DE)<br \/>\n2008 Am Weg zum See, Intervention im \u00f6ffentlichen Raum im Rahmen der EM-Kunstzone Klagenfurt  (AT)<br \/>\n2007 SPECTACULAR SPECTACULAR, Intervention im \u00f6ffentlichen Raum, Siebensternplatz, Wien (AT)<br \/>\n2006 Transformer2, Fluc Praterstern (AT)<br \/>\n2006 EMPFEHLUNGEN. K\u00fcnstlerische Entw\u00fcrfe f\u00fcr das Rathaus St. P\u00f6lten, Kunstraum Noe, Wien (AT)<br \/>\n2005 permanente Installation im DHL Headquarter \u00d6sterreich\/Osteuropa, Freudenauer Hafen, Wien (AT)<br \/>\n2004 The Standard Museum, museum in progress, kuratiert von Clegg&#038;Guttman (AT)<br \/>\n2004 Walk me. Die Kunstmeile an der Wienzeile, Architekturzentrum Wien im MQ, (AT)<\/span><\/p>\n<p><span lang=\"de\">SAMMLUNGEN<\/span><\/p>\n<p><span lang=\"de\">Ursula Blickle Video Archiv \/ Kunsthalle Wien<br \/>\nMuseum der Moderne, Salzburg<br \/>\nMUSA Artothek der Stadt Wien<br \/>\nArtothek des Bundes, \u00d6sterreich<br \/>\nMMKK Museum of Modern Art Carinthia<br \/>\nMUMOK Museum of Modern Art Vienna, Ludwig Foundation<\/span><\/p>\n<p><span lang=\"de\">PREISE UND STIPENDIEN<\/span><\/p>\n<p><span lang=\"de\">Otto Prutscher Award 2007<br \/>\nSpecial Grant of the Province of Tyrol, Austria 2007<br \/>\nMAK Schindler Artist and Architects in Residence Program, Los Angeles 2008 (A.i.R.)<br \/>\nCit\u00e9 International des Arts Paris, 2009 (A.i.R.)<br \/>\nPrix Ars Rothkrebschen 2010<br \/>\nArtist in Residence Program Krinzinger Gallery Vienna, Pet\u00f6mih\u00e1lyfa (HU) 2011<br \/>\nStaatsstipendium f\u00fcr Bildende Kunst 2012<br \/>\nJury Selection Japan Media Arts Festival 2012<br \/>\n<\/span><\/p>\n<p>\u00a0<br \/>\n<span lang=\"de\"><b>VERWANDTE ARTIKEL&#8230;<\/b><\/span><br \/>\n    <div class=\"related-post list\">\r\n        <br \/>\n<b>Warning<\/b>:  Undefined array key \"page\" in <b>\/www\/htdocs\/w0088a62\/relaunch.galerie-obrist.de\/wp-content\/plugins\/related-post\/templates\/related-post-hook.php<\/b> on line <b>18<\/b><br \/>\n<br \/>\n<b>Warning<\/b>:  Undefined array key \"page\" in <b>\/www\/htdocs\/w0088a62\/relaunch.galerie-obrist.de\/wp-content\/plugins\/related-post\/templates\/related-post-hook.php<\/b> on line <b>55<\/b><br \/>\n    <div class=\"post-list \">\r\n\r\n                        <div class=\"item\">\r\n                                    <\/div>\r\n                            <div class=\"item\">\r\n                                    <\/div>\r\n                            <div class=\"item\">\r\n                                    <\/div>\r\n                            <div class=\"item\">\r\n                                    <\/div>\r\n                            <div class=\"item\">\r\n                                    <\/div>\r\n            \r\n    <\/div>\r\n\r\n    <script>\r\n            <\/script>\r\n    <style>\r\n        .related-post {}\r\n\r\n        .related-post .post-list {\r\n            text-align: left;\r\n                    }\r\n\r\n        .related-post .post-list .item {\r\n                    }\r\n\r\n        .related-post .headline {\r\n                    }\r\n\r\n        @media only screen and (min-width: 1024px) {\r\n            .related-post .post-list .item {\r\n                width: ;\r\n            }\r\n        }\r\n\r\n        @media only screen and (min-width: 768px) and (max-width: 1023px) {\r\n            .related-post .post-list .item {\r\n                width: ;\r\n            }\r\n        }\r\n\r\n        @media only screen and (min-width: 0px) and (max-width: 767px) {\r\n            .related-post .post-list .item {\r\n                width: ;\r\n            }\r\n        }\r\n\r\n            <\/style>\r\n        <\/div>\r\n<\/p>\n","protected":false},"excerpt":{"rendered":"<p>WERKE [nggallery id=29] AUSSTELLUNGEN IN DER GALERIE BIOGRAFIE Markus Hanakam *1979 Essen\/Deutschland 2000 Universit\u00e4t Essen, Fachbereich 4, Kunst und Design 2002-2006 Universit\u00e4t f\u00fcr Angewandte Kunst, Wien, Kunst- und Designerziehung 2006-2009 Universit\u00e4t f\u00fcr Angewandte Kunst, Wien, Skulptur und Multimedia (Klasse Erwin Wurm) Roswitha Schuller *1984 Friesach\/\u00d6sterreich 2002-2007 Universit\u00e4t f\u00fcr Angewandte Kunst, Wien, Kunst- und Designerziehung 2006-2009 &hellip; <\/p>\n<p class=\"link-more\"><a href=\"http:\/\/relaunch.galerie-obrist.de\/ru\/artists\/zzalle-kunstler\/adler\/gosbert-adler-fotoarbeiten-2006\/\" class=\"more-link\">Read more<span class=\"screen-reader-text\"> &#8220;Gosbert Adler: Fotoarbeiten (2006)&#8221;<\/span><\/a><\/p>\n","protected":false},"author":2,"featured_media":5228,"parent":1511,"menu_order":0,"comment_status":"closed","ping_status":"closed","template":"","meta":{"footnotes":""},"translation":{"provider":"WPGlobus","version":"2.12.2","language":"ru","enabled_languages":["de","en","ru"],"languages":{"de":{"title":true,"content":true,"excerpt":false},"en":{"title":true,"content":true,"excerpt":false},"ru":{"title":false,"content":false,"excerpt":false}}},"featured_media_urls":{"thumbnail":["http:\/\/relaunch.galerie-obrist.de\/wp-content\/uploads\/2012\/05\/Kokomo-catalouge7-150x150.jpg",150,150,true],"medium":["http:\/\/relaunch.galerie-obrist.de\/wp-content\/uploads\/2012\/05\/Kokomo-catalouge7-450x300.jpg",450,300,true],"medium_large":["http:\/\/relaunch.galerie-obrist.de\/wp-content\/uploads\/2012\/05\/Kokomo-catalouge7-768x512.jpg",768,512,true],"large":["http:\/\/relaunch.galerie-obrist.de\/wp-content\/uploads\/2012\/05\/Kokomo-catalouge7-1024x683.jpg",950,634,true],"1536x1536":["http:\/\/relaunch.galerie-obrist.de\/wp-content\/uploads\/2012\/05\/Kokomo-catalouge7-scaled.jpg",1536,1024,false],"2048x2048":["http:\/\/relaunch.galerie-obrist.de\/wp-content\/uploads\/2012\/05\/Kokomo-catalouge7-scaled.jpg",2048,1366,false],"inspiro-featured-image":["http:\/\/relaunch.galerie-obrist.de\/wp-content\/uploads\/2012\/05\/Kokomo-catalouge7-scaled.jpg",2000,1334,false],"inspiro-loop":["http:\/\/relaunch.galerie-obrist.de\/wp-content\/uploads\/2012\/05\/Kokomo-catalouge7-scaled.jpg",480,320,false],"inspiro-loop@2x":["http:\/\/relaunch.galerie-obrist.de\/wp-content\/uploads\/2012\/05\/Kokomo-catalouge7-scaled.jpg",960,640,false],"woocommerce_thumbnail":["http:\/\/relaunch.galerie-obrist.de\/wp-content\/uploads\/2012\/05\/Kokomo-catalouge7-scaled-300x300.jpg",300,300,true],"woocommerce_single":["http:\/\/relaunch.galerie-obrist.de\/wp-content\/uploads\/2012\/05\/Kokomo-catalouge7-scaled-600x400.jpg",600,400,true],"woocommerce_gallery_thumbnail":["http:\/\/relaunch.galerie-obrist.de\/wp-content\/uploads\/2012\/05\/Kokomo-catalouge7-scaled-100x100.jpg",100,100,true],"portfolio_item-thumbnail":["http:\/\/relaunch.galerie-obrist.de\/wp-content\/uploads\/2012\/05\/Kokomo-catalouge7-scaled.jpg",600,400,false],"portfolio_item-thumbnail@2x":["http:\/\/relaunch.galerie-obrist.de\/wp-content\/uploads\/2012\/05\/Kokomo-catalouge7-scaled.jpg",1200,800,false],"portfolio_item-masonry":["http:\/\/relaunch.galerie-obrist.de\/wp-content\/uploads\/2012\/05\/Kokomo-catalouge7-scaled.jpg",600,400,false],"portfolio_item-masonry@2x":["http:\/\/relaunch.galerie-obrist.de\/wp-content\/uploads\/2012\/05\/Kokomo-catalouge7-scaled.jpg",1200,800,false],"portfolio_item-thumbnail_cinema":["http:\/\/relaunch.galerie-obrist.de\/wp-content\/uploads\/2012\/05\/Kokomo-catalouge7-scaled.jpg",502,335,false],"portfolio_item-thumbnail_portrait":["http:\/\/relaunch.galerie-obrist.de\/wp-content\/uploads\/2012\/05\/Kokomo-catalouge7-scaled.jpg",600,400,false],"portfolio_item-thumbnail_portrait@2x":["http:\/\/relaunch.galerie-obrist.de\/wp-content\/uploads\/2012\/05\/Kokomo-catalouge7-scaled.jpg",1200,800,false],"portfolio_item-thumbnail_square":["http:\/\/relaunch.galerie-obrist.de\/wp-content\/uploads\/2012\/05\/Kokomo-catalouge7-scaled.jpg",800,533,false]},"_links":{"self":[{"href":"http:\/\/relaunch.galerie-obrist.de\/ru\/wp-json\/wp\/v2\/pages\/2050"}],"collection":[{"href":"http:\/\/relaunch.galerie-obrist.de\/ru\/wp-json\/wp\/v2\/pages"}],"about":[{"href":"http:\/\/relaunch.galerie-obrist.de\/ru\/wp-json\/wp\/v2\/types\/page"}],"author":[{"embeddable":true,"href":"http:\/\/relaunch.galerie-obrist.de\/ru\/wp-json\/wp\/v2\/users\/2"}],"replies":[{"embeddable":true,"href":"http:\/\/relaunch.galerie-obrist.de\/ru\/wp-json\/wp\/v2\/comments?post=2050"}],"version-history":[{"count":22,"href":"http:\/\/relaunch.galerie-obrist.de\/ru\/wp-json\/wp\/v2\/pages\/2050\/revisions"}],"predecessor-version":[{"id":2070,"href":"http:\/\/relaunch.galerie-obrist.de\/ru\/wp-json\/wp\/v2\/pages\/2050\/revisions\/2070"}],"up":[{"embeddable":true,"href":"http:\/\/relaunch.galerie-obrist.de\/ru\/wp-json\/wp\/v2\/pages\/1511"}],"wp:featuredmedia":[{"embeddable":true,"href":"http:\/\/relaunch.galerie-obrist.de\/ru\/wp-json\/wp\/v2\/media\/5228"}],"wp:attachment":[{"href":"http:\/\/relaunch.galerie-obrist.de\/ru\/wp-json\/wp\/v2\/media?parent=2050"}],"curies":[{"name":"wp","href":"https:\/\/api.w.org\/{rel}","templated":true}]}}