{"id":1994,"date":"2010-04-27T17:02:12","date_gmt":"2010-04-27T15:02:12","guid":{"rendered":"http:\/\/relaunch.galerie-obrist.de\/?page_id=1994"},"modified":"2019-03-06T18:59:04","modified_gmt":"2019-03-06T16:59:04","slug":"boehm2010","status":"publish","type":"page","link":"http:\/\/relaunch.galerie-obrist.de\/ru\/artists\/boehm\/boehm2010\/","title":{"rendered":"Marcela B\u00f6hm: Was man kann (2010)"},"content":{"rendered":"<p><img loading=\"lazy\" decoding=\"async\" src=\"http:\/\/relaunch.galerie-obrist.de\/wp-content\/uploads\/2019\/03\/boehm3514.jpg\" alt=\"\" width=\"454\" height=\"539\" class=\"aligncenter size-full wp-image-9498\" srcset=\"http:\/\/relaunch.galerie-obrist.de\/wp-content\/uploads\/2019\/03\/boehm3514.jpg 454w, http:\/\/relaunch.galerie-obrist.de\/wp-content\/uploads\/2019\/03\/boehm3514-350x416.jpg 350w, http:\/\/relaunch.galerie-obrist.de\/wp-content\/uploads\/2019\/03\/boehm3514-253x300.jpg 253w\" sizes=\"(max-width: 454px) 100vw, 454px\" \/><\/p>\n<p>20. M\u00e4rz &#8211; 30. April 2010<br \/>\nMarcela B\u00f6hm: &#8220;Was man kann&#8221;.<br \/>\nDie argentinische Malerin Marcela B\u00f6hm steht im Mittelpunkt der Ausstellung, die in der Galerie Obrist anl\u00e4sslich des zehnj\u00e4hrigen Galeriejubil\u00e4ums zu sehen ist. Mit dieser Einzelausstellung erscheint erstmals ein umfangreiches Buch zu ihrem Werk, das zur Vernissage vorgestellt wird.<br \/>\nMarcela B\u00f6hm ist eine der avanciertesten K\u00fcnstlerinnen der j\u00fcngsten Zeit. In ihren Bildern erz\u00e4hlt sie mit ihrer \u00fcberzeichnenden Bildsprache Geschichten aus unserem Alltag. Die Kommunikation und Interaktion zwischen den dargestellten Personen wird dabei pointiert aufgezeichnet. Bei allem Erfolg scheut sie sich nicht, auch Spr\u00f6des und Unzug\u00e4ngliches mit ihrer Kunst zu ber\u00fchren. So schreibt in dem jetzt erscheinenden Buch Martin Engler, Kurator f\u00fcr die Kunst des 20.\/21. Jahrhunderts am St\u00e4delmuseum Frankfurt: \u201cDie Malerei Marcela B\u00f6hms ist \u2026 in ihrer Sch\u00f6nheit ebenso wie in ihren abrupten, teils brutalen Br\u00fcchen, ein best\u00e4ndiger Kampf um Sichtbarkeit.\u201d\n<\/p>\n<p><a href=\"http:\/\/relaunch.galerie-obrist.de\/category\/exhibitions2010\/2010-03marcela-boehm\/\">Posts zu dieser Ausstellung<\/a><br \/>\n<a href=\"http:\/\/relaunch.galerie-obrist.de\/artists\/boehm\/\">CV Marcela B\u00f6hm<\/a><\/p>\n","protected":false},"excerpt":{"rendered":"<p>20. M\u00e4rz &#8211; 30. April 2010 Marcela B\u00f6hm: &#8220;Was man kann&#8221;. Die argentinische Malerin Marcela B\u00f6hm steht im Mittelpunkt der Ausstellung, die in der Galerie Obrist anl\u00e4sslich des zehnj\u00e4hrigen Galeriejubil\u00e4ums zu sehen ist. Mit dieser Einzelausstellung erscheint erstmals ein umfangreiches Buch zu ihrem Werk, das zur Vernissage vorgestellt wird. Marcela B\u00f6hm ist eine der avanciertesten &hellip; <\/p>\n<p class=\"link-more\"><a href=\"http:\/\/relaunch.galerie-obrist.de\/ru\/artists\/boehm\/boehm2010\/\" class=\"more-link\">Read more<span class=\"screen-reader-text\"> &#8220;Marcela B\u00f6hm: Was man kann (2010)&#8221;<\/span><\/a><\/p>\n","protected":false},"author":2,"featured_media":0,"parent":1128,"menu_order":0,"comment_status":"open","ping_status":"closed","template":"","meta":{"footnotes":""},"translation":{"provider":"WPGlobus","version":"2.12.2","language":"ru","enabled_languages":["de","en","ru"],"languages":{"de":{"title":true,"content":true,"excerpt":false},"en":{"title":true,"content":true,"excerpt":false},"ru":{"title":false,"content":false,"excerpt":false}}},"featured_media_urls":[],"_links":{"self":[{"href":"http:\/\/relaunch.galerie-obrist.de\/ru\/wp-json\/wp\/v2\/pages\/1994"}],"collection":[{"href":"http:\/\/relaunch.galerie-obrist.de\/ru\/wp-json\/wp\/v2\/pages"}],"about":[{"href":"http:\/\/relaunch.galerie-obrist.de\/ru\/wp-json\/wp\/v2\/types\/page"}],"author":[{"embeddable":true,"href":"http:\/\/relaunch.galerie-obrist.de\/ru\/wp-json\/wp\/v2\/users\/2"}],"replies":[{"embeddable":true,"href":"http:\/\/relaunch.galerie-obrist.de\/ru\/wp-json\/wp\/v2\/comments?post=1994"}],"version-history":[{"count":36,"href":"http:\/\/relaunch.galerie-obrist.de\/ru\/wp-json\/wp\/v2\/pages\/1994\/revisions"}],"predecessor-version":[{"id":2009,"href":"http:\/\/relaunch.galerie-obrist.de\/ru\/wp-json\/wp\/v2\/pages\/1994\/revisions\/2009"}],"up":[{"embeddable":true,"href":"http:\/\/relaunch.galerie-obrist.de\/ru\/wp-json\/wp\/v2\/pages\/1128"}],"wp:attachment":[{"href":"http:\/\/relaunch.galerie-obrist.de\/ru\/wp-json\/wp\/v2\/media?parent=1994"}],"curies":[{"name":"wp","href":"https:\/\/api.w.org\/{rel}","templated":true}]}}