{"id":1511,"date":"2011-04-20T01:05:27","date_gmt":"2011-04-19T23:05:27","guid":{"rendered":"http:\/\/blog.gam-essen.de\/?page_id=1511"},"modified":"2019-04-26T14:57:22","modified_gmt":"2019-04-26T12:57:22","slug":"zzalle-kunstler","status":"publish","type":"page","link":"http:\/\/relaunch.galerie-obrist.de\/ru\/artists\/zzalle-kunstler\/","title":{"rendered":"All Artists"},"content":{"rendered":"<p><span lang=\"de\">Bisher gezeigte K\u00fcnstler und K\u00fcnstlerinnen<\/span><\/p>\n<div id=\"content3\">\n<ul>\n<li><b>Ad &#8211; Gr<\/b><\/li>\n<li><a href=\"http:\/\/relaunch.galerie-obrist.de\/hauptteil_adler.html\" target=\"_top\">Gosbert Adler<\/a><\/li>\n<li><a href=\"http:\/\/relaunch.galerie-obrist.de\/hauptteil_alcantara.html\" target=\"_top\">David Alc\u00e1ntara<\/a><\/li>\n<li><a href=\"http:\/\/www.arslan.gam-essen.de\" target=\"_blank\">Ayse Arslan<\/a><\/li>\n<li><a href=\"http:\/\/relaunch.galerie-obrist.de\/artists\/zzalle-kunstler\/augustin\">Till Augustin<\/a><\/li>\n<li><a href=\"http:\/\/relaunch.galerie-obrist.de\/artists\/bartsch\">Wiebke Bartsch<\/a><\/li>\n<li><a href=\"http:\/\/relaunch.galerie-obrist.de\/hauptteil_behler.html\" target=\"_top\">Carsten Behler<\/a><\/li>\n<li><a href=\"http:\/\/relaunch.galerie-obrist.de\/artists\/boehm\">Marcela B\u00f6hm<\/a><\/li>\n<li><a href=\"http:\/\/relaunch.galerie-obrist.de\/hauptteil_bohnenkamp.html\" target=\"_top\">Ralf Bohnenkamp<\/a><\/li>\n<li><a href=\"\/?s=boltanski\">Christian Boltanski<\/a><\/li>\n<li><a href=\"http:\/\/relaunch.galerie-obrist.de\/Pierre_Marie_Brisson.html\" target=\"_top\">Pierre Marie Brisson<\/a><\/li>\n<li><a href=\"http:\/\/relaunch.galerie-obrist.de\/Bunsen.html\" target=\"_top\">Frederick D. Bunsen<\/a><\/li>\n<li><a href=\"http:\/\/relaunch.galerie-obrist.de\/tag\/wolfgang-burat\">Wolfgang Burat<\/a><\/li>\n<li><a href=\"http:\/\/relaunch.galerie-obrist.de\/lukasz_chrobok08.html\" target=\"_top\">Lukasz Chrobok<\/a><\/li>\n<li><a href=\"http:\/\/relaunch.galerie-obrist.de\/James_Coignard.html\" target=\"_top\">James Coignard<\/a><\/li>\n<li><a href=\"\/?s=deyle\">Thomas Deyle<\/a><\/li>\n<li><a href=\"http:\/\/relaunch.galerie-obrist.de\/Ruth_Eckstein.html\" target=\"_top\">Ruth Eckstein<\/a><\/li>\n<li><a href=\"http:\/\/relaunch.galerie-obrist.de\/artists\/eilergerhard\">Anke Eilergerhard<\/a><\/li>\n<li><a href=\"http:\/\/relaunch.galerie-obrist.de\/Helge_Emmaneel.html\" target=\"_top\">Helge Emmaneel<\/a><\/li>\n<li><a href=\"\/?s=faulhaber\">Christoph Faulhaber<\/a><\/li>\n<li><a href=\"http:\/\/relaunch.galerie-obrist.de\/Rainer_Fest.html\" target=\"_top\">Rainer Fest<\/a><\/li>\n<li><a href=\"http:\/\/relaunch.galerie-obrist.de\/goller09.html\" target=\"_top\">Michael Goller<\/a><\/li>\n<li><a href=\"http:\/\/relaunch.galerie-obrist.de\/Alexis_Gorodine.html\" target=\"_top\">Alexis Gorodine<\/a><\/li>\n<li><a href=\"http:\/\/relaunch.galerie-obrist.de\/hauptteil_grams.html\" target=\"_top\">Anke Grams<\/a><\/li>\n<li><a href=\"\/?s=grimm\">Christiane Grimm<\/a><\/li>\n<\/ul>\n<ul>\n<li><b>Ha &#8211; Mi<\/b><\/li>\n<li><a href=\"http:\/\/relaunch.galerie-obrist.de\/artists\/haack\">Simone Haack<\/a><\/li>\n<li><a href=\"http:\/\/relaunch.galerie-obrist.de\/artists\/hanakam-schuller\">Hanakam &#038; Schuller<\/a><\/li>\n<li><a href=\"http:\/\/relaunch.galerie-obrist.de\/heinze0.html\" target=\"_top\">Volker Heinze<\/a><\/li>\n<li><a href=\"http:\/\/relaunch.galerie-obrist.de\/artists\/hartenstein\">Armin Hartenstein<\/a><\/li>\n<li><a href=\"\/?s=h\u00f6rl\">Ottmar Hoerl<\/a><\/li>\n<li><a href=\"http:\/\/relaunch.galerie-obrist.de\/artists\/zzalle-kunstler\/hohler\">Christophe Hohler<\/a><\/li>\n<li><a href=\"http:\/\/relaunch.galerie-obrist.de\/artists\/zzalle-kunstler\/horsch\">Robin Horsch<\/a><\/li>\n<li><a href=\"\/?s=hupe\">Dirk Hupe<\/a><\/li>\n<li><a href=\"http:\/\/relaunch.galerie-obrist.de\/Dietmar_HDT_Jaekel.html\" target=\"_top\">Dietmar HDT J\u00e4kel<\/a><\/li>\n<li><a href=\"\/?s=jansen\">J\u00fcrgen Jansen<\/a><\/li>\n<li><a href=\"http:\/\/relaunch.galerie-obrist.de\/artists\/zzalle-kunstler\/gabriele-kaiser-schanz\">Gabriele Kaiser-Schanz<\/a><\/li>\n<li><a href=\"\/?s=kanther\">Matthias Kanter<\/a><\/li>\n<li><a href=\"http:\/\/relaunch.galerie-obrist.de\/Martina_Kissenbeck.html\" target=\"_top\">Martina Kissenbeck<\/a><\/li>\n<li><a href=\"http:\/\/relaunch.galerie-obrist.de\/artists\/korsig\">Bodo Korsig<\/a><\/li>\n<li><a href=\"http:\/\/relaunch.galerie-obrist.de\/artists\/zzalle-kunstler\/kraenzlein\">Dieter Kr\u00e4nzlein<\/a><\/li>\n<li><a href=\"http:\/\/relaunch.galerie-obrist.de\/Brigitte_Kurzrock.html\" target=\"_top\">Brigitte Kurzrock<\/a><\/li>\n<li><a href=\"http:\/\/blog.gam-essen.de\/?page_id=1151\">Laszlo Lakner<\/a><\/li>\n<li><a href=\"http:\/\/relaunch.galerie-obrist.de\/hauptteil_laudert.html\" target=\"_top\">Annette Laudert<\/a><\/li>\n<li><a href=\"http:\/\/relaunch.galerie-obrist.de\/seok_lee.html\" target=\"_top\">Seok Lee<\/a><\/li>\n<li><a href=\"http:\/\/relaunch.galerie-obrist.de\/leineweber0.html\" target=\"_top\">Norvin Leineweber<\/a><\/li>\n<li><a href=\"http:\/\/relaunch.galerie-obrist.de\/artists\/lynch\">David Lynch<\/a><\/li>\n<li><a href=\"http:\/\/relaunch.galerie-obrist.de\/maron0.html\" target=\"_top\">Knut W. Maron<\/a><\/li>\n<li><a href=\"http:\/\/relaunch.galerie-obrist.de\/Wes_Mills.html\" target=\"_top\">Wes Mills<\/a><\/li>\n<\/ul>\n<ul>\n<li><b>No &#8211; Zi<\/b><\/li>\n<li><a href=\"http:\/\/relaunch.galerie-obrist.de\/Pawel_Nowak.html\" target=\"_top\">Pawel Nowak<\/a><\/li>\n<li><a href=\"http:\/\/relaunch.galerie-obrist.de\/artists\/nuhr\">Dieter Nuhr<\/a><\/li>\n<li><a href=\"\/?s=obels\">Pieter Obels<\/a><\/li>\n<li><a href=\"\/?s=orlopp\">Detlef Orlopp<\/a><\/li>\n<li><a href=\"\/?s=koezle\">Oster + Koezle<\/a><\/li>\n<li><a href=\"http:\/\/relaunch.galerie-obrist.de\/artists\/paas\">J\u00fcrgen Paas<\/a><\/li>\n<li><a href=\"\/?s=pfeiffer\">Katja Pfeiffer<\/a><\/li>\n<li><a href=\"http:\/\/relaunch.galerie-obrist.de\/Tina_Reins.html\" target=\"_top\">Tina Reins<\/a><\/li>\n<li><a href=\"http:\/\/relaunch.galerie-obrist.de\/artists\/zzalle-kunstler\/ring\">Barbara Ring<\/a><\/li>\n<li><a href=\"http:\/\/relaunch.galerie-obrist.de\/artists\/zzalle-kunstler\/ross\">Eberhard Ross<\/a><\/li>\n<li><a href=\"http:\/\/relaunch.galerie-obrist.de\/artists\/salz\">Dirk Salz<\/a><\/li>\n<li><a href=\"\/?s=armin scheid\">Armin Scheid<\/a><\/li>\n<li><a href=\"http:\/\/relaunch.galerie-obrist.de\/artists\/schloer\">Peter Schl\u00f6r<\/a><\/li>\n<li><a href=\"http:\/\/relaunch.galerie-obrist.de\/artists\/scholz\">Andy Scholz<\/a><\/li>\n<li><a href=\"http:\/\/relaunch.galerie-obrist.de\/artists\/schwenk\">Martin Schwenk<\/a><\/li>\n<li><a href=\"\/?s=seidel\">Slava Seidel<\/a><\/li>\n<li><a href=\"http:\/\/relaunch.galerie-obrist.de\/Sybille_Spelsberg.html\" target=\"_top\">Sybille Spelsberg<\/a><\/li>\n<li><a href=\"http:\/\/relaunch.galerie-obrist.de\/artists\/zzalle-kunstler\/stock\" target=\"_top\">Rainer Stock<\/a><\/li>\n<li><a href=\"http:\/\/relaunch.galerie-obrist.de\/strauss.html\" target=\"_top\">Michael Strauss<\/a><\/li>\n<li><a href=\"\/?s=thomas\">Norbert Thomas<\/a><\/li>\n<li><a href=\"http:\/\/relaunch.galerie-obrist.de\/artists\/zzalle-kunstler\/titzrath\">Andreas Titzrath<\/a><\/li>\n<li><a href=\"http:\/\/relaunch.galerie-obrist.de\/artists\/tsuchiya\" target=\"_top\">Shinichi Tsuchiya<\/a><\/li>\n<li><a href=\"http:\/\/relaunch.galerie-obrist.de\/Guenther_Uecker.html\" target=\"_top\">G\u00fcnther Uecker<\/a><\/li>\n<li><a href=\"\/?s=voss\">Alexander Vo\u00df<\/a><\/li>\n<li><a href=\"http:\/\/relaunch.galerie-obrist.de\/weber.html\" target=\"_top\">Angela Weber<\/a><\/li>\n<li><a href=\"http:\/\/relaunch.galerie-obrist.de\/artists\/willms\">Julia Willms<\/a><\/li>\n<li><a href=\"http:\/\/relaunch.galerie-obrist.de\/artists\/zzalle-kunstler\/zika\">Thomas Zika<\/a><\/li>\n<\/ul>\n<\/div>\n","protected":false},"excerpt":{"rendered":"<p>Bisher gezeigte K\u00fcnstler und K\u00fcnstlerinnen Ad &#8211; Gr Gosbert Adler David Alc\u00e1ntara Ayse Arslan Till Augustin Wiebke Bartsch Carsten Behler Marcela B\u00f6hm Ralf Bohnenkamp Christian Boltanski Pierre Marie Brisson Frederick D. Bunsen Wolfgang Burat Lukasz Chrobok James Coignard Thomas Deyle Ruth Eckstein Anke Eilergerhard Helge Emmaneel Christoph Faulhaber Rainer Fest Michael Goller Alexis Gorodine Anke &hellip; <\/p>\n<p class=\"link-more\"><a href=\"http:\/\/relaunch.galerie-obrist.de\/ru\/artists\/zzalle-kunstler\/\" class=\"more-link\">Read more<span class=\"screen-reader-text\"> &#8220;All Artists&#8221;<\/span><\/a><\/p>\n","protected":false},"author":2,"featured_media":0,"parent":1127,"menu_order":0,"comment_status":"closed","ping_status":"closed","template":"","meta":{"footnotes":""},"translation":{"provider":"WPGlobus","version":"2.12.2","language":"ru","enabled_languages":["de","en","ru"],"languages":{"de":{"title":true,"content":true,"excerpt":false},"en":{"title":true,"content":true,"excerpt":false},"ru":{"title":false,"content":false,"excerpt":false}}},"featured_media_urls":[],"_links":{"self":[{"href":"http:\/\/relaunch.galerie-obrist.de\/ru\/wp-json\/wp\/v2\/pages\/1511"}],"collection":[{"href":"http:\/\/relaunch.galerie-obrist.de\/ru\/wp-json\/wp\/v2\/pages"}],"about":[{"href":"http:\/\/relaunch.galerie-obrist.de\/ru\/wp-json\/wp\/v2\/types\/page"}],"author":[{"embeddable":true,"href":"http:\/\/relaunch.galerie-obrist.de\/ru\/wp-json\/wp\/v2\/users\/2"}],"replies":[{"embeddable":true,"href":"http:\/\/relaunch.galerie-obrist.de\/ru\/wp-json\/wp\/v2\/comments?post=1511"}],"version-history":[{"count":66,"href":"http:\/\/relaunch.galerie-obrist.de\/ru\/wp-json\/wp\/v2\/pages\/1511\/revisions"}],"predecessor-version":[{"id":9763,"href":"http:\/\/relaunch.galerie-obrist.de\/ru\/wp-json\/wp\/v2\/pages\/1511\/revisions\/9763"}],"up":[{"embeddable":true,"href":"http:\/\/relaunch.galerie-obrist.de\/ru\/wp-json\/wp\/v2\/pages\/1127"}],"wp:attachment":[{"href":"http:\/\/relaunch.galerie-obrist.de\/ru\/wp-json\/wp\/v2\/media?parent=1511"}],"curies":[{"name":"wp","href":"https:\/\/api.w.org\/{rel}","templated":true}]}}