{"id":1475,"date":"2011-04-19T22:39:57","date_gmt":"2011-04-19T20:39:57","guid":{"rendered":"http:\/\/blog.gam-essen.de\/?page_id=1475"},"modified":"2023-10-11T17:52:44","modified_gmt":"2023-10-11T15:52:44","slug":"paas","status":"publish","type":"page","link":"http:\/\/relaunch.galerie-obrist.de\/ru\/artists\/paas\/","title":{"rendered":"J\u00fcrgen Paas"},"content":{"rendered":"<p><b>WERKE<\/b><\/p>\n<div class=\"woocommerce columns-4 \"><ul class=\"products columns-4\">\n<li class=\"product type-product post-13933 status-publish first instock product_cat-malerei product_cat-luxembourg-art-week-2023 product_tag-juergen-paas has-post-thumbnail product-type-simple\">\n\t\n\n\n\n<\/li>\n<li class=\"product type-product post-13930 status-publish instock product_cat-malerei product_cat-luxembourg-art-week-2023 product_tag-juergen-paas has-post-thumbnail product-type-simple\">\n\t\n\n\n\n<\/li>\n<li class=\"product type-product post-13925 status-publish instock product_cat-malerei product_cat-luxembourg-art-week-2023 product_tag-juergen-paas has-post-thumbnail product-type-simple\">\n\t\n\n\n\n<\/li>\n<li class=\"product type-product post-13739 status-publish last instock product_cat-malerei product_cat-paas2023 product_tag-juergen-paas has-post-thumbnail product-type-simple\">\n\t\n\n\n\n<\/li>\n<li class=\"product type-product post-13736 status-publish first instock product_cat-malerei product_cat-paas2023 product_tag-juergen-paas has-post-thumbnail product-type-simple\">\n\t\n\n\n\n<\/li>\n<li class=\"product type-product post-13748 status-publish instock product_cat-malerei product_cat-paas2023 product_tag-juergen-paas has-post-thumbnail product-type-simple\">\n\t\n\n\n\n<\/li>\n<li class=\"product type-product post-13759 status-publish instock product_cat-malerei product_cat-paas2023 product_tag-juergen-paas has-post-thumbnail product-type-simple\">\n\t\n\n\n\n<\/li>\n<li class=\"product type-product post-13754 status-publish last instock product_cat-malerei product_cat-paas2023 product_tag-juergen-paas has-post-thumbnail product-type-simple\">\n\t\n\n\n\n<\/li>\n<\/ul>\n<\/div>\n<p>AUSSTELLUNGEN<br \/>\n<!-- Page-list plugin v.5.6 wordpress.org\/plugins\/page-list\/ -->\n<ul class=\"page-list \">\n<li class=\"page_item page-item-13707\"><a href=\"http:\/\/relaunch.galerie-obrist.de\/ru\/artists\/paas\/paas2023\/\">J\u00fcrgen Paas. NEON (2023)<\/a><\/li>\n<li class=\"page_item page-item-11815\"><a href=\"http:\/\/relaunch.galerie-obrist.de\/ru\/artists\/paas\/paas2021\/\">J\u00fcrgen Paas. United Colours (2021)<\/a><\/li>\n<li class=\"page_item page-item-9788\"><a href=\"http:\/\/relaunch.galerie-obrist.de\/ru\/artists\/paas\/paas2019\/\">J\u00fcrgen Paas &#8211; Plaste &#038; Elaste (2019)<\/a><\/li>\n<li class=\"page_item page-item-5651\"><a href=\"http:\/\/relaunch.galerie-obrist.de\/ru\/artists\/paas\/paas2017\/\">J\u00fcrgen Paas &#8211; Jukebox (2017)<\/a><\/li>\n<li class=\"page_item page-item-4678\"><a href=\"http:\/\/relaunch.galerie-obrist.de\/ru\/artists\/paas\/paas2015\/\">J\u00fcrgen Paas &#8211; BlinkyBlinky (2015)<\/a><\/li>\n<li class=\"page_item page-item-3795\"><a href=\"http:\/\/relaunch.galerie-obrist.de\/ru\/artists\/paas\/paas2014\/\">EDGES &#8211; Bodo Korsig, J\u00fcrgen Paas, Dirk Salz (2014)<\/a><\/li>\n<li class=\"page_item page-item-3037\"><a href=\"http:\/\/relaunch.galerie-obrist.de\/ru\/artists\/paas\/paas2013\/\">J\u00fcrgen Paas: SPUTNIK I und II (2013)<\/a><\/li>\n<li class=\"page_item page-item-2704\"><a href=\"http:\/\/relaunch.galerie-obrist.de\/ru\/artists\/paas\/paas2011\/\">J\u00fcrgen Paas: POPPLANET (2011)<\/a><\/li>\n\n<\/ul><\/p>\n<p><b>BIOGRAFIE<\/b><\/p>\n<p>J\u00fcrgen Paas<br \/>\n1958 in Krefeld geboren, lebt und arbeitet in Essen<\/p>\n<p>1981 \u2013 87 Studium an der Hochschule Essen bei L\u00e1szl\u00f3 Lakner, Rudolf Vombeck und Franz Rudolf Knubel<br \/>\n1991 \u2013 92 Studium an der \u00c9cole Nationale Sup\u00e9rieure des Beaux-Arts, Paris<br \/>\n2001 Lehrauftrag f\u00fcr Malerei am Institut f\u00fcr Kunst und ihre Didaktik an der Universit\u00e4t Dortmund<br \/>\n1995 \u2013 2002 Lehrauftrag f\u00fcr Bildnerische Experimente an der Hochschule Essen<br \/>\n2002 \u2013 03 Professur f\u00fcr Malerei am Institut f\u00fcr Kunst und ihre Kunsttheorie an der Universit\u00e4t K\u00f6ln<\/span><\/p>\n<p><span lang=\"de\">PREISE UND STIPENDIEN<\/span><\/p>\n<p><span lang=\"de\">1989 Arbeitsstipendium des Deutsch-Franz\u00f6sischen Jugendwerks<br \/>\n1991 \u2013 92 DAAD \u2013 Jahresstipendium, Frankreich<br \/>\n1992 Malerei \u2013 Preis der Ursula-Bickle-Stiftung, Kraichtal und Wien<br \/>\n1996 Stipendium der Studienstiftung des Deutschen Volkes f\u00fcr das Studienzentrum Venedig<br \/>\n1997 TRANSFER \u2013 Stipendium des Landes NRW<br \/>\n1999 Stiftung Cit\u00e9 International des Arts, Paris<br \/>\n2000 Formprinzip Farbe \u2013 Preis der Volksbank Gelsenkirchen f\u00fcr Malerei<br \/>\n2005 Arbeitsstipendium Hooksiel<br \/>\n2006 Sickingen Kunstpreis \u2013 Preis des Landkreises Kaiserslautern f\u00fcr Malerei<br \/>\n2012 Arbeitsstipendium des Landes Mecklenburg-Vorpommern<\/p>\n<p>EINZELAUSSTELLUNGEN<\/p>\n<p>\n2023<br \/>\nNEON, Galerie Obrist, Essen<\/p>\n<p>2022<br \/>\nMINIMAL 1 (m. Bodo Korsig u. Hans Sch\u00fcle), Galerie KunstKontor, N\u00fcrnberg<br \/>\nPRIME TIME (m. Willi Siber), Stern-Wywiol Galerie, Hamburg<br \/>\nBLURB!, Kunstverein W\u00fcrzburg<br \/>\nCOLLECTORS LOUNGE, Galerie Obrist, Essen<br \/>\nCROMATIC PERSPECTIVE (m. Wolfgang Flad u. Hans Kotter), Kunstraum Villa Friede, Bonn-Mehlem<br \/>\nPLAY OF COLORS, DEJI ART MUSEUM, NANJING (CHINA)<br \/>\nREBOOT (m. Bodo Korsig), GPLCONTEMPORARY, WIEN (\u00d6STERREICH)<\/p>\n<p>2021<br \/>\nUnited Colours, Galerie Obrist, Essen<br \/>\nConey Island Baby, Galerie Bernd Lausberg, Du\u0308sseldorf<br \/>\nCROSS OVER III, (m. Peter Schl\u00f6r) FORYOUANDYOURCUSTOMERS, Essen<br \/>\nCRUNCH TIME, (m. Dirk Salz) Heitsch Gallery, M\u00fcnchen<\/p>\n<p>2020<br \/>\nVERTIGO, Galerie Robert Drees Hannover<br \/>\nCROSS OVER II, (m. Peter Schl\u00f6r) FORYOUANDYOURCUSTOMERS, Essen<br \/>\nWALK THE LINE, GPLcontemporary, Vienna (Austria)<br \/>\nConcerto, +BASEMENT GALLERY, Essen<\/p>\n<p>2019<br \/>\nPlaste &#038; Elaste, Galerie Obrist, Essen*<br \/>\nNeue Galerie Landshut*<br \/>\nHeitsch Gallery, M\u00fcnchen*<br \/>\nStern-Wywiol Galerie, Hamburg*<br \/>\nKunsthaus Rehau*<br \/>\nKunststation Kleinsassen*<\/p>\n<p>2018<br \/>\nWONDERWHEEL, Galerie Bernd A. Lausberg, D\u00fcsseldorf*<br \/>\nCOLDPLAY (m. Ottmar H\u00f6rl), SCHMALFUSS BERLIN CONTEMPORARY FINE ART*<br \/>\nTARGET&#038;JUKEBOX, Kunstverein Region Heinsberg* <br \/>\nReflected Light \u2013 Broken colors, HEITSCH GALLERY, M\u00fcnchen*<br \/>\nJUKEBOX.Reloaded, Mannheimer Kunstverein* <br \/>\n\u2013ZWEI\u2013 (m. Reiner Seliger), Galerie Linde Hollinger, Ladenburg*<br \/>\nIn the Material (m. J\u00fcrgen Jansen), GALERIE MICHAEL W. SCHMALFUSS, Marburg*<\/p>\n<p>2017<br \/>\nJUKEBOX, Galerie Obrist, Essen*<br \/>\nDer bewegte Moment (m. Michael Ecker u. Erwin Herbst), Kunstverein Bad Nauheim<br \/>\nUnder Construction, FORYOUANDYOURCUSTOMERS, Amsterdam (NL)<br \/>\nBASEMENT, Galerie Obrist, Essen<br \/>\nFarbrausch (m. Dieter Balzer u. Willi Siber), Stern-Wywiol Galerie, Hamburg<\/p>\n<p>2016<br \/>\nFlashback, KUNSTRAUMNO.10, M\u00f6nchengladbach*<br \/>\nTargets, Galerie Peithner-Lichtenfels, Wien<br \/>\nExpect the unexpected (m. B. Korsig), Galerie Schmalfuss, Berlin<br \/>\nScreenshots, Galerie Bernd A. Lausberg, D\u00fcsseldorf<br \/>\nSoundmix, FORYOUANDYOURCUSTOMERS, D\u00fcsseldorf<br \/>\nFarewell&#8230; , (m. L. Grave), ZWEIGSTELLE BERLIN<\/p>\n<p>2015<br \/>\nHULLAHOOP, Stern-Wywiol Galerie, Hamburg*<br \/>\nBlinkyBlinky, Galerie Obrist, Essen<br \/>\nMinimals (m. V. Hulik u. R. Roy), Galerie Linde Hollinger, Ladenburg<br \/>\nSpring, Galerie Wolfrum, Wien<br \/>\n2014<br \/>\nSoundtracks, A | B | Contemporary Armin Berger Gallery, Z\u00fcrich<br \/>\nMinimale Signale, Villa Stahmer, Georgsmarienh\u00fctte<br \/>\nBlack Square Series, Ey-5, Galerie Obrist, D\u00fcsseldorf*<br \/>\nRed Disk &#8211; Black Book, Galerie Peithner Lichtenfels, Wien<br \/>\nSlow Motion, Galerie Bernd A. Lausberg, D\u00fcsseldorf<br \/>\nINTERMEZZO. Week-end \u00e0 Paris, Galerie Obrist Contemporary, Paris<br \/>\n2013<br \/>\nMissing Colors, A | B | Contemporary Armin Berger Gallery, Z\u00fcrich*<br \/>\nSputnik II, Ey-5, Galerie Obrist, D\u00fcsseldorf*<br \/>\nSputnik I, Galerie Obrist, Essen*<br \/>\n(P)review, Zweigstelle, Berlin*<br \/>\n2012<br \/>\nRHEINFARBEN, Museum Katharinenhof, Kranenburg<br \/>\nBLUE MOON, cor galerie z\u00fcrich<br \/>\nWUNDERBAR, Galerie Lausberg, D\u00fcsseldorf<br \/>\n3DIMENSION, Galerie Linde Hollinger, Ladenburg<br \/>\nHELLOWEEN, Galerie Peithner-Lichtenfels, Wien<br \/>\nFEHLFARBEN, Galerie Walzinger, Saarlouis<br \/>\n2011<br \/>\nPOPPLANET, Galerie Obrist am Museum, Essen*<br \/>\nGalerie Linde Hollinger<br \/>\nPolychromes, Kunstverein Speyer*<br \/>\n2010<br \/>\nIn the presence of an original &#8211; Squares, Circles, Loops and Dots, Lausberg Contemporary, Toronto*<br \/>\nShort Cuts, Zweigstelle, Berlin*<br \/>\n2009<br \/>\ncrossover, winterquartier im refugium 2, Berlin<br \/>\nHyperarchiv, Kunstverein Ruhr, Essen*<br \/>\nDisplay, Kunstraum Westend, Frankfurt\/M.<br \/>\nPlaytime, Galerie Contemporaneum, Trier*<br \/>\n2008<br \/>\nOrange, Hellblau und Schwarz, KUNSTRAUMNO.10, M\u00f6nchengladbach<br \/>\nPOP, Galerie Bengelstr\u00e4ter, Iserlohn u. D\u00fcsseldorf<br \/>\nBlaue B\u00fccher und andere Farben, Kunstverein Bruchsal<br \/>\nFlammende Herzen, Galerie Bernd A. Lausberg, D\u00fcsseldorf<br \/>\nKINO, Galerie Christian Fochem, Krefeld<br \/>\n2007<br \/>\nKreise ziehen, Galerie Linde Hollinger, Ladenburg<br \/>\nBlack Circle, Galerie Garanin\/Raum3, Essen<br \/>\nHELIX I u. II, NEUES PROBLEM BERLIN<br \/>\n2006<br \/>\nIndex, Kunsthalle Bremerhaven*<br \/>\nBilder f\u00fcr VG, Galerie Vordemberge-Gildewart, Osnabr\u00fcck<br \/>\nBlack Box, Kunstverein Schwerte<br \/>\n2005<br \/>\nBlack Square, Galerie Garanin\/Raum3, Essen<br \/>\nEcken und Kanten, Galerie Christian Fochem, Krefeld<br \/>\nRom-Venedig-Hooksiel, Kunstraum Hooksiel*<br \/>\n2004<br \/>\nKrefelder H\u00e4ngung, Kunstverein Krefeld*<br \/>\nColourcube I Galerie Ortart, N\u00fcrnberg<br \/>\nColourcube II, Galerie Angelo Falzone, Mannheim<br \/>\nFettes Rot, Galerie Bernd A. Lausberg, D\u00fcsseldorf<br \/>\n2003<br \/>\nFarbarbeiten, Alte Reichsabtei &#8211; Sammlung Kunst aus Nordrhein-Westfalen, Aachen-Kornelim\u00fcnster*<br \/>\nAuf keinen Fall ein Blumenstilleben, Galerie Bernd A. Lausberg, D\u00fcsseldorf<br \/>\nNeue Farbarbeiten, Art Studio 1, Deinste<br \/>\nFarbe-Material-Raum, Galerie Brhel, Schwerin<br \/>\nAichachplateau, Kunstverein Aichach*<br \/>\nF\u00fcnfzig Farben, Kunstverein Heinsberg*<br \/>\nGaraninarchiv, Galerie Garanin, Berlin<br \/>\n2002<br \/>\nM\u00fclheimblock, Museum der Stadt M\u00fclheim*<br \/>\nMalerei, Galerie Hellebrand, Duisburg<br \/>\nJeu de couleur, Galerie januar, Bochum<br \/>\nJeu des carr\u00e9, Galerie Angelo Falzone, Mannheim<br \/>\n2001<br \/>\nDekalog, Raum3, Essen<br \/>\nRot-Gelb-Blau, Galerie S., Aachen*<br \/>\nIn Betweens, (m. Th. Deyle) Galerie Garanin, Berlin*<br \/>\nSchildern, Demmel Kunstprojekte, Osnabr\u00fcck*<br \/>\n2000<br \/>\nBarock, Galerie Christian Fochem, Krefeld<br \/>\nReminiszenzen I, Kunstverein Siegen*<br \/>\nReminiszenzen II, Kunstverein Ahlen*<br \/>\nFarbarchive, St\u00e4dt. Galerie Mainz<br \/>\nHere I am, Galerie Garanin, Berlin<br \/>\n1999<br \/>\nEin wei\u00dfer leerer Raum, Kunstverein Unna*<br \/>\nFriedberger H\u00e4ngung, Kunstverein Friedberg*<br \/>\nOsnabr\u00fccker Attit\u00fcde, Galerie Kaumk\u00f6tter und Partner, Osnabr\u00fcck<\/p>\n<p>\n","protected":false},"excerpt":{"rendered":"<p>WERKE AUSSTELLUNGEN BIOGRAFIE J\u00fcrgen Paas 1958 in Krefeld geboren, lebt und arbeitet in Essen 1981 \u2013 87 Studium an der Hochschule Essen bei L\u00e1szl\u00f3 Lakner, Rudolf Vombeck und Franz Rudolf Knubel 1991 \u2013 92 Studium an der \u00c9cole Nationale Sup\u00e9rieure des Beaux-Arts, Paris 2001 Lehrauftrag f\u00fcr Malerei am Institut f\u00fcr Kunst und ihre Didaktik an &hellip; <\/p>\n<p class=\"link-more\"><a href=\"http:\/\/relaunch.galerie-obrist.de\/ru\/artists\/paas\/\" class=\"more-link\">Read more<span class=\"screen-reader-text\"> &#8220;J\u00fcrgen Paas&#8221;<\/span><\/a><\/p>\n","protected":false},"author":2,"featured_media":9058,"parent":1127,"menu_order":0,"comment_status":"open","ping_status":"closed","template":"","meta":{"footnotes":""},"translation":{"provider":"WPGlobus","version":"2.12.2","language":"ru","enabled_languages":["de","en","ru"],"languages":{"de":{"title":true,"content":true,"excerpt":false},"en":{"title":true,"content":true,"excerpt":false},"ru":{"title":false,"content":false,"excerpt":false}}},"featured_media_urls":{"thumbnail":["http:\/\/relaunch.galerie-obrist.de\/wp-content\/uploads\/2019\/02\/03.PAAS_Mannheimer_Kunstverein\u00a9F.B.Napierala-150x150.png",150,150,true],"medium":["http:\/\/relaunch.galerie-obrist.de\/wp-content\/uploads\/2019\/02\/03.PAAS_Mannheimer_Kunstverein\u00a9F.B.Napierala-432x300.png",432,300,true],"medium_large":["http:\/\/relaunch.galerie-obrist.de\/wp-content\/uploads\/2019\/02\/03.PAAS_Mannheimer_Kunstverein\u00a9F.B.Napierala-768x534.png",768,534,true],"large":["http:\/\/relaunch.galerie-obrist.de\/wp-content\/uploads\/2019\/02\/03.PAAS_Mannheimer_Kunstverein\u00a9F.B.Napierala-1024x712.png",950,661,true],"1536x1536":["http:\/\/relaunch.galerie-obrist.de\/wp-content\/uploads\/2019\/02\/03.PAAS_Mannheimer_Kunstverein\u00a9F.B.Napierala.png",1305,907,false],"2048x2048":["http:\/\/relaunch.galerie-obrist.de\/wp-content\/uploads\/2019\/02\/03.PAAS_Mannheimer_Kunstverein\u00a9F.B.Napierala.png",1305,907,false],"inspiro-featured-image":["http:\/\/relaunch.galerie-obrist.de\/wp-content\/uploads\/2019\/02\/03.PAAS_Mannheimer_Kunstverein\u00a9F.B.Napierala.png",1305,907,false],"inspiro-loop":["http:\/\/relaunch.galerie-obrist.de\/wp-content\/uploads\/2019\/02\/03.PAAS_Mannheimer_Kunstverein\u00a9F.B.Napierala.png",460,320,false],"inspiro-loop@2x":["http:\/\/relaunch.galerie-obrist.de\/wp-content\/uploads\/2019\/02\/03.PAAS_Mannheimer_Kunstverein\u00a9F.B.Napierala.png",921,640,false],"woocommerce_thumbnail":["http:\/\/relaunch.galerie-obrist.de\/wp-content\/uploads\/2019\/02\/03.PAAS_Mannheimer_Kunstverein\u00a9F.B.Napierala-300x300.png",300,300,true],"woocommerce_single":["http:\/\/relaunch.galerie-obrist.de\/wp-content\/uploads\/2019\/02\/03.PAAS_Mannheimer_Kunstverein\u00a9F.B.Napierala-600x417.png",600,417,true],"woocommerce_gallery_thumbnail":["http:\/\/relaunch.galerie-obrist.de\/wp-content\/uploads\/2019\/02\/03.PAAS_Mannheimer_Kunstverein\u00a9F.B.Napierala-100x100.png",100,100,true],"portfolio_item-thumbnail":["http:\/\/relaunch.galerie-obrist.de\/wp-content\/uploads\/2019\/02\/03.PAAS_Mannheimer_Kunstverein\u00a9F.B.Napierala.png",576,400,false],"portfolio_item-thumbnail@2x":["http:\/\/relaunch.galerie-obrist.de\/wp-content\/uploads\/2019\/02\/03.PAAS_Mannheimer_Kunstverein\u00a9F.B.Napierala.png",1151,800,false],"portfolio_item-masonry":["http:\/\/relaunch.galerie-obrist.de\/wp-content\/uploads\/2019\/02\/03.PAAS_Mannheimer_Kunstverein\u00a9F.B.Napierala.png",600,417,false],"portfolio_item-masonry@2x":["http:\/\/relaunch.galerie-obrist.de\/wp-content\/uploads\/2019\/02\/03.PAAS_Mannheimer_Kunstverein\u00a9F.B.Napierala.png",1200,834,false],"portfolio_item-thumbnail_cinema":["http:\/\/relaunch.galerie-obrist.de\/wp-content\/uploads\/2019\/02\/03.PAAS_Mannheimer_Kunstverein\u00a9F.B.Napierala.png",482,335,false],"portfolio_item-thumbnail_portrait":["http:\/\/relaunch.galerie-obrist.de\/wp-content\/uploads\/2019\/02\/03.PAAS_Mannheimer_Kunstverein\u00a9F.B.Napierala.png",600,417,false],"portfolio_item-thumbnail_portrait@2x":["http:\/\/relaunch.galerie-obrist.de\/wp-content\/uploads\/2019\/02\/03.PAAS_Mannheimer_Kunstverein\u00a9F.B.Napierala.png",1200,834,false],"portfolio_item-thumbnail_square":["http:\/\/relaunch.galerie-obrist.de\/wp-content\/uploads\/2019\/02\/03.PAAS_Mannheimer_Kunstverein\u00a9F.B.Napierala.png",800,556,false]},"_links":{"self":[{"href":"http:\/\/relaunch.galerie-obrist.de\/ru\/wp-json\/wp\/v2\/pages\/1475"}],"collection":[{"href":"http:\/\/relaunch.galerie-obrist.de\/ru\/wp-json\/wp\/v2\/pages"}],"about":[{"href":"http:\/\/relaunch.galerie-obrist.de\/ru\/wp-json\/wp\/v2\/types\/page"}],"author":[{"embeddable":true,"href":"http:\/\/relaunch.galerie-obrist.de\/ru\/wp-json\/wp\/v2\/users\/2"}],"replies":[{"embeddable":true,"href":"http:\/\/relaunch.galerie-obrist.de\/ru\/wp-json\/wp\/v2\/comments?post=1475"}],"version-history":[{"count":46,"href":"http:\/\/relaunch.galerie-obrist.de\/ru\/wp-json\/wp\/v2\/pages\/1475\/revisions"}],"predecessor-version":[{"id":13728,"href":"http:\/\/relaunch.galerie-obrist.de\/ru\/wp-json\/wp\/v2\/pages\/1475\/revisions\/13728"}],"up":[{"embeddable":true,"href":"http:\/\/relaunch.galerie-obrist.de\/ru\/wp-json\/wp\/v2\/pages\/1127"}],"wp:featuredmedia":[{"embeddable":true,"href":"http:\/\/relaunch.galerie-obrist.de\/ru\/wp-json\/wp\/v2\/media\/9058"}],"wp:attachment":[{"href":"http:\/\/relaunch.galerie-obrist.de\/ru\/wp-json\/wp\/v2\/media?parent=1475"}],"curies":[{"name":"wp","href":"https:\/\/api.w.org\/{rel}","templated":true}]}}