{"id":12993,"date":"2023-03-02T13:47:16","date_gmt":"2023-03-02T12:47:16","guid":{"rendered":"http:\/\/relaunch.galerie-obrist.de\/?page_id=12993"},"modified":"2023-08-31T14:38:40","modified_gmt":"2023-08-31T12:38:40","slug":"reijgers","status":"publish","type":"page","link":"http:\/\/relaunch.galerie-obrist.de\/ru\/artists\/reijgers\/","title":{"rendered":"Sander Reijgers"},"content":{"rendered":"<p><b>WERKE<\/b><\/p>\n<div class=\"woocommerce columns-4 \"><ul class=\"products columns-4\">\n<li class=\"product type-product post-13273 status-publish first instock product_cat-artkarlsruhe2023 product_cat-malerei product_tag-sander-reijgers has-post-thumbnail purchasable product-type-simple\">\n\t\n\n\n\n<\/li>\n<li class=\"product type-product post-13271 status-publish instock product_cat-artkarlsruhe2023 product_cat-malerei product_tag-sander-reijgers has-post-thumbnail purchasable product-type-simple\">\n\t\n\n\n\n<\/li>\n<li class=\"product type-product post-13269 status-publish instock product_cat-artkarlsruhe2023 product_cat-malerei product_tag-sander-reijgers has-post-thumbnail purchasable product-type-simple\">\n\t\n\n\n\n<\/li>\n<li class=\"product type-product post-13267 status-publish last instock product_cat-artkarlsruhe2023 product_cat-malerei product_cat-collectors-lounge-2023 product_tag-sander-reijgers has-post-thumbnail purchasable product-type-simple\">\n\t\n\n\n\n<\/li>\n<li class=\"product type-product post-13265 status-publish first instock product_cat-artkarlsruhe2023 product_cat-malerei product_tag-sander-reijgers has-post-thumbnail purchasable product-type-simple\">\n\t\n\n\n\n<\/li>\n<li class=\"product type-product post-13250 status-publish instock product_cat-malerei product_cat-reijgers2023 product_tag-sander-reijgers has-post-thumbnail purchasable product-type-simple\">\n\t\n\n\n\n<\/li>\n<li class=\"product type-product post-13256 status-publish instock product_cat-malerei product_cat-reijgers2023 product_tag-sander-reijgers has-post-thumbnail purchasable product-type-simple\">\n\t\n\n\n\n<\/li>\n<li class=\"product type-product post-13173 status-publish last instock product_cat-plastik product_cat-reijgers2023 product_tag-sander-reijgers has-post-thumbnail purchasable product-type-simple\">\n\t\n\n\n\n<\/li>\n<\/ul>\n<\/div>\n<p><b>CV<\/b><\/p>\n<p>Sander Reijgers<br \/>\n*1977, Alphen aan den Rijn, Niederlande<br \/>\nLebt und arbeitet in Zeist, Niederlande<br \/>\n2014 Lehrer f\u00fcr Bildende Kunst; Grad. 1, HKU, Utrecht, Niederlande<br \/>\n2006 BFA, HKU, Utrecht, Niederlande<\/p>\n<p><a href=\"https:\/\/www.sanderreigers.nl\" target=\"_blank\" rel=\"noopener noreferrer\">Sander Reijgers &#8211; Website<\/a><\/p>\n<p>Schicht, nach Schicht, nach Schicht, nach Schicht \u2026\u2026..<br \/>\nSander Reijgers ist fasziniert vom Material und der malerischen Handlung. Unger\u00fchrt tr\u00e4gt er die Farbschichten auf und ist nur durch die Zeit (die Farbe muss zwischendurch trocknen) und durch die Farbform begrenzt.<br \/>\nReijgers verfolgt diesen Prozess geduldig und ist fast seiner eigenen Arbeit unterworfen. Die Farbe folgt dem Akt und der Farbrolle, mit der sie aufgetragen wird. Ganz organisch entstehen scheinbar monochrome Kompositionen, die ihre satten Farbt\u00f6ne exakt zur Geltung bringen, weil unter der oberen Schicht unz\u00e4hlige weitere Schichten zum Vorschein kommen. Sie sind teilweise durch die L\u00f6cher sichtbar, die der Farbroller auf der Leinwand hinterlassen hat. Dar\u00fcber hinaus ergibt sich die Struktur der Leinwand vollst\u00e4ndig und autonom aus der endlosen Wiederholung des Akts.<br \/>\nBeulen, Farbklumpen, alles ist m\u00f6glich, solange es aus dem Malakt entsteht.<br \/>\nAm Ende dieses Prozesses ist das Bild unabh\u00e4ngig vom Ersteller und vom Material.<br \/>\nDas Endergebnis scheint ein einfacher Akt zu sein, der bei n\u00e4herer Betrachtung sehr vielschichtig ist und monatelange Arbeit erfordert hat.<br \/>\n<em><small>Text von Jochem Rotteveel<\/em><\/small><\/p>\n<p>Die Gem\u00e4lde von Reijgers zeigen Farbfelder, die durch \u00dcbereinanderlegen von Farbschichten aufgebaut wurden. Bei dieser Methode steuert der K\u00fcnstler Respekt die Oberfl\u00e4che, das Farbmaterial, die Farbe und den Pinsel oder die Rolle mit \u00e4u\u00dferster Kontrolle. Indem er den Farbschichten eine bestimmte Trocknungszeit gibt, kann er ihre Reaktion auf die n\u00e4chste Schicht manipulieren. Auf diese Weise entsteht in einem kontrollierten Prozess die Haut des Gem\u00e4ldes, als w\u00e4re das Gem\u00e4lde ein wachsender Organismus. Die Vorderansicht der Leinwand zeigt diese Schichtung durch das Lichtspiel auf den fast beweglichen Farben; Farbpunkte und Kugeln, die dieses Farb- und Lichtspiel erzeugen, entstehen durch die regelm\u00e4\u00dfig gebrochene Farboberfl\u00e4che. Gleichzeitig ist die Tiefe der Bilder pr\u00e4sent, weil die verschiedenen Schichten an den R\u00e4ndern und an den Seiten der Leinwand sichtbar bleiben.<br \/>\nDer Prozess des Malens ist f\u00fcr den K\u00fcnstler eine bewusste Hingabe an Zeit und Handlung. Der Respekt vor der Art und Weise, wie das Material darauf reagiert, f\u00fchrt zu Strukturen, die aus der Beziehung zueinander entstehen. Und aus diesem Werdensprozess entsteht das Bild als autonomes Objekt. Sander Reijgers sieht diese Methode und die Hingabe daran als Widerstand gegen die Schnelligkeit und volatile Ergebnisorientierung der heutigen Gesellschaft.<br \/>\nDie Zeit, die ben\u00f6tigt wird, um zu einem guten Gem\u00e4lde zu kommen \u2013 und das k\u00f6nnen Jahre sein \u2013 erfordert Kontrolle und Ruhe.<br \/>\n<em><small>Text von MPV Gallery<\/em><\/small><\/p>\n<p><b>Einzelausstellungen<\/b><br \/>\n2023 Galerie Obrist, \u2018Past the closing time\u2019, Essen D<br \/>\n2017 Majke Husstege Projects, \u2018Resistance\u2019, s\u2019 Hertogenbosch<br \/>\n2016 Galerie Helder, \u2018Geschwitter\u2019, Den Haag<br \/>\n2011 Galerie LHGWR, \u2018Kunst hoort aan een spijker\u2019, Den Haag<br \/>\n2010 TAG\/Concrete, Amsterdam<br \/>\n2008 Galerie Kappur, \u2018Icons\u2019, Tilburg<\/p>\n<p><b>Gruppenausstellungen<\/b> (Auswahl)<br \/>\n2020 Horizonverticaal, \u201810 jaar HV\u2019, Haarlem<br \/>\n2020 Galerie Larik, \u2018Artistintheworld\u2019, Utrecht<br \/>\n2020 MPV Gallery, s\u2019Hertogenbosch<br \/>\n2020 Galerie Roger Katwijk, Amsterdam<br \/>\n2019 PAN Amsterdam, Galerie Roger Katwijk, Amsterdam<br \/>\n2019 WelikeArt, \u2018Pick Me\u2019 bij Collectie DE.GROEN, Arnhem<br \/>\n2019 MPV Gallery, \u2018Interlude\u2019, ism met Graphic Surgery and Mike Ballards, s\u2019 Hertogenbosch<br \/>\n2019 P60, \u2018Couleur Vague\u2019, Assen<br \/>\n2019 Kunst Rai, Galerie Roger Katwijk, Amsterdam<br \/>\n2019 Galerie Roger Katwijk, Amsterdam<br \/>\n2018 PAN Amsterdam, Galerie Roger Katwijk, Amsterdam<br \/>\n2018 KetelFactory, \u2018The eye is in the Centre \/ Magnify Me, Schiedam<br \/>\n2018 ARCO, gallery Jochen Hempel, Madrid, Spain<br \/>\n2018 Gallery ALSO, \u2018Barrier\u2019, Los Angeles, USA<br \/>\n2018 Studio Beige, Salon Salon, Rotterdam<br \/>\n2018 PHK18, \u2018Paint me a city\u2019, Rotterdam<br \/>\n2017 WelikeArt, \u2018Secret Postcard Sale, Amsterdam<br \/>\n2017 Galerie Roger Katwijk, \u2018Winter \/ X-mas show\u2019, Amsterdam<br \/>\n2017 Galerie Roger Katwijk, \u2018Revealing Contrasts\u2019, Amsterdam<br \/>\n2017 Galerie Jochen Hempel, \u2018Today\u2019, Leipzig, Germany<br \/>\n2017 ACEC, Abstract Wall Painting 3, Apeldoorn<br \/>\n2017 SBK Breda, \u2018Space of Time\u2019, Breda<br \/>\n2017 Art Rotterdam, We like art, Editions &#038; Multiples, Rotterdam<br \/>\n2017 Vishal, REGENERATE #2, A WAY OF SCREEN PRINTING, Haarlem<br \/>\n2017 Arti Capelli, \u2018what, but what\u2019, \u2019s-Hertogenbosch<br \/>\n2016 Art The Hague, Den Haag, Galerie Helder<br \/>\n2016 Galerie Helder, \u2018Geschwitter\u2019, Den Haag<br \/>\n2016 KunstRai, Galerie Helder, Amsterdam<br \/>\n2016 Rotterdam Contemporary Artfair, Galerie Helder, Rotterdam<br \/>\n2015 Nieuwe Vide, Haarlem<br \/>\n2015 Art The Hague, Galerie Helder, Den Haag<br \/>\n2015 KunstRai, Galerie Helder, Amsterdam<br \/>\n2015 Rotterdam Contemporary Artfair, Galerie Helder<br \/>\n2014 Art The Hague, Galerie Helder, Den Haag<br \/>\n2014 Galerie Helder, Everything at it\u2019s right place, Den Haag<br \/>\n2014 KunstRai, Galerie Helder, Amsterdam<\/p>\n","protected":false},"excerpt":{"rendered":"<p>WERKE CV Sander Reijgers *1977, Alphen aan den Rijn, Niederlande Lebt und arbeitet in Zeist, Niederlande 2014 Lehrer f\u00fcr Bildende Kunst; Grad. 1, HKU, Utrecht, Niederlande 2006 BFA, HKU, Utrecht, Niederlande Sander Reijgers &#8211; Website Schicht, nach Schicht, nach Schicht, nach Schicht \u2026\u2026.. Sander Reijgers ist fasziniert vom Material und der malerischen Handlung. Unger\u00fchrt tr\u00e4gt &hellip; <\/p>\n<p class=\"link-more\"><a href=\"http:\/\/relaunch.galerie-obrist.de\/ru\/artists\/reijgers\/\" class=\"more-link\">Read more<span class=\"screen-reader-text\"> &#8220;Sander Reijgers&#8221;<\/span><\/a><\/p>\n","protected":false},"author":2,"featured_media":12994,"parent":1127,"menu_order":0,"comment_status":"closed","ping_status":"closed","template":"","meta":{"footnotes":""},"translation":{"provider":"WPGlobus","version":"2.12.2","language":"ru","enabled_languages":["de","en","ru"],"languages":{"de":{"title":true,"content":true,"excerpt":false},"en":{"title":false,"content":true,"excerpt":false},"ru":{"title":false,"content":false,"excerpt":false}}},"featured_media_urls":{"thumbnail":["http:\/\/relaunch.galerie-obrist.de\/wp-content\/uploads\/2023\/03\/IMG_3135-150x150.jpg",150,150,true],"medium":["http:\/\/relaunch.galerie-obrist.de\/wp-content\/uploads\/2023\/03\/IMG_3135-450x300.jpg",450,300,true],"medium_large":["http:\/\/relaunch.galerie-obrist.de\/wp-content\/uploads\/2023\/03\/IMG_3135-768x512.jpg",768,512,true],"large":["http:\/\/relaunch.galerie-obrist.de\/wp-content\/uploads\/2023\/03\/IMG_3135-1024x683.jpg",950,634,true],"1536x1536":["http:\/\/relaunch.galerie-obrist.de\/wp-content\/uploads\/2023\/03\/IMG_3135-1536x1024.jpg",1536,1024,true],"2048x2048":["http:\/\/relaunch.galerie-obrist.de\/wp-content\/uploads\/2023\/03\/IMG_3135-2048x1365.jpg",2048,1365,true],"inspiro-featured-image":["http:\/\/relaunch.galerie-obrist.de\/wp-content\/uploads\/2023\/03\/IMG_3135-scaled.jpg",2000,1334,false],"inspiro-loop":["http:\/\/relaunch.galerie-obrist.de\/wp-content\/uploads\/2023\/03\/IMG_3135-scaled.jpg",480,320,false],"inspiro-loop@2x":["http:\/\/relaunch.galerie-obrist.de\/wp-content\/uploads\/2023\/03\/IMG_3135-scaled.jpg",960,640,false],"woocommerce_thumbnail":["http:\/\/relaunch.galerie-obrist.de\/wp-content\/uploads\/2023\/03\/IMG_3135-300x300.jpg",300,300,true],"woocommerce_single":["http:\/\/relaunch.galerie-obrist.de\/wp-content\/uploads\/2023\/03\/IMG_3135-600x400.jpg",600,400,true],"woocommerce_gallery_thumbnail":["http:\/\/relaunch.galerie-obrist.de\/wp-content\/uploads\/2023\/03\/IMG_3135-100x100.jpg",100,100,true],"portfolio_item-thumbnail":["http:\/\/relaunch.galerie-obrist.de\/wp-content\/uploads\/2023\/03\/IMG_3135-scaled.jpg",600,400,false],"portfolio_item-thumbnail@2x":["http:\/\/relaunch.galerie-obrist.de\/wp-content\/uploads\/2023\/03\/IMG_3135-scaled.jpg",1200,800,false],"portfolio_item-masonry":["http:\/\/relaunch.galerie-obrist.de\/wp-content\/uploads\/2023\/03\/IMG_3135-scaled.jpg",600,400,false],"portfolio_item-masonry@2x":["http:\/\/relaunch.galerie-obrist.de\/wp-content\/uploads\/2023\/03\/IMG_3135-scaled.jpg",1200,800,false],"portfolio_item-thumbnail_cinema":["http:\/\/relaunch.galerie-obrist.de\/wp-content\/uploads\/2023\/03\/IMG_3135-scaled.jpg",502,335,false],"portfolio_item-thumbnail_portrait":["http:\/\/relaunch.galerie-obrist.de\/wp-content\/uploads\/2023\/03\/IMG_3135-scaled.jpg",600,400,false],"portfolio_item-thumbnail_portrait@2x":["http:\/\/relaunch.galerie-obrist.de\/wp-content\/uploads\/2023\/03\/IMG_3135-scaled.jpg",1200,800,false],"portfolio_item-thumbnail_square":["http:\/\/relaunch.galerie-obrist.de\/wp-content\/uploads\/2023\/03\/IMG_3135-scaled.jpg",800,533,false]},"_links":{"self":[{"href":"http:\/\/relaunch.galerie-obrist.de\/ru\/wp-json\/wp\/v2\/pages\/12993"}],"collection":[{"href":"http:\/\/relaunch.galerie-obrist.de\/ru\/wp-json\/wp\/v2\/pages"}],"about":[{"href":"http:\/\/relaunch.galerie-obrist.de\/ru\/wp-json\/wp\/v2\/types\/page"}],"author":[{"embeddable":true,"href":"http:\/\/relaunch.galerie-obrist.de\/ru\/wp-json\/wp\/v2\/users\/2"}],"replies":[{"embeddable":true,"href":"http:\/\/relaunch.galerie-obrist.de\/ru\/wp-json\/wp\/v2\/comments?post=12993"}],"version-history":[{"count":15,"href":"http:\/\/relaunch.galerie-obrist.de\/ru\/wp-json\/wp\/v2\/pages\/12993\/revisions"}],"predecessor-version":[{"id":13579,"href":"http:\/\/relaunch.galerie-obrist.de\/ru\/wp-json\/wp\/v2\/pages\/12993\/revisions\/13579"}],"up":[{"embeddable":true,"href":"http:\/\/relaunch.galerie-obrist.de\/ru\/wp-json\/wp\/v2\/pages\/1127"}],"wp:featuredmedia":[{"embeddable":true,"href":"http:\/\/relaunch.galerie-obrist.de\/ru\/wp-json\/wp\/v2\/media\/12994"}],"wp:attachment":[{"href":"http:\/\/relaunch.galerie-obrist.de\/ru\/wp-json\/wp\/v2\/media?parent=12993"}],"curies":[{"name":"wp","href":"https:\/\/api.w.org\/{rel}","templated":true}]}}