{"id":11758,"date":"2021-09-26T23:32:04","date_gmt":"2021-09-26T21:32:04","guid":{"rendered":"http:\/\/relaunch.galerie-obrist.de\/?page_id=11758"},"modified":"2021-09-26T23:32:53","modified_gmt":"2021-09-26T21:32:53","slug":"salz2021","status":"publish","type":"page","link":"http:\/\/relaunch.galerie-obrist.de\/ru\/artists\/salz\/salz2021\/","title":{"rendered":"Dirk Salz. Every Colour You Are (2021)"},"content":{"rendered":"<p>Reihe PR\u00c4SENZ:<br \/>\nDIRK SALZ &#8211; EVERY COLOUR YOU ARE<br \/>\nEr\u00f6ffnung Freitag, 1. Oktober 2021, 19 Uhr<br \/>\n<a href=\"http:\/\/relaunch.galerie-obrist.de\/art2buy\/salz-every-colour-you-are\/\">Es erscheint ein Buch zur Ausstellung (Verlag Kettler).<\/a><br \/>\nDauer der Ausstellung: 2.-30. Oktober 2021<\/p>\n<p>In der zweiten Jahresh\u00e4lfte 2021 zeigt die Galerie unter dem Titel PR\u00c4SENZ drei K\u00fcnstler der Galerie, die schon l\u00e4nger mit der Galerie eng verbunden sind: J\u00fcrgen Jansen, Dirk Salz und J\u00fcrgen Paas. Das Augenmerk der Reihe richtet sich auf undigitalisierbare Werke, Kunst, die nur in der Pr\u00e4senz des Kunstobjektes und der physischen Anwesenheit des Betrachters angemessen erfahren werden kann. Im zweiten Teil der Reihe zeigen wir Dirk Salz, der in seinen Bildern mit vielen pigmentierten Schichten aus Epoxidharz arbeitet. &#8220;Schicht f\u00fcr Schicht entwickelt er aus der Materialit\u00e4t seiner unterschiedlichen Werkstoffe mit Pigmenten, Harzen, Aluminium oder Holz Bildobjekte, deren innere Unendlichkeit, Farbe und Licht sich gleicherma\u00dfen in einem Dialog mit den Betrachtern intensivieren.&#8221; (Dr. Gabriele Uelsberg)<br \/><a href=\"https:\/\/youtu.be\/Try_-kfiXD4\" target=\"_blank\" rel=\"noopener noreferrer\">Videoportrait von Dirk Salz<\/a><\/p>\n<p><img loading=\"lazy\" decoding=\"async\" src=\"http:\/\/relaunch.galerie-obrist.de\/wp-content\/uploads\/2020\/07\/Karte-Salz-www.jpg\" alt=\"\" width=\"1137\" height=\"647\" class=\"alignleft size-full wp-image-10559\" srcset=\"http:\/\/relaunch.galerie-obrist.de\/wp-content\/uploads\/2020\/07\/Karte-Salz-www.jpg 1137w, http:\/\/relaunch.galerie-obrist.de\/wp-content\/uploads\/2020\/07\/Karte-Salz-www-600x341.jpg 600w, http:\/\/relaunch.galerie-obrist.de\/wp-content\/uploads\/2020\/07\/Karte-Salz-www-450x256.jpg 450w, http:\/\/relaunch.galerie-obrist.de\/wp-content\/uploads\/2020\/07\/Karte-Salz-www-1024x583.jpg 1024w, http:\/\/relaunch.galerie-obrist.de\/wp-content\/uploads\/2020\/07\/Karte-Salz-www-768x437.jpg 768w\" sizes=\"(max-width: 1137px) 100vw, 1137px\" \/><\/p>\n<p><img loading=\"lazy\" decoding=\"async\" src=\"http:\/\/relaunch.galerie-obrist.de\/wp-content\/uploads\/2021\/01\/logo-nk.jpg\" alt=\"\" width=\"100\" height=\"100\" class=\"alignleft size-full wp-image-11325\" srcset=\"http:\/\/relaunch.galerie-obrist.de\/wp-content\/uploads\/2021\/01\/logo-nk-150x150.jpg 150w, http:\/\/relaunch.galerie-obrist.de\/wp-content\/uploads\/2021\/01\/logo-nk-300x300.jpg 300w, http:\/\/relaunch.galerie-obrist.de\/wp-content\/uploads\/2021\/01\/logo-nk-100x100.jpg 100w\" sizes=\"(max-width: 100px) 100vw, 100px\" \/><\/p>\n<p><img loading=\"lazy\" decoding=\"async\" src=\"http:\/\/relaunch.galerie-obrist.de\/wp-content\/uploads\/2021\/01\/logo-sk.jpg\" alt=\"\" width=\"200\" height=\"28\" class=\"alignleft size-full wp-image-11326\" srcset=\"http:\/\/relaunch.galerie-obrist.de\/wp-content\/uploads\/2021\/01\/logo-sk.jpg 969w, http:\/\/relaunch.galerie-obrist.de\/wp-content\/uploads\/2021\/01\/logo-sk-450x63.jpg 450w, http:\/\/relaunch.galerie-obrist.de\/wp-content\/uploads\/2021\/01\/logo-sk-768x107.jpg 768w, http:\/\/relaunch.galerie-obrist.de\/wp-content\/uploads\/2021\/01\/logo-sk-600x84.jpg 600w\" sizes=\"(max-width: 200px) 100vw, 200px\" \/><\/p>\n","protected":false},"excerpt":{"rendered":"<p>Reihe PR\u00c4SENZ: DIRK SALZ &#8211; EVERY COLOUR YOU ARE Er\u00f6ffnung Freitag, 1. Oktober 2021, 19 Uhr Es erscheint ein Buch zur Ausstellung (Verlag Kettler). Dauer der Ausstellung: 2.-30. Oktober 2021 In der zweiten Jahresh\u00e4lfte 2021 zeigt die Galerie unter dem Titel PR\u00c4SENZ drei K\u00fcnstler der Galerie, die schon l\u00e4nger mit der Galerie eng verbunden sind: &hellip; <\/p>\n<p class=\"link-more\"><a href=\"http:\/\/relaunch.galerie-obrist.de\/ru\/artists\/salz\/salz2021\/\" class=\"more-link\">Read more<span class=\"screen-reader-text\"> &#8220;Dirk Salz. Every Colour You Are (2021)&#8221;<\/span><\/a><\/p>\n","protected":false},"author":2,"featured_media":11742,"parent":3811,"menu_order":0,"comment_status":"closed","ping_status":"closed","template":"","meta":{"footnotes":""},"translation":{"provider":"WPGlobus","version":"2.12.2","language":"ru","enabled_languages":["de","en","ru"],"languages":{"de":{"title":true,"content":true,"excerpt":false},"en":{"title":false,"content":false,"excerpt":false},"ru":{"title":false,"content":false,"excerpt":false}}},"featured_media_urls":{"thumbnail":["http:\/\/relaunch.galerie-obrist.de\/wp-content\/uploads\/2021\/09\/img01-150x150.jpg",150,150,true],"medium":["http:\/\/relaunch.galerie-obrist.de\/wp-content\/uploads\/2021\/09\/img01-450x280.jpg",450,280,true],"medium_large":["http:\/\/relaunch.galerie-obrist.de\/wp-content\/uploads\/2021\/09\/img01-768x477.jpg",768,477,true],"large":["http:\/\/relaunch.galerie-obrist.de\/wp-content\/uploads\/2021\/09\/img01-1024x636.jpg",950,590,true],"1536x1536":["http:\/\/relaunch.galerie-obrist.de\/wp-content\/uploads\/2021\/09\/img01.jpg",1191,740,false],"2048x2048":["http:\/\/relaunch.galerie-obrist.de\/wp-content\/uploads\/2021\/09\/img01.jpg",1191,740,false],"inspiro-featured-image":["http:\/\/relaunch.galerie-obrist.de\/wp-content\/uploads\/2021\/09\/img01.jpg",1191,740,false],"inspiro-loop":["http:\/\/relaunch.galerie-obrist.de\/wp-content\/uploads\/2021\/09\/img01.jpg",515,320,false],"inspiro-loop@2x":["http:\/\/relaunch.galerie-obrist.de\/wp-content\/uploads\/2021\/09\/img01.jpg",1030,640,false],"woocommerce_thumbnail":["http:\/\/relaunch.galerie-obrist.de\/wp-content\/uploads\/2021\/09\/img01-300x300.jpg",300,300,true],"woocommerce_single":["http:\/\/relaunch.galerie-obrist.de\/wp-content\/uploads\/2021\/09\/img01-600x373.jpg",600,373,true],"woocommerce_gallery_thumbnail":["http:\/\/relaunch.galerie-obrist.de\/wp-content\/uploads\/2021\/09\/img01-100x100.jpg",100,100,true],"portfolio_item-thumbnail":["http:\/\/relaunch.galerie-obrist.de\/wp-content\/uploads\/2021\/09\/img01.jpg",600,373,false],"portfolio_item-thumbnail@2x":["http:\/\/relaunch.galerie-obrist.de\/wp-content\/uploads\/2021\/09\/img01.jpg",1191,740,false],"portfolio_item-masonry":["http:\/\/relaunch.galerie-obrist.de\/wp-content\/uploads\/2021\/09\/img01.jpg",600,373,false],"portfolio_item-masonry@2x":["http:\/\/relaunch.galerie-obrist.de\/wp-content\/uploads\/2021\/09\/img01.jpg",1191,740,false],"portfolio_item-thumbnail_cinema":["http:\/\/relaunch.galerie-obrist.de\/wp-content\/uploads\/2021\/09\/img01.jpg",539,335,false],"portfolio_item-thumbnail_portrait":["http:\/\/relaunch.galerie-obrist.de\/wp-content\/uploads\/2021\/09\/img01.jpg",600,373,false],"portfolio_item-thumbnail_portrait@2x":["http:\/\/relaunch.galerie-obrist.de\/wp-content\/uploads\/2021\/09\/img01.jpg",1191,740,false],"portfolio_item-thumbnail_square":["http:\/\/relaunch.galerie-obrist.de\/wp-content\/uploads\/2021\/09\/img01.jpg",800,497,false]},"_links":{"self":[{"href":"http:\/\/relaunch.galerie-obrist.de\/ru\/wp-json\/wp\/v2\/pages\/11758"}],"collection":[{"href":"http:\/\/relaunch.galerie-obrist.de\/ru\/wp-json\/wp\/v2\/pages"}],"about":[{"href":"http:\/\/relaunch.galerie-obrist.de\/ru\/wp-json\/wp\/v2\/types\/page"}],"author":[{"embeddable":true,"href":"http:\/\/relaunch.galerie-obrist.de\/ru\/wp-json\/wp\/v2\/users\/2"}],"replies":[{"embeddable":true,"href":"http:\/\/relaunch.galerie-obrist.de\/ru\/wp-json\/wp\/v2\/comments?post=11758"}],"version-history":[{"count":2,"href":"http:\/\/relaunch.galerie-obrist.de\/ru\/wp-json\/wp\/v2\/pages\/11758\/revisions"}],"predecessor-version":[{"id":11760,"href":"http:\/\/relaunch.galerie-obrist.de\/ru\/wp-json\/wp\/v2\/pages\/11758\/revisions\/11760"}],"up":[{"embeddable":true,"href":"http:\/\/relaunch.galerie-obrist.de\/ru\/wp-json\/wp\/v2\/pages\/3811"}],"wp:featuredmedia":[{"embeddable":true,"href":"http:\/\/relaunch.galerie-obrist.de\/ru\/wp-json\/wp\/v2\/media\/11742"}],"wp:attachment":[{"href":"http:\/\/relaunch.galerie-obrist.de\/ru\/wp-json\/wp\/v2\/media?parent=11758"}],"curies":[{"name":"wp","href":"https:\/\/api.w.org\/{rel}","templated":true}]}}