{"id":1160,"date":"2010-01-09T14:03:58","date_gmt":"2010-01-09T12:03:58","guid":{"rendered":"http:\/\/www.obrist-gingold.com\/?page_id=335"},"modified":"2019-02-13T17:26:42","modified_gmt":"2019-02-13T15:26:42","slug":"impressum","status":"publish","type":"page","link":"http:\/\/relaunch.galerie-obrist.de\/ru\/kontakt\/impressum\/","title":{"rendered":"Impressum"},"content":{"rendered":"<p>Galerie Obrist<br \/>\nKahrstra\u00dfe 59, D-45128 Essen<\/p>\n<p>Telefon: +49 201 72 66 203<br \/>\nTelefax: +49 201 72 66 204<br \/>\nE-Mail: info[at]galerie-obrist.de<\/p>\n<p>Rechtshinweis:<br \/>\nAlle Inhalte (Text- und Bildmaterial) werden Internetnutzern ausschlie\u00dflich zum privaten, eigenen Gebrauch zur Verf\u00fcgung gestellt, jede dar\u00fcber hinausgehende Nutzung ist unzul\u00e4ssig. Galerie Obrist hat die Daten sorgf\u00e4ltig \u00fcberpr\u00fcft, kann jedoch keine Gew\u00e4hr f\u00fcr die Richtigkeit, Vollst\u00e4ndigkeit und Aktualit\u00e4t der Daten \u00fcbernehmen. Jegliche Haftung, insbesondere auf Schadensersatz, ist ausgeschlossen. Galerie Obrist ist f\u00fcr fremde Inhalte, zu denen sie lediglich den Zugang zur Nutzung vermittelt, nicht verantwortlich. Dies gilt insbesondere f\u00fcr die Inhalte, die der Nutzer durch Aufrufen eines Hyperlinks abrufen kann. Hinweise auf fehlerhafte Informationen oder Links, Anregungen und Kritik senden Sie bitte an > info[at]gam-essen.de<\/p>\n<p>Das Landgericht Hamburg hat mit Urteil vom 12. Mai 1998 entschieden, dass man durch die Anbringung eines Links die Inhalte der gelinkten Seite gegebenenfalls mit zu verantworten hat. Dies kann nur durch eine ausdr\u00fcckliche Distanzierung von den Inhalten verhindert werden. Aus vorstehendem Grunde distanzieren wir uns hiermit ausdr\u00fccklich von allen Inhalten aller gelinkten Seiten auf unserer Website. Wir haben keinerlei Einfluss auf die Gestaltung und die Inhalte der gelinkten Seiten. Diese Erkl\u00e4rung gilt f\u00fcr alle auf unserer Homepage befindlichen Links und f\u00fcr alle Inhalte der Seiten, zu denen diese Links f\u00fchren.<\/p>\n<p>Unternehmensangaben nach \u00a7 6 Teledienstegesetz (TDG):<br \/>\nGalerie Obrist<br \/>\nTorsten Obrist<br \/>\nKahrstra\u00dfe 59, D-45128 Essen<\/p>\n<p>STNR 112\/5304\/0790<br \/>\nUst.-IdNr.: DE 812 881 670<\/p>\n<p>Verantwortlich im Sinne des \u00a7 6 Mediendienste-Staatsvertrag (MDStV):<br \/>\nTorsten Obrist<\/p>\n<p><a href=\"\/kontakt\/datenschutz\">Datenschutzerkl\u00e4rung<\/a><\/p>\n","protected":false},"excerpt":{"rendered":"<p>Galerie Obrist Kahrstra\u00dfe 59, D-45128 Essen Telefon: +49 201 72 66 203 Telefax: +49 201 72 66 204 E-Mail: info[at]galerie-obrist.de Rechtshinweis: Alle Inhalte (Text- und Bildmaterial) werden Internetnutzern ausschlie\u00dflich zum privaten, eigenen Gebrauch zur Verf\u00fcgung gestellt, jede dar\u00fcber hinausgehende Nutzung ist unzul\u00e4ssig. Galerie Obrist hat die Daten sorgf\u00e4ltig \u00fcberpr\u00fcft, kann jedoch keine Gew\u00e4hr f\u00fcr die &hellip; <\/p>\n<p class=\"link-more\"><a href=\"http:\/\/relaunch.galerie-obrist.de\/ru\/kontakt\/impressum\/\" class=\"more-link\">Read more<span class=\"screen-reader-text\"> &#8220;Impressum&#8221;<\/span><\/a><\/p>\n","protected":false},"author":2,"featured_media":0,"parent":1129,"menu_order":0,"comment_status":"closed","ping_status":"closed","template":"","meta":{"footnotes":""},"translation":{"provider":"WPGlobus","version":"2.12.2","language":"ru","enabled_languages":["de","en","ru"],"languages":{"de":{"title":true,"content":true,"excerpt":false},"en":{"title":true,"content":true,"excerpt":false},"ru":{"title":false,"content":false,"excerpt":false}}},"featured_media_urls":[],"_links":{"self":[{"href":"http:\/\/relaunch.galerie-obrist.de\/ru\/wp-json\/wp\/v2\/pages\/1160"}],"collection":[{"href":"http:\/\/relaunch.galerie-obrist.de\/ru\/wp-json\/wp\/v2\/pages"}],"about":[{"href":"http:\/\/relaunch.galerie-obrist.de\/ru\/wp-json\/wp\/v2\/types\/page"}],"author":[{"embeddable":true,"href":"http:\/\/relaunch.galerie-obrist.de\/ru\/wp-json\/wp\/v2\/users\/2"}],"replies":[{"embeddable":true,"href":"http:\/\/relaunch.galerie-obrist.de\/ru\/wp-json\/wp\/v2\/comments?post=1160"}],"version-history":[{"count":17,"href":"http:\/\/relaunch.galerie-obrist.de\/ru\/wp-json\/wp\/v2\/pages\/1160\/revisions"}],"predecessor-version":[{"id":9128,"href":"http:\/\/relaunch.galerie-obrist.de\/ru\/wp-json\/wp\/v2\/pages\/1160\/revisions\/9128"}],"up":[{"embeddable":true,"href":"http:\/\/relaunch.galerie-obrist.de\/ru\/wp-json\/wp\/v2\/pages\/1129"}],"wp:attachment":[{"href":"http:\/\/relaunch.galerie-obrist.de\/ru\/wp-json\/wp\/v2\/media?parent=1160"}],"curies":[{"name":"wp","href":"https:\/\/api.w.org\/{rel}","templated":true}]}}