{"id":1049,"date":"2011-02-19T16:56:51","date_gmt":"2011-02-19T14:56:51","guid":{"rendered":"http:\/\/blog.gam-essen.de\/?page_id=1049"},"modified":"2019-04-26T15:45:01","modified_gmt":"2019-04-26T13:45:01","slug":"kraenzlein","status":"publish","type":"page","link":"http:\/\/relaunch.galerie-obrist.de\/ru\/artists\/zzalle-kunstler\/kraenzlein\/","title":{"rendered":"Dieter Kr\u00e4nzlein"},"content":{"rendered":"<p><span lang=\"de\"><b>WERKE<\/b><\/span><br \/>\n<b>AUSSTELLUNGEN IN DER GALERIE<\/b><\/span><br \/>\n<!-- ddlsp --><\/p>\n<p>DIETER KR\u00c4NZLEIN<\/span><\/p>\n<p>1962  geboren in Stuttgart<br \/>\n1982-85  Ausbildung zum Steinbildhauer<br \/>\n1985-89  Privatsch\u00fcler von Franz D\u00e0kay<br \/>\nSeit 1989 freischaffender K\u00fcnstler<\/span><\/p>\n<p>EINZELAUSSTELLUNGEN<br \/>\n2011<br \/>\nGalerie an der Pinakothek der Moderne, M\u00fcnchen<br \/>\nGalerie Dorn, Stuttgart<br \/>\nGalleria Kroeger, Ascona, CH<br \/>\n2010<br \/>\nDie K\u00fcnstlergilde, Esslingen<br \/>\nGAM Galerie Obrist, Essen<br \/>\n2009<br \/>\nGalerie Kr\u00e4nzl, Gaienhofen-Horn<br \/>\nGalerie Netuschil , Darmstadt<br \/>\nBildungshaus H\u00e4genau, Gaildorf<br \/>\n2008<br \/>\nGAM Galerie Obrist, Essen<br \/>\nGalerie Roland Aphold,  Basel, Schweiz<br \/>\n2007<br \/>\nGalerie Monika Beck, Homburg\/Saar<br \/>\n2006<br \/>\nGalerie Dorn, Stuttgart,<br \/>\nGAM, Galerie Obrist, Essen,<br \/>\nGalerie Roland Aphold, Basel, Schweiz<br \/>\n2005<br \/>\nGAM Galerie Obrist, Essen<br \/>\nGalerie Roland Aphold, Basel, Schweiz<br \/>\n2003<br \/>\nBeck, Homburg\/Saar<br \/>\n2002<br \/>\nGalerie Dorn, Stuttgart<br \/>\n2001<br \/>\nGalerie Dorn, Stuttgart<br \/>\nGAM Galerie Obrist, Essen<br \/>\nPNCA, Philip Feldman Gallery, Portland Oregon, USA<br \/>\nKunstzentrum Karlskaserne, Ludwigsburg<br \/>\n2000<br \/>\nInstallation Kloster Maulbronn<br \/>\nInstallation Kloster Alpirsbach<br \/>\nGalerie Dorn, Stuttgart<br \/>\nGAM Galerie Obrist, Essen<\/span><\/p>\n<p>AUSSTELLUNGSBETEILIGUNGEN<br \/>\n2011<br \/>\n40 Jahre Galerie Dorn, Suttgart<br \/>\n2010<br \/>\nStadtgalerie Bamberg<br \/>\nGalleria Koeger, Ascona, Schweiz<br \/>\nArt Forum Ute Barth, Z\u00fcrich, Schweiz<br \/>\nKleinskulpturen-Biennale Galerie Dorn, Stuttgart<br \/>\n2009<br \/>\nKunstforum Ostdeutsche Galerie, Regensburg<br \/>\nGalerie Dorn, Stuttgart<br \/>\n2008<br \/>\nGAM Galerie Obrist, Essen,<br \/>\nChristliche Kunst, Galerie Dorn, Stuttgart,<br \/>\nGrafik-Biennale Galerie Dorn, Stuttgart<br \/>\nKleinskulpturen-Biennale Galerie Dorn, Stuttgart<br \/>\nGalerie Roland Aphold, Basel, CH<br \/>\n2007<br \/>\nRegierungspr\u00e4sidium, Karlsruhe<br \/>\nFoyer Neues Schloss, Stuttgart<br \/>\nGAM Galerie Obrist, Essen<br \/>\nGalerie Roland Aphold, Basel<br \/>\n2006<br \/>\nSt\u00e4dtische Galerie Bietigheim-Bissingen<br \/>\nNeckarkunst, internationales Kunstprojekt<br \/>\nSkulpturengarten S\u00fcrth<br \/>\nKunsthalle Kempten<br \/>\nKleinskulpturen-Biennale Galerie Dorn, Stuttgart<br \/>\nGalerie Netuschil, Darmstadt<br \/>\n2005<br \/>\nDeutsche Kunst 1950 &#8211; heute, Galerie der Stadt Herrenberg<br \/>\nKunstprojekt zum Schillerjahr 2005, Kunstzentrum Karlskaserne Ludwigsburg<br \/>\n2. Skulpturenbiennale im Elsass, Frankreich<br \/>\nRathaus Stuttgart<br \/>\n2004<br \/>\nK\u00fcnsterhaus Ulm<br \/>\nDi\u00f6zesanmuseum, Rottenburg<br \/>\nKleinskulpturen-Biennale Galerie Dorn, Stuttgart<br \/>\n2003<br \/>\nBildhauersymposium, Marbach am Neckar<br \/>\n2002<br \/>\nSkulpturenweg Eigenart, 50 Jahre Baden-W\u00fcrttemberg<br \/>\n1. Skulpturenbiennale im Elsass, Frankreich<br \/>\nKleinskulpturen-Bieennale Galerie Dorn, Stuttgart<br \/>\n2001<br \/>\nGalerie Dorn, Stuttgart<br \/>\n2000<br \/>\nKleinskulpturen-Bieennale Galerie Dorn, Stuttgart<\/span><\/p>\n<p>PRIVATE UND \u00d6FFENTLICHE SAMMLUNGEN<br \/>\nGordon Gilkey Cillection im Portland Art Museum,Oregon,USA<br \/>\nLandesbank Baden-W\u00fcrttemberg; St\u00e4dtische Galerie Bietigheim-Bissingen;<br \/>\nStadt Herrenberg; Stadt B\u00f6blingen, Landkreis B\u00f6blingen;<br \/>\nLandkreis Ludwigsburg; Regierungspr\u00e4sidium Stuttgart<\/span><span lang=\"en-us\">DIETER KR\u00c4NZLEIN<\/span><\/p>\n<p><b>VERWANDTE ARTIKEL&#8230;<\/b><\/span><span lang=\"en-us\"><b>RELATED POSTS&#8230;<\/b><\/span><br \/>\n    <div class=\"related-post list\">\r\n        <br \/>\n<b>Warning<\/b>:  Undefined array key \"page\" in <b>\/www\/htdocs\/w0088a62\/relaunch.galerie-obrist.de\/wp-content\/plugins\/related-post\/templates\/related-post-hook.php<\/b> on line <b>18<\/b><br \/>\n<br \/>\n<b>Warning<\/b>:  Undefined array key \"page\" in <b>\/www\/htdocs\/w0088a62\/relaunch.galerie-obrist.de\/wp-content\/plugins\/related-post\/templates\/related-post-hook.php<\/b> on line <b>55<\/b><br \/>\n    <div class=\"post-list \">\r\n\r\n                        <div class=\"item\">\r\n                                    <\/div>\r\n                            <div class=\"item\">\r\n                                    <\/div>\r\n                            <div class=\"item\">\r\n                                    <\/div>\r\n                            <div class=\"item\">\r\n                                    <\/div>\r\n                            <div class=\"item\">\r\n                                    <\/div>\r\n            \r\n    <\/div>\r\n\r\n    <script>\r\n            <\/script>\r\n    <style>\r\n        .related-post {}\r\n\r\n        .related-post .post-list {\r\n            text-align: left;\r\n                    }\r\n\r\n        .related-post .post-list .item {\r\n                    }\r\n\r\n        .related-post .headline {\r\n                    }\r\n\r\n        @media only screen and (min-width: 1024px) {\r\n            .related-post .post-list .item {\r\n                width: ;\r\n            }\r\n        }\r\n\r\n        @media only screen and (min-width: 768px) and (max-width: 1023px) {\r\n            .related-post .post-list .item {\r\n                width: ;\r\n            }\r\n        }\r\n\r\n        @media only screen and (min-width: 0px) and (max-width: 767px) {\r\n            .related-post .post-list .item {\r\n                width: ;\r\n            }\r\n        }\r\n\r\n            <\/style>\r\n        <\/div>\r\n<\/p>\n","protected":false},"excerpt":{"rendered":"<p>WERKE AUSSTELLUNGEN IN DER GALERIE DIETER KR\u00c4NZLEIN 1962 geboren in Stuttgart 1982-85 Ausbildung zum Steinbildhauer 1985-89 Privatsch\u00fcler von Franz D\u00e0kay Seit 1989 freischaffender K\u00fcnstler EINZELAUSSTELLUNGEN 2011 Galerie an der Pinakothek der Moderne, M\u00fcnchen Galerie Dorn, Stuttgart Galleria Kroeger, Ascona, CH 2010 Die K\u00fcnstlergilde, Esslingen GAM Galerie Obrist, Essen 2009 Galerie Kr\u00e4nzl, Gaienhofen-Horn Galerie Netuschil , &hellip; <\/p>\n<p class=\"link-more\"><a href=\"http:\/\/relaunch.galerie-obrist.de\/ru\/artists\/zzalle-kunstler\/adler\/gosbert-adler-fotoarbeiten-2006\/\" class=\"more-link\">Read more<span class=\"screen-reader-text\"> &#8220;Gosbert Adler: Fotoarbeiten (2006)&#8221;<\/span><\/a><\/p>\n","protected":false},"author":2,"featured_media":0,"parent":1511,"menu_order":0,"comment_status":"open","ping_status":"closed","template":"","meta":{"footnotes":""},"translation":{"provider":"WPGlobus","version":"2.12.2","language":"ru","enabled_languages":["de","en","ru"],"languages":{"de":{"title":true,"content":true,"excerpt":false},"en":{"title":true,"content":true,"excerpt":false},"ru":{"title":false,"content":false,"excerpt":false}}},"featured_media_urls":[],"_links":{"self":[{"href":"http:\/\/relaunch.galerie-obrist.de\/ru\/wp-json\/wp\/v2\/pages\/1049"}],"collection":[{"href":"http:\/\/relaunch.galerie-obrist.de\/ru\/wp-json\/wp\/v2\/pages"}],"about":[{"href":"http:\/\/relaunch.galerie-obrist.de\/ru\/wp-json\/wp\/v2\/types\/page"}],"author":[{"embeddable":true,"href":"http:\/\/relaunch.galerie-obrist.de\/ru\/wp-json\/wp\/v2\/users\/2"}],"replies":[{"embeddable":true,"href":"http:\/\/relaunch.galerie-obrist.de\/ru\/wp-json\/wp\/v2\/comments?post=1049"}],"version-history":[{"count":69,"href":"http:\/\/relaunch.galerie-obrist.de\/ru\/wp-json\/wp\/v2\/pages\/1049\/revisions"}],"predecessor-version":[{"id":1053,"href":"http:\/\/relaunch.galerie-obrist.de\/ru\/wp-json\/wp\/v2\/pages\/1049\/revisions\/1053"}],"up":[{"embeddable":true,"href":"http:\/\/relaunch.galerie-obrist.de\/ru\/wp-json\/wp\/v2\/pages\/1511"}],"wp:attachment":[{"href":"http:\/\/relaunch.galerie-obrist.de\/ru\/wp-json\/wp\/v2\/media?parent=1049"}],"curies":[{"name":"wp","href":"https:\/\/api.w.org\/{rel}","templated":true}]}}