{"id":10016,"date":"2019-10-06T11:57:00","date_gmt":"2019-10-06T09:57:00","guid":{"rendered":"http:\/\/relaunch.galerie-obrist.de\/?page_id=10016"},"modified":"2019-10-06T12:25:12","modified_gmt":"2019-10-06T10:25:12","slug":"hartenstein2019","status":"publish","type":"page","link":"http:\/\/relaunch.galerie-obrist.de\/ru\/artists\/hartenstein\/hartenstein2019\/","title":{"rendered":"Armin Hartenstein. Hidden Sugars, Hidden Files (2019)"},"content":{"rendered":"<p>Armin Hartenstein<br \/>\nHidden Sugars, Hidden Files.<br \/>\n12. Oktober &#8211; 9. November 2019<br \/>\nEr\u00f6ffnung am Freitag, 11. Oktober 2019, 19 Uhr<\/p>\n<p>HIDDEN SUGARS HIDDEN FILES ist der Titel der zentralen Installation in der dritten Einzelausstellung von Armin Hartenstein in der Galerie Obrist. Es ist eine pers\u00f6nliche, teilweise autobiografisch anzusehende Pr\u00e4sentation neuer Werke. Beinahe alle sind in den neuen Atelierr\u00e4umen in Berlin Hohensch\u00f6nhausen entstanden &#8211; einem ehemaligen Geb\u00e4ude des Ministeriums f\u00fcr Staatssicherheit, dem Operativ-Technischen-Sektor. Die Ausstellung bezieht sich materiell und geistig auf die Durchdringung des Raumes k\u00fcnstlerischer Arbeit mit der Pr\u00e4senz dunkler und geheimdienstlicher Vergangenheit an diesem Ort. Motive des Verborgenen ziehen sich durch die Objekte und Malereien. Orte und Landschaften erscheinen in einem neuen Kontext.<\/p>\n<p><a href=\"\/artists\/hartenstein\">Biografie Armin Hartenstein<\/a><\/p>\n","protected":false},"excerpt":{"rendered":"<p>Armin Hartenstein Hidden Sugars, Hidden Files. 12. Oktober &#8211; 9. November 2019 Er\u00f6ffnung am Freitag, 11. Oktober 2019, 19 Uhr HIDDEN SUGARS HIDDEN FILES ist der Titel der zentralen Installation in der dritten Einzelausstellung von Armin Hartenstein in der Galerie Obrist. Es ist eine pers\u00f6nliche, teilweise autobiografisch anzusehende Pr\u00e4sentation neuer Werke. Beinahe alle sind in &hellip; <\/p>\n<p class=\"link-more\"><a href=\"http:\/\/relaunch.galerie-obrist.de\/ru\/artists\/hartenstein\/hartenstein2019\/\" class=\"more-link\">Read more<span class=\"screen-reader-text\"> &#8220;Armin Hartenstein. Hidden Sugars, Hidden Files (2019)&#8221;<\/span><\/a><\/p>\n","protected":false},"author":2,"featured_media":10011,"parent":1863,"menu_order":0,"comment_status":"closed","ping_status":"closed","template":"","meta":{"footnotes":""},"translation":{"provider":"WPGlobus","version":"2.12.2","language":"ru","enabled_languages":["de","en","ru"],"languages":{"de":{"title":true,"content":true,"excerpt":false},"en":{"title":true,"content":true,"excerpt":false},"ru":{"title":false,"content":false,"excerpt":false}}},"featured_media_urls":{"thumbnail":["http:\/\/relaunch.galerie-obrist.de\/wp-content\/uploads\/2019\/10\/Bildschirmfoto-2019-10-06-um-11.25.01-150x150.png",150,150,true],"medium":["http:\/\/relaunch.galerie-obrist.de\/wp-content\/uploads\/2019\/10\/Bildschirmfoto-2019-10-06-um-11.25.01-450x233.png",450,233,true],"medium_large":["http:\/\/relaunch.galerie-obrist.de\/wp-content\/uploads\/2019\/10\/Bildschirmfoto-2019-10-06-um-11.25.01-768x398.png",768,398,true],"large":["http:\/\/relaunch.galerie-obrist.de\/wp-content\/uploads\/2019\/10\/Bildschirmfoto-2019-10-06-um-11.25.01-1024x530.png",950,492,true],"1536x1536":["http:\/\/relaunch.galerie-obrist.de\/wp-content\/uploads\/2019\/10\/Bildschirmfoto-2019-10-06-um-11.25.01.png",1536,796,false],"2048x2048":["http:\/\/relaunch.galerie-obrist.de\/wp-content\/uploads\/2019\/10\/Bildschirmfoto-2019-10-06-um-11.25.01.png",1591,824,false],"inspiro-featured-image":["http:\/\/relaunch.galerie-obrist.de\/wp-content\/uploads\/2019\/10\/Bildschirmfoto-2019-10-06-um-11.25.01.png",1591,824,false],"inspiro-loop":["http:\/\/relaunch.galerie-obrist.de\/wp-content\/uploads\/2019\/10\/Bildschirmfoto-2019-10-06-um-11.25.01.png",618,320,false],"inspiro-loop@2x":["http:\/\/relaunch.galerie-obrist.de\/wp-content\/uploads\/2019\/10\/Bildschirmfoto-2019-10-06-um-11.25.01.png",1236,640,false],"woocommerce_thumbnail":["http:\/\/relaunch.galerie-obrist.de\/wp-content\/uploads\/2019\/10\/Bildschirmfoto-2019-10-06-um-11.25.01-300x300.png",300,300,true],"woocommerce_single":["http:\/\/relaunch.galerie-obrist.de\/wp-content\/uploads\/2019\/10\/Bildschirmfoto-2019-10-06-um-11.25.01-600x311.png",600,311,true],"woocommerce_gallery_thumbnail":["http:\/\/relaunch.galerie-obrist.de\/wp-content\/uploads\/2019\/10\/Bildschirmfoto-2019-10-06-um-11.25.01-100x100.png",100,100,true],"portfolio_item-thumbnail":["http:\/\/relaunch.galerie-obrist.de\/wp-content\/uploads\/2019\/10\/Bildschirmfoto-2019-10-06-um-11.25.01.png",600,311,false],"portfolio_item-thumbnail@2x":["http:\/\/relaunch.galerie-obrist.de\/wp-content\/uploads\/2019\/10\/Bildschirmfoto-2019-10-06-um-11.25.01.png",1200,621,false],"portfolio_item-masonry":["http:\/\/relaunch.galerie-obrist.de\/wp-content\/uploads\/2019\/10\/Bildschirmfoto-2019-10-06-um-11.25.01.png",600,311,false],"portfolio_item-masonry@2x":["http:\/\/relaunch.galerie-obrist.de\/wp-content\/uploads\/2019\/10\/Bildschirmfoto-2019-10-06-um-11.25.01.png",1200,621,false],"portfolio_item-thumbnail_cinema":["http:\/\/relaunch.galerie-obrist.de\/wp-content\/uploads\/2019\/10\/Bildschirmfoto-2019-10-06-um-11.25.01.png",647,335,false],"portfolio_item-thumbnail_portrait":["http:\/\/relaunch.galerie-obrist.de\/wp-content\/uploads\/2019\/10\/Bildschirmfoto-2019-10-06-um-11.25.01.png",600,311,false],"portfolio_item-thumbnail_portrait@2x":["http:\/\/relaunch.galerie-obrist.de\/wp-content\/uploads\/2019\/10\/Bildschirmfoto-2019-10-06-um-11.25.01.png",1200,621,false],"portfolio_item-thumbnail_square":["http:\/\/relaunch.galerie-obrist.de\/wp-content\/uploads\/2019\/10\/Bildschirmfoto-2019-10-06-um-11.25.01.png",800,414,false]},"_links":{"self":[{"href":"http:\/\/relaunch.galerie-obrist.de\/ru\/wp-json\/wp\/v2\/pages\/10016"}],"collection":[{"href":"http:\/\/relaunch.galerie-obrist.de\/ru\/wp-json\/wp\/v2\/pages"}],"about":[{"href":"http:\/\/relaunch.galerie-obrist.de\/ru\/wp-json\/wp\/v2\/types\/page"}],"author":[{"embeddable":true,"href":"http:\/\/relaunch.galerie-obrist.de\/ru\/wp-json\/wp\/v2\/users\/2"}],"replies":[{"embeddable":true,"href":"http:\/\/relaunch.galerie-obrist.de\/ru\/wp-json\/wp\/v2\/comments?post=10016"}],"version-history":[{"count":5,"href":"http:\/\/relaunch.galerie-obrist.de\/ru\/wp-json\/wp\/v2\/pages\/10016\/revisions"}],"predecessor-version":[{"id":10026,"href":"http:\/\/relaunch.galerie-obrist.de\/ru\/wp-json\/wp\/v2\/pages\/10016\/revisions\/10026"}],"up":[{"embeddable":true,"href":"http:\/\/relaunch.galerie-obrist.de\/ru\/wp-json\/wp\/v2\/pages\/1863"}],"wp:featuredmedia":[{"embeddable":true,"href":"http:\/\/relaunch.galerie-obrist.de\/ru\/wp-json\/wp\/v2\/media\/10011"}],"wp:attachment":[{"href":"http:\/\/relaunch.galerie-obrist.de\/ru\/wp-json\/wp\/v2\/media?parent=10016"}],"curies":[{"name":"wp","href":"https:\/\/api.w.org\/{rel}","templated":true}]}}