{"id":9626,"date":"2019-03-16T18:23:52","date_gmt":"2019-03-16T16:23:52","guid":{"rendered":"http:\/\/relaunch.galerie-obrist.de\/?post_type=product&#038;p=9626"},"modified":"2022-12-08T14:37:13","modified_gmt":"2022-12-08T13:37:13","slug":"boehm-was-sich-nicht-veraendert","status":"publish","type":"product","link":"http:\/\/relaunch.galerie-obrist.de\/en\/produkt\/boehm-was-sich-nicht-veraendert\/","title":{"rendered":"Marcela B\u00f6hm &#8211; Was sich nicht ver\u00e4ndert"},"content":{"rendered":"<p>Marcela B\u00f6hm &#8211; Was sich nicht ver\u00e4ndert.<br \/>\nAusstellungskatalog Galerie Obrist 2019,<br \/>\nBrosch. Umschlag, Klebebindung, 44 Seiten, Format 210 x 210 mm<\/p>\n","protected":false},"excerpt":{"rendered":"<p>Marcela B\u00f6hm &#8211; Was sich nicht ver\u00e4ndert. Katalog.<\/p>\n","protected":false},"featured_media":9627,"template":"","meta":[],"product_cat":[466,458],"product_tag":[],"translation":{"provider":"WPGlobus","version":"2.12.2","language":"en","enabled_languages":["de","en","ru"],"languages":{"de":{"title":true,"content":true,"excerpt":true},"en":{"title":false,"content":false,"excerpt":false},"ru":{"title":false,"content":false,"excerpt":false}}},"featured_media_urls":{"thumbnail":["http:\/\/relaunch.galerie-obrist.de\/wp-content\/uploads\/2019\/03\/cover-kat2019-150x150.png",150,150,true],"medium":["http:\/\/relaunch.galerie-obrist.de\/wp-content\/uploads\/2019\/03\/cover-kat2019-302x300.png",302,300,true],"medium_large":["http:\/\/relaunch.galerie-obrist.de\/wp-content\/uploads\/2019\/03\/cover-kat2019-768x762.png",768,762,true],"large":["http:\/\/relaunch.galerie-obrist.de\/wp-content\/uploads\/2019\/03\/cover-kat2019.png",933,926,false],"1536x1536":["http:\/\/relaunch.galerie-obrist.de\/wp-content\/uploads\/2019\/03\/cover-kat2019.png",933,926,false],"2048x2048":["http:\/\/relaunch.galerie-obrist.de\/wp-content\/uploads\/2019\/03\/cover-kat2019.png",933,926,false],"inspiro-featured-image":["http:\/\/relaunch.galerie-obrist.de\/wp-content\/uploads\/2019\/03\/cover-kat2019.png",933,926,false],"inspiro-loop":["http:\/\/relaunch.galerie-obrist.de\/wp-content\/uploads\/2019\/03\/cover-kat2019.png",322,320,false],"inspiro-loop@2x":["http:\/\/relaunch.galerie-obrist.de\/wp-content\/uploads\/2019\/03\/cover-kat2019.png",645,640,false],"woocommerce_thumbnail":["http:\/\/relaunch.galerie-obrist.de\/wp-content\/uploads\/2019\/03\/cover-kat2019-300x300.png",300,300,true],"woocommerce_single":["http:\/\/relaunch.galerie-obrist.de\/wp-content\/uploads\/2019\/03\/cover-kat2019-600x595.png",600,595,true],"woocommerce_gallery_thumbnail":["http:\/\/relaunch.galerie-obrist.de\/wp-content\/uploads\/2019\/03\/cover-kat2019-100x100.png",100,100,true],"portfolio_item-thumbnail":["http:\/\/relaunch.galerie-obrist.de\/wp-content\/uploads\/2019\/03\/cover-kat2019.png",403,400,false],"portfolio_item-thumbnail@2x":["http:\/\/relaunch.galerie-obrist.de\/wp-content\/uploads\/2019\/03\/cover-kat2019.png",806,800,false],"portfolio_item-masonry":["http:\/\/relaunch.galerie-obrist.de\/wp-content\/uploads\/2019\/03\/cover-kat2019.png",600,595,false],"portfolio_item-masonry@2x":["http:\/\/relaunch.galerie-obrist.de\/wp-content\/uploads\/2019\/03\/cover-kat2019.png",933,926,false],"portfolio_item-thumbnail_cinema":["http:\/\/relaunch.galerie-obrist.de\/wp-content\/uploads\/2019\/03\/cover-kat2019.png",338,335,false],"portfolio_item-thumbnail_portrait":["http:\/\/relaunch.galerie-obrist.de\/wp-content\/uploads\/2019\/03\/cover-kat2019.png",600,595,false],"portfolio_item-thumbnail_portrait@2x":["http:\/\/relaunch.galerie-obrist.de\/wp-content\/uploads\/2019\/03\/cover-kat2019.png",933,926,false],"portfolio_item-thumbnail_square":["http:\/\/relaunch.galerie-obrist.de\/wp-content\/uploads\/2019\/03\/cover-kat2019.png",800,794,false]},"_links":{"self":[{"href":"http:\/\/relaunch.galerie-obrist.de\/en\/wp-json\/wp\/v2\/product\/9626"}],"collection":[{"href":"http:\/\/relaunch.galerie-obrist.de\/en\/wp-json\/wp\/v2\/product"}],"about":[{"href":"http:\/\/relaunch.galerie-obrist.de\/en\/wp-json\/wp\/v2\/types\/product"}],"wp:featuredmedia":[{"embeddable":true,"href":"http:\/\/relaunch.galerie-obrist.de\/en\/wp-json\/wp\/v2\/media\/9627"}],"wp:attachment":[{"href":"http:\/\/relaunch.galerie-obrist.de\/en\/wp-json\/wp\/v2\/media?parent=9626"}],"wp:term":[{"taxonomy":"product_cat","embeddable":true,"href":"http:\/\/relaunch.galerie-obrist.de\/en\/wp-json\/wp\/v2\/product_cat?post=9626"},{"taxonomy":"product_tag","embeddable":true,"href":"http:\/\/relaunch.galerie-obrist.de\/en\/wp-json\/wp\/v2\/product_tag?post=9626"}],"curies":[{"name":"wp","href":"https:\/\/api.w.org\/{rel}","templated":true}]}}