{"id":3806,"date":"2014-01-04T17:03:08","date_gmt":"2014-01-04T15:03:08","guid":{"rendered":"http:\/\/relaunch.galerie-obrist.de\/?page_id=3806"},"modified":"2018-11-08T15:37:47","modified_gmt":"2018-11-08T13:37:47","slug":"korsig","status":"publish","type":"page","link":"http:\/\/relaunch.galerie-obrist.de\/en\/artists\/korsig\/","title":{"rendered":"Bodo Korsig"},"content":{"rendered":"<p><span lang=\"en-us\"><b>SELECTED WORKS<\/b><\/span><br \/>\n[nggallery id=77]<br \/>\n<span lang=\"en-us\"><b>EXHIBITIONS IN THE GALLERY<\/b><\/span><br \/>\n<!-- ddlsp --><\/p>\n<p><span lang=\"en-us\"><b>CV<\/b><\/span><\/p>\n<p>Bodo Korsig<br \/>\n1962\t\t born in Zwickau<br \/>\n1986-90 \t \t Studies in Stone Restoration FWG Berlin<\/p>\n<p>Awards, Scholarships<\/p>\n<p>1992 \t\tArt Award Landkreis Trier-Saarburg<br \/>\n1995 \t\tRamboux-Award, Trier<br \/>\n1995 \t\tScholarship Hertogenbusch, Niederlande<br \/>\n \t\tKunststation Kleinsassen<br \/>\n1996 \t\tScholarship Kunstfonds, Berlin<br \/>\n1997 \t\tArt Award 1997 Woodcut, Ludwigsburg<br \/>\n1998 \t\tFranz-Josef-Spiegler-Award<br \/>\n1999 \t\tScholarship K\u00fcnstlerhaus Lukas, Ahrenshoop<br \/>\n\t\tInternational-Studio-Programme, New York<br \/>\n2003 \t\tMax Kade Foundation, Grant \/ USA<br \/>\n2004 \t\tScholarship Schloss Wiepersdorf<br \/>\n\t\tGrand Prix 4th International Triennial Prague 2004<br \/>\n2005 \t\tArt\/Omi, New York<br \/>\n2007 \t\tKunst: Raum Sylt Quelle<br \/>\n2012 \t\tArtist Residency Inside-Out Art Museum Beijing, China<br \/>\n2013\t\tArtport Art Award<br \/>\n2014            Construction Institute Otranto, Italy<br \/>\n2015\t\tArtist Residency Largo das Artes  Rio de Janeiro, Brazil<br \/>\n\t\tJozi Art:Lab Johannesburg, S\u00fcdafrika<br \/>\n2017\t\tCCA Andratx, Spain<\/p>\n<p>Solo Shows (selection)<\/p>\n<p>1991 \t\tACC Galerie, Weimar<br \/>\n1992 \t\tKunstmuseum Heidenheim<br \/>\n\t\tGalerie Schrade \u2013 Schlo\u00df Mochental<br \/>\n1993 \t\tGalerie am Sachsenplatz, Leipzig<br \/>\n\t\tIncognito St\u00e4dtisches Museum, Zwickau (K)<br \/>\n\t\tIncognito ACC Galerie, Weimar (K)<br \/>\n1994 \t\tIncognito Galerie Weise, Chemnitz<br \/>\n1995 \t\tTraumwelten Galerie Michael Schultz, Berlin<br \/>\n\t\tSuchen und Zerst\u00f6ren ACC Galerie, Weimar (K)<br \/>\n1996 \t\tSuchen und Zerst\u00f6ren Galerie Weise, Chemnitz (K)<br \/>\n\t\tTraumwelten Galerie Michael Schultz, Dresden<br \/>\n1997 \t\tGrenzwege St\u00e4dtisches Museum Simeonstift, Trier (K)<br \/>\n1998 \t\tGrenzwege St\u00e4dtisches Kunstmuseum Spendhaus, Reutlingen (K)<br \/>\n\t\tGrenzwege Kunsthalle Erfurt (K)<br \/>\n\t\tPaso a Paso Galerie Metropolitana, Barcelona<br \/>\n1999 \t\tFATE Gallery Garner Tullis, New York (K)<br \/>\n\t\tFATE Gallery Bobbie Greenfield, Los Angeles (K)<br \/>\n\t\twir waren die neue horde ACC Galerie, Weimar<br \/>\n2000 \t\tFATE Galerie Schuster &#038; Scheuermann, Berlin<br \/>\n\t\tObsession Galerie Rothamel, Erfurt<br \/>\n\t\tICHBLUT Galerie Weise, Chemnitz<br \/>\n2001 \t\tDu verwirrst mich Galerie Peter Borchardt, Hamburg<br \/>\n\t\tHeadache Muka Gallery, Auckland, NZ<br \/>\n\t\tHeadache Gallery Bobbie Greenfield, Los Angeles<br \/>\n\t\terase your past Galerie Peter Weinberger, Copenhagen<br \/>\n\t\tWir waren die neue Horde Kunsthalle Trier<br \/>\n2002 \t\tWITNESSES Kunstverein Aschaffenburg<br \/>\n2003 \t\tPresent and Past Galerie Peter Borchardt, Hamburg<br \/>\n\t\tPresent and Past Williams Center for the Arts, Easton \/ USA<br \/>\n2004 \t\tPresent and Past Kunsthalle Schloss Wiepersdorf<br \/>\n\t\tMY SOUL IS DIRTY St\u00e4dtische Galerie Lemgo<br \/>\n2005 \t\tBeauty under Construction Kunstverein Trier<br \/>\n2006 \t\tBeauty under Construction Galerie Peter Borchardt, Hamburg<br \/>\n\t\thidden mind Gallery Cynthia Broan, New York (K)<br \/>\n\t\thidden mind St\u00e4dtische Galerie Traunstein<br \/>\n\t\tWhere can I buy a new brain? St\u00e4dtische Galerie Bietigheim-<br \/>\n\t\tBissingen (K)<br \/>\n\t\tWhere can I buy a new brain? Kunsthalle Potsdam (K)<br \/>\n2007 \t\tWhere can I buy a new brain? Leonardimuseum Dresden (K)<br \/>\n\t\tI CAN&#8217;T STOP Tenri Cultural Institute, New York<br \/>\n\t\tFotosynthesen Saarlandmuseum, Saarbr\u00fccken (K)<br \/>\n2008 \t\tLEBEN SCHMECKEN Keramikmuseum, Westerland<br \/>\n\t\tEVERYTHING IS POSSIBLE Galerie Kunstmann, Palma<br \/>\n\t\tNO MORE EXCUSES Galerie Peter Borchardt, Hamburg<br \/>\n2009 \t\tCLASH Makii Masaru Fine Arts, Tokyo<br \/>\n2010 \t\tLimits Galerie Contemporanea, Oberbillig<br \/>\n\t\tMetal Greenfield Sacks Gallery, Los Angeles (K)<br \/>\n2011 \t\tLIMITS Stadtgalerie Saarbr\u00fccken (K)<br \/>\n2012 \t\teverything is possible Galerie Schrade Karlsruhe<br \/>\n2013 \t\tstronger than fear is hope Kunstverein Pforzheim<br \/>\n\t\tUrsprung Espace mediArt Luxemburg (K)<br \/>\n2014 \t\tNo Worries! Galerie Obrist &#038; EY5 D\u00fcsseldorf<br \/>\n\t\tNo Worries! Museum, Westerland<br \/>\n\t\tnever say never Haus am Dom Frankfurt (K)<br \/>\n\t\tnever say never  Kunsthalle Trier (K)<br \/>\n2015\t\tno regrets Galerie Pethner Lichtenfeld Wien<br \/>\n\t\tno regrets Galerie Bernhard Bischoff &#038; Partner Bern<br \/>\n\t\t\u201eZone of Pain\u201c GASK Kutn\u00e1 Hora<br \/>\n2016\t\t\u201eexpect the unexpected\u201cGalerie Schmalfuss Berlin<br \/>\n\t\t\u201eI am not done!\u201c Makii Masaru Fine Arts, Tokyo<\/p>\n<p>Group Shows (selection)<\/p>\n<p>1990 \t\tIV. Biennale Zielona G\u00f3ra, Polen<br \/>\n1992 \t\tKunsthalle Duisburg<br \/>\n\t\tLandesmuseum Trier<br \/>\n1993 \t\tKunsthalle Darmstadt<br \/>\n\t\tZeit im Blick Kunstlandschaft Sachsen Schloss Dresden (K)<br \/>\n1995 \t\tPrix d&#8217;Art Victor-Hugo-Halle, Luxembourg (K)<br \/>\n\t\tGrafik der Gegenwart Rheinisches Landesmuseum Bonn<br \/>\n\t\tZeitr\u00e4ume-Lebensr\u00e4ume Industriemuseum Chemnitz (K)<br \/>\n1997 \t\tQuerschnitt Deutscher Holzschnitt heute St\u00e4dtische Galerie<br \/>\n\t\tVilla Zanders, Bergisch Gladbach (K)<br \/>\n\t\tDi\u00f6zesanmuseum Rottenburg (K)<br \/>\n\t\tBiennale f\u00fcr Gegenwartskunst \u2013 Skulptur Schlossmuseum<br \/>\n\t\tGotha (K)<br \/>\n1998 \t\tLinolschnitt heute IV St\u00e4dtische Galerie Bietigheim-Bissingen (K)<br \/>\n\t\tKunstpreis Junger Westen Kunsthalle Recklinghausen (K)<br \/>\n\t\tLabyrinth International Print Triennial 1998, Prag (K)<br \/>\n1999 \t\tKunstst\u00fcck Heidelberger Kunstverein<br \/>\n\t\tK\u00fcnstlerb\u00fccher St\u00e4dtische Galerie Sonnenberg (K)<br \/>\n\t\tGarner Tullis &#8211; The Art of Collaboration AAP Gallery Pittsburgh (K)<br \/>\n\t\tKunstst\u00fcck Forum S\u00fcdwest LB, Stuttgart<br \/>\n\t\tL.A. International Biennial Art 1999 Los Angeles (K)<br \/>\n\t\tKunstst\u00fcck Badischer Kunstverein Karlsruhe<br \/>\n\t\tEncaustic Works Watermark\/Cargo Gallery Kingston, New York (K)<br \/>\n\t\tDer Holzschnitt im 20. Jahrhundert St\u00e4dtisches Kunstmuseum<br \/>\n\t\tSpendhaus, Reutlingen (K)<br \/>\n2000 \t\tCollaborative Papers Maier Museum of Art, Lynchburg, Virginia (K)<br \/>\n\t\tGarner Tullis &#8211; The Art of Collaboration Trussardi Art Center,<br \/>\n\t\tMailand (K)<br \/>\n\t\tX. Biennale Carpi 2000 Museo della Xilografia, Palazzo<br \/>\n\t\tdei Pio Carpi \/ I (K)<br \/>\n2001 \t\tGarner Tullis &#8211; The Art of Collaboration Tucson Museum of Art,<br \/>\n\t\tArizona<br \/>\n\t\tGarner Tullis &#8211; The Art of Collaboration Flint Institute of Art,<br \/>\n\t\tMichigan<br \/>\n\t\tL.A. International Biennial Art 2001 Los Angeles (K)<br \/>\n\t\tAbstraktion &#038; Figuration &#8211; Galerie Schlo\u00df Mochental,Schlo\u00df Mochental<br \/>\n\t\tPapierkunst Kunstverein Aschaffenburg (K)<br \/>\n\t\tIn Holz geschnitten Kunstmuseum Bochum (K)<br \/>\n\t\tDer neue Holzschnitt Ernst Barlach Haus, Hamburg (K)<br \/>\n\t\tLinolschnitt heute V St\u00e4dtische Galerie Bietigheim-Bissingen (K)<br \/>\n2002 \t\tConfronting Identities in German Art Smart Museum of Art<br \/>\n\t\tChicago (K)<br \/>\n\t\tDas Kleine Format, Galerie Schrade Karlsruhe<br \/>\n\t\tK\u00f6pfe und Portraits Galerie Schloss Mochental, Schloss Mochental<br \/>\n\t\tInterfaces Musce Pierre-No\u00e2l, Saint-Dic-des-Vosges \/ F (K)<br \/>\n\t\tInterfaces Fukumitsu Art Museum (K)<br \/>\n\t\tInterfaces Kyoto Saika Universit\u00e4t (K)<br \/>\n2003 \t\tInk from Wood Center for Contemporary Printmaking,<br \/>\n\t\tNorwalk \/ USA<br \/>\n\t\tPrix d&#8217;Art Musce d&#8217;Histoire, Luxembourg (K)<br \/>\n2004 \t\tMaster Artist \/ Master Printmaker The Art Gallery<br \/>\n\t\tMaryland \/ USA (K)<br \/>\n\t\tMaster Artist \/ Master Printmaker Heights Arts, Cleveland<br \/>\n\t\tHeights, Ohio \/ USA (K)<br \/>\n\t\t4th International Triennial Prague 2004 Manes Gallery, Prag (K)<br \/>\n2005 \t\tdreifach Gewerbemuseum Winterthur (K)<br \/>\n\t\tdreifach Neue S\u00e4chsische Galerie Chemnitz (K)<br \/>\n\t\tof the wall Gallery Bobbie Greenfield, Los Angeles<br \/>\n2006 \t\tEindr\u00fccke-Ausdr\u00fccke Kunsthalle Trier<br \/>\n\t\t25 Jahre Niederrheinischer Kunstverein, Niederrheinischer<br \/>\n\t\tKunstverein Wesel (K)<br \/>\n\t\tFormen+Felder St\u00e4dtische Galerie Villingen-Schwenningen (K)<br \/>\n\t\tExperimental Printmaking Allentown Art Museum \/ USA<br \/>\n2007 \t\tINTER-KONTAKT Czech Museum of Fine Arts, Prag (K)<br \/>\n\t\tART &#038; ENVIRONMENT Art Xenter Xiamen, China (K)<br \/>\n2008 \t\tEXCHANGE D. Berman Gallery, Austin \/ USA<br \/>\n\t\tChinese Biennial 2008 Ku Art Center, Beijing,China (K)<br \/>\n\t\tCENT Galerie Defrost, Paris<br \/>\n2009 \t\tGaphica Creativa Jyvaskyla Art Museum, Finland (K)<br \/>\n\t\tBANDE Gallery Peter Borchardt, Hamburg<br \/>\n\t\tESTRELLAS Gallery Kunstmann, Palma<br \/>\n\t\txxx Haus der Kunst, St. Josef, Solothurn<br \/>\n\t\tSELECTION Museum Biederman, Donaueschingen (K)<br \/>\n2010 \t\tVon der LINIE in der SKULPTUR Kunsthaus Ahrenshoop<br \/>\n\t\tInk, Paper and Process The Dishman Art Museum, Beaumont \/ USA<br \/>\n\t\tPIPE 10 The Penang State Museum, Malaysia (K)<br \/>\n\t\tLEBEN elementar FotoTageTrier 2010, St\u00e4dtisches Museum<br \/>\n\t\tSimeonstift, Trier (K)<br \/>\n2011 \t\tBiomorphe Skulptur Arp Museum Bahnhof Rolandseck, Remagen (K)<br \/>\n\t\tSigns of Change UTSA Satellite Space San Antonio(C)<br \/>\n\t\tMit Feuer und Flamme &#8211; Keramik in der Gegenwartskunst<br \/>\n\t\tMuseum Villa Rot, Burgrieden-Rot (K)<br \/>\n\t\tpapier = kunst 7-Neuer Kunstverein Aschaffenburg, Aschaffenburg (K)<br \/>\n2012 \t\tBlack &#038; White, Galerie Winter GmbH, Wiesbaden<br \/>\n\t\tOne of a Kind Dalhousie Art Gallery, Halifax, Canada (K)<br \/>\n\t\tseeing ourselves Center of Photography and the Moving Image,<br \/>\n\t\tNew York<br \/>\n\t\tchange is possible! Galerie Schmalfuss Berlin<br \/>\n\t\tThe Other Side Haus Beda, Bitburg (K)<br \/>\n\t\tart&#038;happiness Galerie Vernon,Tina B. Contemporary Art<br \/>\n\t\tFestival Prague (K)<br \/>\n\t\tInside-Out 2012 Inside-out Art Museum Beijing(K)<br \/>\n2013 \t\tI SEE YOU Kunsthalle Detroit Museum<br \/>\n\t\tstronger than fear is hope Galerie Schmalfuss Berlin<br \/>\n\t\tContemporary Fine Art<br \/>\n\t\t4-3-2-1 Gallery Kueper Beijing<br \/>\n\t\tFifth International Artist Book Exhibition King St. Stephen<br \/>\n\t\tMuseum, Hungary (K)<br \/>\n\t\tGALLERY SELECTION Makii Masaru Fine Arts, Tokyo<br \/>\n\t\tC O S M O P O L I T A N I S M Galerie Kornfeld, Bern<br \/>\n\t\tArrangement &#038; Attitude Galerie Peithner-Lichtenfels, Wien<br \/>\n\t\tpOSADA 13\/100 Museo de Arte Popular, Mexico<br \/>\n\t\tOne of a Kind AC-Institute, New York (K)<br \/>\n\t\tSofia Paper Art Biennial, National Museum of History, Sofia(K)<br \/>\n\t\tHin und weg Kunstverein Zwickau Freunde Aktueller Kunst<br \/>\n2014 \t\tDREIDIMENSIONAL, Galerie Rother Winter Wiesbaden<br \/>\n\t\tEDGES Galerie Obrist Essen<br \/>\n\t\tMemory &#038; Forgetting &#8211; Cinnabar, San Antonio, TX<br \/>\n\t\tThe MIXED UP Galerie Paris, Yokohama<br \/>\n\t\tMythos Wald Haus Beda, Bitburg(K)<br \/>\n\t\tTRIPLE A Galerie Roger Katwijk, Amsterdam<br \/>\n\t\tZeichen | Muster | Ornament Galerie Obrist D\u00fcsseldorf<br \/>\n2015 \t\t\u201emost excellent\u201c Chemnitzer K\u00fcnstlerbund<br \/>\n\t\t\u201ezona magnetica de dor\u201c Largo das Artes Rio de Janeiro<br \/>\n\t\t\u201eGlobal Control and Censorship\u201c ZKM Karlsrruhe<br \/>\n2016 \t\u201eDie bessere H\u00e4lfte\u201c Museum Simeonstift Trier<br \/>\n\t\t\u201eFAVORITEN\u201c Galerie Obrist Essen<br \/>\n\t\t\u201cROT\u201c, Marmorsaal Henkell &#038; Co. + Galerie Rother Winter, Wiesbaden<br \/>\n\t\t&#8220;Exquisite Porch\u201c Morean Arts Center, St. Petersburg, FL<br \/>\n\t\t\u201eLinoryt\u201c Gallery Klatovy Klenova<br \/>\n\t\t \u201eSuitcase\u201c Gallery 110, Seattle<br \/>\n\t\t \u201eRaid Envy\u201c Lichtundfire New York<br \/>\n\t\t \u201eFollow Up\u201c Galerie Schmalfuss Marburg<br \/>\n\t\t\u201e55 Jahre\u201c GPLcontemporary Wien<br \/>\n\t\t\u201eAccrochage\u201c Galerie Schmalfuss Berlin<br \/>\n               \t\u201escharfes st\u00fcck \u2013 bitters\u00fc\u00df\u201c Kulturzentrum Adlershof Berlin<br \/>\n                (K) Catalogue  <\/p>\n<p>Public collections:<br \/>\n-Blanton Museum of Art, Austin<br \/>\n-National Gallery of Art, Washington,D.C.<br \/>\n-National Library of Luxembourg<br \/>\n-Museum of Fine Arts Taiwan<br \/>\n-Jule Collins Smith Museum of Fine Arts, Auburn<br \/>\n-Tucson Museum of Art, Arizona<br \/>\n-Kunstmuseum Heidenheim<br \/>\n-St\u00e4dtisches Museum Simeonstift Trier<br \/>\n-St\u00e4dtisches Museum Zwickau<br \/>\n-Sammlung Deutsche Bank Frankfurt<br \/>\n-St\u00e4dtische Galerie Villa Zander<br \/>\n-Bundesministerium f\u00fcr Wirtschaft und Technologie Berlin<br \/>\n-St\u00e4dtische Galerie Bietigheim Bissingen<br \/>\n-St\u00e4dtisches Kunstmuseum Spendhaus Reutlingen<br \/>\n-Sammlung Commerzbank<br \/>\n-Sammlung Dresdner Bank AG<br \/>\n-Sammlung Allianz Frankfurt<br \/>\n-W\u00fcrttembergischen Landesbibliothek Stuttgart<br \/>\n-IHK D\u00fcsseldorf<br \/>\n-Inside-Out Art Museum Beijing<br \/>\n-Museum of Modern Art New York<br \/>\n-Kunstfond Freistaat Sachsen<br \/>\n-Brooklyn Museum of Art, New York<br \/>\n-Kunstsammlung der Sparkasse Ludwigsburg,<br \/>\n-The New York Public Library, New York<br \/>\n-Klingspor Museum Offenbach<br \/>\n-Di\u00f6zesanmuseum Rottenburg \/a.N.<br \/>\n-Deutsche Telekom Leipzig<br \/>\n-Francis J. Greenburger Collection, New York,<br \/>\n-Museum Biedermann, Donaueschingen<br \/>\n-Kupferstichkabinett Dresden<br \/>\n-S\u00e4chsischer Landtag Dresden<br \/>\n-Ministerium f\u00fcr Kultur,Jugend ,Familie und Frauen Mainz<br \/>\n-Kunstsammlungen Chemnitz<br \/>\n-Deutsche Bibliothek Leipzig<br \/>\n-Deutsche Bibliothek Berlin<br \/>\n-St\u00e4dtisches Museum Kalkar<br \/>\n-Sammlung Signal Iduna Hamburg<br \/>\n-Technische Universit\u00e4t Dresden<br \/>\n-Czech Museum of Fine Arts Prague<br \/>\n-Yale University, Arts Library \/ Special collections, New Haven<br \/>\n-Museum der Stadt Aschaffenburg, Aschaffenburg<br \/>\n-Kunstakademie Wien<br \/>\n-Skillman Library Easton<br \/>\n-Smart Museum Chicago<br \/>\n-Museum Pfalzgalerie Kaiserslautern<br \/>\n-Deutsches Literaturarchiv Marbach<br \/>\n-Mus\u00e9e National d&#8217;Histoire et d&#8217;Art, Luxemburg<br \/>\n-The Museum of New Zealand Te Papa Tongarewa<\/p>\n<p>\u00a0<br \/>\n<span lang=\"en-us\"><b>RELATED POSTS&#8230;<\/b><\/span><br \/>\n    <div class=\"related-post list\">\r\n        <br \/>\n<b>Warning<\/b>:  Undefined array key \"page\" in <b>\/www\/htdocs\/w0088a62\/relaunch.galerie-obrist.de\/wp-content\/plugins\/related-post\/templates\/related-post-hook.php<\/b> on line <b>18<\/b><br \/>\n<br \/>\n<b>Warning<\/b>:  Undefined array key \"page\" in <b>\/www\/htdocs\/w0088a62\/relaunch.galerie-obrist.de\/wp-content\/plugins\/related-post\/templates\/related-post-hook.php<\/b> on line <b>55<\/b><br \/>\n    <div class=\"post-list \">\r\n\r\n                        <div class=\"item\">\r\n                                    <\/div>\r\n                            <div class=\"item\">\r\n                                    <\/div>\r\n                            <div class=\"item\">\r\n                                    <\/div>\r\n                            <div class=\"item\">\r\n                                    <\/div>\r\n                            <div class=\"item\">\r\n                                    <\/div>\r\n            \r\n    <\/div>\r\n\r\n    <script>\r\n            <\/script>\r\n    <style>\r\n        .related-post {}\r\n\r\n        .related-post .post-list {\r\n            text-align: left;\r\n                    }\r\n\r\n        .related-post .post-list .item {\r\n                    }\r\n\r\n        .related-post .headline {\r\n                    }\r\n\r\n        @media only screen and (min-width: 1024px) {\r\n            .related-post .post-list .item {\r\n                width: ;\r\n            }\r\n        }\r\n\r\n        @media only screen and (min-width: 768px) and (max-width: 1023px) {\r\n            .related-post .post-list .item {\r\n                width: ;\r\n            }\r\n        }\r\n\r\n        @media only screen and (min-width: 0px) and (max-width: 767px) {\r\n            .related-post .post-list .item {\r\n                width: ;\r\n            }\r\n        }\r\n\r\n            <\/style>\r\n        <\/div>\r\n<\/p>\n","protected":false},"excerpt":{"rendered":"<p>SELECTED WORKS [nggallery id=77] EXHIBITIONS IN THE GALLERY CV Bodo Korsig 1962 born in Zwickau 1986-90 Studies in Stone Restoration FWG Berlin Awards, Scholarships 1992 Art Award Landkreis Trier-Saarburg 1995 Ramboux-Award, Trier 1995 Scholarship Hertogenbusch, Niederlande Kunststation Kleinsassen 1996 Scholarship Kunstfonds, Berlin 1997 Art Award 1997 Woodcut, Ludwigsburg 1998 Franz-Josef-Spiegler-Award 1999 Scholarship K\u00fcnstlerhaus Lukas, Ahrenshoop &hellip; <\/p>\n<p class=\"link-more\"><a href=\"http:\/\/relaunch.galerie-obrist.de\/en\/artists\/zzalle-kunstler\/adler\/gosbert-adler-fotoarbeiten-2006\/\" class=\"more-link\">Read more<span class=\"screen-reader-text\"> &#8220;Gosbert Adler: Fotoarbeiten (2006)&#8221;<\/span><\/a><\/p>\n","protected":false},"author":2,"featured_media":5232,"parent":1127,"menu_order":0,"comment_status":"closed","ping_status":"open","template":"","meta":{"footnotes":""},"translation":{"provider":"WPGlobus","version":"2.12.2","language":"en","enabled_languages":["de","en","ru"],"languages":{"de":{"title":true,"content":true,"excerpt":false},"en":{"title":true,"content":true,"excerpt":false},"ru":{"title":false,"content":false,"excerpt":false}}},"featured_media_urls":{"thumbnail":["http:\/\/relaunch.galerie-obrist.de\/wp-content\/uploads\/2014\/01\/Korsig_Objekt_25x25_3-150x150.jpg",150,150,true],"medium":["http:\/\/relaunch.galerie-obrist.de\/wp-content\/uploads\/2014\/01\/Korsig_Objekt_25x25_3-300x300.jpg",300,300,true],"medium_large":["http:\/\/relaunch.galerie-obrist.de\/wp-content\/uploads\/2014\/01\/Korsig_Objekt_25x25_3-768x768.jpg",768,768,true],"large":["http:\/\/relaunch.galerie-obrist.de\/wp-content\/uploads\/2014\/01\/Korsig_Objekt_25x25_3-1024x1024.jpg",950,950,true],"1536x1536":["http:\/\/relaunch.galerie-obrist.de\/wp-content\/uploads\/2014\/01\/Korsig_Objekt_25x25_3.jpg",1181,1181,false],"2048x2048":["http:\/\/relaunch.galerie-obrist.de\/wp-content\/uploads\/2014\/01\/Korsig_Objekt_25x25_3.jpg",1181,1181,false],"inspiro-featured-image":["http:\/\/relaunch.galerie-obrist.de\/wp-content\/uploads\/2014\/01\/Korsig_Objekt_25x25_3.jpg",1181,1181,false],"inspiro-loop":["http:\/\/relaunch.galerie-obrist.de\/wp-content\/uploads\/2014\/01\/Korsig_Objekt_25x25_3.jpg",320,320,false],"inspiro-loop@2x":["http:\/\/relaunch.galerie-obrist.de\/wp-content\/uploads\/2014\/01\/Korsig_Objekt_25x25_3.jpg",640,640,false],"woocommerce_thumbnail":["http:\/\/relaunch.galerie-obrist.de\/wp-content\/uploads\/2014\/01\/Korsig_Objekt_25x25_3-300x300.jpg",300,300,true],"woocommerce_single":["http:\/\/relaunch.galerie-obrist.de\/wp-content\/uploads\/2014\/01\/Korsig_Objekt_25x25_3-600x600.jpg",600,600,true],"woocommerce_gallery_thumbnail":["http:\/\/relaunch.galerie-obrist.de\/wp-content\/uploads\/2014\/01\/Korsig_Objekt_25x25_3-100x100.jpg",100,100,true],"portfolio_item-thumbnail":["http:\/\/relaunch.galerie-obrist.de\/wp-content\/uploads\/2014\/01\/Korsig_Objekt_25x25_3.jpg",400,400,false],"portfolio_item-thumbnail@2x":["http:\/\/relaunch.galerie-obrist.de\/wp-content\/uploads\/2014\/01\/Korsig_Objekt_25x25_3.jpg",800,800,false],"portfolio_item-masonry":["http:\/\/relaunch.galerie-obrist.de\/wp-content\/uploads\/2014\/01\/Korsig_Objekt_25x25_3.jpg",600,600,false],"portfolio_item-masonry@2x":["http:\/\/relaunch.galerie-obrist.de\/wp-content\/uploads\/2014\/01\/Korsig_Objekt_25x25_3.jpg",1181,1181,false],"portfolio_item-thumbnail_cinema":["http:\/\/relaunch.galerie-obrist.de\/wp-content\/uploads\/2014\/01\/Korsig_Objekt_25x25_3.jpg",335,335,false],"portfolio_item-thumbnail_portrait":["http:\/\/relaunch.galerie-obrist.de\/wp-content\/uploads\/2014\/01\/Korsig_Objekt_25x25_3.jpg",600,600,false],"portfolio_item-thumbnail_portrait@2x":["http:\/\/relaunch.galerie-obrist.de\/wp-content\/uploads\/2014\/01\/Korsig_Objekt_25x25_3.jpg",1181,1181,false],"portfolio_item-thumbnail_square":["http:\/\/relaunch.galerie-obrist.de\/wp-content\/uploads\/2014\/01\/Korsig_Objekt_25x25_3.jpg",800,800,false]},"_links":{"self":[{"href":"http:\/\/relaunch.galerie-obrist.de\/en\/wp-json\/wp\/v2\/pages\/3806"}],"collection":[{"href":"http:\/\/relaunch.galerie-obrist.de\/en\/wp-json\/wp\/v2\/pages"}],"about":[{"href":"http:\/\/relaunch.galerie-obrist.de\/en\/wp-json\/wp\/v2\/types\/page"}],"author":[{"embeddable":true,"href":"http:\/\/relaunch.galerie-obrist.de\/en\/wp-json\/wp\/v2\/users\/2"}],"replies":[{"embeddable":true,"href":"http:\/\/relaunch.galerie-obrist.de\/en\/wp-json\/wp\/v2\/comments?post=3806"}],"version-history":[{"count":12,"href":"http:\/\/relaunch.galerie-obrist.de\/en\/wp-json\/wp\/v2\/pages\/3806\/revisions"}],"predecessor-version":[{"id":8295,"href":"http:\/\/relaunch.galerie-obrist.de\/en\/wp-json\/wp\/v2\/pages\/3806\/revisions\/8295"}],"up":[{"embeddable":true,"href":"http:\/\/relaunch.galerie-obrist.de\/en\/wp-json\/wp\/v2\/pages\/1127"}],"wp:featuredmedia":[{"embeddable":true,"href":"http:\/\/relaunch.galerie-obrist.de\/en\/wp-json\/wp\/v2\/media\/5232"}],"wp:attachment":[{"href":"http:\/\/relaunch.galerie-obrist.de\/en\/wp-json\/wp\/v2\/media?parent=3806"}],"curies":[{"name":"wp","href":"https:\/\/api.w.org\/{rel}","templated":true}]}}