{"id":3363,"date":"2013-07-11T15:00:54","date_gmt":"2013-07-11T13:00:54","guid":{"rendered":"http:\/\/relaunch.galerie-obrist.de\/?page_id=3363"},"modified":"2013-07-11T15:00:54","modified_gmt":"2013-07-11T13:00:54","slug":"kraenzlein-2008","status":"publish","type":"page","link":"http:\/\/relaunch.galerie-obrist.de\/en\/artists\/zzalle-kunstler\/kraenzlein\/kraenzlein-2008\/","title":{"rendered":"Dieter Kr\u00e4nzlein: Ausgew\u00e4hlte Arbeiten (2008)"},"content":{"rendered":"<p><img decoding=\"async\" src=\"http:\/\/relaunch.galerie-obrist.de\/img\/kraenzlein08.jpg\" height=\"250\"><br \/>\n<font size=\"-2\">Dieter Kr\u00e4nzlein: Ohne Titel (2008)<\/font><\/p>\n<p>DIETER KR\u00c4NZLEIN &#8211; Ausgew\u00e4hlte Arbeiten.<br \/>\nAusstellung vom 4. April bis 24. Mai 2008<\/p>\n<p>Ausstellungser\u00f6ffnung und Book Release:<br \/>\nFreitag, 4. April 2008, 19 Uhr<\/p>\n<p>Skulpturen und Wandarbeiten aus Muschelkalkstein stehen im Fokus unserer kommenden Ausstellung. Im Rahmen der Einzelausstellung mit Dieter Kr\u00e4nzlein wird dabei auch ein neues Buch \u00fcber den Stuttgarter Bildhauer pr\u00e4sentiert, in welchem Arbeiten aus den letzten zehn Jahren versammelt sind. Es liegt damit erstmals ein monographisches Werk vor, mit dem die k\u00fcnstlerische Entwicklung der letzten Zeit nachvollzogen wird.<br \/>\nIn der Ausstellung liegt das Hauptgewicht auf den aktuellen Arbeiten aus 2008. Das vordergr\u00fcndige Element bei der Gestaltung der Skulpturen und Reliefs ist die Struktur, mit der Kr\u00e4nzlein die Arbeiten \u00fcberzieht. Diese Struktur entsteht aus dem rhythmischen Ansatz der Trennscheibe, die sich in verschiedenen Bearbeitungsmustern in den Stein frisst. Im Kontrast zur H\u00e4rte und Spr\u00f6dheit des Steines entstehen dabei Assoziationen an Weiches und Biegsames, an Textilien und Papier. Kr\u00e4nzlein verbindet in seinen Skulpturen wie selbstverst\u00e4ndlich die Gegens\u00e4tze. In der Zwiesprache von Stein und Werkzeug als verl\u00e4ngertem Arm des K\u00fcnstlers, in einem dialogischen Prozess von Zufall und Notwendigkeit entstehen Werke, die sich von der Natur ihres Materiales freigemacht haben.<\/p>\n<p><a href=\"\/artists\/kraenzlein\">CV Dieter Kr\u00e4nzlein<\/a><\/p>\n","protected":false},"excerpt":{"rendered":"<p>Dieter Kr\u00e4nzlein: Ohne Titel (2008) DIETER KR\u00c4NZLEIN &#8211; Ausgew\u00e4hlte Arbeiten. Ausstellung vom 4. April bis 24. Mai 2008 Ausstellungser\u00f6ffnung und Book Release: Freitag, 4. April 2008, 19 Uhr Skulpturen und Wandarbeiten aus Muschelkalkstein stehen im Fokus unserer kommenden Ausstellung. Im Rahmen der Einzelausstellung mit Dieter Kr\u00e4nzlein wird dabei auch ein neues Buch \u00fcber den Stuttgarter &hellip; <\/p>\n<p class=\"link-more\"><a href=\"http:\/\/relaunch.galerie-obrist.de\/en\/artists\/zzalle-kunstler\/kraenzlein\/kraenzlein-2008\/\" class=\"more-link\">Read more<span class=\"screen-reader-text\"> &#8220;Dieter Kr\u00e4nzlein: Ausgew\u00e4hlte Arbeiten (2008)&#8221;<\/span><\/a><\/p>\n","protected":false},"author":2,"featured_media":0,"parent":1049,"menu_order":0,"comment_status":"closed","ping_status":"open","template":"","meta":{"footnotes":""},"translation":{"provider":"WPGlobus","version":"2.12.2","language":"en","enabled_languages":["de","en","ru"],"languages":{"de":{"title":true,"content":true,"excerpt":false},"en":{"title":false,"content":false,"excerpt":false},"ru":{"title":false,"content":false,"excerpt":false}}},"featured_media_urls":[],"_links":{"self":[{"href":"http:\/\/relaunch.galerie-obrist.de\/en\/wp-json\/wp\/v2\/pages\/3363"}],"collection":[{"href":"http:\/\/relaunch.galerie-obrist.de\/en\/wp-json\/wp\/v2\/pages"}],"about":[{"href":"http:\/\/relaunch.galerie-obrist.de\/en\/wp-json\/wp\/v2\/types\/page"}],"author":[{"embeddable":true,"href":"http:\/\/relaunch.galerie-obrist.de\/en\/wp-json\/wp\/v2\/users\/2"}],"replies":[{"embeddable":true,"href":"http:\/\/relaunch.galerie-obrist.de\/en\/wp-json\/wp\/v2\/comments?post=3363"}],"version-history":[{"count":3,"href":"http:\/\/relaunch.galerie-obrist.de\/en\/wp-json\/wp\/v2\/pages\/3363\/revisions"}],"predecessor-version":[{"id":9757,"href":"http:\/\/relaunch.galerie-obrist.de\/en\/wp-json\/wp\/v2\/pages\/3363\/revisions\/9757"}],"up":[{"embeddable":true,"href":"http:\/\/relaunch.galerie-obrist.de\/en\/wp-json\/wp\/v2\/pages\/1049"}],"wp:attachment":[{"href":"http:\/\/relaunch.galerie-obrist.de\/en\/wp-json\/wp\/v2\/media?parent=3363"}],"curies":[{"name":"wp","href":"https:\/\/api.w.org\/{rel}","templated":true}]}}