{"id":2940,"date":"2004-02-21T16:51:41","date_gmt":"2004-02-21T14:51:41","guid":{"rendered":"http:\/\/relaunch.galerie-obrist.de\/?page_id=2940"},"modified":"2013-04-03T17:57:27","modified_gmt":"2013-04-03T15:57:27","slug":"gosbert-adler-autos-2004","status":"publish","type":"page","link":"http:\/\/relaunch.galerie-obrist.de\/en\/artists\/zzalle-kunstler\/adler\/gosbert-adler-autos-2004\/","title":{"rendered":"Gosbert Adler: Autos. (2004)"},"content":{"rendered":"<table border=\"0\">\n<tbody>\n<tr>\n<td align=\"center\" valign=\"top\"><a href=\"http:\/\/relaunch.galerie-obrist.de\/img\/auto1.jpg\" target=\"_blank\"><img loading=\"lazy\" decoding=\"async\" src=\"http:\/\/relaunch.galerie-obrist.de\/img\/t_auto1.jpg\" alt=\"auto1.jpg\" width=\"87\" height=\"70\" border=\"0\" \/><br \/>\nauto1.jpg <\/a><\/td>\n<td align=\"center\" valign=\"top\"><a href=\"http:\/\/relaunch.galerie-obrist.de\/img\/auto2.jpg\" target=\"_blank\"><img loading=\"lazy\" decoding=\"async\" src=\"http:\/\/relaunch.galerie-obrist.de\/img\/t_auto2.jpg\" alt=\"auto2.jpg\" width=\"87\" height=\"70\" border=\"0\" \/><br \/>\nauto2.jpg<\/a><\/td>\n<td align=\"center\" valign=\"top\"><a href=\"http:\/\/relaunch.galerie-obrist.de\/img\/auto3.jpg\" target=\"_blank\"><img loading=\"lazy\" decoding=\"async\" src=\"http:\/\/relaunch.galerie-obrist.de\/img\/t_auto3.jpg\" alt=\"auto3.jpg\" width=\"89\" height=\"70\" border=\"0\" \/><br \/>\nauto3.jpg<\/a><\/td>\n<\/tr>\n<tr>\n<td align=\"center\" valign=\"top\"><a href=\"http:\/\/relaunch.galerie-obrist.de\/img\/auto4.jpg\" target=\"_blank\"><img loading=\"lazy\" decoding=\"async\" src=\"http:\/\/relaunch.galerie-obrist.de\/img\/t_auto4.jpg\" alt=\"auto4.jpg\" width=\"88\" height=\"70\" border=\"0\" \/><br \/>\nauto4.jpg<\/a><\/td>\n<td align=\"center\" valign=\"top\"><a href=\"http:\/\/relaunch.galerie-obrist.de\/img\/auto5.jpg\" target=\"_blank\"><img loading=\"lazy\" decoding=\"async\" src=\"http:\/\/relaunch.galerie-obrist.de\/img\/t_auto5.jpg\" alt=\"auto5.jpg\" width=\"86\" height=\"70\" border=\"0\" \/><br \/>\nauto5.jpg<\/a><\/td>\n<\/tr>\n<\/tbody>\n<\/table>\n<p>Fotografie<br \/>\n8. Oktober &#8211; 6. November 2004<\/p>\n<p>In seinem neuen Fotozyklus arbeitet Gosbert Adler erstmals mit der Mittelformatkamera und seit einem l\u00e4ngeren Zeitraum wieder mit der Farbfotografie. Zu sehen sind Interieurs von Autos, teils mit Insassen, durch die Autoscheibe hindurch fotografiert. Das Auto als mobiles Schaufenster zum Privatraum entlarvt die allgegenw\u00e4rtige Inszenierung des privaten Alltags. Adler sucht das Nichtinszenierte und stellt in der vermeintlichen Authenzit\u00e4t des Abgebildeten die Frage nach der &#8220;Ver\u00f6ffentlichung&#8221; des Privaten. Er greift damit ein Thema von 1999 wieder auf, bei dem er Voyeurfotos aus dem Internet ausw\u00e4hlte und vergr\u00f6\u00dferte, und dabei die Authenzit\u00e4t der abgebildeten Privatsph\u00e4re bewu\u00dft im Unklaren lie\u00df.<\/p>\n<p><a href=\"\/artists\/zzalle-kunstler\/adler\">CV Gosbert Adler<\/a><\/p>\n","protected":false},"excerpt":{"rendered":"<p>auto1.jpg auto2.jpg auto3.jpg auto4.jpg auto5.jpg Fotografie 8. Oktober &#8211; 6. November 2004 In seinem neuen Fotozyklus arbeitet Gosbert Adler erstmals mit der Mittelformatkamera und seit einem l\u00e4ngeren Zeitraum wieder mit der Farbfotografie. Zu sehen sind Interieurs von Autos, teils mit Insassen, durch die Autoscheibe hindurch fotografiert. Das Auto als mobiles Schaufenster zum Privatraum entlarvt die &hellip; <\/p>\n<p class=\"link-more\"><a href=\"http:\/\/relaunch.galerie-obrist.de\/en\/artists\/zzalle-kunstler\/adler\/gosbert-adler-autos-2004\/\" class=\"more-link\">Read more<span class=\"screen-reader-text\"> &#8220;Gosbert Adler: Autos. (2004)&#8221;<\/span><\/a><\/p>\n","protected":false},"author":2,"featured_media":0,"parent":2938,"menu_order":0,"comment_status":"closed","ping_status":"open","template":"","meta":{"footnotes":""},"translation":{"provider":"WPGlobus","version":"2.12.2","language":"en","enabled_languages":["de","en","ru"],"languages":{"de":{"title":true,"content":true,"excerpt":false},"en":{"title":false,"content":false,"excerpt":false},"ru":{"title":false,"content":false,"excerpt":false}}},"featured_media_urls":[],"_links":{"self":[{"href":"http:\/\/relaunch.galerie-obrist.de\/en\/wp-json\/wp\/v2\/pages\/2940"}],"collection":[{"href":"http:\/\/relaunch.galerie-obrist.de\/en\/wp-json\/wp\/v2\/pages"}],"about":[{"href":"http:\/\/relaunch.galerie-obrist.de\/en\/wp-json\/wp\/v2\/types\/page"}],"author":[{"embeddable":true,"href":"http:\/\/relaunch.galerie-obrist.de\/en\/wp-json\/wp\/v2\/users\/2"}],"replies":[{"embeddable":true,"href":"http:\/\/relaunch.galerie-obrist.de\/en\/wp-json\/wp\/v2\/comments?post=2940"}],"version-history":[{"count":5,"href":"http:\/\/relaunch.galerie-obrist.de\/en\/wp-json\/wp\/v2\/pages\/2940\/revisions"}],"predecessor-version":[{"id":2947,"href":"http:\/\/relaunch.galerie-obrist.de\/en\/wp-json\/wp\/v2\/pages\/2940\/revisions\/2947"}],"up":[{"embeddable":true,"href":"http:\/\/relaunch.galerie-obrist.de\/en\/wp-json\/wp\/v2\/pages\/2938"}],"wp:attachment":[{"href":"http:\/\/relaunch.galerie-obrist.de\/en\/wp-json\/wp\/v2\/media?parent=2940"}],"curies":[{"name":"wp","href":"https:\/\/api.w.org\/{rel}","templated":true}]}}