{"id":2938,"date":"2011-02-21T16:47:18","date_gmt":"2011-02-21T14:47:18","guid":{"rendered":"http:\/\/relaunch.galerie-obrist.de\/?page_id=2938"},"modified":"2013-04-03T17:57:52","modified_gmt":"2013-04-03T15:57:52","slug":"adler","status":"publish","type":"page","link":"http:\/\/relaunch.galerie-obrist.de\/en\/artists\/zzalle-kunstler\/adler\/","title":{"rendered":"Gosbert Adler"},"content":{"rendered":"<p><img loading=\"lazy\" decoding=\"async\" id=\"Bild814\" src=\"http:\/\/relaunch.galerie-obrist.de\/img\/auto1.jpg\" alt=\"\" width=\"248\" height=\"174\" align=\"TOP\" border=\"0\" hspace=\"0\" vspace=\"0\" \/><br \/>\n<!-- ddlsp --><\/p>\n<table width=\"258\" border=\"0\" cellspacing=\"0\" cellpadding=\"5\">\n<tbody>\n<tr>\n<td>Gosbert Adler: Auto 1 (2004),<br \/>\nC-Print\/ Plexiglas, Aufl. 3,<br \/>\n95 x 120 cm<\/td>\n<\/tr>\n<\/tbody>\n<\/table>\n<p>GOSBERT ADLER<\/p>\n<p>1956 geboren in Essen<br \/>\n1976-82\u00a0 Fotografiestudium in Essen<br \/>\n1982\u00a0 Stipendium der Alfried Krupp von Bohlen und Halbach Stiftung \/ Wechsel nach Berlin<br \/>\n1984\u00a0 Abschluss als Diplomdesigner an der GHS Essen<br \/>\n1982-86\u00a0 Dozent an der Werkstatt f\u00fcr Fotografie in Berlin, ab 1984 als Leiter der Galerie derselben<br \/>\n1989\u00a0 Erster Dt. Fotopreis der Landesgirokasse Stuttgart<br \/>\nseit 1988\u00a0 Lehrauftr\u00e4ge an der FH Dortmund, der Hochschule Wismar, der HdK Berlin, der Hochschule f\u00fcr Gestaltung und Kunst Z\u00fcrich und an der Merz-Akademie Stuttgart<br \/>\n2001\u00a0 Werner Mantz Preis f\u00fcr Fotografie, Maastricht<br \/>\nseit 2002 Professor f\u00fcr Fotografie im Fachbereich Bildende Kunst der FH Hannover.<br \/>\nLebt und arbeitet in Berlin.<\/p>\n<p>EINZELAUSSTELLUNGEN<br \/>\n1983 Werkstatt f\u00fcr Fotografie Berlin<br \/>\n1986 Forum Stadtpark, Graz<br \/>\n1990 Museum Folkwang, Essen<br \/>\n1991 Forum Stadtpark, Graz<br \/>\n1991 Galerie Bouqueret et Lebon, Paris<br \/>\n1993 Arbeit in situ, Berlin<br \/>\n1994 Sprengel Museum, Hannover<br \/>\n1997 Galerie Bouqueret et Lebon, Paris<br \/>\n2000 Goetheinstitut Toronto<br \/>\n2002 Goetheinstitut Toronto (mit Robin Collyer)<br \/>\n2004 Galerie Obrist, Essen<\/p>\n<p>Zahlreiche Ausstellungsbeteiligungen u.a. in Br\u00fcssel,<br \/>\nLondon, M\u00fcnchen, New York, Oslo, Rotterdam,<br \/>\nTokio, Washington D.C., Winterthur<\/p>\n<p>\u00d6FFENTLICHE SAMMLUNGEN<br \/>\nMuseum of Modern Art, New York<br \/>\nMuseum Folkwang Essen<br \/>\nSprengel Museum Hannover<br \/>\nBerlinische Galerie, Berlin<br \/>\nHenie Onstrad Artcenter, Oslo<br \/>\nSammlung des Siemens Kulturprogramms<br \/>\nRuhrlandmuseum Essen<br \/>\nSammlung des Landes Rheinland Pfalz<br \/>\nStichting Werner Mantz, Niederlande<\/p>\n","protected":false},"excerpt":{"rendered":"<p>Gosbert Adler: Auto 1 (2004), C-Print\/ Plexiglas, Aufl. 3, 95 x 120 cm GOSBERT ADLER 1956 geboren in Essen 1976-82\u00a0 Fotografiestudium in Essen 1982\u00a0 Stipendium der Alfried Krupp von Bohlen und Halbach Stiftung \/ Wechsel nach Berlin 1984\u00a0 Abschluss als Diplomdesigner an der GHS Essen 1982-86\u00a0 Dozent an der Werkstatt f\u00fcr Fotografie in Berlin, ab &hellip; <\/p>\n<p class=\"link-more\"><a href=\"http:\/\/relaunch.galerie-obrist.de\/en\/artists\/zzalle-kunstler\/adler\/\" class=\"more-link\">Read more<span class=\"screen-reader-text\"> &#8220;Gosbert Adler&#8221;<\/span><\/a><\/p>\n","protected":false},"author":2,"featured_media":0,"parent":1511,"menu_order":0,"comment_status":"closed","ping_status":"open","template":"","meta":{"footnotes":""},"translation":{"provider":"WPGlobus","version":"2.12.2","language":"en","enabled_languages":["de","en","ru"],"languages":{"de":{"title":true,"content":true,"excerpt":false},"en":{"title":false,"content":false,"excerpt":false},"ru":{"title":false,"content":false,"excerpt":false}}},"featured_media_urls":[],"_links":{"self":[{"href":"http:\/\/relaunch.galerie-obrist.de\/en\/wp-json\/wp\/v2\/pages\/2938"}],"collection":[{"href":"http:\/\/relaunch.galerie-obrist.de\/en\/wp-json\/wp\/v2\/pages"}],"about":[{"href":"http:\/\/relaunch.galerie-obrist.de\/en\/wp-json\/wp\/v2\/types\/page"}],"author":[{"embeddable":true,"href":"http:\/\/relaunch.galerie-obrist.de\/en\/wp-json\/wp\/v2\/users\/2"}],"replies":[{"embeddable":true,"href":"http:\/\/relaunch.galerie-obrist.de\/en\/wp-json\/wp\/v2\/comments?post=2938"}],"version-history":[{"count":4,"href":"http:\/\/relaunch.galerie-obrist.de\/en\/wp-json\/wp\/v2\/pages\/2938\/revisions"}],"predecessor-version":[{"id":9785,"href":"http:\/\/relaunch.galerie-obrist.de\/en\/wp-json\/wp\/v2\/pages\/2938\/revisions\/9785"}],"up":[{"embeddable":true,"href":"http:\/\/relaunch.galerie-obrist.de\/en\/wp-json\/wp\/v2\/pages\/1511"}],"wp:attachment":[{"href":"http:\/\/relaunch.galerie-obrist.de\/en\/wp-json\/wp\/v2\/media?parent=2938"}],"curies":[{"name":"wp","href":"https:\/\/api.w.org\/{rel}","templated":true}]}}