{"id":2704,"date":"2012-10-23T17:10:50","date_gmt":"2012-10-23T15:10:50","guid":{"rendered":"http:\/\/relaunch.galerie-obrist.de\/?page_id=2704"},"modified":"2023-08-31T14:53:29","modified_gmt":"2023-08-31T12:53:29","slug":"paas2011","status":"publish","type":"page","link":"http:\/\/relaunch.galerie-obrist.de\/en\/artists\/paas\/paas2011\/","title":{"rendered":"J\u00fcrgen Paas: POPPLANET (2011)"},"content":{"rendered":"<p><a href=\"http:\/\/blog.gam-essen.de\/wp-content\/uploads\/2011\/03\/installation-www.jpg\"><a href=\"http:\/\/blog.gam-essen.de\/wp-content\/uploads\/2011\/03\/popplanet-www.jpg\"><img loading=\"lazy\" decoding=\"async\" class=\"alignnone size-medium wp-image-1291\" title=\"popplanet-www\" src=\"http:\/\/blog.gam-essen.de\/wp-content\/uploads\/2011\/03\/popplanet-www-300x216.jpg\" alt=\"popplanet-www\" width=\"300\" height=\"216\" srcset=\"http:\/\/relaunch.galerie-obrist.de\/wp-content\/uploads\/2011\/03\/popplanet-www-300x216.jpg 300w, http:\/\/relaunch.galerie-obrist.de\/wp-content\/uploads\/2011\/03\/popplanet-www.jpg 528w\" sizes=\"(max-width: 300px) 100vw, 300px\" \/><\/a><br \/>\n<\/a><\/p>\n<p>\nTitled POPPLANET the gallery shows an exhibition with new work of J\u00fcrgen Paas from 16 April to 4 June, 2011.<\/p>\n<p><a href=\"\/artists\/paas\/lang\/en-us\">More about J\u00fcrgen Paas<\/a><\/p>\n<p>J\u00fcrgen Paas. POPPLANET.<br \/>\nNew works.<br \/>\nApr. 16 &#8211; June 4, 2011<br \/>\nOpening Reception: Friday, 15 April, 2011, 7 pm<\/p>\n","protected":false},"excerpt":{"rendered":"<p>Titled POPPLANET the gallery shows an exhibition with new work of J\u00fcrgen Paas from 16 April to 4 June, 2011. More about J\u00fcrgen Paas J\u00fcrgen Paas. POPPLANET. New works. Apr. 16 &#8211; June 4, 2011 Opening Reception: Friday, 15 April, 2011, 7 pm<\/p>\n","protected":false},"author":2,"featured_media":0,"parent":1475,"menu_order":0,"comment_status":"closed","ping_status":"closed","template":"","meta":{"footnotes":""},"translation":{"provider":"WPGlobus","version":"2.12.2","language":"en","enabled_languages":["de","en","ru"],"languages":{"de":{"title":true,"content":true,"excerpt":false},"en":{"title":true,"content":true,"excerpt":false},"ru":{"title":false,"content":false,"excerpt":false}}},"featured_media_urls":[],"_links":{"self":[{"href":"http:\/\/relaunch.galerie-obrist.de\/en\/wp-json\/wp\/v2\/pages\/2704"}],"collection":[{"href":"http:\/\/relaunch.galerie-obrist.de\/en\/wp-json\/wp\/v2\/pages"}],"about":[{"href":"http:\/\/relaunch.galerie-obrist.de\/en\/wp-json\/wp\/v2\/types\/page"}],"author":[{"embeddable":true,"href":"http:\/\/relaunch.galerie-obrist.de\/en\/wp-json\/wp\/v2\/users\/2"}],"replies":[{"embeddable":true,"href":"http:\/\/relaunch.galerie-obrist.de\/en\/wp-json\/wp\/v2\/comments?post=2704"}],"version-history":[{"count":10,"href":"http:\/\/relaunch.galerie-obrist.de\/en\/wp-json\/wp\/v2\/pages\/2704\/revisions"}],"predecessor-version":[{"id":9109,"href":"http:\/\/relaunch.galerie-obrist.de\/en\/wp-json\/wp\/v2\/pages\/2704\/revisions\/9109"}],"up":[{"embeddable":true,"href":"http:\/\/relaunch.galerie-obrist.de\/en\/wp-json\/wp\/v2\/pages\/1475"}],"wp:attachment":[{"href":"http:\/\/relaunch.galerie-obrist.de\/en\/wp-json\/wp\/v2\/media?parent=2704"}],"curies":[{"name":"wp","href":"https:\/\/api.w.org\/{rel}","templated":true}]}}