{"id":2245,"date":"2012-06-09T13:22:27","date_gmt":"2012-06-09T11:22:27","guid":{"rendered":"http:\/\/relaunch.galerie-obrist.de\/?page_id=2245"},"modified":"2019-03-29T18:14:30","modified_gmt":"2019-03-29T16:14:30","slug":"bartsch2010","status":"publish","type":"page","link":"http:\/\/relaunch.galerie-obrist.de\/en\/artists\/bartsch\/bartsch2010\/","title":{"rendered":"Wiebke Bartsch: Clouds Pass By (2010)"},"content":{"rendered":"<p><a href=\"http:\/\/relaunch.galerie-obrist.de\/wp-content\/uploads\/2010\/08\/mmmmh2009www.jpg\"><img loading=\"lazy\" decoding=\"async\" src=\"http:\/\/relaunch.galerie-obrist.de\/wp-content\/uploads\/2010\/08\/mmmmh2009www-225x300.jpg\" alt=\"\" title=\"mmmmh2009www\" width=\"225\" height=\"300\" class=\"alignnone size-medium wp-image-655\" srcset=\"http:\/\/relaunch.galerie-obrist.de\/wp-content\/uploads\/2010\/08\/mmmmh2009www-225x300.jpg 225w, http:\/\/relaunch.galerie-obrist.de\/wp-content\/uploads\/2010\/08\/mmmmh2009www.jpg 397w\" sizes=\"(max-width: 225px) 100vw, 225px\" \/><\/a><\/p>\n<p>Ab dem 1. Oktober pr\u00e4sentiert die Galerie Obrist die j\u00fcngsten Arbeiten der M\u00fcnsteraner K\u00fcnstlerin Wiebke Bartsch. Die Ausstellung zeigt eine Reihe von Installationen aus textilem Material, Wandarbeiten aus Stoffen sowie ein gro\u00dfes grafisches Konvolut. Die Meistersch\u00fclerin von Timm Ulrichs ist auch bekannt f\u00fcr ihre Aktionen und Keramiken.<\/span><br \/>\n>Wiebke Bartsch hat in ihrem Werk einen kindlichen Blick stets bewahrt. Mit spielerischer Leichtigkeit nimmt sie selbst die schrecklichsten Themen auf. Neben einer niedlichen Puppenwiege findet sich ein Totenskelett, das selbst noch drollig wirkt. Eine Leiche liegt unter einem Schwarm von Stofffischen. Die Mischung aus Kindlichem und Morbidem l\u00e4\u00dft dem Betrachter immer wieder einen Schauer \u00fcber den R\u00fccken laufen. <a href=\"\/artists\/bartsch\">CV WIEBKE BARTSCH<\/a><\/span><\/p>\n<p>Wiebke Bartsch: \u201cClouds Pass By\u201d. <a href=\"\/category\/exhibitions2010\/2010-10wiebke-bartsch\/lang\/en-us\">Read more about this exhibition&#8230;<\/a><br \/>\nOct. 2 \u2013 Nov. 6, 2010<br \/>\nOpening Reception: Friday, Oct. 1, 2010, 7 p.m.<br \/>\n<a href=\"\/artists\/bartsch\">CV WIEBKE BARTSCH<\/a><\/span><\/p>\n","protected":false},"excerpt":{"rendered":"<p>Ab dem 1. Oktober pr\u00e4sentiert die Galerie Obrist die j\u00fcngsten Arbeiten der M\u00fcnsteraner K\u00fcnstlerin Wiebke Bartsch. Die Ausstellung zeigt eine Reihe von Installationen aus textilem Material, Wandarbeiten aus Stoffen sowie ein gro\u00dfes grafisches Konvolut. Die Meistersch\u00fclerin von Timm Ulrichs ist auch bekannt f\u00fcr ihre Aktionen und Keramiken. >Wiebke Bartsch hat in ihrem Werk einen kindlichen &hellip; <\/p>\n<p class=\"link-more\"><a href=\"http:\/\/relaunch.galerie-obrist.de\/en\/artists\/bartsch\/bartsch2010\/\" class=\"more-link\">Read more<span class=\"screen-reader-text\"> &#8220;Wiebke Bartsch: Clouds Pass By (2010)&#8221;<\/span><\/a><\/p>\n","protected":false},"author":2,"featured_media":0,"parent":662,"menu_order":0,"comment_status":"closed","ping_status":"closed","template":"","meta":{"footnotes":""},"translation":{"provider":"WPGlobus","version":"2.12.2","language":"en","enabled_languages":["de","en","ru"],"languages":{"de":{"title":true,"content":true,"excerpt":false},"en":{"title":true,"content":true,"excerpt":false},"ru":{"title":false,"content":false,"excerpt":false}}},"featured_media_urls":[],"_links":{"self":[{"href":"http:\/\/relaunch.galerie-obrist.de\/en\/wp-json\/wp\/v2\/pages\/2245"}],"collection":[{"href":"http:\/\/relaunch.galerie-obrist.de\/en\/wp-json\/wp\/v2\/pages"}],"about":[{"href":"http:\/\/relaunch.galerie-obrist.de\/en\/wp-json\/wp\/v2\/types\/page"}],"author":[{"embeddable":true,"href":"http:\/\/relaunch.galerie-obrist.de\/en\/wp-json\/wp\/v2\/users\/2"}],"replies":[{"embeddable":true,"href":"http:\/\/relaunch.galerie-obrist.de\/en\/wp-json\/wp\/v2\/comments?post=2245"}],"version-history":[{"count":9,"href":"http:\/\/relaunch.galerie-obrist.de\/en\/wp-json\/wp\/v2\/pages\/2245\/revisions"}],"predecessor-version":[{"id":9725,"href":"http:\/\/relaunch.galerie-obrist.de\/en\/wp-json\/wp\/v2\/pages\/2245\/revisions\/9725"}],"up":[{"embeddable":true,"href":"http:\/\/relaunch.galerie-obrist.de\/en\/wp-json\/wp\/v2\/pages\/662"}],"wp:attachment":[{"href":"http:\/\/relaunch.galerie-obrist.de\/en\/wp-json\/wp\/v2\/media?parent=2245"}],"curies":[{"name":"wp","href":"https:\/\/api.w.org\/{rel}","templated":true}]}}