{"id":1863,"date":"2012-02-14T14:53:40","date_gmt":"2012-02-14T12:53:40","guid":{"rendered":"http:\/\/blog.gam-essen.de\/?page_id=1863"},"modified":"2023-08-31T15:10:54","modified_gmt":"2023-08-31T13:10:54","slug":"hartenstein","status":"publish","type":"page","link":"http:\/\/relaunch.galerie-obrist.de\/en\/artists\/hartenstein\/","title":{"rendered":"Armin Hartenstein"},"content":{"rendered":"<p><span lang=\"en-us\"><b>WORKS<\/b><\/span><br \/>\n[nggallery id=15]<br \/>\n<span lang=\"en-us\"><b>EXHIBITIONS IN THE GALLERY<\/b><\/span><br \/>\n<!-- ddlsp --><\/p>\n<p><span lang=\"en-us\"><b>CV<\/b><\/span><br \/>\n<span lang=\"en-us\">Armin Hartenstein<br \/>\n1968 born<br \/>\n1991-97 study at the academy of arts Duesseldorf, master student of Prof. Fritz Schwegler and Prof. Walter Nikkels<br \/>\n2001\/02 Scholarship of Kunststiftung Baden-W\u00fcrttemberg<br \/>\n2009\t&#8220;new positions&#8221;, ArtCologne<br \/>\n2010\tNational Art Studio of Corea, Changdong, Museum of Contemporary Art, Seoul, Corea<br \/>\nsince 2013 artist run space and exhibition project <a href=\"ebove.tumblr.com\">BOVE<\/a><br \/>\nLives and works in Berlin.<br \/>\n<a href=\"http:\/\/www.arminhartenstein.de\" target=\"_blank\">Website Armin Hartenstein<\/a><\/span><\/p>\n<p><span lang=\"en-us\">Exhibitions (Selection)<\/p>\n<p>2021<br \/>Licht und Zucker, M\u00e4rkisches Museum Witten<br \/>\nNeue S\u00e4chsische Galerie- Museum f\u00fcr Zeitgen\u00f6ssische Kunst Chemnitz, mit J\u00e1chym Fleig<br \/>\n2020<br \/>Eisenh\u00fcttenstadt &#8211; Zwischen Modell und Museum<br \/>\npainting\/photography, Galerie de Zaal, Delft<br \/>\n2019<br \/>\n&#8220;Hidden Sugars, Hidden Files&#8221;, Galerie Obrist, Essen<br \/>\n&#8220;BOVE\/BERLIN&#8221;, Berlin-Hohensch\u00f6nhausen.<br \/>\n\t\t Deutscher K\u00fcnstlerbund, Berlin.<br \/>\n\t\t\u201efreie Zimmer\u201c, Hugenottenhaus Kassel.<br \/>\n\t\t\u201elandscape\/water\u201c, gallery de zaal, Delft, NL.<br \/>\n\t\t\u201eUTOPIE \/ PASSION\u201c, Eisenh\u00fcttenstadt und Kunstverein Neuzelle.<br \/>\n2018<br \/>\n&#8220;Mes Amis de Emmanuel Bove&#8221;, Kunstverein Trier (E)<br \/>\n&#8220;Mes Amis de Emmanuel Bove \/ \u00c4hnliche Inseln&#8221;, St\u00e4dtische Galerie Donaueschingen (E)<br \/>\nNeuer Kunstverein Giessen (G)<br \/>\nLiteraturarchiv Dr. Reiner Speck, K\u00f6ln<br \/>\n2017<br \/>\n&#8220;DAS AUTO IN DER KUNST&#8221;, Kunsthalle Emden (G)<br \/>\n&#8220;TROPE&#8221;, Installation auf dem Henri-Nannen-Platz, Emden<br \/>\n&#8220;HALL #1&#8221;, Westrasse Aachen (G)<br \/>\n2016<br \/>\n&#8220;cutout&#8221;, Galerie Obrist, Essen (E)<br \/>\n&#8220;xt&#8221;, Galerie Martin Mertens, Berlin (G)<br \/>\n&#8220;neue enden 2&#8221;, Gerson Hoeger, Hamburg (G)<br \/>\n&#8220;interbove&#8221;, BOVE, D\u00fcsseldorf (G)<br \/>\n&#8220;Favoriten, Galerie Obrist, Essen (G)<br \/>\n2015<br \/>\n&#8220;Avant la D\u00e9vantgarde&#8221;,PADE,Ackertrasse 144,D\u00fcsseldorf(G)<br \/>\n&#8220;beyond the pines&#8221;,pinacoteca Wien, with Julia Kr\u00f6pelin<br \/>\nGalerie Obrist, with Martin Schwenk<br \/>\n&#8220;Neue Enden&#8221;, Kunstverein Kassel(G)<br \/>\n&#8220;reunion&#8221;,galerie de zaal, Delft (E)<br \/>\n2014<br \/>\nCKD,Chinese and German paintings,Bejing.Chengdu (G)<br \/>\n&#8220;Zuspiel&#8221; Kunststiftung Baden-W\u00fcrttemberg\/ Galerie Valentien (G),Stuttgart<br \/>\nLRA Villingen(G)<br \/>\nSt.Galerie Fellbach(G)<br \/>\n&#8220;Zeichen,Muster,Ornament&#8221;,Galerie Obrist, Essen and D\u00fcsseldorf(G)<br \/>\nSt\u00e4dtische Galerie B\u00fchl<br \/>\nGalerie Bischoff,B erlin(G)<br \/>\nmental space,Bochum(G)<br \/>\n&#8220;sextext and various capitalisms&#8221;, BOVE, D\u00fcsseldorf.<br \/>\n2013<br \/>\n\u201eREDLANDS\u201c,de zaal, Delft(E)<br \/>\n\u201cAus Ernst wird Spa\u00df\u201c, Deutscher K\u00fcnstlerbund Berlin(G)<br \/>\n\u201eMONTAN\u201c,Galerie Obrist @ Mutter Ey-Stra\u00dfe 5, D\u00fcsseldorf(E).<br \/>\nDCKD,Chinese and German paintings, Bejing.(G)<br \/>\n\u201eBruch und Dallas\u201c, K\u00f6ln(G)<br \/>\n\u201cMes Amis de Emmanuel Bove\u201c, BOVE in D\u00fcsseldorf<br \/>\n2012<br \/>\n&#8220;CUTCAR&#8221;, Galerie Krings-Ernst, K\u00f6ln(E\/K)<br \/>\nKunsttage Winningen, Installation im ehemaligen Armenhaus, Winningen, Mosel<br \/>\n&#8220;Havarie&#8221;, Galerie Obrist,Essen (E)<br \/>\n2011<br \/>\ncor gallery zurich (G)<br \/>\n\u201eBack From\u201c, Kunstraum D\u00fcsseldorf, Atelier am Eck, mit Ulrike K\u00f6tz<br \/>\n\u201eRaum f\u00fcr vollendete Tatsachen\u201c, D\u00fcsseldorf, mit Matthias Grotevent<br \/>\n2010<br \/>\n\u201eMes Amis de Emmanuel Bove\u201c, Neuer Kunstverein Giessen (E)<br \/>\n\u201eLARGER THAN LIFE_STRANGER THAN FICTION\u201c, 11.Triennale Fellbach(G\/K),kuratiert von Ulrike Gross und Heike van den Valentyn<br \/>\n\u201eIn the ragged Mountains\u201c, Sosogallery, Heyri, Korea.<br \/>\n\u201eA second tale of the ragged Mountains\u201c, Changdong National Art Studio (G\/K), Museum of Contemporary Art Seoul.<br \/>\n\u201eVERTICAL\u201c,Liaison Controverse, D\u00fcsseldorf (G)<br \/>\n\u201eDAEWOO\u201c, Yeosu International Art Festival, Yeosu (G\/K),Korea<br \/>\n2009<br \/>\n\u201cnew positions\u201d auf der ARTCOLOGNE<br \/>\n\u201cfranst aus\u201d, Ruzicskaweiss, D\u00fcsseldorf (mit Bea Otto)<br \/>\nGalerie de Zaal, Delft, NL (mit Peter Stoffel)<br \/>\n2008<br \/>\n\u201cApehill\u201d, Galerie Lionel Hustinx, Li\u00e8ge (E)<br \/>\n\u201cshift\u201d, Galerie Ruzicskaweiss, D\u00fcsseldorf (G)<br \/>\n&#8220;Landschaft entdecken&#8221; , Kunstmuseum Gera (G,K)<br \/>\n2007<br \/>\n\u201cmes amis de Emmanuel Bove\u201d, Kunstverein Bochum (E)<br \/>\nKunstraum D\u00fcsseldorf (G)<br \/>\n\u201cOdds and Ends\u201d, Galerie Ruzicskaweiss, D\u00fcsseldorf (G)<br \/>\n2006<br \/>\n\u201cCaldera\u201d, Galerie Uschi Kolb \/ Haus Schneider, Karlsruhe (E)<br \/>\n\u201cmes amis de Emmanuel Bove\u201d, Galerie Ruzicskaweiss, D\u00fcsseldorf (E)<br \/>\n\u201cwucherndes Land\u201d, Galerie de Zaal, Delft, NL (E)<br \/>\n2005<br \/>\n\u201cTagnachtgleiche\u201d, Galerie Ruzicskaweiss, D\u00fcsseldorf (E)<br \/>\nMehrwert 107, Interfood-Vitrine Aachen (E)<br \/>\n2004<br \/>\nGalerie de zaal,Delft (E)<br \/>\n2003<br \/>\n\u201cEin gro\u00dfes rauchfarbenes Glas flach auf eine Sommerwiese gelegt\u201d, St\u00e4dtische Galerie Villingen-Schwenningen,(E\/K)<br \/>\n<em>E= Einzelausstellung \/ solo exhibition, G= Gruppenausstellung \/ group show, K = Katalog \/ catalogue<\/em><\/span><\/p>\n<p>\u00a0<br \/>\n<span lang=\"en-us\"><b>RELATED POSTS&#8230;<\/b><\/span><br \/>\n    <div class=\"related-post list\">\r\n        <br \/>\n<b>Warning<\/b>:  Undefined array key \"page\" in <b>\/www\/htdocs\/w0088a62\/relaunch.galerie-obrist.de\/wp-content\/plugins\/related-post\/templates\/related-post-hook.php<\/b> on line <b>18<\/b><br \/>\n<br \/>\n<b>Warning<\/b>:  Undefined array key \"page\" in <b>\/www\/htdocs\/w0088a62\/relaunch.galerie-obrist.de\/wp-content\/plugins\/related-post\/templates\/related-post-hook.php<\/b> on line <b>55<\/b><br \/>\n    <div class=\"post-list \">\r\n\r\n                        <div class=\"item\">\r\n                                    <\/div>\r\n                            <div class=\"item\">\r\n                                    <\/div>\r\n                            <div class=\"item\">\r\n                                    <\/div>\r\n                            <div class=\"item\">\r\n                                    <\/div>\r\n                            <div class=\"item\">\r\n                                    <\/div>\r\n            \r\n    <\/div>\r\n\r\n    <script>\r\n            <\/script>\r\n    <style>\r\n        .related-post {}\r\n\r\n        .related-post .post-list {\r\n            text-align: left;\r\n                    }\r\n\r\n        .related-post .post-list .item {\r\n                    }\r\n\r\n        .related-post .headline {\r\n                    }\r\n\r\n        @media only screen and (min-width: 1024px) {\r\n            .related-post .post-list .item {\r\n                width: ;\r\n            }\r\n        }\r\n\r\n        @media only screen and (min-width: 768px) and (max-width: 1023px) {\r\n            .related-post .post-list .item {\r\n                width: ;\r\n            }\r\n        }\r\n\r\n        @media only screen and (min-width: 0px) and (max-width: 767px) {\r\n            .related-post .post-list .item {\r\n                width: ;\r\n            }\r\n        }\r\n\r\n            <\/style>\r\n        <\/div>\r\n<\/p>\n","protected":false},"excerpt":{"rendered":"<p>WORKS [nggallery id=15] EXHIBITIONS IN THE GALLERY CV Armin Hartenstein 1968 born 1991-97 study at the academy of arts Duesseldorf, master student of Prof. Fritz Schwegler and Prof. Walter Nikkels 2001\/02 Scholarship of Kunststiftung Baden-W\u00fcrttemberg 2009 &#8220;new positions&#8221;, ArtCologne 2010 National Art Studio of Corea, Changdong, Museum of Contemporary Art, Seoul, Corea since 2013 artist &hellip; <\/p>\n<p class=\"link-more\"><a href=\"http:\/\/relaunch.galerie-obrist.de\/en\/artists\/zzalle-kunstler\/adler\/gosbert-adler-fotoarbeiten-2006\/\" class=\"more-link\">Read more<span class=\"screen-reader-text\"> &#8220;Gosbert Adler: Fotoarbeiten (2006)&#8221;<\/span><\/a><\/p>\n","protected":false},"author":2,"featured_media":5230,"parent":1127,"menu_order":0,"comment_status":"open","ping_status":"closed","template":"","meta":{"footnotes":""},"translation":{"provider":"WPGlobus","version":"2.12.2","language":"en","enabled_languages":["de","en","ru"],"languages":{"de":{"title":true,"content":true,"excerpt":false},"en":{"title":true,"content":true,"excerpt":false},"ru":{"title":false,"content":false,"excerpt":false}}},"featured_media_urls":{"thumbnail":["http:\/\/relaunch.galerie-obrist.de\/wp-content\/uploads\/2012\/02\/Caldera-Korea-150x150.jpg",150,150,true],"medium":["http:\/\/relaunch.galerie-obrist.de\/wp-content\/uploads\/2012\/02\/Caldera-Korea-432x300.jpg",432,300,true],"medium_large":["http:\/\/relaunch.galerie-obrist.de\/wp-content\/uploads\/2012\/02\/Caldera-Korea-768x533.jpg",768,533,true],"large":["http:\/\/relaunch.galerie-obrist.de\/wp-content\/uploads\/2012\/02\/Caldera-Korea-1024x711.jpg",950,660,true],"1536x1536":["http:\/\/relaunch.galerie-obrist.de\/wp-content\/uploads\/2012\/02\/Caldera-Korea.jpg",1536,1066,false],"2048x2048":["http:\/\/relaunch.galerie-obrist.de\/wp-content\/uploads\/2012\/02\/Caldera-Korea.jpg",1701,1181,false],"inspiro-featured-image":["http:\/\/relaunch.galerie-obrist.de\/wp-content\/uploads\/2012\/02\/Caldera-Korea.jpg",1701,1181,false],"inspiro-loop":["http:\/\/relaunch.galerie-obrist.de\/wp-content\/uploads\/2012\/02\/Caldera-Korea.jpg",461,320,false],"inspiro-loop@2x":["http:\/\/relaunch.galerie-obrist.de\/wp-content\/uploads\/2012\/02\/Caldera-Korea.jpg",922,640,false],"woocommerce_thumbnail":["http:\/\/relaunch.galerie-obrist.de\/wp-content\/uploads\/2012\/02\/Caldera-Korea-300x300.jpg",300,300,true],"woocommerce_single":["http:\/\/relaunch.galerie-obrist.de\/wp-content\/uploads\/2012\/02\/Caldera-Korea-600x417.jpg",600,417,true],"woocommerce_gallery_thumbnail":["http:\/\/relaunch.galerie-obrist.de\/wp-content\/uploads\/2012\/02\/Caldera-Korea-100x100.jpg",100,100,true],"portfolio_item-thumbnail":["http:\/\/relaunch.galerie-obrist.de\/wp-content\/uploads\/2012\/02\/Caldera-Korea.jpg",576,400,false],"portfolio_item-thumbnail@2x":["http:\/\/relaunch.galerie-obrist.de\/wp-content\/uploads\/2012\/02\/Caldera-Korea.jpg",1152,800,false],"portfolio_item-masonry":["http:\/\/relaunch.galerie-obrist.de\/wp-content\/uploads\/2012\/02\/Caldera-Korea.jpg",600,417,false],"portfolio_item-masonry@2x":["http:\/\/relaunch.galerie-obrist.de\/wp-content\/uploads\/2012\/02\/Caldera-Korea.jpg",1200,833,false],"portfolio_item-thumbnail_cinema":["http:\/\/relaunch.galerie-obrist.de\/wp-content\/uploads\/2012\/02\/Caldera-Korea.jpg",483,335,false],"portfolio_item-thumbnail_portrait":["http:\/\/relaunch.galerie-obrist.de\/wp-content\/uploads\/2012\/02\/Caldera-Korea.jpg",600,417,false],"portfolio_item-thumbnail_portrait@2x":["http:\/\/relaunch.galerie-obrist.de\/wp-content\/uploads\/2012\/02\/Caldera-Korea.jpg",1200,833,false],"portfolio_item-thumbnail_square":["http:\/\/relaunch.galerie-obrist.de\/wp-content\/uploads\/2012\/02\/Caldera-Korea.jpg",800,555,false]},"_links":{"self":[{"href":"http:\/\/relaunch.galerie-obrist.de\/en\/wp-json\/wp\/v2\/pages\/1863"}],"collection":[{"href":"http:\/\/relaunch.galerie-obrist.de\/en\/wp-json\/wp\/v2\/pages"}],"about":[{"href":"http:\/\/relaunch.galerie-obrist.de\/en\/wp-json\/wp\/v2\/types\/page"}],"author":[{"embeddable":true,"href":"http:\/\/relaunch.galerie-obrist.de\/en\/wp-json\/wp\/v2\/users\/2"}],"replies":[{"embeddable":true,"href":"http:\/\/relaunch.galerie-obrist.de\/en\/wp-json\/wp\/v2\/comments?post=1863"}],"version-history":[{"count":44,"href":"http:\/\/relaunch.galerie-obrist.de\/en\/wp-json\/wp\/v2\/pages\/1863\/revisions"}],"predecessor-version":[{"id":13592,"href":"http:\/\/relaunch.galerie-obrist.de\/en\/wp-json\/wp\/v2\/pages\/1863\/revisions\/13592"}],"up":[{"embeddable":true,"href":"http:\/\/relaunch.galerie-obrist.de\/en\/wp-json\/wp\/v2\/pages\/1127"}],"wp:featuredmedia":[{"embeddable":true,"href":"http:\/\/relaunch.galerie-obrist.de\/en\/wp-json\/wp\/v2\/media\/5230"}],"wp:attachment":[{"href":"http:\/\/relaunch.galerie-obrist.de\/en\/wp-json\/wp\/v2\/media?parent=1863"}],"curies":[{"name":"wp","href":"https:\/\/api.w.org\/{rel}","templated":true}]}}