{"id":13572,"date":"2023-08-31T14:30:00","date_gmt":"2023-08-31T12:30:00","guid":{"rendered":"http:\/\/relaunch.galerie-obrist.de\/?page_id=13572"},"modified":"2023-08-31T14:30:00","modified_gmt":"2023-08-31T12:30:00","slug":"till-augustin-und-stephan-marienfeld-bound-2023","status":"publish","type":"page","link":"http:\/\/relaunch.galerie-obrist.de\/en\/artists\/augustin\/till-augustin-und-stephan-marienfeld-bound-2023\/","title":{"rendered":"Till Augustin und Stephan Marienfeld: BOUND (2023)"},"content":{"rendered":"<p>Ausstellung vom 09.09. &#8211; 12.10.2023<br \/>\nEr\u00f6ffnung Freitag, 8. September, 19 Uhr<\/p>\n<p>Der N\u00fcrnberger Bildhauer Till Augustin wurde schon vielfach in unserer Galerie gezeigt und er tritt hier nun erstmals im Rahmen einer Doppelausstellung in Dialog mit dem Hattinger K\u00fcnstler Stephan Marienfeld. Beide verlangen dem bildhauerischen Material Unm\u00f6gliches ab, wenn Augustin schwere Stahlseile oder spr\u00f6de Glasbl\u00f6cke in die gew\u00fcnschte Form zwingt, und Marienfeld Stein, Porzellan oder Metall mit Seilen verschn\u00fcrt, als w\u00e4re es weiches Material. In unserer Ausstellung treten die Verschn\u00fcrungen und Verknotungen der beiden K\u00fcnstler in ein faszinierendes Miteinander, ohne die jeweils unterschiedlichen k\u00fcnstlerischen Ans\u00e4tze zu verdecken.<\/p>\n","protected":false},"excerpt":{"rendered":"<p>Ausstellung vom 09.09. &#8211; 12.10.2023 Er\u00f6ffnung Freitag, 8. September, 19 Uhr Der N\u00fcrnberger Bildhauer Till Augustin wurde schon vielfach in unserer Galerie gezeigt und er tritt hier nun erstmals im Rahmen einer Doppelausstellung in Dialog mit dem Hattinger K\u00fcnstler Stephan Marienfeld. Beide verlangen dem bildhauerischen Material Unm\u00f6gliches ab, wenn Augustin schwere Stahlseile oder spr\u00f6de Glasbl\u00f6cke &hellip; <\/p>\n<p class=\"link-more\"><a href=\"http:\/\/relaunch.galerie-obrist.de\/en\/artists\/augustin\/till-augustin-und-stephan-marienfeld-bound-2023\/\" class=\"more-link\">Read more<span class=\"screen-reader-text\"> &#8220;Till Augustin und Stephan Marienfeld: BOUND (2023)&#8221;<\/span><\/a><\/p>\n","protected":false},"author":2,"featured_media":13566,"parent":3419,"menu_order":0,"comment_status":"closed","ping_status":"closed","template":"","meta":{"footnotes":""},"translation":{"provider":"WPGlobus","version":"2.12.2","language":"en","enabled_languages":["de","en","ru"],"languages":{"de":{"title":true,"content":true,"excerpt":false},"en":{"title":false,"content":false,"excerpt":false},"ru":{"title":false,"content":false,"excerpt":false}}},"featured_media_urls":{"thumbnail":["http:\/\/relaunch.galerie-obrist.de\/wp-content\/uploads\/2023\/08\/img01b-150x150.jpg",150,150,true],"medium":["http:\/\/relaunch.galerie-obrist.de\/wp-content\/uploads\/2023\/08\/img01b-450x212.jpg",450,212,true],"medium_large":["http:\/\/relaunch.galerie-obrist.de\/wp-content\/uploads\/2023\/08\/img01b-768x362.jpg",768,362,true],"large":["http:\/\/relaunch.galerie-obrist.de\/wp-content\/uploads\/2023\/08\/img01b-1024x483.jpg",950,448,true],"1536x1536":["http:\/\/relaunch.galerie-obrist.de\/wp-content\/uploads\/2023\/08\/img01b.jpg",1400,660,false],"2048x2048":["http:\/\/relaunch.galerie-obrist.de\/wp-content\/uploads\/2023\/08\/img01b.jpg",1400,660,false],"inspiro-featured-image":["http:\/\/relaunch.galerie-obrist.de\/wp-content\/uploads\/2023\/08\/img01b.jpg",1400,660,false],"inspiro-loop":["http:\/\/relaunch.galerie-obrist.de\/wp-content\/uploads\/2023\/08\/img01b-950x320.jpg",950,320,true],"inspiro-loop@2x":["http:\/\/relaunch.galerie-obrist.de\/wp-content\/uploads\/2023\/08\/img01b-1400x640.jpg",1400,640,true],"woocommerce_thumbnail":["http:\/\/relaunch.galerie-obrist.de\/wp-content\/uploads\/2023\/08\/img01b-300x300.jpg",300,300,true],"woocommerce_single":["http:\/\/relaunch.galerie-obrist.de\/wp-content\/uploads\/2023\/08\/img01b-600x283.jpg",600,283,true],"woocommerce_gallery_thumbnail":["http:\/\/relaunch.galerie-obrist.de\/wp-content\/uploads\/2023\/08\/img01b-100x100.jpg",100,100,true],"portfolio_item-thumbnail":["http:\/\/relaunch.galerie-obrist.de\/wp-content\/uploads\/2023\/08\/img01b-600x400.jpg",600,400,true],"portfolio_item-thumbnail@2x":["http:\/\/relaunch.galerie-obrist.de\/wp-content\/uploads\/2023\/08\/img01b.jpg",1200,566,false],"portfolio_item-masonry":["http:\/\/relaunch.galerie-obrist.de\/wp-content\/uploads\/2023\/08\/img01b-600x283.jpg",600,283,true],"portfolio_item-masonry@2x":["http:\/\/relaunch.galerie-obrist.de\/wp-content\/uploads\/2023\/08\/img01b.jpg",1200,566,false],"portfolio_item-thumbnail_cinema":["http:\/\/relaunch.galerie-obrist.de\/wp-content\/uploads\/2023\/08\/img01b-800x335.jpg",800,335,true],"portfolio_item-thumbnail_portrait":["http:\/\/relaunch.galerie-obrist.de\/wp-content\/uploads\/2023\/08\/img01b-600x660.jpg",600,660,true],"portfolio_item-thumbnail_portrait@2x":["http:\/\/relaunch.galerie-obrist.de\/wp-content\/uploads\/2023\/08\/img01b.jpg",1200,566,false],"portfolio_item-thumbnail_square":["http:\/\/relaunch.galerie-obrist.de\/wp-content\/uploads\/2023\/08\/img01b-800x660.jpg",800,660,true]},"_links":{"self":[{"href":"http:\/\/relaunch.galerie-obrist.de\/en\/wp-json\/wp\/v2\/pages\/13572"}],"collection":[{"href":"http:\/\/relaunch.galerie-obrist.de\/en\/wp-json\/wp\/v2\/pages"}],"about":[{"href":"http:\/\/relaunch.galerie-obrist.de\/en\/wp-json\/wp\/v2\/types\/page"}],"author":[{"embeddable":true,"href":"http:\/\/relaunch.galerie-obrist.de\/en\/wp-json\/wp\/v2\/users\/2"}],"replies":[{"embeddable":true,"href":"http:\/\/relaunch.galerie-obrist.de\/en\/wp-json\/wp\/v2\/comments?post=13572"}],"version-history":[{"count":1,"href":"http:\/\/relaunch.galerie-obrist.de\/en\/wp-json\/wp\/v2\/pages\/13572\/revisions"}],"predecessor-version":[{"id":13573,"href":"http:\/\/relaunch.galerie-obrist.de\/en\/wp-json\/wp\/v2\/pages\/13572\/revisions\/13573"}],"up":[{"embeddable":true,"href":"http:\/\/relaunch.galerie-obrist.de\/en\/wp-json\/wp\/v2\/pages\/3419"}],"wp:featuredmedia":[{"embeddable":true,"href":"http:\/\/relaunch.galerie-obrist.de\/en\/wp-json\/wp\/v2\/media\/13566"}],"wp:attachment":[{"href":"http:\/\/relaunch.galerie-obrist.de\/en\/wp-json\/wp\/v2\/media?parent=13572"}],"curies":[{"name":"wp","href":"https:\/\/api.w.org\/{rel}","templated":true}]}}