{"id":1217,"date":"2010-04-14T17:36:31","date_gmt":"2010-04-14T15:36:31","guid":{"rendered":"http:\/\/www.obrist-gingold.com\/?page_id=534"},"modified":"2023-08-31T15:13:07","modified_gmt":"2023-08-31T13:13:07","slug":"schloer","status":"publish","type":"page","link":"http:\/\/relaunch.galerie-obrist.de\/en\/artists\/schloer\/","title":{"rendered":"Peter Schl\u00f6r"},"content":{"rendered":"<p><span lang=\"en-us\"><b>WORKS<\/b><\/span><br \/>\n[nggallery id=55]<br \/>\n<span lang=\"en-us\"><b>EXHIBITIONS IN THE GALLERY<\/b><\/span><br \/>\n<!-- ddlsp --><\/p>\n<p><span lang=\"en-us\"><b>CV<\/b><\/span><br \/>\n<span lang=\"en-us\">Peter Schl\u00f6r<br \/>\nborn 1964, lives and works in Mannheim<\/span><\/p>\n<p><span lang=\"en-us\">SOLO EXHIBITIONS<\/span><br \/>\n<span lang=\"en-us\">2017 Galerie Obrist, Essen<br \/>\nGalerie Zimmermann, Mannheim<br \/>\n2016 Arte Giani, Frankfurt\/Main<br \/>\nTANKTURM, Heidelberg<br \/>\n2015 Arthobler Gallery, Z\u00fcrich (C LS)<br \/>\nPARIS PHOTO, solo show, Nusser &#038; Baumgart, M\u00fcnchen<br \/>\n2014 Arte Giani, Frankfurt\/Main, Germany: Light Shift (C LS)<br \/>\nNusser &#038; Baumgart, Munich, Germany: Light Shift (C LS)<br \/>\nGalerie Zimmermann, Mannheim, Germany: Light Shift (C LS)<br \/>\n2013 Landesgalerie Linz, Austria: Light Shift (C LS)<br \/>\nArthobler Gallery, Zurich, Switzerland: Black &#038; Wide<br \/>\nGalerie Obrist, Essen, Germany: Black &#038; Wide<br \/>\n2012 \tSt\u00e4dtische Galerie Neunkirchen, Germany: Black &#038; Wide (C BW)<br \/>\nGalerie Zimmermann, Mannheim, Germany: Black &#038; Wide (C BW)<br \/>\nNusser &#038; Baumgart, Munich, Germany: Black &#038; Wide (C BW)<br \/>\nArte Giani, Frankfurt\/Main, Germany: Black &#038; Wide (C BW)<br \/>\n2011 COR Gallery, Zurich, Switzerland<br \/>\nBernhard Knaus Fine Art, Frankfurt\/Main, Germany (B)<br \/>\nZonca &#038; Zonca, Mailand, Italy<br \/>\n2010 Obrist Gingold Galerie Essen<br \/>\n2009 Mannheimer Kunstverein (C DB)<br \/>\n2008 Bernhard Knaus Fine Art, Frankfurt\/Main (C DB)<br \/>\nKunsthalle Erfurt (C DB)<br \/>\nKunstgalerie F\u00fcrth (C DB)<br \/>\nGalerie Bernhard Knaus, Mannheim, Germany (C DB)<br \/>\n2007 Zonca &#038; Zonca, Mailand, Italien (C DB)<br \/>\nGalerie Obrist, Essen<br \/>\nSt\u00e4dtische Galerie Iserlohn (C DB)<br \/>\nKunstverein Graftschaft Bentheim (C DB)<br \/>\n2006 Nusser &#038; Baumgart Contemporary, M\u00fcnchen (C DB)<br \/>\nStiftung Schlo\u00df Agathenburg, Agathenburg (C DB)<br \/>\nGalerie Arte Giani, Frankfurt\/Main (Schwarzes Licht)<br \/>\n2005 Galerie Bernhard Knaus, Mannheim<br \/>\nGalerie Obrist, Essen, Germany (B)<br \/>\nTIEFschwarz, VHS Photogalerie Stuttgart (C BF)<br \/>\n2004 Kunstraum P\u00fcscheid, Kescheid-P\u00fcscheid (C BF)<br \/>\nVIP-Lounge Deutsche Bank AG, Art Cologne 2004, K\u00f6ln<br \/>\n2003 S\u00e4uleng\u00e4nge, Galerie Bernhard Knaus, Mannheim (C BF)<br \/>\nGalerie Arte Giani, Frankfurt\/Main<br \/>\n2002 Maisenbacher Art Gallery, Trier<br \/>\n2001 Galerie Bernhard Knaus, Mannheim<br \/>\nRVS Fine Art, Southhampton, New York (Doppelausstellung)<br \/>\nGallerie Hollenbach, Stuttgart<br \/>\n2000 Galerie Arte Giani, Frankfurt\/Main (Doppelausstellung)<br \/>\n1998 Galerie Angelo Falzone, Mannheim<br \/>\n1994 Galerie der Stadt Esslingen a.N. Bahnw\u00e4rterhaus<br \/>\nMuseum Schlo\u00df Hardenberg, Velbert (C A)<br \/>\nSt\u00e4dtische Galerie, Erlangen (C A)<br \/>\nBadischer Kunstverein, Karlsruhe (C A)<br \/>\n1993 Kunstgalerie der Stadt Gera, Otto-Dix-Haus, Orangerien (C)<br \/>\nGalerie Halskratz &#8211; Angelo Falzone, Mannheim (C A)<br \/>\nWilhelm-Hack-Museum, Ludwigshafen (C A)<br \/>\n1992 ETZETERA-Galerie. Landesmuseum-Mainz in Verbindung mit einem TV-Portrait von Rudij Bergmann<br \/>\nSt\u00e4dtische Galerie, Neunkirchen\/Saar (C)<br \/>\n1990 Galerie Halskratz &#8211; Angelo Falzone, Mannheim<br \/>\n1988 Dalberghaus, Mannheim<\/span><\/p>\n<p><span lang=\"en-us\">COLLECTIVE EXHIBITIONS<\/span><br \/>\n<span lang=\"en-us\">2016 Landesgalerie Linz: \u00bbAus der Sammlung: Landschaft\u00ab<br \/>\n2014 Wilhelm-Hack-Museum, Ludwigshafen \u00bbDelta-Beben, Regionale\u00ab (C)<br \/>\n2013 Neuer Kunstverein Aschaffenburg \u00bbNo-Men\u00b4s Land\u00ab (C)<br \/>\n2012 ALTANA Kunstsammlung, Sinclair Haus, Bad Homburg: \u00bb\u00c4sthetik der Natur \u2014 Kunst und Wissenschaft im Dialog\u00ab (C)<br \/>\nZonca &#038; Zonca, Mailand, Italien<br \/>\nArte Giani, Frankfurt\/Main<br \/>\n2011 Kunsthalle Mannheim, Germany<br \/>\nNusser &#038; Baumgart Contemporary, Munich, Germany<br \/>\nBernhard Knaus Fine Art, Frankfurt\/Main, Germany<br \/>\n2010 Bernhard Knaus Fine Art, Frankfurt\/Main, Germany<br \/>\nArt Collection of Alison + Peter W. Klein is guest at Landesvertretung Baden-W\u00fcrttemberg in Berlin, Germany 2009 Architettura. Festival di Roma_ edizione<br \/>\n2009 Auditorium Arte, Rom, Italien (C)<br \/>\nzeitgen\u00f6ssische Kunst aus der ALTANA Kunstsammlung, Museum Frieder Burda, Baden-Baden (C)<br \/>\nZeitr\u00e4ume, Nusser &#038; Baumgart zu Gast beim s\u00fcddeutschen Verlag, M\u00fcnchen<br \/>\nNatur-Struktur-Muster, st\u00e4dtische Galerie Neunkirchen (C)<br \/>\nContinuous perspectives #2, Baumwollspinnerei\/Leipzig, Nusser &#038; Baumgart Contemporary, M\u00fcnchen\/Leipzig<br \/>\n2008 An die Natur, ALTANA Kunstsammlung, Sinclair Haus, Bad Homburg<br \/>\n2007 Einf\u00fchrung in die Kunstgeschichte, Ursula Blickle Stiftung, Kraichtal<br \/>\nStatement, Bernhard Knaus Fine Art, Frankfurt\/Main<br \/>\n2006 Aeroplastics, Contemporary, Br\u00fcssel, Belgien (C DB)<br \/>\nTiefes Licht, Kunsthalle Wilhelmshaven<br \/>\nKulturverein Gr\u00fcnstadt<br \/>\nKonstruktion der Landschaft, Galerie Obrist, Essen, Germany<br \/>\n2005 In the woods, Artspace-Witzleben, Amsterdam<br \/>\nAus der Serie (2), K4 Galerie, Saarbr\u00fccken<br \/>\nGalerie W\u00e4cker und Jordanow, M\u00fcnchen<br \/>\n2004 Dreamscapes, Aeroplastics Contemporary, Br\u00fcssel<br \/>\nKunst-Licht, E-Werk Hallen der Kunst (C)<br \/>\nGalerie Arte Giani, Frankfurt\/Main<br \/>\n2003 Summer Holiday, Galerie Bernhard Knaus, Mannheim<br \/>\nArchetypen &#8211; Zum Verh\u00e4ltnis von Gegenwartskunst und Antike in der Landesgalerie am Ober\u00f6sterreichischen Landesmuseum, Linz (C)<br \/>\n2002 der Berg, Heidelberger Kunstverein (C)<br \/>\nspektrum kunstlandschaft, Kunsthalle der europ\u00e4ischen Kunstakademie Trier (C)<br \/>\nGalerientage, Mannheimer Kunstverein<br \/>\n2001 spektrum kunstlandschaft, Kunsthalle Darmstadt (C)<br \/>\n8 positions, Maisenbacher Art Gallery, Trier (B)<br \/>\n2000 Signiert 2000, Maisenbacher Art Gallery, Trier (B)<br \/>\n1999 Idylle, Galerie Vayhinger, Radolfzell \/ Bodensee<br \/>\nPhotosynthese\/Fotomeile &#8217;99, Deutsche Bank, Mannheim<br \/>\n&#8230;imagine! Zeitgen\u00f6ssische Fotografie, Galerie Haus Schneider, Ettlingen<br \/>\nDichtung und Wahrheit, Galerie Arte Giani, Frankfurt\/Main<br \/>\n1998 Kleine Formate, Maisenbacher Art Gallery, Trier<br \/>\nSaar Ferngas F\u00f6rderpreis &#8211; junge Kunst, Saarland-Museum\/Saarbr\u00fccken (C)<br \/>\n1997 Versus III, Kunststiftung VELAN, Bona di Carignano\/Turin (C)<br \/>\n1995 Der Ton des Raumes, Galerie Angelo Falzone\/Exposezession, Mannheim<br \/>\nStandortbestimmungen, St\u00e4dtische Galerie, Neunkirchen\/Saar (C)<br \/>\n1993 Atelier und K\u00fcnstler, Wanderausstellung im Rhein-Neckar-Kreis (C)<br \/>\n1992 Die Schatten werden l\u00e4nger &#8211; Leben und Sterben in der Photographie, Galerie Halskratz &#8211; Angelo Falzone, Mannheim<\/span><\/p>\n<p><span lang=\"en-us\">(C LS) = Katalog Light Shift<br \/>\n(C BW) = Catalog Black &#038; Wide<br \/>\n(C DB) = Catalog Deep Black<br \/>\n(C BF) = Catalog Bildfolgen<br \/>\n(C A) = Catalog Aufbruch<br \/>\n(C) = Catalog<br \/>\n(B)=  Brochure<\/span><\/p>\n<p><span lang=\"en-us\">ART AT BUILDINGS<\/span><br \/>\n<span lang=\"en-us\">2008 Max-Planck-Institut f\u00fcr Kernphysik, Heidelberg<br \/>\n2005 Max-Planck-Institut f\u00fcr Kernphysik, Heidelberg<br \/>\n2004 Max-Planck-Institut f\u00fcr Kernphysik, Heidelberg<\/span><\/p>\n<p><span lang=\"en-us\">WORKS IN PUBLIC AND PRIVATE COLLECTIONS (selection)<\/span><br \/>\n<span lang=\"en-us\">ALTANA Kunstsammlung, Bad Homburg (C)<br \/>\nArtphilein Foundation, Vaduz, F\u00fcrstentum Liechtenstein<br \/>\nCentrum Beeldende Kunst, Rotterdam<br \/>\nDWS Kunstsammlung, DWS Investments, Frankfurt\/Main<br \/>\nDZ-Bank, Frankfurt\/Main<br \/>\nEurop\u00e4isches Patentamt M\u00fcnchen<br \/>\nGoldman Sachs &#038; Co, Frankfurt\/Main<br \/>\nGraphische Sammlung d. Stadt Esslingen<br \/>\nHUGO BOSS Kunstsammlung, Metzingen<br \/>\nKunsthalle Mannheim<br \/>\nKunststiftung VELAN, Bona di Carignano, Turin (C)<br \/>\nLandesgalerie Linz (C)<br \/>\nPfalzgalerie Kaiserslautern<br \/>\nRegierungspr\u00e4sidium Karlsruhe<br \/>\nSammlung Alison u. Peter W. Klein, Eberdingen-Nussdorf<br \/>\nUBS Art Collection, Z\u00fcrich (B)<br \/>\nUniversal Investment, Frankfurt\/Main (C)<\/span><\/p>\n<p>\u00a0<br \/>\n<span lang=\"en-us\"><b>RELATED POSTS&#8230;<\/b><\/span><br \/>\n    <div class=\"related-post list\">\r\n        <br \/>\n<b>Warning<\/b>:  Undefined array key \"page\" in <b>\/www\/htdocs\/w0088a62\/relaunch.galerie-obrist.de\/wp-content\/plugins\/related-post\/templates\/related-post-hook.php<\/b> on line <b>18<\/b><br \/>\n<br \/>\n<b>Warning<\/b>:  Undefined array key \"page\" in <b>\/www\/htdocs\/w0088a62\/relaunch.galerie-obrist.de\/wp-content\/plugins\/related-post\/templates\/related-post-hook.php<\/b> on line <b>55<\/b><br \/>\n    <div class=\"post-list \">\r\n\r\n                        <div class=\"item\">\r\n                                    <\/div>\r\n                            <div class=\"item\">\r\n                                    <\/div>\r\n                            <div class=\"item\">\r\n                                    <\/div>\r\n                            <div class=\"item\">\r\n                                    <\/div>\r\n                            <div class=\"item\">\r\n                                    <\/div>\r\n            \r\n    <\/div>\r\n\r\n    <script>\r\n            <\/script>\r\n    <style>\r\n        .related-post {}\r\n\r\n        .related-post .post-list {\r\n            text-align: left;\r\n                    }\r\n\r\n        .related-post .post-list .item {\r\n                    }\r\n\r\n        .related-post .headline {\r\n                    }\r\n\r\n        @media only screen and (min-width: 1024px) {\r\n            .related-post .post-list .item {\r\n                width: ;\r\n            }\r\n        }\r\n\r\n        @media only screen and (min-width: 768px) and (max-width: 1023px) {\r\n            .related-post .post-list .item {\r\n                width: ;\r\n            }\r\n        }\r\n\r\n        @media only screen and (min-width: 0px) and (max-width: 767px) {\r\n            .related-post .post-list .item {\r\n                width: ;\r\n            }\r\n        }\r\n\r\n            <\/style>\r\n        <\/div>\r\n<\/p>\n","protected":false},"excerpt":{"rendered":"<p>WORKS [nggallery id=55] EXHIBITIONS IN THE GALLERY CV Peter Schl\u00f6r born 1964, lives and works in Mannheim SOLO EXHIBITIONS 2017 Galerie Obrist, Essen Galerie Zimmermann, Mannheim 2016 Arte Giani, Frankfurt\/Main TANKTURM, Heidelberg 2015 Arthobler Gallery, Z\u00fcrich (C LS) PARIS PHOTO, solo show, Nusser &#038; Baumgart, M\u00fcnchen 2014 Arte Giani, Frankfurt\/Main, Germany: Light Shift (C LS) &hellip; <\/p>\n<p class=\"link-more\"><a href=\"http:\/\/relaunch.galerie-obrist.de\/en\/artists\/zzalle-kunstler\/adler\/gosbert-adler-fotoarbeiten-2006\/\" class=\"more-link\">Read more<span class=\"screen-reader-text\"> &#8220;Gosbert Adler: Fotoarbeiten (2006)&#8221;<\/span><\/a><\/p>\n","protected":false},"author":2,"featured_media":5256,"parent":1127,"menu_order":0,"comment_status":"open","ping_status":"closed","template":"","meta":{"footnotes":""},"translation":{"provider":"WPGlobus","version":"2.12.2","language":"en","enabled_languages":["de","en","ru"],"languages":{"de":{"title":true,"content":true,"excerpt":false},"en":{"title":true,"content":true,"excerpt":false},"ru":{"title":false,"content":false,"excerpt":false}}},"featured_media_urls":{"thumbnail":["http:\/\/relaunch.galerie-obrist.de\/wp-content\/uploads\/2010\/04\/5301-150x150.jpg",150,150,true],"medium":["http:\/\/relaunch.galerie-obrist.de\/wp-content\/uploads\/2010\/04\/5301-450x292.jpg",450,292,true],"medium_large":["http:\/\/relaunch.galerie-obrist.de\/wp-content\/uploads\/2010\/04\/5301-768x498.jpg",768,498,true],"large":["http:\/\/relaunch.galerie-obrist.de\/wp-content\/uploads\/2010\/04\/5301-1024x664.jpg",950,616,true],"1536x1536":["http:\/\/relaunch.galerie-obrist.de\/wp-content\/uploads\/2010\/04\/5301.jpg",1080,700,false],"2048x2048":["http:\/\/relaunch.galerie-obrist.de\/wp-content\/uploads\/2010\/04\/5301.jpg",1080,700,false],"inspiro-featured-image":["http:\/\/relaunch.galerie-obrist.de\/wp-content\/uploads\/2010\/04\/5301.jpg",1080,700,false],"inspiro-loop":["http:\/\/relaunch.galerie-obrist.de\/wp-content\/uploads\/2010\/04\/5301.jpg",494,320,false],"inspiro-loop@2x":["http:\/\/relaunch.galerie-obrist.de\/wp-content\/uploads\/2010\/04\/5301.jpg",987,640,false],"woocommerce_thumbnail":["http:\/\/relaunch.galerie-obrist.de\/wp-content\/uploads\/2010\/04\/5301-300x300.jpg",300,300,true],"woocommerce_single":["http:\/\/relaunch.galerie-obrist.de\/wp-content\/uploads\/2010\/04\/5301-600x389.jpg",600,389,true],"woocommerce_gallery_thumbnail":["http:\/\/relaunch.galerie-obrist.de\/wp-content\/uploads\/2010\/04\/5301-100x100.jpg",100,100,true],"portfolio_item-thumbnail":["http:\/\/relaunch.galerie-obrist.de\/wp-content\/uploads\/2010\/04\/5301.jpg",600,389,false],"portfolio_item-thumbnail@2x":["http:\/\/relaunch.galerie-obrist.de\/wp-content\/uploads\/2010\/04\/5301.jpg",1080,700,false],"portfolio_item-masonry":["http:\/\/relaunch.galerie-obrist.de\/wp-content\/uploads\/2010\/04\/5301.jpg",600,389,false],"portfolio_item-masonry@2x":["http:\/\/relaunch.galerie-obrist.de\/wp-content\/uploads\/2010\/04\/5301.jpg",1080,700,false],"portfolio_item-thumbnail_cinema":["http:\/\/relaunch.galerie-obrist.de\/wp-content\/uploads\/2010\/04\/5301.jpg",517,335,false],"portfolio_item-thumbnail_portrait":["http:\/\/relaunch.galerie-obrist.de\/wp-content\/uploads\/2010\/04\/5301.jpg",600,389,false],"portfolio_item-thumbnail_portrait@2x":["http:\/\/relaunch.galerie-obrist.de\/wp-content\/uploads\/2010\/04\/5301.jpg",1080,700,false],"portfolio_item-thumbnail_square":["http:\/\/relaunch.galerie-obrist.de\/wp-content\/uploads\/2010\/04\/5301.jpg",800,519,false]},"_links":{"self":[{"href":"http:\/\/relaunch.galerie-obrist.de\/en\/wp-json\/wp\/v2\/pages\/1217"}],"collection":[{"href":"http:\/\/relaunch.galerie-obrist.de\/en\/wp-json\/wp\/v2\/pages"}],"about":[{"href":"http:\/\/relaunch.galerie-obrist.de\/en\/wp-json\/wp\/v2\/types\/page"}],"author":[{"embeddable":true,"href":"http:\/\/relaunch.galerie-obrist.de\/en\/wp-json\/wp\/v2\/users\/2"}],"replies":[{"embeddable":true,"href":"http:\/\/relaunch.galerie-obrist.de\/en\/wp-json\/wp\/v2\/comments?post=1217"}],"version-history":[{"count":36,"href":"http:\/\/relaunch.galerie-obrist.de\/en\/wp-json\/wp\/v2\/pages\/1217\/revisions"}],"predecessor-version":[{"id":13596,"href":"http:\/\/relaunch.galerie-obrist.de\/en\/wp-json\/wp\/v2\/pages\/1217\/revisions\/13596"}],"up":[{"embeddable":true,"href":"http:\/\/relaunch.galerie-obrist.de\/en\/wp-json\/wp\/v2\/pages\/1127"}],"wp:featuredmedia":[{"embeddable":true,"href":"http:\/\/relaunch.galerie-obrist.de\/en\/wp-json\/wp\/v2\/media\/5256"}],"wp:attachment":[{"href":"http:\/\/relaunch.galerie-obrist.de\/en\/wp-json\/wp\/v2\/media?parent=1217"}],"curies":[{"name":"wp","href":"https:\/\/api.w.org\/{rel}","templated":true}]}}